{"id":1028,"date":"2022-12-01T02:08:58","date_gmt":"2022-12-01T02:08:58","guid":{"rendered":"https:\/\/antamebike.com\/?post_type=product&#038;p=1028"},"modified":"2025-04-15T07:34:48","modified_gmt":"2025-04-15T07:34:48","slug":"xe-dap-dien-banh-beo-engwe-x","status":"publish","type":"product","link":"https:\/\/antamebike.com\/?product=xe-dap-dien-banh-beo-engwe-x","title":{"rendered":"Xe \u0111\u1ea1p \u0111i\u1ec7n B\u00e1nh B\u00e9o ENGWE X"},"content":{"rendered":"<h2><strong>Xe \u0111\u1ea1p \u0111i\u1ec7n B\u00e1nh B\u00e9o ENGWE X<\/strong><\/h2>\n<p><img loading=\"lazy\" decoding=\"async\" class=\"alignnone size-medium wp-image-1033\" src=\"https:\/\/antamebike.com\/wp-content\/uploads\/2022\/11\/Engwe-X2-300x300.jpeg\" alt=\"\" width=\"300\" height=\"300\" srcset=\"https:\/\/antamebike.com\/wp-content\/uploads\/2022\/11\/Engwe-X2-300x300.jpeg 300w, https:\/\/antamebike.com\/wp-content\/uploads\/2022\/11\/Engwe-X2-150x150.jpeg 150w, https:\/\/antamebike.com\/wp-content\/uploads\/2022\/11\/Engwe-X2-100x100.jpeg 100w, https:\/\/antamebike.com\/wp-content\/uploads\/2022\/11\/Engwe-X2.jpeg 600w\" sizes=\"auto, (max-width: 300px) 100vw, 300px\" \/><\/p>\n<h4><strong>1. TRANG B\u1eca N\u1ed4I B\u1eacT SO V\u1edaI ENGWE EP-2 PRO<\/strong><\/h4>\n<p>Engwe X l\u00e0 b\u1ea3ng n\u00e2ng c\u1ea5p \u0111\u00e1ng gi\u00e1 c\u1ee7a Engwe EP-2 Pro, v\u1edbi 2 n\u00e2ng c\u1ea5p \u0111\u01b0\u1ee3c ng\u01b0\u1eddi d\u00f9ng Ep-2 lu\u00f4n mong mu\u1ed1n \u0111\u01b0\u1ee3c trang b\u1ecb<\/p>\n<h4><strong>GI\u1ea2M SHOCK<\/strong><\/h4>\n<p>N\u00e2ng c\u1ea5p gi\u1ea3m shock l\u00ean 3 c\u1ea5p \u0111\u1ed9 v\u1edbi vi\u00eac trang b\u1ecb th\u00eam Phu\u1ed9t gi\u1eefa cao c\u1ea5p gi\u00fap ng\u01b0\u1eddi d\u00f9ng Engwe X tr\u1ea3i nghi\u1ec7m ngon h\u01a1n h\u1eb5n. \u0110\u1eb7c bi\u1ec7t khi \u0111i offroad v\u00e0o c\u00e1c cung \u0111\u01b0\u1eddng x\u1ea5u nhi\u1ec1u \u0111\u1ecba h\u00ecnh ph\u1ee9c t\u1ea1p<\/p>\n<p><img loading=\"lazy\" decoding=\"async\" class=\"alignnone size-medium wp-image-1040\" src=\"https:\/\/antamebike.com\/wp-content\/uploads\/2022\/11\/xe-dap-dien-tro-luc-engwe-engine-x-1-300x300.jpeg\" alt=\"xe-dap-dien-tro-luc-engwe-engine-x-1\" width=\"300\" height=\"300\" srcset=\"https:\/\/antamebike.com\/wp-content\/uploads\/2022\/11\/xe-dap-dien-tro-luc-engwe-engine-x-1-300x300.jpeg 300w, https:\/\/antamebike.com\/wp-content\/uploads\/2022\/11\/xe-dap-dien-tro-luc-engwe-engine-x-1-150x150.jpeg 150w, https:\/\/antamebike.com\/wp-content\/uploads\/2022\/11\/xe-dap-dien-tro-luc-engwe-engine-x-1-768x768.jpeg 768w, https:\/\/antamebike.com\/wp-content\/uploads\/2022\/11\/xe-dap-dien-tro-luc-engwe-engine-x-1-600x600.jpeg 600w, https:\/\/antamebike.com\/wp-content\/uploads\/2022\/11\/xe-dap-dien-tro-luc-engwe-engine-x-1-100x100.jpeg 100w, https:\/\/antamebike.com\/wp-content\/uploads\/2022\/11\/xe-dap-dien-tro-luc-engwe-engine-x-1.jpeg 800w\" sizes=\"auto, (max-width: 300px) 100vw, 300px\" \/><img loading=\"lazy\" decoding=\"async\" class=\"alignnone size-medium wp-image-1041\" src=\"https:\/\/antamebike.com\/wp-content\/uploads\/2022\/11\/11a-1-300x300.jpeg\" alt=\"\" width=\"300\" height=\"300\" srcset=\"https:\/\/antamebike.com\/wp-content\/uploads\/2022\/11\/11a-1-300x300.jpeg 300w, https:\/\/antamebike.com\/wp-content\/uploads\/2022\/11\/11a-1-1024x1024.jpeg 1024w, https:\/\/antamebike.com\/wp-content\/uploads\/2022\/11\/11a-1-150x150.jpeg 150w, https:\/\/antamebike.com\/wp-content\/uploads\/2022\/11\/11a-1-768x768.jpeg 768w, https:\/\/antamebike.com\/wp-content\/uploads\/2022\/11\/11a-1-1536x1536.jpeg 1536w, https:\/\/antamebike.com\/wp-content\/uploads\/2022\/11\/11a-1-600x600.jpeg 600w, https:\/\/antamebike.com\/wp-content\/uploads\/2022\/11\/11a-1-100x100.jpeg 100w, https:\/\/antamebike.com\/wp-content\/uploads\/2022\/11\/11a-1.jpeg 1800w\" sizes=\"auto, (max-width: 300px) 100vw, 300px\" \/><\/p>\n<p><img loading=\"lazy\" decoding=\"async\" class=\"alignnone size-medium wp-image-1042\" src=\"https:\/\/antamebike.com\/wp-content\/uploads\/2022\/11\/Engwe-X-giam-shock-300x272.jpeg\" alt=\"Engwe X gi\u1ea3m shock 3 c\u1ea5p\" width=\"300\" height=\"272\" \/><\/p>\n<h4><strong>BAGA SAU CAO C\u1ea4P<\/strong><\/h4>\n<p>V\u1edbi vi\u1ec7c trang b\u1ecb cho Baga cao c\u1ea5p h\u01a1n, ch\u1eafc ch\u1eafn h\u01a1n gi\u00fap Engwe X n\u00e2ng tr\u1ecdng t\u1ea3i l\u00ean \u0111\u1ebfn 200kg<\/p>\n<p>vi\u1ec7c ch\u1edf th\u00eam ng\u01b0\u1eddi n\u1eb7ng ph\u00eda sau v\u1edbi Engwe X gi\u1edd kh\u00e1 tho\u1ea3i m\u00e1i<\/p>\n<p><img loading=\"lazy\" decoding=\"async\" class=\"alignnone size-medium wp-image-1035\" src=\"https:\/\/antamebike.com\/wp-content\/uploads\/2022\/11\/Engwe-X-750w-2-300x300.jpeg\" alt=\"\" width=\"300\" height=\"300\" srcset=\"https:\/\/antamebike.com\/wp-content\/uploads\/2022\/11\/Engwe-X-750w-2-300x300.jpeg 300w, https:\/\/antamebike.com\/wp-content\/uploads\/2022\/11\/Engwe-X-750w-2-150x150.jpeg 150w, https:\/\/antamebike.com\/wp-content\/uploads\/2022\/11\/Engwe-X-750w-2-768x768.jpeg 768w, https:\/\/antamebike.com\/wp-content\/uploads\/2022\/11\/Engwe-X-750w-2-600x600.jpeg 600w, https:\/\/antamebike.com\/wp-content\/uploads\/2022\/11\/Engwe-X-750w-2-100x100.jpeg 100w, https:\/\/antamebike.com\/wp-content\/uploads\/2022\/11\/Engwe-X-750w-2.jpeg 1000w\" sizes=\"auto, (max-width: 300px) 100vw, 300px\" \/><img loading=\"lazy\" decoding=\"async\" class=\"alignnone wp-image-1023\" src=\"https:\/\/antamebike.com\/wp-content\/uploads\/2022\/11\/Engwe-EP2-pro-4-300x241.jpeg\" alt=\"Engwe EP-2 pro \u0111en\" width=\"372\" height=\"300\" srcset=\"https:\/\/antamebike.com\/wp-content\/uploads\/2022\/11\/Engwe-EP2-pro-4-300x241.jpeg 300w, https:\/\/antamebike.com\/wp-content\/uploads\/2022\/11\/Engwe-EP2-pro-4-600x482.jpeg 600w, https:\/\/antamebike.com\/wp-content\/uploads\/2022\/11\/Engwe-EP2-pro-4.jpeg 650w\" sizes=\"auto, (max-width: 372px) 100vw, 372px\" \/><\/p>\n<h3><strong>2. NH\u1eeeNG TRANG B\u1eca CAO C\u1ea4P KH\u00c1C<\/strong><\/h3>\n<p>Nh\u1eefng trang b\u1ecb cao cao c\u1ea5p ENGWE X v\u1eabn ti\u1ebfp t\u1ee5c \u0111\u01b0\u1ee3c cung c\u1ea5p gi\u00fap cho chi\u1ebfc xe \u0111i\u1ec7n B\u00e1nh B\u00e9o m\u1ea1nh m\u1ebd v\u00e0 linh ho\u1ea1t \u1edf m\u1ecdi \u0111\u1ecba h\u00ecnh.<\/p>\n<h6><strong>\u0110\u1ed8NG C\u01a0 750W<\/strong> v\u00f4 c\u00f9ng m\u1ea1nh m\u1ebd<\/h6>\n<p><img loading=\"lazy\" decoding=\"async\" class=\"alignnone wp-image-1044 size-large\" src=\"https:\/\/antamebike.com\/wp-content\/uploads\/2022\/12\/Engwe-X-motor-1024x369.png\" alt=\"\" width=\"1024\" height=\"369\" srcset=\"https:\/\/antamebike.com\/wp-content\/uploads\/2022\/12\/Engwe-X-motor-1024x369.png 1024w, https:\/\/antamebike.com\/wp-content\/uploads\/2022\/12\/Engwe-X-motor-300x108.png 300w, https:\/\/antamebike.com\/wp-content\/uploads\/2022\/12\/Engwe-X-motor-768x277.png 768w, https:\/\/antamebike.com\/wp-content\/uploads\/2022\/12\/Engwe-X-motor-1536x553.png 1536w, https:\/\/antamebike.com\/wp-content\/uploads\/2022\/12\/Engwe-X-motor-600x216.png 600w, https:\/\/antamebike.com\/wp-content\/uploads\/2022\/12\/Engwe-X-motor.png 1947w\" sizes=\"auto, (max-width: 1024px) 100vw, 1024px\" \/><\/p>\n<h6><strong>PIN LITIUM<\/strong> R\u1edcI DUNG L\u01af\u1ee2NG CAO 48V 13AH:\u00a0gi\u00fap qu\u00e3ng \u0111\u01b0\u1eddng tr\u1ee3 l\u1ef1c \u0111i\u1ec7n l\u00ean 80km<\/h6>\n<p><img loading=\"lazy\" decoding=\"async\" class=\"alignnone wp-image-1046 size-large\" src=\"https:\/\/antamebike.com\/wp-content\/uploads\/2022\/12\/Engwe-X-pin-1024x446.jpeg\" alt=\"\" width=\"1024\" height=\"446\" srcset=\"https:\/\/antamebike.com\/wp-content\/uploads\/2022\/12\/Engwe-X-pin-1024x446.jpeg 1024w, https:\/\/antamebike.com\/wp-content\/uploads\/2022\/12\/Engwe-X-pin-300x131.jpeg 300w, https:\/\/antamebike.com\/wp-content\/uploads\/2022\/12\/Engwe-X-pin-768x334.jpeg 768w, https:\/\/antamebike.com\/wp-content\/uploads\/2022\/12\/Engwe-X-pin-1536x669.jpeg 1536w, https:\/\/antamebike.com\/wp-content\/uploads\/2022\/12\/Engwe-X-pin-600x261.jpeg 600w, https:\/\/antamebike.com\/wp-content\/uploads\/2022\/12\/Engwe-X-pin.jpeg 1950w\" sizes=\"auto, (max-width: 1024px) 100vw, 1024px\" \/><\/p>\n<p>C\u00e1c trang b\u1ecb x\u1ecbn x\u00f2 cho 1 chi\u1ebfc xe \u0111\u1ea1p B\u00e1nh b\u00e9o: gi\u00fap qu\u00e1 tr\u00ecnh v\u1eadn h\u00e0nh nh\u1eb9 nh\u00e0ng linh ho\u1ea1t v\u00e0 an to\u00e0n,<\/p>\n<p><img loading=\"lazy\" decoding=\"async\" class=\"alignnone wp-image-1045 size-large\" src=\"https:\/\/antamebike.com\/wp-content\/uploads\/2022\/12\/Engwe-X-option-1024x541.jpeg\" alt=\"\" width=\"1024\" height=\"541\" srcset=\"https:\/\/antamebike.com\/wp-content\/uploads\/2022\/12\/Engwe-X-option-1024x541.jpeg 1024w, https:\/\/antamebike.com\/wp-content\/uploads\/2022\/12\/Engwe-X-option-300x159.jpeg 300w, https:\/\/antamebike.com\/wp-content\/uploads\/2022\/12\/Engwe-X-option-768x406.jpeg 768w, https:\/\/antamebike.com\/wp-content\/uploads\/2022\/12\/Engwe-X-option-1536x812.jpeg 1536w, https:\/\/antamebike.com\/wp-content\/uploads\/2022\/12\/Engwe-X-option-600x317.jpeg 600w, https:\/\/antamebike.com\/wp-content\/uploads\/2022\/12\/Engwe-X-option.jpeg 1997w\" sizes=\"auto, (max-width: 1024px) 100vw, 1024px\" \/><\/p>\n<p><img loading=\"lazy\" decoding=\"async\" class=\"alignnone size-medium wp-image-1047\" src=\"https:\/\/antamebike.com\/wp-content\/uploads\/2022\/12\/10a-1-300x300.jpeg\" alt=\"\" width=\"300\" height=\"300\" srcset=\"https:\/\/antamebike.com\/wp-content\/uploads\/2022\/12\/10a-1-300x300.jpeg 300w, https:\/\/antamebike.com\/wp-content\/uploads\/2022\/12\/10a-1-1024x1024.jpeg 1024w, https:\/\/antamebike.com\/wp-content\/uploads\/2022\/12\/10a-1-150x150.jpeg 150w, https:\/\/antamebike.com\/wp-content\/uploads\/2022\/12\/10a-1-768x768.jpeg 768w, https:\/\/antamebike.com\/wp-content\/uploads\/2022\/12\/10a-1-1536x1536.jpeg 1536w, https:\/\/antamebike.com\/wp-content\/uploads\/2022\/12\/10a-1-600x600.jpeg 600w, https:\/\/antamebike.com\/wp-content\/uploads\/2022\/12\/10a-1-100x100.jpeg 100w, https:\/\/antamebike.com\/wp-content\/uploads\/2022\/12\/10a-1.jpeg 1800w\" sizes=\"auto, (max-width: 300px) 100vw, 300px\" \/><\/p>\n<p><img loading=\"lazy\" decoding=\"async\" class=\"alignnone size-medium wp-image-1048\" src=\"https:\/\/antamebike.com\/wp-content\/uploads\/2022\/12\/engwe-engnie-x-300x300.jpeg\" alt=\"\" width=\"300\" height=\"300\" srcset=\"https:\/\/antamebike.com\/wp-content\/uploads\/2022\/12\/engwe-engnie-x-300x300.jpeg 300w, https:\/\/antamebike.com\/wp-content\/uploads\/2022\/12\/engwe-engnie-x-150x150.jpeg 150w, https:\/\/antamebike.com\/wp-content\/uploads\/2022\/12\/engwe-engnie-x-768x768.jpeg 768w, https:\/\/antamebike.com\/wp-content\/uploads\/2022\/12\/engwe-engnie-x-600x600.jpeg 600w, https:\/\/antamebike.com\/wp-content\/uploads\/2022\/12\/engwe-engnie-x-100x100.jpeg 100w, https:\/\/antamebike.com\/wp-content\/uploads\/2022\/12\/engwe-engnie-x.jpeg 800w\" sizes=\"auto, (max-width: 300px) 100vw, 300px\" \/><\/p>\n<p>So v\u1edbi ENGWE EP-2 Pro th\u00ec v\u1edbi nhu c\u1ea7u ng\u01b0\u1eddi d\u00f9ng: c\u1ea7n n\u00e2ng cao kh\u1ea3 n\u0103ng ch\u1edf th\u00eam ng\u01b0\u1eddi ph\u00eda sau ch\u1eafc ch\u1eafc h\u01a1n v\u00e0 c\u1ea7n h\u1ec7 th\u1ed1ng gi\u1ea3m shock ngon nh\u1edd h\u1ec7 th\u1ed1ng 3 phu\u1ed9t nh\u00fang th\u00ec ENGWE s\u1ebd l\u00e0 s\u1ef1 l\u1ef1a ch\u1ecdn kh\u00e1 \u01b0ng \u00fd cho ng\u01b0\u1eddi d\u00f9ng.<\/p>\n<p>antamebike.com<\/p>\n","protected":false},"excerpt":{"rendered":"<p>Xe \u0111\u1ea1p \u0111i\u1ec7n B\u00e1nh B\u00e9o <strong>Engwe X:<\/strong><\/p>\n<p><strong>CTKM M\u00f9a h\u00e8 T\u1eb7ng ngay 1 Tri\u1ec7u + Combo Qu\u00e0 t\u1eb7ng<\/strong><\/p>\n<ul>\n<li><strong>\u0110\u1ed9ng c\u01a1 750w<\/strong> m\u1ea1nh m\u1ebd<\/li>\n<li>V\u1eadn t\u1ed1c tr\u1ee3 l\u1ef1c \u0111i\u1ec7n t\u1ed1i \u0111a: 25km\/h (m\u1edf t\u1ed1c l\u00ean 48)<\/li>\n<li>Pin Litium r\u1eddi dung l\u01b0\u1ee3ng cao <strong>48V 13Ah<\/strong> gi\u00fap qu\u00e3ng \u0111\u01b0\u1eddng tr\u1ee3 l\u1ef1c \u0111i\u1ec7n \u0111\u1ebfn 100km<\/li>\n<li>H\u1ec7 th\u1ed1ng gi\u1ea3m shock <strong>3 c\u1ea5p \u0111\u1ed9<\/strong> v\u1edbi: Phu\u1ed9t tr\u01b0\u1edbc, Phu\u1ed9t gi\u1eefa cao c\u1ea5p v\u00e0 y\u00ean m\u1ec1m c\u00f9ng l\u00f2 xo gi\u1ea3m shock<\/li>\n<li><strong>5 ch\u1ebf \u0111\u1ed9 l\u00e1i \u0110i\u1ec7n<\/strong> linh ho\u1ea1t c\u00f9ng b\u1ed9 L\u00edp Shimano 7 c\u1ea5p<\/li>\n<li>B\u00e1nh B\u00e9o 20 x 4 inch b\u1ea5t ch\u1ea5p m\u1ecdi cung \u0111\u01b0\u1eddng<\/li>\n<li>H\u1ec7 th\u1ed1ng an to\u00e0n v\u1edbi 2 Th\u1eafng \u0111\u0129a tr\u01b0\u1edbc v\u00e0 sau, c\u00f9ng h\u1ec7 th\u1ed1ng chi\u1ebfu s\u00e1ng tr\u01b0\u1edbc v\u00e0 \u0111\u00e8n h\u1eadu.<\/li>\n<\/ul>\n","protected":false},"featured_media":1736,"comment_status":"open","ping_status":"closed","template":"","meta":{"site-sidebar-layout":"default","site-content-layout":"default","ast-site-content-layout":"","site-content-style":"default","site-sidebar-style":"default","ast-global-header-display":"","ast-banner-title-visibility":"","ast-main-header-display":"","ast-hfb-above-header-display":"","ast-hfb-below-header-display":"","ast-hfb-mobile-header-display":"","site-post-title":"","ast-breadcrumbs-content":"","ast-featured-img":"","footer-sml-layout":"","theme-transparent-header-meta":"default","adv-header-id-meta":"","stick-header-meta":"","header-above-stick-meta":"","header-main-stick-meta":"","header-below-stick-meta":"","astra-migrate-meta-layouts":"default","ast-page-background-enabled":"default","ast-page-background-meta":{"desktop":{"background-color":"var(--ast-global-color-4)","background-image":"","background-repeat":"repeat","background-position":"center center","background-size":"auto","background-attachment":"scroll","background-type":"","background-media":"","overlay-type":"","overlay-color":"","overlay-gradient":""},"tablet":{"background-color":"","background-image":"","background-repeat":"repeat","background-position":"center center","background-size":"auto","background-attachment":"scroll","background-type":"","background-media":"","overlay-type":"","overlay-color":"","overlay-gradient":""},"mobile":{"background-color":"","background-image":"","background-repeat":"repeat","background-position":"center center","background-size":"auto","background-attachment":"scroll","background-type":"","background-media":"","overlay-type":"","overlay-color":"","overlay-gradient":""}},"ast-content-background-meta":{"desktop":{"background-color":"var(--ast-global-color-5)","background-image":"","background-repeat":"repeat","background-position":"center center","background-size":"auto","background-attachment":"scroll","background-type":"","background-media":"","overlay-type":"","overlay-color":"","overlay-gradient":""},"tablet":{"background-color":"var(--ast-global-color-5)","background-image":"","background-repeat":"repeat","background-position":"center center","background-size":"auto","background-attachment":"scroll","background-type":"","background-media":"","overlay-type":"","overlay-color":"","overlay-gradient":""},"mobile":{"background-color":"var(--ast-global-color-5)","background-image":"","background-repeat":"repeat","background-position":"center center","background-size":"auto","background-attachment":"scroll","background-type":"","background-media":"","overlay-type":"","overlay-color":"","overlay-gradient":""}}},"product_cat":[92,116],"product_tag":[118,145,109,124,120,123,121,122],"class_list":{"0":"post-1028","1":"product","2":"type-product","3":"status-publish","4":"has-post-thumbnail","6":"product_cat-xe-dap-banh-beo","7":"product_cat-xe-dap-dien-engwe","8":"product_tag-engwe","9":"product_tag-x","10":"product_tag-xe-dap-banh-beo","11":"product_tag-xedapbanhbeo","12":"product_tag-xedapdien","13":"product_tag-xedapdienbanhbeo","14":"product_tag-xedapdientroluc","15":"product_tag-zb20","16":"desktop-align-left","17":"tablet-align-left","18":"mobile-align-left","19":"ast-product-gallery-layout-horizontal-slider","20":"ast-product-tabs-layout-horizontal","22":"first","23":"instock","24":"shipping-taxable","25":"purchasable","26":"product-type-simple"},"_links":{"self":[{"href":"https:\/\/antamebike.com\/index.php?rest_route=\/wp\/v2\/product\/1028","targetHints":{"allow":["GET"]}}],"collection":[{"href":"https:\/\/antamebike.com\/index.php?rest_route=\/wp\/v2\/product"}],"about":[{"href":"https:\/\/antamebike.com\/index.php?rest_route=\/wp\/v2\/types\/product"}],"replies":[{"embeddable":true,"href":"https:\/\/antamebike.com\/index.php?rest_route=%2Fwp%2Fv2%2Fcomments&post=1028"}],"wp:featuredmedia":[{"embeddable":true,"href":"https:\/\/antamebike.com\/index.php?rest_route=\/wp\/v2\/media\/1736"}],"wp:attachment":[{"href":"https:\/\/antamebike.com\/index.php?rest_route=%2Fwp%2Fv2%2Fmedia&parent=1028"}],"wp:term":[{"taxonomy":"product_cat","embeddable":true,"href":"https:\/\/antamebike.com\/index.php?rest_route=%2Fwp%2Fv2%2Fproduct_cat&post=1028"},{"taxonomy":"product_tag","embeddable":true,"href":"https:\/\/antamebike.com\/index.php?rest_route=%2Fwp%2Fv2%2Fproduct_tag&post=1028"}],"curies":[{"name":"wp","href":"https:\/\/api.w.org\/{rel}","templated":true}]}}