{"id":1141,"date":"2022-12-24T02:54:43","date_gmt":"2022-12-24T02:54:43","guid":{"rendered":"https:\/\/antamebike.com\/?post_type=product&#038;p=1141"},"modified":"2023-10-19T03:38:34","modified_gmt":"2023-10-19T03:38:34","slug":"xe-dap-tro-luc-dien-banh-beo-ouxi-v8","status":"publish","type":"product","link":"https:\/\/antamebike.com\/?product=xe-dap-tro-luc-dien-banh-beo-ouxi-v8","title":{"rendered":"Xe \u0111\u1ea1p tr\u1ee3 l\u1ef1c \u0111i\u1ec7n B\u00e1nh B\u00e9o OUXI V8"},"content":{"rendered":"<h3><strong>Xe \u0111\u1ea1p tr\u1ee3 l\u1ef1c \u0111i\u1ec7n B\u00e1nh B\u00e9o OUXI V8<\/strong> v\u1edbi Phong c\u00e1ch scrambler<\/h3>\n<p><img loading=\"lazy\" decoding=\"async\" class=\"alignnone wp-image-1630 size-full\" src=\"https:\/\/antamebike.com\/wp-content\/uploads\/2022\/12\/ouxi-V8-man.jpeg\" alt=\"\" width=\"894\" height=\"894\" srcset=\"https:\/\/antamebike.com\/wp-content\/uploads\/2022\/12\/ouxi-V8-man.jpeg 894w, https:\/\/antamebike.com\/wp-content\/uploads\/2022\/12\/ouxi-V8-man-300x300.jpeg 300w, https:\/\/antamebike.com\/wp-content\/uploads\/2022\/12\/ouxi-V8-man-150x150.jpeg 150w, https:\/\/antamebike.com\/wp-content\/uploads\/2022\/12\/ouxi-V8-man-768x768.jpeg 768w, https:\/\/antamebike.com\/wp-content\/uploads\/2022\/12\/ouxi-V8-man-600x600.jpeg 600w, https:\/\/antamebike.com\/wp-content\/uploads\/2022\/12\/ouxi-V8-man-100x100.jpeg 100w\" sizes=\"auto, (max-width: 894px) 100vw, 894px\" \/><\/p>\n<p>&nbsp;<\/p>\n<p>OUXI V8 l\u00e0 chi\u1ebfc xe \u0111\u1ecba h\u00ecnh \u0111a d\u1ee5ng hi\u1ec7n \u0111ang r\u1ea5t Hot \u1edf Ch\u00e2u \u00c2u v\u00ec trang b\u1ecb kh\u00e1 m\u1ea1nh m\u1ebd m\u00e0 c\u00f3 m\u1ee9c gi\u00e1 b\u00e1n r\u1ea5t h\u1ee3p l\u00fd<\/p>\n<p><img loading=\"lazy\" decoding=\"async\" class=\"alignnone wp-image-1142 size-large\" src=\"https:\/\/antamebike.com\/wp-content\/uploads\/2022\/12\/OUXI-V8-Mountain-Bike-2-1024x931.jpeg\" alt=\"\" width=\"1024\" height=\"931\" srcset=\"https:\/\/antamebike.com\/wp-content\/uploads\/2022\/12\/OUXI-V8-Mountain-Bike-2-1024x931.jpeg 1024w, https:\/\/antamebike.com\/wp-content\/uploads\/2022\/12\/OUXI-V8-Mountain-Bike-2-300x273.jpeg 300w, https:\/\/antamebike.com\/wp-content\/uploads\/2022\/12\/OUXI-V8-Mountain-Bike-2-768x698.jpeg 768w, https:\/\/antamebike.com\/wp-content\/uploads\/2022\/12\/OUXI-V8-Mountain-Bike-2-600x546.jpeg 600w, https:\/\/antamebike.com\/wp-content\/uploads\/2022\/12\/OUXI-V8-Mountain-Bike-2.jpeg 1443w\" sizes=\"auto, (max-width: 1024px) 100vw, 1024px\" \/><\/p>\n<p>&nbsp;<\/p>\n<h6><strong>\u0110\u1ed8NG C\u01a0 750W<\/strong><\/h6>\n<p><img loading=\"lazy\" decoding=\"async\" class=\"alignnone size-medium wp-image-1152\" src=\"https:\/\/antamebike.com\/wp-content\/uploads\/2022\/12\/OUXI-V8-750w-electric-bike-300x225.jpeg\" alt=\"\" width=\"300\" height=\"225\" srcset=\"https:\/\/antamebike.com\/wp-content\/uploads\/2022\/12\/OUXI-V8-750w-electric-bike-300x225.jpeg 300w, https:\/\/antamebike.com\/wp-content\/uploads\/2022\/12\/OUXI-V8-750w-electric-bike-768x576.jpeg 768w, https:\/\/antamebike.com\/wp-content\/uploads\/2022\/12\/OUXI-V8-750w-electric-bike-600x450.jpeg 600w, https:\/\/antamebike.com\/wp-content\/uploads\/2022\/12\/OUXI-V8-750w-electric-bike.jpeg 800w\" sizes=\"auto, (max-width: 300px) 100vw, 300px\" \/><img loading=\"lazy\" decoding=\"async\" class=\"alignnone size-medium wp-image-1153\" src=\"https:\/\/antamebike.com\/wp-content\/uploads\/2022\/12\/OUXI-V8-fat-bike-tires-300x225.jpeg\" alt=\"\" width=\"300\" height=\"225\" srcset=\"https:\/\/antamebike.com\/wp-content\/uploads\/2022\/12\/OUXI-V8-fat-bike-tires-300x225.jpeg 300w, https:\/\/antamebike.com\/wp-content\/uploads\/2022\/12\/OUXI-V8-fat-bike-tires-768x576.jpeg 768w, https:\/\/antamebike.com\/wp-content\/uploads\/2022\/12\/OUXI-V8-fat-bike-tires-600x450.jpeg 600w, https:\/\/antamebike.com\/wp-content\/uploads\/2022\/12\/OUXI-V8-fat-bike-tires.jpeg 800w\" sizes=\"auto, (max-width: 300px) 100vw, 300px\" \/><\/p>\n<p>\u0110\u1ed9ng c\u01a1 750w c\u00f9ng B\u00e1nh B\u00e9o 20 x 4inch gi\u00fap OUXI V8 \u0111i v\u00e0o c\u00e1c cung \u0111\u01b0\u1eddng \u0111\u00e8o d\u1ed1c hay \u0111\u1ecba h\u00ecnh x\u1ea5u v\u1eabn t\u0103ng t\u1ed1c nh\u1eb9 nh\u00e0ng.<\/p>\n<h6><strong>GI\u1ea2M SHOCK<\/strong><\/h6>\n<p><img loading=\"lazy\" decoding=\"async\" class=\"alignnone size-medium wp-image-1154\" src=\"https:\/\/antamebike.com\/wp-content\/uploads\/2022\/12\/OUXI-V8-dual-suspension-300x225.jpeg\" alt=\"\" width=\"300\" height=\"225\" srcset=\"https:\/\/antamebike.com\/wp-content\/uploads\/2022\/12\/OUXI-V8-dual-suspension-300x225.jpeg 300w, https:\/\/antamebike.com\/wp-content\/uploads\/2022\/12\/OUXI-V8-dual-suspension-768x576.jpeg 768w, https:\/\/antamebike.com\/wp-content\/uploads\/2022\/12\/OUXI-V8-dual-suspension-600x450.jpeg 600w, https:\/\/antamebike.com\/wp-content\/uploads\/2022\/12\/OUXI-V8-dual-suspension.jpeg 800w\" sizes=\"auto, (max-width: 300px) 100vw, 300px\" \/> <img loading=\"lazy\" decoding=\"async\" class=\"alignnone size-medium wp-image-1155\" src=\"https:\/\/antamebike.com\/wp-content\/uploads\/2022\/12\/removable-battery-ebike-300x225.jpeg\" alt=\"\" width=\"300\" height=\"225\" srcset=\"https:\/\/antamebike.com\/wp-content\/uploads\/2022\/12\/removable-battery-ebike-300x225.jpeg 300w, https:\/\/antamebike.com\/wp-content\/uploads\/2022\/12\/removable-battery-ebike-768x576.jpeg 768w, https:\/\/antamebike.com\/wp-content\/uploads\/2022\/12\/removable-battery-ebike-600x450.jpeg 600w, https:\/\/antamebike.com\/wp-content\/uploads\/2022\/12\/removable-battery-ebike.jpeg 800w\" sizes=\"auto, (max-width: 300px) 100vw, 300px\" \/><\/p>\n<p>OUXI V8 \u0111\u01b0\u1ee3c trang b\u1ecb Phu\u1ed9t tr\u01b0\u1edbc cao c\u1ea5p n\u00ean d\u00f9 \u0111i \u0111\u1ecba h\u00ecnh x\u1ea5u v\u1eabn nh\u1eb9 nh\u00e0ng tho\u1ea3i m\u00e1i<\/p>\n<p>Pin c\u00f3 th\u1ec3 th\u00e1o s\u1ea1c r\u1eddi m\u1ecdi l\u00fac v\u00e0 ch\u1ee9c n\u0103ng s\u1ea1c USB ti\u1ec7n l\u1ee3i nh\u01b0 ngu\u1ed3n Pin d\u1ef1 ph\u00f2ng \u0111\u1ec3 s\u1ea1c c\u00e1c thi\u1ebft b\u1ecb \u0111i\u1ec7n t\u1eed nh\u01b0 \u0111i\u1ec7n tho\u1ea1i, m\u00e1y quay phim..<\/p>\n<h6>H\u1ec6 TH\u1ed0NG CHI\u1ebeU S\u00c1NG<\/h6>\n<p><img loading=\"lazy\" decoding=\"async\" class=\"alignnone wp-image-1156 size-full\" src=\"https:\/\/antamebike.com\/wp-content\/uploads\/2022\/12\/Ouxi-V8-head-light.jpeg\" alt=\"\" width=\"800\" height=\"840\" srcset=\"https:\/\/antamebike.com\/wp-content\/uploads\/2022\/12\/Ouxi-V8-head-light.jpeg 800w, https:\/\/antamebike.com\/wp-content\/uploads\/2022\/12\/Ouxi-V8-head-light-286x300.jpeg 286w, https:\/\/antamebike.com\/wp-content\/uploads\/2022\/12\/Ouxi-V8-head-light-768x806.jpeg 768w, https:\/\/antamebike.com\/wp-content\/uploads\/2022\/12\/Ouxi-V8-head-light-600x630.jpeg 600w\" sizes=\"auto, (max-width: 800px) 100vw, 800px\" \/><\/p>\n<p>V\u1edbi \u0111\u00e8n Led l\u1edbn kh\u00f4ng nh\u1eefng s\u00e1ng m\u1ea1nh v\u00e0o bu\u1ed5i t\u1ed1i m\u00e0 c\u00f2n r\u1ea5t phong c\u00e1ch v\u00e0 th\u1eddi trang<\/p>\n<h6><strong>\u0110\u1ed2NG H\u1ed2 \u0110I\u1ec0U KHI\u1ec2N<\/strong><\/h6>\n<p><img loading=\"lazy\" decoding=\"async\" class=\"alignnone wp-image-1157\" src=\"https:\/\/antamebike.com\/wp-content\/uploads\/2022\/12\/Ouxi-V8-display-300x169.jpeg\" alt=\"\" width=\"445\" height=\"246\" \/><\/p>\n<p>\u0110\u1ed3ng h\u1ed3 \u0111i\u1ec1u khi\u1ec3n tr\u1ef1c quang d\u1ec5 s\u1eed d\u1ee5ng, nh\u00ecn r\u00f5 v\u1edbi \u00e1nh s\u00e1ng m\u1ea1nh ban ng\u00e0y.<\/p>\n<p>v\u1edbi 5 ch\u1ebf \u0111\u1ed9 l\u00e1i chuy\u1ec3n \u0111\u1ed5i linh ho\u1ea1t d\u1ec5 d\u00e0ng<\/p>\n<h6><strong>TAY L\u00c1I CONG PHONG C\u00c1CH<\/strong><\/h6>\n<p><img loading=\"lazy\" decoding=\"async\" class=\"alignnone size-medium wp-image-1158\" src=\"https:\/\/antamebike.com\/wp-content\/uploads\/2022\/12\/V8-ebike-fat-tire-300x164.jpeg\" alt=\"\" width=\"300\" height=\"164\" srcset=\"https:\/\/antamebike.com\/wp-content\/uploads\/2022\/12\/V8-ebike-fat-tire-300x164.jpeg 300w, https:\/\/antamebike.com\/wp-content\/uploads\/2022\/12\/V8-ebike-fat-tire-768x420.jpeg 768w, https:\/\/antamebike.com\/wp-content\/uploads\/2022\/12\/V8-ebike-fat-tire-600x328.jpeg 600w, https:\/\/antamebike.com\/wp-content\/uploads\/2022\/12\/V8-ebike-fat-tire.jpeg 1000w\" sizes=\"auto, (max-width: 300px) 100vw, 300px\" \/><\/p>\n<p>Tay l\u00e1i cong \u0111\u01b0\u1ee3c thi\u1ebft k\u1ebf c\u00f4ng th\u00e1i h\u1ecdc gi\u00fap s\u1eed d\u1ee5ng linh ho\u1ea1t d\u1ec5 d\u00e0ng trong qu\u00e1 tr\u00ecnh \u0111i\u1ec1u khi\u1ec3n xe<\/p>\n<h6>B\u1ed8 L\u00cdP CHUY\u1ec2N \u0110\u1ed8NG<\/h6>\n<p><img loading=\"lazy\" decoding=\"async\" class=\"alignnone size-medium wp-image-1159\" src=\"https:\/\/antamebike.com\/wp-content\/uploads\/2022\/12\/Shimano-speed-gear-300x225.jpeg\" alt=\"\" width=\"300\" height=\"225\" srcset=\"https:\/\/antamebike.com\/wp-content\/uploads\/2022\/12\/Shimano-speed-gear-300x225.jpeg 300w, https:\/\/antamebike.com\/wp-content\/uploads\/2022\/12\/Shimano-speed-gear-768x576.jpeg 768w, https:\/\/antamebike.com\/wp-content\/uploads\/2022\/12\/Shimano-speed-gear-600x450.jpeg 600w, https:\/\/antamebike.com\/wp-content\/uploads\/2022\/12\/Shimano-speed-gear.jpeg 800w\" sizes=\"auto, (max-width: 300px) 100vw, 300px\" \/> <img loading=\"lazy\" decoding=\"async\" class=\"alignnone size-medium wp-image-1160\" src=\"https:\/\/antamebike.com\/wp-content\/uploads\/2022\/12\/V8-Electric-Bike-1-300x225.jpeg\" alt=\"\" width=\"300\" height=\"225\" srcset=\"https:\/\/antamebike.com\/wp-content\/uploads\/2022\/12\/V8-Electric-Bike-1-300x225.jpeg 300w, https:\/\/antamebike.com\/wp-content\/uploads\/2022\/12\/V8-Electric-Bike-1-768x576.jpeg 768w, https:\/\/antamebike.com\/wp-content\/uploads\/2022\/12\/V8-Electric-Bike-1-600x450.jpeg 600w, https:\/\/antamebike.com\/wp-content\/uploads\/2022\/12\/V8-Electric-Bike-1.jpeg 800w\" sizes=\"auto, (max-width: 300px) 100vw, 300px\" \/><\/p>\n<p>OUXI V8 \u0111\u01b0\u1ee3c trang b\u1ecb b\u1ed9 L\u00edp chuy\u1ec3n \u0111\u1ed9ng Shimano 7 c\u1ea5p gi\u00fap chuy\u1ec3n \u0111\u1ed5i l\u1ef1c \u0111\u1ea1p v\u00e0 t\u1ed1c \u0111\u1ed9 tho\u00e1i m\u00e1i ph\u00f9 h\u1ee3p cho t\u1eebng cung \u0111\u01b0\u1eddng v\u00e0 l\u1ef1c \u0111\u1ea1p.<\/p>\n<p>\u0110\u1ed3ng th\u1eddi xe \u0111\u1ea1p tr\u1ee3 l\u1ef1c \u0111i\u1ec7n OUXI \u0111\u01b0\u1ee3c thi\u1ebft k\u1ebf d\u1ea1ng module n\u00ean l\u1eafp \u0111\u1eb7t, b\u1ea3o d\u01b0\u1ee1ng hay th\u00e1o l\u1eafp di chuy\u1ec3n kh\u00e1 d\u1ec5 d\u00e0ng.<\/p>\n<p>T\u1ed4NG TH\u1ec2 C\u00c1C TRANG B\u1eca<\/p>\n<p><img loading=\"lazy\" decoding=\"async\" class=\"alignnone wp-image-1161\" src=\"https:\/\/antamebike.com\/wp-content\/uploads\/2022\/12\/V8-electric-bike-details-300x198.jpeg\" alt=\"\" width=\"408\" height=\"266\" \/> <img loading=\"lazy\" decoding=\"async\" class=\"alignnone wp-image-1162\" src=\"https:\/\/antamebike.com\/wp-content\/uploads\/2022\/12\/Ouxi-V8-detail-300x300.jpeg\" alt=\"\" width=\"273\" height=\"269\" \/><\/p>\n<p>v\u1edbi t\u1ea7m gi\u00e1 19.x tr c\u00f9ng v\u1edbi c\u00e1c b\u1ecb nh\u01b0 tr\u00ean th\u00ec c\u00f3 th\u1ec3 n\u00f3i OUXI V8 l\u00e0 chi\u1ebfc xe \u0111\u1ea1p \u0111i\u1ec7n B\u00e1nh B\u00e9o c\u00f3 gi\u00e1 r\u1ea5t c\u1ea1nh tranh nh\u1ea5t hi\u1ec7n nay.<\/p>\n<p><img loading=\"lazy\" decoding=\"async\" class=\"alignnone wp-image-1635 size-large\" src=\"https:\/\/antamebike.com\/wp-content\/uploads\/2022\/12\/ouxi-v8-16-681x1024.jpeg\" alt=\"\" width=\"681\" height=\"1024\" srcset=\"https:\/\/antamebike.com\/wp-content\/uploads\/2022\/12\/ouxi-v8-16-681x1024.jpeg 681w, https:\/\/antamebike.com\/wp-content\/uploads\/2022\/12\/ouxi-v8-16-200x300.jpeg 200w, https:\/\/antamebike.com\/wp-content\/uploads\/2022\/12\/ouxi-v8-16-768x1154.jpeg 768w, https:\/\/antamebike.com\/wp-content\/uploads\/2022\/12\/ouxi-v8-16-1022x1536.jpeg 1022w, https:\/\/antamebike.com\/wp-content\/uploads\/2022\/12\/ouxi-v8-16-1363x2048.jpeg 1363w, https:\/\/antamebike.com\/wp-content\/uploads\/2022\/12\/ouxi-v8-16-600x902.jpeg 600w, https:\/\/antamebike.com\/wp-content\/uploads\/2022\/12\/ouxi-v8-16-scaled.jpeg 1703w\" sizes=\"auto, (max-width: 681px) 100vw, 681px\" \/><\/p>\n<p>antamebike.com<\/p>\n<p>&nbsp;<\/p>\n","protected":false},"excerpt":{"rendered":"<p>Xe \u0111\u1ea1p tr\u1ee3 l\u1ef1c \u0111i\u1ec7n B\u00c1NH B\u00c9O OUXI V8 phong c\u00e1ch Crambler<\/p>\n<ul>\n<li>\u0110\u1ed9ng c\u01a1 \u0111i\u1ec7n m\u1ea1nh m\u1ebd 750w<\/li>\n<li>T\u1ed1c \u0111\u1ed9 tr\u1ee3 l\u1ef1c \u0111i\u1ec7n t\u1ed1i \u0111a 25km\/h (m\u1edf t\u1ed1c l\u00ean 50)<\/li>\n<li>Pin 48V 15Ah cho qu\u00e3ng \u0111\u01b0\u1eddng tr\u1ee3 l\u1ef1c \u0111i\u1ec7n 65km<\/li>\n<li>5 ch\u1ebf \u0111\u1ed9 ch\u1ea1y \u0111i\u1ec7n<\/li>\n<li>B\u1ed9 L\u00edp shimano 7 c\u1ea5p<\/li>\n<li>2 th\u1eafng \u0111\u0129a tr\u01b0\u1edbc v\u00e0 sau<\/li>\n<li>Phu\u1ed9t nh\u00fang tr\u01b0\u1edbc ch\u1ea5t l\u01b0\u1ee3ng cao c\u00f9ng y\u00ean n\u00eam y\u00eam \u00e1i cho m\u1ecdi cung \u0111\u01b0\u1eddng<\/li>\n<li>B\u00e1nh B\u00e9o 20 x 4 inch<\/li>\n<\/ul>\n","protected":false},"featured_media":1630,"comment_status":"open","ping_status":"closed","template":"","meta":{"site-sidebar-layout":"default","site-content-layout":"default","ast-site-content-layout":"","site-content-style":"default","site-sidebar-style":"default","ast-global-header-display":"","ast-banner-title-visibility":"","ast-main-header-display":"","ast-hfb-above-header-display":"","ast-hfb-below-header-display":"","ast-hfb-mobile-header-display":"","site-post-title":"","ast-breadcrumbs-content":"","ast-featured-img":"","footer-sml-layout":"","theme-transparent-header-meta":"default","adv-header-id-meta":"","stick-header-meta":"","header-above-stick-meta":"","header-main-stick-meta":"","header-below-stick-meta":"","astra-migrate-meta-layouts":"default","ast-page-background-enabled":"default","ast-page-background-meta":{"desktop":{"background-color":"var(--ast-global-color-4)","background-image":"","background-repeat":"repeat","background-position":"center center","background-size":"auto","background-attachment":"scroll","background-type":"","background-media":"","overlay-type":"","overlay-color":"","overlay-gradient":""},"tablet":{"background-color":"","background-image":"","background-repeat":"repeat","background-position":"center center","background-size":"auto","background-attachment":"scroll","background-type":"","background-media":"","overlay-type":"","overlay-color":"","overlay-gradient":""},"mobile":{"background-color":"","background-image":"","background-repeat":"repeat","background-position":"center center","background-size":"auto","background-attachment":"scroll","background-type":"","background-media":"","overlay-type":"","overlay-color":"","overlay-gradient":""}},"ast-content-background-meta":{"desktop":{"background-color":"var(--ast-global-color-5)","background-image":"","background-repeat":"repeat","background-position":"center center","background-size":"auto","background-attachment":"scroll","background-type":"","background-media":"","overlay-type":"","overlay-color":"","overlay-gradient":""},"tablet":{"background-color":"var(--ast-global-color-5)","background-image":"","background-repeat":"repeat","background-position":"center center","background-size":"auto","background-attachment":"scroll","background-type":"","background-media":"","overlay-type":"","overlay-color":"","overlay-gradient":""},"mobile":{"background-color":"var(--ast-global-color-5)","background-image":"","background-repeat":"repeat","background-position":"center center","background-size":"auto","background-attachment":"scroll","background-type":"","background-media":"","overlay-type":"","overlay-color":"","overlay-gradient":""}}},"product_cat":[49,92,153],"product_tag":[154,176,155,124,120,123],"class_list":{"0":"post-1141","1":"product","2":"type-product","3":"status-publish","4":"has-post-thumbnail","6":"product_cat-san-pham-hot","7":"product_cat-xe-dap-banh-beo","8":"product_cat-xe-dap-dien-ouxi","9":"product_tag-ouxi","10":"product_tag-ouxi-v8","11":"product_tag-v8","12":"product_tag-xedapbanhbeo","13":"product_tag-xedapdien","14":"product_tag-xedapdienbanhbeo","15":"desktop-align-left","16":"tablet-align-left","17":"mobile-align-left","18":"ast-product-gallery-layout-horizontal-slider","19":"ast-product-tabs-layout-horizontal","21":"first","22":"instock","23":"sale","24":"shipping-taxable","25":"purchasable","26":"product-type-simple"},"_links":{"self":[{"href":"https:\/\/antamebike.com\/index.php?rest_route=\/wp\/v2\/product\/1141","targetHints":{"allow":["GET"]}}],"collection":[{"href":"https:\/\/antamebike.com\/index.php?rest_route=\/wp\/v2\/product"}],"about":[{"href":"https:\/\/antamebike.com\/index.php?rest_route=\/wp\/v2\/types\/product"}],"replies":[{"embeddable":true,"href":"https:\/\/antamebike.com\/index.php?rest_route=%2Fwp%2Fv2%2Fcomments&post=1141"}],"wp:featuredmedia":[{"embeddable":true,"href":"https:\/\/antamebike.com\/index.php?rest_route=\/wp\/v2\/media\/1630"}],"wp:attachment":[{"href":"https:\/\/antamebike.com\/index.php?rest_route=%2Fwp%2Fv2%2Fmedia&parent=1141"}],"wp:term":[{"taxonomy":"product_cat","embeddable":true,"href":"https:\/\/antamebike.com\/index.php?rest_route=%2Fwp%2Fv2%2Fproduct_cat&post=1141"},{"taxonomy":"product_tag","embeddable":true,"href":"https:\/\/antamebike.com\/index.php?rest_route=%2Fwp%2Fv2%2Fproduct_tag&post=1141"}],"curies":[{"name":"wp","href":"https:\/\/api.w.org\/{rel}","templated":true}]}}