{"id":1200,"date":"2023-01-05T16:36:35","date_gmt":"2023-01-05T16:36:35","guid":{"rendered":"https:\/\/antamebike.com\/?post_type=product&#038;p=1200"},"modified":"2024-07-03T10:54:30","modified_gmt":"2024-07-03T10:54:30","slug":"xe-dap-tro-luc-dien-ado-a26s-xe","status":"publish","type":"product","link":"https:\/\/antamebike.com\/?product=xe-dap-tro-luc-dien-ado-a26s-xe","title":{"rendered":"Xe \u0111\u1ea1p tr\u1ee3 l\u1ef1c \u0111i\u1ec7n ADO A26S-XE"},"content":{"rendered":"<h2><strong>Xe \u0111\u1ea1p tr\u1ee3 l\u1ef1c \u0111i\u1ec7n ADO A26S-XE<\/strong><\/h2>\n<p>Chi\u1ebfc xe \u0111\u01b0\u1ee3c thi\u1ebft v\u1edbi Ki\u1ec3u d\u00e1ng phong c\u00e1ch c\u1ed5 \u0111i\u1ec3n v\u00e0 \u0111\u00e3 \u0111\u01b0\u1ee3c ADO th\u00eam v\u00e0o c\u00e1c c\u00f4ng ngh\u1ec7 hi\u1ec7n \u0111\u1ea1i gi\u00fap vi\u1ec7c \u0111\u1ea1p xe v\u00f4 c\u00f9ng nh\u1eb9 nh\u00e0ng v\u00e0 tho\u1ea3i m\u00e1i<\/p>\n<h3><strong>Thi\u1ebft k\u1ebf Khung s\u01b0\u1eddn th\u1ea5p<\/strong><\/h3>\n<p><strong>ADO A26S-XE<\/strong> \u0111\u01b0\u1ee3c thi\u1ebft k\u1ebf v\u1edbi khung s\u01b0\u1eddn th\u1ea5p r\u1ea5t thu\u1eadn ti\u1ec7n cho vi\u1ec7c \u0111\u1ea1p xe. \u0110\u1eb7c bi\u1ec7t l\u00e0 ph\u1ee5 n\u1eef d\u00f9 l\u00e0 trang ph\u1ee5c Jean, c\u00f4ng s\u1edf hay \u0111\u1ea7m v\u00e1y trang nh\u00e3 v\u1eabn tho\u1ea3i m\u00e1i khi d\u00f9ng A26S-XE<\/p>\n<p><img loading=\"lazy\" decoding=\"async\" class=\"alignnone wp-image-1211 size-full\" src=\"https:\/\/antamebike.com\/wp-content\/uploads\/2023\/01\/ADO-A26S-XE-frame.jpeg\" alt=\"\" width=\"1000\" height=\"442\" srcset=\"https:\/\/antamebike.com\/wp-content\/uploads\/2023\/01\/ADO-A26S-XE-frame.jpeg 1000w, https:\/\/antamebike.com\/wp-content\/uploads\/2023\/01\/ADO-A26S-XE-frame-300x133.jpeg 300w, https:\/\/antamebike.com\/wp-content\/uploads\/2023\/01\/ADO-A26S-XE-frame-768x339.jpeg 768w, https:\/\/antamebike.com\/wp-content\/uploads\/2023\/01\/ADO-A26S-XE-frame-600x265.jpeg 600w\" sizes=\"auto, (max-width: 1000px) 100vw, 1000px\" \/><\/p>\n<h3><strong>Tr\u1ea3i nghi\u1ec7m an to\u00e0n v\u00e0 nh\u1eb9 nh\u00e0ng<\/strong><\/h3>\n<p>Khung s\u01b0\u1eddn gi\u1eefa th\u1ea5p gi\u00fap ng\u01b0\u1eddi d\u00f9ng c\u00f3 tr\u1ea3i nghi\u1ec7m r\u1ea5t an to\u00e0n v\u00e0 tho\u1ea3i m\u00e1i khi \u0111\u1ea1p c\u00f9ng ADO A26S-XE, nh\u1ea5t l\u00e0 c\u00e1c t\u00ecnh hu\u1ed1ng ch\u1ed1ng ch\u00e2n khi d\u1eebng xe g\u1ea5p. A26S-XE mang l\u1ea1i s\u1ef1 kh\u00e1c bi\u1ec7t r\u1ea5t l\u1edbn<\/p>\n<p><img loading=\"lazy\" decoding=\"async\" class=\"alignnone wp-image-1212 size-full\" src=\"https:\/\/antamebike.com\/wp-content\/uploads\/2023\/01\/ADO-A26S-XE-comfortable.jpeg\" alt=\"\" width=\"1000\" height=\"414\" srcset=\"https:\/\/antamebike.com\/wp-content\/uploads\/2023\/01\/ADO-A26S-XE-comfortable.jpeg 1000w, https:\/\/antamebike.com\/wp-content\/uploads\/2023\/01\/ADO-A26S-XE-comfortable-300x124.jpeg 300w, https:\/\/antamebike.com\/wp-content\/uploads\/2023\/01\/ADO-A26S-XE-comfortable-768x318.jpeg 768w, https:\/\/antamebike.com\/wp-content\/uploads\/2023\/01\/ADO-A26S-XE-comfortable-600x248.jpeg 600w\" sizes=\"auto, (max-width: 1000px) 100vw, 1000px\" \/><\/p>\n<h3><strong>Tho\u1ea3i m\u00e1i khi ng\u1ed3i v\u00e0o xe<\/strong><\/h3>\n<p>V\u1edbi thi\u1ebft k\u1ebf c\u1ee7a ADO A26S-XE th\u00ec vi\u1ec7c \u0111\u1ea1p xe v\u00f4 c\u00f9ng nh\u1eb9 nh\u00e0ng, nh\u1ea5t l\u00e0 khi leo l\u00ean xe ng\u1ed3i l\u00ean y\u00ean r\u1ea5t ch\u1eafc ch\u1eafn. \u0110\u1eb7c bi\u1ec7t c\u1ed5 xe thi\u1ebft k\u1ebf cong v\u1ec1 sau l\u00e0m t\u01b0 th\u1ebf ng\u1ed3i c\u1ea3m gi\u00e1c r\u1ea5t an to\u00e0n v\u00e0 tho\u1ea3i m\u00e1i khi v\u1eadn h\u00e0nh xe.<\/p>\n<p><img loading=\"lazy\" decoding=\"async\" class=\"alignnone wp-image-1213 size-full\" src=\"https:\/\/antamebike.com\/wp-content\/uploads\/2023\/01\/ADO-A26S-XE-comfortable-1.jpeg\" alt=\"\" width=\"1000\" height=\"417\" srcset=\"https:\/\/antamebike.com\/wp-content\/uploads\/2023\/01\/ADO-A26S-XE-comfortable-1.jpeg 1000w, https:\/\/antamebike.com\/wp-content\/uploads\/2023\/01\/ADO-A26S-XE-comfortable-1-300x125.jpeg 300w, https:\/\/antamebike.com\/wp-content\/uploads\/2023\/01\/ADO-A26S-XE-comfortable-1-768x320.jpeg 768w, https:\/\/antamebike.com\/wp-content\/uploads\/2023\/01\/ADO-A26S-XE-comfortable-1-600x250.jpeg 600w\" sizes=\"auto, (max-width: 1000px) 100vw, 1000px\" \/><\/p>\n<h3><strong>Chuy\u00ean ch\u1edf ch\u1eafc ch\u1eafn<\/strong><\/h3>\n<p>Vi\u1ec7c ch\u1edf ng\u01b0\u1eddi hay h\u00e0ng \u1edf baga l\u1ea1i c\u00e0ng nh\u1eb9 nh\u00e0ng v\u00e0 r\u1ea5t ch\u1eafn ch\u1eafn.<\/p>\n<p><img loading=\"lazy\" decoding=\"async\" class=\"alignnone wp-image-1214 size-full\" src=\"https:\/\/antamebike.com\/wp-content\/uploads\/2023\/01\/ADO-A26S-XE-load.jpeg\" alt=\"\" width=\"1000\" height=\"433\" srcset=\"https:\/\/antamebike.com\/wp-content\/uploads\/2023\/01\/ADO-A26S-XE-load.jpeg 1000w, https:\/\/antamebike.com\/wp-content\/uploads\/2023\/01\/ADO-A26S-XE-load-300x130.jpeg 300w, https:\/\/antamebike.com\/wp-content\/uploads\/2023\/01\/ADO-A26S-XE-load-768x333.jpeg 768w, https:\/\/antamebike.com\/wp-content\/uploads\/2023\/01\/ADO-A26S-XE-load-600x260.jpeg 600w\" sizes=\"auto, (max-width: 1000px) 100vw, 1000px\" \/><\/p>\n<h3><strong>Chinh ph\u1ee5c m\u1ecdi cung \u0111\u01b0\u1eddng v\u00e0 \u0111\u1ecba h\u00ecnh<\/strong><\/h3>\n<p>ADO A26S-XE \u0111\u01b0\u1ee3c trang b\u1ecb kh\u00e1 \u0111\u1ea7y \u0111\u1ee7 c\u1ee7a 1 chi\u1ebfc xe \u0111\u1ea1p tr\u1ee3 l\u1ef1c \u0111i\u1ec7n cao c\u1ea5p<\/p>\n<p>V\u1edbi Phu\u1ed9c nh\u00fang cao c\u1ea5p c\u00f9ng B\u1ed9 L\u00edp Shimano 7 c\u1ea5p th\u00ec A26S-XE d\u00f9 c\u00f3 l\u00e1i v\u00e0o \u0111\u01b0\u1eddng \u0111\u00e8o d\u1ed1c cao hay \u0111\u1ecba h\u00ecnh x\u1ea5u \u0111\u1ec1u v\u1eadn h\u00e0nh nh\u1eb9 nh\u00e0ng, d\u1ec5 d\u00e0ng v\u00e0 kh\u00e1 y\u00eam \u00e1i<\/p>\n<p><img loading=\"lazy\" decoding=\"async\" class=\"alignnone wp-image-1215 size-full\" src=\"https:\/\/antamebike.com\/wp-content\/uploads\/2023\/01\/ADO-A26S-XE-hill.jpeg\" alt=\"\" width=\"1000\" height=\"571\" srcset=\"https:\/\/antamebike.com\/wp-content\/uploads\/2023\/01\/ADO-A26S-XE-hill.jpeg 1000w, https:\/\/antamebike.com\/wp-content\/uploads\/2023\/01\/ADO-A26S-XE-hill-300x171.jpeg 300w, https:\/\/antamebike.com\/wp-content\/uploads\/2023\/01\/ADO-A26S-XE-hill-768x439.jpeg 768w, https:\/\/antamebike.com\/wp-content\/uploads\/2023\/01\/ADO-A26S-XE-hill-600x343.jpeg 600w\" sizes=\"auto, (max-width: 1000px) 100vw, 1000px\" \/><\/p>\n<h3><strong>\u0110\u00e8n Led t\u00edch h\u1ee3p<\/strong> d\u00f9 s\u1eed d\u1ee5ng bu\u1ed5i t\u1ed1i c\u0169ng an to\u00e0n<\/h3>\n<p><img loading=\"lazy\" decoding=\"async\" class=\"alignnone wp-image-1216 size-full\" src=\"https:\/\/antamebike.com\/wp-content\/uploads\/2023\/01\/ADO-A26S-XE-light.jpeg\" alt=\"\" width=\"1000\" height=\"449\" srcset=\"https:\/\/antamebike.com\/wp-content\/uploads\/2023\/01\/ADO-A26S-XE-light.jpeg 1000w, https:\/\/antamebike.com\/wp-content\/uploads\/2023\/01\/ADO-A26S-XE-light-300x135.jpeg 300w, https:\/\/antamebike.com\/wp-content\/uploads\/2023\/01\/ADO-A26S-XE-light-768x345.jpeg 768w, https:\/\/antamebike.com\/wp-content\/uploads\/2023\/01\/ADO-A26S-XE-light-600x269.jpeg 600w\" sizes=\"auto, (max-width: 1000px) 100vw, 1000px\" \/><\/p>\n<p>V\u1edbi trang b\u1ecb m\u00e0n h\u00ecnh 866 tr\u1ef1c quang nh\u00ecn r\u00f5 \u00e1nh s\u00e1ng ngo\u00e0i tr\u1eddi. C\u00f9ng 3 ch\u1ebf \u0111\u1ed9 l\u00e1i \u0111i\u1ec7n linh ho\u1ea1t gi\u00fap ng\u01b0\u1eddi d\u00f9ng l\u00e1i xe r\u1ea5t nh\u1eb9 nh\u00e0ng<\/p>\n<p><img loading=\"lazy\" decoding=\"async\" class=\"alignnone size-medium wp-image-1217\" src=\"https:\/\/antamebike.com\/wp-content\/uploads\/2023\/01\/ADO-A26S-XE-option-300x257.jpeg\" alt=\"\" width=\"300\" height=\"257\" srcset=\"https:\/\/antamebike.com\/wp-content\/uploads\/2023\/01\/ADO-A26S-XE-option-300x257.jpeg 300w, https:\/\/antamebike.com\/wp-content\/uploads\/2023\/01\/ADO-A26S-XE-option-768x657.jpeg 768w, https:\/\/antamebike.com\/wp-content\/uploads\/2023\/01\/ADO-A26S-XE-option-600x514.jpeg 600w, https:\/\/antamebike.com\/wp-content\/uploads\/2023\/01\/ADO-A26S-XE-option.jpeg 1000w\" sizes=\"auto, (max-width: 300px) 100vw, 300px\" \/><\/p>\n<p>S\u1ea1c USB t\u00edch h\u1ee3p s\u1eb5n th\u00ec kh\u00f4ng lo \u0111i\u1ec7n tho\u1ea1i hay thi\u1ebft b\u1ecb \u0111i\u1ec7n h\u1ebft pin \u0111i c\u00f9ng ADO A26S-XE<\/p>\n<p><img loading=\"lazy\" decoding=\"async\" class=\"alignnone size-medium wp-image-1218\" src=\"https:\/\/antamebike.com\/wp-content\/uploads\/2023\/01\/ADO-A26S-XE-usb-300x167.jpeg\" alt=\"\" width=\"300\" height=\"167\" srcset=\"https:\/\/antamebike.com\/wp-content\/uploads\/2023\/01\/ADO-A26S-XE-usb-300x167.jpeg 300w, https:\/\/antamebike.com\/wp-content\/uploads\/2023\/01\/ADO-A26S-XE-usb-768x426.jpeg 768w, https:\/\/antamebike.com\/wp-content\/uploads\/2023\/01\/ADO-A26S-XE-usb-600x333.jpeg 600w, https:\/\/antamebike.com\/wp-content\/uploads\/2023\/01\/ADO-A26S-XE-usb.jpeg 1000w\" sizes=\"auto, (max-width: 300px) 100vw, 300px\" \/><\/p>\n<p>&nbsp;<\/p>\n<p>V\u1edbi ki\u1ec3u d\u00e1ng \u0111\u1eb9p c\u00f9ng nhi\u1ec1u trang b\u1ecb c\u00f4ng ngh\u1ec7 cao c\u1ea5p v\u00e0 gi\u00e1 r\u1ea5t h\u1ea5p d\u1eabn th\u00ec d\u1ef1 ki\u1ebfn ADO A26S-XE s\u1ebd l\u00e0 s\u1ef1 l\u1ef1a ch\u1ecdn r\u1ea5t l\u1edbn c\u1ee7a ng\u01b0\u1eddi d\u00f9ng trong th\u1eddi gian t\u1edbi. \u0110\u1eb7c bi\u1ec7t l\u00e0 ch\u1ecb em ph\u1ee5 n\u1eef.<\/p>\n<p>&nbsp;<\/p>\n<p>Antamebike.com<\/p>\n<p>Hotline: <strong>077 8023388<\/strong><\/p>\n<p>&nbsp;<\/p>\n","protected":false},"excerpt":{"rendered":"<p><em><strong>CTKM M\u00f9a H\u00e8: Khuy\u1ebfn m\u00e3i 500K + Qu\u00e0 t\u1eb7ng Full ph\u1ee5 ki\u1ec7n<\/strong><\/em><\/p>\n<p>Ki\u1ec3u d\u00e1ng c\u1ed5 \u0111i\u1ec3n trong phong c\u00e1ch v\u00e0 c\u00f4ng ngh\u1ec7 hi\u1ec7n \u0111\u1ea1i<\/p>\n<p>Chi\u1ebfc xe \u0111\u01b0\u1ee3c thi\u1ebft k\u1ebf v\u1edbi khung s\u01b0\u1eddn th\u1ea5p r\u1ea5t thu\u1eadn ti\u1ec7n cho vi\u1ec7c \u0111\u1ea1p xe. \u0110\u1eb7c bi\u1ec7t l\u00e0 ph\u1ee5 n\u1eef<\/p>\n<ul>\n<li>\u0110\u1ed9ng c\u01a1 500w m\u1ea1nh m\u1ebd<\/li>\n<li>V\u1eadn t\u1ed1c \u0111i\u1ec7n t\u1ed1i \u0111a 25km\/h (m\u1edf t\u1ed1c l\u00ean 40)<\/li>\n<li>Pin Litium dung l\u01b0\u1ee3ng cao 36V 10.2Ah r\u1ea5t thu\u1eadn ti\u1ec7n cho vi\u1ec7c s\u1ea1c di \u0111\u1ed9ng<\/li>\n<li>Tr\u1ee3 l\u1ef1c \u0111i\u00ean qu\u00e3ng \u0111\u01b0\u1eddng l\u00ean \u0111\u1ebfn 90km<\/li>\n<li>3 Ch\u1ebf \u0111\u1ed9 l\u00e1i \u0111i\u1ec7n linh ho\u1ea1t<\/li>\n<li>B\u1ed9 L\u00edp Shimano 7 c\u1ea5p<\/li>\n<li>Gi\u1ea3m shock k\u00e9p v\u1edbi phu\u1ed9c tr\u01b0\u1edbc c\u00f9ng nh\u00fang y\u00ean<\/li>\n<li>2 Phanh \u0111\u0129a cao c\u1ea5p<\/li>\n<\/ul>\n","protected":false},"featured_media":1958,"comment_status":"open","ping_status":"closed","template":"","meta":{"site-sidebar-layout":"default","site-content-layout":"default","ast-site-content-layout":"","site-content-style":"default","site-sidebar-style":"default","ast-global-header-display":"","ast-banner-title-visibility":"","ast-main-header-display":"","ast-hfb-above-header-display":"","ast-hfb-below-header-display":"","ast-hfb-mobile-header-display":"","site-post-title":"","ast-breadcrumbs-content":"","ast-featured-img":"","footer-sml-layout":"","theme-transparent-header-meta":"default","adv-header-id-meta":"","stick-header-meta":"","header-above-stick-meta":"","header-main-stick-meta":"","header-below-stick-meta":"","astra-migrate-meta-layouts":"default","ast-page-background-enabled":"default","ast-page-background-meta":{"desktop":{"background-color":"var(--ast-global-color-4)","background-image":"","background-repeat":"repeat","background-position":"center center","background-size":"auto","background-attachment":"scroll","background-type":"","background-media":"","overlay-type":"","overlay-color":"","overlay-gradient":""},"tablet":{"background-color":"","background-image":"","background-repeat":"repeat","background-position":"center center","background-size":"auto","background-attachment":"scroll","background-type":"","background-media":"","overlay-type":"","overlay-color":"","overlay-gradient":""},"mobile":{"background-color":"","background-image":"","background-repeat":"repeat","background-position":"center center","background-size":"auto","background-attachment":"scroll","background-type":"","background-media":"","overlay-type":"","overlay-color":"","overlay-gradient":""}},"ast-content-background-meta":{"desktop":{"background-color":"var(--ast-global-color-5)","background-image":"","background-repeat":"repeat","background-position":"center center","background-size":"auto","background-attachment":"scroll","background-type":"","background-media":"","overlay-type":"","overlay-color":"","overlay-gradient":""},"tablet":{"background-color":"var(--ast-global-color-5)","background-image":"","background-repeat":"repeat","background-position":"center center","background-size":"auto","background-attachment":"scroll","background-type":"","background-media":"","overlay-type":"","overlay-color":"","overlay-gradient":""},"mobile":{"background-color":"var(--ast-global-color-5)","background-image":"","background-repeat":"repeat","background-position":"center center","background-size":"auto","background-attachment":"scroll","background-type":"","background-media":"","overlay-type":"","overlay-color":"","overlay-gradient":""}}},"product_cat":[50,42,40],"product_tag":[161,54,167,47,126,121],"class_list":{"0":"post-1200","1":"product","2":"type-product","3":"status-publish","4":"has-post-thumbnail","6":"product_cat-san-pham-moi","7":"product_cat-thuong-hieu-ado","8":"product_cat-xe-dap-size-26","9":"product_tag-a26sxe","10":"product_tag-ado","11":"product_tag-ado-a26s-xe","12":"product_tag-xe-dap-dien","13":"product_tag-xe-dap-dien-tro-luc","14":"product_tag-xedapdientroluc","15":"desktop-align-left","16":"tablet-align-left","17":"mobile-align-left","18":"ast-product-gallery-layout-horizontal-slider","19":"ast-product-single-variable","20":"ast-product-tabs-layout-horizontal","22":"first","23":"instock","24":"shipping-taxable","25":"purchasable","26":"product-type-variable"},"_links":{"self":[{"href":"https:\/\/antamebike.com\/index.php?rest_route=\/wp\/v2\/product\/1200","targetHints":{"allow":["GET"]}}],"collection":[{"href":"https:\/\/antamebike.com\/index.php?rest_route=\/wp\/v2\/product"}],"about":[{"href":"https:\/\/antamebike.com\/index.php?rest_route=\/wp\/v2\/types\/product"}],"replies":[{"embeddable":true,"href":"https:\/\/antamebike.com\/index.php?rest_route=%2Fwp%2Fv2%2Fcomments&post=1200"}],"wp:featuredmedia":[{"embeddable":true,"href":"https:\/\/antamebike.com\/index.php?rest_route=\/wp\/v2\/media\/1958"}],"wp:attachment":[{"href":"https:\/\/antamebike.com\/index.php?rest_route=%2Fwp%2Fv2%2Fmedia&parent=1200"}],"wp:term":[{"taxonomy":"product_cat","embeddable":true,"href":"https:\/\/antamebike.com\/index.php?rest_route=%2Fwp%2Fv2%2Fproduct_cat&post=1200"},{"taxonomy":"product_tag","embeddable":true,"href":"https:\/\/antamebike.com\/index.php?rest_route=%2Fwp%2Fv2%2Fproduct_tag&post=1200"}],"curies":[{"name":"wp","href":"https:\/\/api.w.org\/{rel}","templated":true}]}}