{"id":1366,"date":"2023-02-26T14:48:44","date_gmt":"2023-02-26T14:48:44","guid":{"rendered":"https:\/\/antamebike.com\/?post_type=product&#038;p=1366"},"modified":"2025-05-09T08:40:11","modified_gmt":"2025-05-09T08:40:11","slug":"xe-dap-tro-luc-dien-gap-gon-a20-lite-2023-nhe-va-nhieu-trang-bi-hien-dai","status":"publish","type":"product","link":"https:\/\/antamebike.com\/?product=xe-dap-tro-luc-dien-gap-gon-a20-lite-2023-nhe-va-nhieu-trang-bi-hien-dai","title":{"rendered":"Xe \u0111\u1ea1p tr\u1ee3 l\u1ef1c \u0111i\u1ec7n G\u1ea5p g\u1ecdn A20 Lite 2023: nh\u1eb9 v\u00e0 nhi\u1ec1u trang b\u1ecb hi\u1ec7n \u0111\u1ea1i"},"content":{"rendered":"<p>B\u1ea1n \u0111ang c\u1ea7n t\u00ecm 1 chi\u1ebfc xe \u0111\u1ea1p tr\u1ee3 l\u1ef1c \u0111i\u1ec7n G\u1ea5p g\u1ecdn m\u00e0 c\u1ea7n tr\u1ecdng l\u01b0\u1ee3ng Nh\u1eb9, v\u1eadn h\u00e0nh \u00eam \u00e1i v\u00e0 t\u00edch h\u1ee3p nhi\u1ec1u c\u00f4ng ngh\u1ec7 hi\u1ec7n \u0111\u1ea1i th\u00ec ADO A20 Lite \u0111\u00fang l\u00e0 chi\u1ebfc xe b\u1ea1n \u0111ang t\u00ecm ki\u1ebfm<\/p>\n<p>ADO A20 Lite l\u00e0 b\u1ea3n r\u00fat g\u1ecdn c\u1ee7a ADO A20 Air v\u1edbi 2 t\u00ednh n\u0103ng:<\/p>\n<ul>\n<li>Phanh \u0111\u0129a thu\u1ef7 l\u1ef1c (d\u1ea7u) th\u00e0nh Phanh \u0111\u0129a c\u01a1<\/li>\n<li>C\u1ea3m bi\u1ebfn tr\u00ean A20 Lite l\u00e0 c\u1ea3m bi\u1ebfn tr\u1ee3 l\u1ef1c v\u00e0 A20 Air l\u00e0 Momen xo\u1eafn<\/li>\n<\/ul>\n<p>C\u00f2n l\u1ea1i \u0111\u1ec1u t\u01b0\u01a1ng t\u1ef1 nhau 100% t\u1eeb ngo\u1ea1i h\u00ecnh cho \u0111\u1ebfn c\u00e2n n\u1eb7ng (17.5kg) nh\u01b0ng ADO A20 lite gi\u00e1 r\u1ebb h\u01a1n r\u1ea5t nhi\u1ec1u so v\u1edbi A20 Air<\/p>\n<h2>Xe \u0111\u1ea1p tr\u1ee3 l\u1ef1c \u0111i\u1ec7n ADO A20 AIR<\/h2>\n\n<h3><img loading=\"lazy\" decoding=\"async\" class=\"alignnone wp-image-1285 size-large\" src=\"https:\/\/antamebike.com\/wp-content\/uploads\/2023\/02\/ADO-A20-Air-spec-1024x1024.jpeg\" alt=\"\" width=\"1024\" height=\"1024\" srcset=\"https:\/\/antamebike.com\/wp-content\/uploads\/2023\/02\/ADO-A20-Air-spec-1024x1024.jpeg 1024w, https:\/\/antamebike.com\/wp-content\/uploads\/2023\/02\/ADO-A20-Air-spec-300x300.jpeg 300w, https:\/\/antamebike.com\/wp-content\/uploads\/2023\/02\/ADO-A20-Air-spec-150x150.jpeg 150w, https:\/\/antamebike.com\/wp-content\/uploads\/2023\/02\/ADO-A20-Air-spec-768x768.jpeg 768w, https:\/\/antamebike.com\/wp-content\/uploads\/2023\/02\/ADO-A20-Air-spec-600x600.jpeg 600w, https:\/\/antamebike.com\/wp-content\/uploads\/2023\/02\/ADO-A20-Air-spec-100x100.jpeg 100w, https:\/\/antamebike.com\/wp-content\/uploads\/2023\/02\/ADO-A20-Air-spec.jpeg 1080w\" sizes=\"auto, (max-width: 1024px) 100vw, 1024px\" \/><\/h3>\n<p>&nbsp;<\/p>\n<h3>Thi\u1ebft k\u1ebf kh\u00ed \u0111\u1ed9ng h\u1ecdc, tr\u1ecdng l\u01b0\u1ee3ng kh\u00e1 nh\u1eb9<\/h3>\n<p>ADO A20 Air t\u1ef1 h\u00e0o c\u00f3 thi\u1ebft k\u1ebf ki\u1ec3u d\u00e1ng \u0111\u1eb9p v\u00e0 kh\u00ed \u0111\u1ed9ng h\u1ecdc, v\u1eeba ti\u1ec7n d\u1ee5ng v\u1eeba phong c\u00e1ch<\/p>\n<p><img loading=\"lazy\" decoding=\"async\" class=\"alignnone wp-image-1284 size-large\" src=\"https:\/\/antamebike.com\/wp-content\/uploads\/2023\/02\/ADO-A20-Air-fold-1-1024x1024.jpeg\" alt=\"\" width=\"1024\" height=\"1024\" srcset=\"https:\/\/antamebike.com\/wp-content\/uploads\/2023\/02\/ADO-A20-Air-fold-1-1024x1024.jpeg 1024w, https:\/\/antamebike.com\/wp-content\/uploads\/2023\/02\/ADO-A20-Air-fold-1-300x300.jpeg 300w, https:\/\/antamebike.com\/wp-content\/uploads\/2023\/02\/ADO-A20-Air-fold-1-150x150.jpeg 150w, https:\/\/antamebike.com\/wp-content\/uploads\/2023\/02\/ADO-A20-Air-fold-1-768x768.jpeg 768w, https:\/\/antamebike.com\/wp-content\/uploads\/2023\/02\/ADO-A20-Air-fold-1-1536x1536.jpeg 1536w, https:\/\/antamebike.com\/wp-content\/uploads\/2023\/02\/ADO-A20-Air-fold-1-600x600.jpeg 600w, https:\/\/antamebike.com\/wp-content\/uploads\/2023\/02\/ADO-A20-Air-fold-1-100x100.jpeg 100w, https:\/\/antamebike.com\/wp-content\/uploads\/2023\/02\/ADO-A20-Air-fold-1.jpeg 2048w\" sizes=\"auto, (max-width: 1024px) 100vw, 1024px\" \/><\/p>\n<p>ADO Air ch\u1ec9 n\u1eb7ng 17.5 kg nh\u1edd khung nh\u00f4m. C\u00f3 th\u1ec3 g\u1ea5p l\u1ea1i v\u00e0 v\u00f4 c\u00f9ng nh\u1ecf g\u1ecdn gi\u00fap chi\u1ebfc Ebike d\u1ec5 d\u00e0ng mang theo v\u00e0 c\u1ea5t gi\u1eef h\u01a1n.<\/p>\n<h3>C\u1ea3m bi\u1ebfn Momen xo\u1eafn<\/h3>\n<p><img loading=\"lazy\" decoding=\"async\" class=\"alignnone wp-image-1286 size-full\" src=\"https:\/\/antamebike.com\/wp-content\/uploads\/2023\/02\/ADO-A20-Air-Momen.jpeg\" alt=\"\" width=\"263\" height=\"192\" \/><\/p>\n<p>V\u1edbi c\u1ea3m bi\u1ebfn m\u00f4-men xo\u1eafn ADO A20 Air s\u1ebd mang l\u1ea1i m\u1ed9t chuy\u1ebfn \u0111i \u00eam \u00e1i, l\u00fac n\u00e0o c\u0169ng v\u1eady! C\u1ea3m bi\u1ebfn M\u00f4-men xo\u1eafn \u0111\u1ed3ng b\u1ed9 h\u00f3a l\u1ef1c c\u1ee7a b\u1ea1n t\u1ee9c th\u00ec trong qu\u00e1 tr\u00ecnh \u0111\u1ea1p v\u1edbi \u0111\u1ed9ng c\u01a1 350W m\u1ea1nh m\u1ebd.<\/p>\n<p>ADO Air s\u1ebd l\u00e0 m\u1ed9t chi\u1ebfc xe \u0111\u1ea1p \u0111i\u1ec7n t\u1eed g\u1eadp hi\u1ec7u qu\u1ea3 cao do m\u1ee9c truy\u1ec1n t\u1ea3i c\u00f4ng su\u1ea5t cao nh\u1edd c\u1ea3m bi\u1ebfn M\u00f4-men xo\u1eafn.<\/p>\n<p>\u01afu \u0111i\u1ec3m so v\u1edbi c\u1ea3m bi\u1ebfn T\u1ed1c \u0111\u1ed9\/cadence l\u00e0 g\u00ec?<\/p>\n<ol>\n<li>B\u1ea3o qu\u1ea3n l\u01b0\u1ee3ng pin ti\u00eau th\u1ee5.<\/li>\n<li>Duy tr\u00ec t\u1ed1c \u0111\u1ed9 trong d\u1ed1c.<\/li>\n<li>Kho\u1ea3ng c\u00e1ch xa h\u01a1n v\u1edbi c\u00f9ng dung l\u01b0\u1ee3ng pin.<\/li>\n<li>C\u1ea7n pin nh\u1ecf h\u01a1n \u0111\u1ec3 leo d\u1ed1c.<\/li>\n<li>N\u00f3 y\u00eau c\u1ea7u pin nh\u1ecf h\u01a1n cho c\u00f9ng m\u1ed9t t\u00ednh t\u1ef1 ch\u1ee7 so v\u1edbi c\u1ea3m bi\u1ebfn t\u1ed1c \u0111\u1ed9. Nh\u1eb9 v\u00e0 s\u1ea1c nhanh h\u01a1n.<\/li>\n<li>H\u1ed7 tr\u1ee3 b\u00e0n \u0111\u1ea1p ngay l\u1eadp t\u1ee9c. \u0110\u1ed9ng c\u01a1 \u0111\u01b0\u1ee3c k\u00edch ho\u1ea1t sau 0,2 gi\u00e2y \u0111\u1ea9y b\u00e0n \u0111\u1ea1p.<\/li>\n<\/ol>\n<h3>Truy\u1ec1n \u0111\u1ed9ng b\u1eb1ng D\u00e2y \u0111ai Carbon<\/h3>\n<div class=\"x11i5rnm xat24cr x1mh8g0r x1vvkbs xdj266r x126k92a\">\n<div dir=\"auto\"><img loading=\"lazy\" decoding=\"async\" class=\"alignnone wp-image-1287 size-large\" src=\"https:\/\/antamebike.com\/wp-content\/uploads\/2023\/02\/326771265_534761198624219_3577653259927844431_n-1024x1024.jpeg\" alt=\"\" width=\"1024\" height=\"1024\" srcset=\"https:\/\/antamebike.com\/wp-content\/uploads\/2023\/02\/326771265_534761198624219_3577653259927844431_n-1024x1024.jpeg 1024w, https:\/\/antamebike.com\/wp-content\/uploads\/2023\/02\/326771265_534761198624219_3577653259927844431_n-300x300.jpeg 300w, https:\/\/antamebike.com\/wp-content\/uploads\/2023\/02\/326771265_534761198624219_3577653259927844431_n-150x150.jpeg 150w, https:\/\/antamebike.com\/wp-content\/uploads\/2023\/02\/326771265_534761198624219_3577653259927844431_n-768x768.jpeg 768w, https:\/\/antamebike.com\/wp-content\/uploads\/2023\/02\/326771265_534761198624219_3577653259927844431_n-600x600.jpeg 600w, https:\/\/antamebike.com\/wp-content\/uploads\/2023\/02\/326771265_534761198624219_3577653259927844431_n-100x100.jpeg 100w, https:\/\/antamebike.com\/wp-content\/uploads\/2023\/02\/326771265_534761198624219_3577653259927844431_n.jpeg 1412w\" sizes=\"auto, (max-width: 1024px) 100vw, 1024px\" \/><\/div>\n<div dir=\"auto\"><\/div>\n<div dir=\"auto\">K\u1ebft v\u1edbi c\u1ea3m bi\u1ebfn m\u00f4-men xo\u1eafn &amp; \u0111ai carbon s\u1ebd gi\u00fap ADO A20 Air<\/div>\n<\/div>\n<div class=\"x11i5rnm xat24cr x1mh8g0r x1vvkbs xtlvy1s x126k92a\">\n<div dir=\"auto\"><span class=\"x3nfvp2 x1j61x8r x1fcty0u xdj266r xhhsvwb xat24cr xgzva0m xxymvpz xlup9mm x1kky2od\"><img loading=\"lazy\" decoding=\"async\" src=\"https:\/\/static.xx.fbcdn.net\/images\/emoji.php\/v9\/t35\/2\/16\/2b50.png\" alt=\"\u2b50\" width=\"16\" height=\"16\" \/>\u00a0<\/span>M\u1ea1nh m\u1ebd h\u01a1n:<\/div>\n<div dir=\"auto\">T\u0103ng m\u00f4-men xo\u1eafn 37 Nm trong m\u1ed9t \u0111\u1ed9ng c\u01a1 nh\u1ecf g\u1ecdn v\u00e0 \u00eam \u00e1i khi b\u1ea1n b\u0103ng qua th\u00e0nh ph\u1ed1 c\u1ee7a m\u00ecnh theo phong c\u00e1ch nh\u1eb9 nh\u00e0ng.<\/div>\n<\/div>\n<div class=\"x11i5rnm xat24cr x1mh8g0r x1vvkbs xtlvy1s x126k92a\">\n<div dir=\"auto\"><span class=\"x3nfvp2 x1j61x8r x1fcty0u xdj266r xhhsvwb xat24cr xgzva0m xxymvpz xlup9mm x1kky2od\"><img loading=\"lazy\" decoding=\"async\" src=\"https:\/\/static.xx.fbcdn.net\/images\/emoji.php\/v9\/t35\/2\/16\/2b50.png\" alt=\"\u2b50\" width=\"16\" height=\"16\" \/>\u00a0<\/span>Tr\u1ef1c quan &amp; th\u00edch nghi t\u1ee9c th\u00ec:<\/div>\n<div dir=\"auto\">Kh\u00f4ng c\u1ea7n b\u00e1nh r\u0103ng. C\u1ea3m bi\u1ebfn m\u00f4-men xo\u1eafn th\u00edch nghi t\u1ee9c th\u00ec v\u1edbi b\u00e0n \u0111\u1ea1p khi n\u00f3 c\u1ea3m nh\u1eadn \u0111\u01b0\u1ee3c l\u1ef1c t\u1eeb ch\u00e2n c\u1ee7a b\u1ea1n. Tr\u1ea3i nghi\u1ec7m m\u1ed9t chuy\u1ebfn \u0111i \u00eam \u00e1i li\u00ean t\u1ee5c!<\/div>\n<\/div>\n<div class=\"x11i5rnm xat24cr x1mh8g0r x1vvkbs xtlvy1s x126k92a\">\n<div dir=\"auto\"><span class=\"x3nfvp2 x1j61x8r x1fcty0u xdj266r xhhsvwb xat24cr xgzva0m xxymvpz xlup9mm x1kky2od\"><img loading=\"lazy\" decoding=\"async\" src=\"https:\/\/static.xx.fbcdn.net\/images\/emoji.php\/v9\/t35\/2\/16\/2b50.png\" alt=\"\u2b50\" width=\"16\" height=\"16\" \/>\u00a0<\/span>\u01afu \u0111i\u1ec3m D\u00e2y \u0111ai Carbon:<\/div>\n<div dir=\"auto\">&#8211; Nh\u1eb9 h\u01a1n &amp; c\u1ee9ng h\u01a1n<\/div>\n<div dir=\"auto\">&#8211; B\u1ec1n l\u1eafm<\/div>\n<div dir=\"auto\">&#8211; B\u1ea3o tr\u00ec th\u1ea5p<\/div>\n<div dir=\"auto\">\n<p>&nbsp;<\/p>\n<h3>K\u1ebft n\u1ed1i App th\u00f4ng minh v\u1edbi \u0111\u1ed3ng h\u1ed3 IPS m\u00e0u<\/h3>\n<p>V\u1edbi m\u00e0n h\u00ecnh hi\u1ec3n th\u1ecb IPS:<\/p>\n<p><img loading=\"lazy\" decoding=\"async\" class=\"alignnone wp-image-1288 size-full\" src=\"https:\/\/antamebike.com\/wp-content\/uploads\/2023\/02\/ADO-A20-Air-IPS.jpeg\" alt=\"\" width=\"720\" height=\"526\" srcset=\"https:\/\/antamebike.com\/wp-content\/uploads\/2023\/02\/ADO-A20-Air-IPS.jpeg 720w, https:\/\/antamebike.com\/wp-content\/uploads\/2023\/02\/ADO-A20-Air-IPS-300x219.jpeg 300w, https:\/\/antamebike.com\/wp-content\/uploads\/2023\/02\/ADO-A20-Air-IPS-600x438.jpeg 600w\" sizes=\"auto, (max-width: 720px) 100vw, 720px\" \/><\/p>\n<p>So v\u1edbi m\u00e0n h\u00ecnh LCD, IPS cao c\u1ea5p h\u01a1n r\u1ea5t nhi\u1ec1u v\u00e0 \u0111i k\u00e8m v\u1edbi c\u00e1c t\u00ednh n\u0103ng <a href=\"https:\/\/www.facebook.com\/hashtag\/adoriders?__eep__=6&amp;__cft__%5B0%5D=AZXtpnzDCvOshpCnAuInFvpbsAyo1ocBb53utOQOp8NZ3vdwA-WXXBwp0qCWgWVuIiklYN5MleSjmeE7_BovIWL5Wn8kSgnP-gz4NCMGGsPnnnrkIlOH29_amp9S-Fap_oi68kvsrso6_nuR-8zpkLnAvKV_Y_9Y2jbD3TtS2tj4cseHLYlrXpuwfZ8saBJy-rE&amp;__tn__=*NK-R\">#ADOriders<\/a> s\u1ebd \u0111\u01b0\u1ee3c h\u01b0\u1edfng l\u1ee3i t\u1eeb:<\/p>\n<ul>\n<li>\u0110\u1ed9 r\u00f5 h\u01a1n c\u1ee7a m\u00e0n h\u00ecnh t\u1ed1t h\u01a1n<\/li>\n<li><span class=\"Apple-converted-space\">T\u1ed1c \u0111\u1ed9\u00a0<\/span>Ph\u1ea3n h\u1ed3i nhanh h\u01a1n<\/li>\n<li><span class=\"Apple-converted-space\">Ti\u00eau chu\u1ea9n ch\u1ed1ng n\u01b0\u1edbc\u00a0<\/span>IPX7<\/li>\n<\/ul>\n<p>ADO Air s\u1ebd l\u00e0 m\u1eabu xe \u0111\u1ea7u ti\u00ean c\u1ee7a ch\u00fang t\u00f4i \u0111i k\u00e8m v\u1edbi kh\u1ea3 n\u0103ng k\u1ebft n\u1ed1i m\u00e0n h\u00ecnh v\u1edbi \u1ee8NG D\u1ee4NG Th\u00f4ng minh c\u1ee7a ri\u00eang ch\u00fang t\u00f4i. M\u1ed9t trong nh\u1eefng t\u00ednh n\u0103ng s\u1ebd cho ph\u00e9p b\u1ea1n hi\u1ec3n th\u1ecb \u0111i\u1ec1u h\u01b0\u1edbng c\u1ee7a m\u00ecnh th\u00f4ng qua Bluetooth!<\/p>\n<h5><span class=\"Apple-converted-space\">V\u1edbi \u1ee9<\/span>ng d\u1ee5ng th\u00f4ng minh ADO:<\/h5>\n<p><img loading=\"lazy\" decoding=\"async\" class=\"alignnone wp-image-1289 size-large\" src=\"https:\/\/antamebike.com\/wp-content\/uploads\/2023\/02\/ADO-A20-Air-App-1-1024x1024.jpeg\" alt=\"\" width=\"1024\" height=\"1024\" srcset=\"https:\/\/antamebike.com\/wp-content\/uploads\/2023\/02\/ADO-A20-Air-App-1-1024x1024.jpeg 1024w, https:\/\/antamebike.com\/wp-content\/uploads\/2023\/02\/ADO-A20-Air-App-1-300x300.jpeg 300w, https:\/\/antamebike.com\/wp-content\/uploads\/2023\/02\/ADO-A20-Air-App-1-150x150.jpeg 150w, https:\/\/antamebike.com\/wp-content\/uploads\/2023\/02\/ADO-A20-Air-App-1-768x768.jpeg 768w, https:\/\/antamebike.com\/wp-content\/uploads\/2023\/02\/ADO-A20-Air-App-1-600x600.jpeg 600w, https:\/\/antamebike.com\/wp-content\/uploads\/2023\/02\/ADO-A20-Air-App-1-100x100.jpeg 100w, https:\/\/antamebike.com\/wp-content\/uploads\/2023\/02\/ADO-A20-Air-App-1.jpeg 1080w\" sizes=\"auto, (max-width: 1024px) 100vw, 1024px\" \/><\/p>\n<ul>\n<li>\u0110i\u1ec1u h\u01b0\u1edbng th\u00f4ng minh tr\u00ean m\u00e0n h\u00ecnh<\/li>\n<li>\u0110i\u1ec1u h\u01b0\u1edbng li\u1ec1n m\u1ea1ch b\u1eb1ng c\u00e1ch k\u1ebft n\u1ed1i v\u1edbi \u1ee8ng d\u1ee5ng ADO, \u0111i b\u1ea5t c\u1ee9 n\u01a1i \u0111\u00e2u<\/li>\n<li>M\u1edf kh\u00f3a t\u1eeb xa<\/li>\n<li>D\u1ec5 d\u00e0ng m\u1edf kh\u00f3a v\u00e0 t\u1eaft xe qua Bluetooth, an to\u00e0n v\u00e0 b\u1ea3o m\u1eadt<\/li>\n<li><span class=\"Apple-converted-space\">K\u1ebft h\u1ee3p v\u1edbi d\u1eef li\u1ec7u<\/span>\u00a0Y t\u1ebf: \u0111\u1eb7t m\u1ee5c ti\u00eau s\u1ed1 km \u0111\u1ea1p xe c\u1ee7a b\u1ea1n v\u00e0 theo d\u00f5i ch\u1ec9 s\u1ed1 s\u1ee9c kh\u1ecfe c\u1ee7a b\u1ea1n.<\/li>\n<\/ul>\n<h3>Pin Litium r\u1eddi v\u1edbi Cell pin Samsung<\/h3>\n<p><img loading=\"lazy\" decoding=\"async\" class=\"alignnone wp-image-1290 size-large\" src=\"https:\/\/antamebike.com\/wp-content\/uploads\/2023\/02\/ado-a20-air-pin-1024x583.png\" alt=\"\" width=\"1024\" height=\"583\" srcset=\"https:\/\/antamebike.com\/wp-content\/uploads\/2023\/02\/ado-a20-air-pin-1024x583.png 1024w, https:\/\/antamebike.com\/wp-content\/uploads\/2023\/02\/ado-a20-air-pin-300x171.png 300w, https:\/\/antamebike.com\/wp-content\/uploads\/2023\/02\/ado-a20-air-pin-768x437.png 768w, https:\/\/antamebike.com\/wp-content\/uploads\/2023\/02\/ado-a20-air-pin-1536x874.png 1536w, https:\/\/antamebike.com\/wp-content\/uploads\/2023\/02\/ado-a20-air-pin-2048x1166.png 2048w, https:\/\/antamebike.com\/wp-content\/uploads\/2023\/02\/ado-a20-air-pin-600x342.png 600w\" sizes=\"auto, (max-width: 1024px) 100vw, 1024px\" \/><\/p>\n<p>V\u1edbi Litium cell Samsung gi\u00fap Pin v\u1eadn h\u00e0nh b\u1ec1n b\u1ec9 h\u01a1n, h\u1ed7 tr\u1ee3 qu\u00e3ng \u0111\u01b0\u1eddng \u0111i xa h\u01a1n v\u00e0 \u0111\u1eb7t bi\u1ec7t ch\u1ea5t l\u01b0\u1ee3ng pin cao n\u00ean pin kh\u00e1 \u1ed5n \u0111\u1ecbnh trong qu\u00e1 tr\u00ecnh s\u1eed d\u1ee5ng v\u00e0 tu\u1ed5i th\u1ecd pin cao h\u01a1n<\/p>\n<h3>2 Phanh \u0111\u0129a Thu\u1ef7 l\u1ef1c<\/h3>\n<p><img loading=\"lazy\" decoding=\"async\" class=\"alignnone wp-image-1291 size-full\" src=\"https:\/\/antamebike.com\/wp-content\/uploads\/2023\/02\/ADO-A20-Air-Phanh-dau.jpeg\" alt=\"\" width=\"720\" height=\"526\" srcset=\"https:\/\/antamebike.com\/wp-content\/uploads\/2023\/02\/ADO-A20-Air-Phanh-dau.jpeg 720w, https:\/\/antamebike.com\/wp-content\/uploads\/2023\/02\/ADO-A20-Air-Phanh-dau-300x219.jpeg 300w, https:\/\/antamebike.com\/wp-content\/uploads\/2023\/02\/ADO-A20-Air-Phanh-dau-600x438.jpeg 600w\" sizes=\"auto, (max-width: 720px) 100vw, 720px\" \/><\/p>\n<p>\u0110\u1ec3 gi\u1eef tr\u1ecdng l\u01b0\u1ee3ng c\u1ee7a A20 Air th\u1ea5p nh\u1ea5t c\u00f3 th\u1ec3, ADO \u0111\u00e3 s\u1eed d\u1ee5ng h\u1ec7 th\u1ed1ng phanh th\u1ee7y l\u1ef1c. Nh\u01b0ng \u0111\u00f3 kh\u00f4ng ph\u1ea3i l\u00e0 l\u00fd do duy nh\u1ea5t m\u00e0 so v\u1edbi Phanh \u0111\u0129a c\u01a1 r\u00f5 r\u00e0ng Phanh Thu\u1ef7 l\u1ef1c ngon h\u01a1n h\u1eb5n nh\u01b0:<\/p>\n<ul>\n<li>Phanh \u0103n h\u01a1n nh\u1ea5t l\u00e0 trong \u0111i\u1ec1u ki\u1ec7n tr\u1eddi m\u01b0a<\/li>\n<li>Hi\u1ec7u qu\u1ea3 h\u01a1n v\u00ec c\u1ea7n d\u00f9ng \u00edt l\u1ef1c h\u01a1n<\/li>\n<li>Ki\u1ec3m so\u00e1t m\u01b0\u1ee3t m\u00e0 v\u00e0 \u00eam h\u01a1n Phanh c\u01a1<\/li>\n<li>H\u1ec7 th\u1ed1ng k\u00edn (b\u1edbt v\u1ec7 sinh)<\/li>\n<\/ul>\n<h3>\u0110\u1ed9ng c\u01a1 350W<\/h3>\n<p><img loading=\"lazy\" decoding=\"async\" class=\"alignnone wp-image-1292 size-full\" src=\"https:\/\/antamebike.com\/wp-content\/uploads\/2023\/02\/ADO-A20-Air-350w.jpeg\" alt=\"\" width=\"720\" height=\"526\" srcset=\"https:\/\/antamebike.com\/wp-content\/uploads\/2023\/02\/ADO-A20-Air-350w.jpeg 720w, https:\/\/antamebike.com\/wp-content\/uploads\/2023\/02\/ADO-A20-Air-350w-300x219.jpeg 300w, https:\/\/antamebike.com\/wp-content\/uploads\/2023\/02\/ADO-A20-Air-350w-600x438.jpeg 600w\" sizes=\"auto, (max-width: 720px) 100vw, 720px\" \/><\/p>\n<p>V\u1edbi nhi\u1ec1u c\u00f4ng ngh\u1ec7 v\u00e0 trang b\u1ecb t\u00edch h\u1ee3p cao c\u1ea5p, c\u00f9ng v\u1edbi \u0111\u1ed9ng c\u01a1 350w gi\u00fap ADO A20 Air v\u1eadn h\u00e0nh v\u1eeba m\u01b0\u1ee3t m\u00e0 \u00eam \u00e1i nh\u01b0ng khi c\u1ea7n th\u00ec v\u1eabn t\u0103ng t\u1ed1c r\u1ea5t m\u1ea1nh m\u1ebd .<\/p>\n<p>R\u00f5 r\u00e0ng ADO A20 Air l\u00e0 chi\u1ebfc xe \u0111\u1ea1p tr\u1ee3 l\u1ef1c \u0111i\u1ec7n G\u1ea5p g\u1ecdn cao c\u1ea5p h\u00e0ng \u0111\u1ea7u hi\u1ec7n nay. Chi\u1ebfc xe si\u00eau nh\u1eb9 m\u00e0 t\u00edch h\u01a1p nhi\u1ec1u c\u00f4ng ngh\u1ec7 t\u00e2n ti\u1ebfn s\u1ebd mang l\u1ea1i cho b\u1ea1n tr\u1ea3i nghi\u1ec7m h\u00e0i l\u00f2ng v\u00e0 b\u1ea1n c\u00f3 th\u1ec3 mang \u0111i kh\u1eafp n\u01a1i kh\u00e1 tho\u1ea3i m\u00e1i v\u00ec tr\u1ecdng l\u01b0\u1ee3ng nh\u1eb9 c\u1ee7a n\u00f3.<\/p>\n<p>Mua ADO A20 Air t\u1ea1i Antamebike.com s\u1ebd lu\u00f4n c\u00f3 \u01b0u \u0111\u00e3i v\u00e0 gi\u00e1 t\u1ed1t nh\u1ea5t.<\/p>\n<\/div>\n<div dir=\"auto\"><\/div>\n<\/div>\n","protected":false},"excerpt":{"rendered":"<p>Xe \u0111\u1ea1p tr\u1ee3 l\u1ef1c \u0111i\u1ec7n G\u1ea5p g\u1ecdn ADO A20 Lite: Nh\u1eb9 v\u00e0 nhi\u1ec1u c\u00f4ng ngh\u1ec7 nh\u1ea5t hi\u1ec7n nay<\/p>\n<p><em><strong>CTKM: T\u1eb7ng ngay Vourcher Gi\u1ea3m gi\u00e1 1Tr<\/strong><\/em><\/p>\n<p>ADO A20 lite l\u00e0 phi\u00ean b\u1ea3n r\u00fat g\u1ecdn c\u1ee7a ADO A20 Air v\u1edbi vi\u1ec7c ch\u1ec9 gi\u1ea3m 2 trang b\u1ecb l\u00e0: Phanh \u0111\u0129a c\u01a1 v\u00e0 c\u1ea3m bi\u1ebfn tr\u1ee3 l\u1ef1c thay v\u00ec Phanh d\u1ea7u v\u00e0 Momen xo\u1eafn tr\u00ean A20 Air nh\u01b0ng gi\u00e1 r\u1ebb h\u01a1n r\u1ea5t nhi\u1ec1u.<\/p>\n<ul>\n<li>Tr\u1ecdng l\u01b0\u1ee3ng kh\u00e1 nh\u1eb9 so v\u1edbi 1 chi\u1ebfc xe \u0111\u1ea1p \u0111i\u1ec7n, ch\u1ec9 17.5kg<\/li>\n<li>K\u1ebft n\u1ed1i App qu\u1ea3n l\u00fd th\u00f4ng minh<\/li>\n<li>Truy\u1ec1n \u0111\u1ed9ng b\u1eb1ng d\u00e2y \u0110ai Carbon<\/li>\n<li>Pin Litium r\u1eddi l\u00f5i cell Samsung<\/li>\n<li>2 Phanh \u0111\u0129a<\/li>\n<li>\u0110\u1ed9ng c\u01a1 350w<\/li>\n<\/ul>\n","protected":false},"featured_media":2733,"comment_status":"open","ping_status":"closed","template":"","meta":{"site-sidebar-layout":"default","site-content-layout":"default","ast-site-content-layout":"default","site-content-style":"default","site-sidebar-style":"default","ast-global-header-display":"","ast-banner-title-visibility":"","ast-main-header-display":"","ast-hfb-above-header-display":"","ast-hfb-below-header-display":"","ast-hfb-mobile-header-display":"","site-post-title":"","ast-breadcrumbs-content":"","ast-featured-img":"","footer-sml-layout":"","theme-transparent-header-meta":"default","adv-header-id-meta":"","stick-header-meta":"","header-above-stick-meta":"","header-main-stick-meta":"","header-below-stick-meta":"","astra-migrate-meta-layouts":"set","ast-page-background-enabled":"default","ast-page-background-meta":{"desktop":{"background-color":"var(--ast-global-color-4)","background-image":"","background-repeat":"repeat","background-position":"center center","background-size":"auto","background-attachment":"scroll","background-type":"","background-media":"","overlay-type":"","overlay-color":"","overlay-gradient":""},"tablet":{"background-color":"","background-image":"","background-repeat":"repeat","background-position":"center center","background-size":"auto","background-attachment":"scroll","background-type":"","background-media":"","overlay-type":"","overlay-color":"","overlay-gradient":""},"mobile":{"background-color":"","background-image":"","background-repeat":"repeat","background-position":"center center","background-size":"auto","background-attachment":"scroll","background-type":"","background-media":"","overlay-type":"","overlay-color":"","overlay-gradient":""}},"ast-content-background-meta":{"desktop":{"background-color":"var(--ast-global-color-5)","background-image":"","background-repeat":"repeat","background-position":"center center","background-size":"auto","background-attachment":"scroll","background-type":"","background-media":"","overlay-type":"","overlay-color":"","overlay-gradient":""},"tablet":{"background-color":"var(--ast-global-color-5)","background-image":"","background-repeat":"repeat","background-position":"center center","background-size":"auto","background-attachment":"scroll","background-type":"","background-media":"","overlay-type":"","overlay-color":"","overlay-gradient":""},"mobile":{"background-color":"var(--ast-global-color-5)","background-image":"","background-repeat":"repeat","background-position":"center center","background-size":"auto","background-attachment":"scroll","background-type":"","background-media":"","overlay-type":"","overlay-color":"","overlay-gradient":""}}},"product_cat":[42,38,39],"product_tag":[54,172,126,170],"class_list":{"0":"post-1366","1":"product","2":"type-product","3":"status-publish","4":"has-post-thumbnail","6":"product_cat-thuong-hieu-ado","7":"product_cat-xe-dap-gap","8":"product_cat-xe-dap-size-20","9":"product_tag-ado","10":"product_tag-ado-a20-lite","11":"product_tag-xe-dap-dien-tro-luc","12":"product_tag-xe-dap-tro-luc-dien-gap-gon","13":"desktop-align-left","14":"tablet-align-left","15":"mobile-align-left","16":"ast-product-gallery-layout-horizontal-slider","17":"ast-product-tabs-layout-horizontal","19":"first","20":"instock","21":"shipping-taxable","22":"purchasable","23":"product-type-simple"},"_links":{"self":[{"href":"https:\/\/antamebike.com\/index.php?rest_route=\/wp\/v2\/product\/1366","targetHints":{"allow":["GET"]}}],"collection":[{"href":"https:\/\/antamebike.com\/index.php?rest_route=\/wp\/v2\/product"}],"about":[{"href":"https:\/\/antamebike.com\/index.php?rest_route=\/wp\/v2\/types\/product"}],"replies":[{"embeddable":true,"href":"https:\/\/antamebike.com\/index.php?rest_route=%2Fwp%2Fv2%2Fcomments&post=1366"}],"wp:featuredmedia":[{"embeddable":true,"href":"https:\/\/antamebike.com\/index.php?rest_route=\/wp\/v2\/media\/2733"}],"wp:attachment":[{"href":"https:\/\/antamebike.com\/index.php?rest_route=%2Fwp%2Fv2%2Fmedia&parent=1366"}],"wp:term":[{"taxonomy":"product_cat","embeddable":true,"href":"https:\/\/antamebike.com\/index.php?rest_route=%2Fwp%2Fv2%2Fproduct_cat&post=1366"},{"taxonomy":"product_tag","embeddable":true,"href":"https:\/\/antamebike.com\/index.php?rest_route=%2Fwp%2Fv2%2Fproduct_tag&post=1366"}],"curies":[{"name":"wp","href":"https:\/\/api.w.org\/{rel}","templated":true}]}}