{"id":1494,"date":"2023-03-28T16:18:54","date_gmt":"2023-03-28T16:18:54","guid":{"rendered":"https:\/\/antamebike.com\/?post_type=product&#038;p=1494"},"modified":"2025-05-09T08:40:31","modified_gmt":"2025-05-09T08:40:31","slug":"engwe-m20-chiec-xe-dien-phong-cach-mo-to-offroad","status":"publish","type":"product","link":"https:\/\/antamebike.com\/?product=engwe-m20-chiec-xe-dien-phong-cach-mo-to-offroad","title":{"rendered":"Engwe M20 chi\u1ebfc xe \u0111i\u1ec7n phong c\u00e1ch m\u00f4 t\u00f4 offroad"},"content":{"rendered":"<p>Engwe M20 &#8211; Ng\u01b0\u1eddi b\u1ea1n \u0111\u1ed3ng h\u00e0nh ho\u00e0n h\u1ea3o cho chuy\u1ebfn \u0111i c\u1ee7a b\u1ea1n<\/p>\n<p>B\u1ea1n \u0111ang t\u00ecm ki\u1ebfm m\u1ed9t chi\u1ebfc xe \u0111\u1ea1p tr\u1ee3 l\u1ef1c \u0111i\u1ec7n v\u1edbi thi\u1ebft k\u1ebf phong c\u00e1ch, trang b\u1ecb \u0111\u1ed9ng c\u01a1 m\u1ea1nh m\u1ebd v\u00e0 B\u1ec1n v\u1eefng? Engwe M20 l\u00e0 m\u1ed9t l\u1ef1a ch\u1ecdn tuy\u1ec7t v\u1eddi d\u00e0nh cho b\u1ea1n<\/p>\n<p><img loading=\"lazy\" decoding=\"async\" class=\"alignnone wp-image-1496 size-large\" src=\"https:\/\/antamebike.com\/wp-content\/uploads\/2023\/03\/Engwe-M20-Banner-1024x429.jpg\" alt=\"\" width=\"1024\" height=\"429\" srcset=\"https:\/\/antamebike.com\/wp-content\/uploads\/2023\/03\/Engwe-M20-Banner-1024x429.jpg 1024w, https:\/\/antamebike.com\/wp-content\/uploads\/2023\/03\/Engwe-M20-Banner-300x126.jpg 300w, https:\/\/antamebike.com\/wp-content\/uploads\/2023\/03\/Engwe-M20-Banner-768x322.jpg 768w, https:\/\/antamebike.com\/wp-content\/uploads\/2023\/03\/Engwe-M20-Banner-1536x643.jpg 1536w, https:\/\/antamebike.com\/wp-content\/uploads\/2023\/03\/Engwe-M20-Banner-600x251.jpg 600w, https:\/\/antamebike.com\/wp-content\/uploads\/2023\/03\/Engwe-M20-Banner.jpg 1920w\" sizes=\"auto, (max-width: 1024px) 100vw, 1024px\" \/><\/p>\n<p>H\u00e3y c\u00f9ng kh\u00e1m ph\u00e1 nh\u1eefng \u0111\u1eb7c \u0111i\u1ec3m n\u1ed5i b\u1eadt c\u1ee7a xe \u0111\u1ea1p tr\u1ee3 l\u1ef1c \u0111i\u1ec7n Engwe M20 nh\u00e9<\/p>\n<p>Thi\u1ebft k\u1ebf kh\u00f4ng ch\u1ec9 phong c\u00e1ch kh\u00e1 n\u1ed5i b\u1eadt gi\u1eefa \u0111\u00e1m \u0111\u00f4ng m\u00e0 c\u00f2n \u0111\u1ea3m b\u1ea3o ti\u00eau chu\u1ea9n k\u1ef9 thu\u1eadt c\u1ee7a m\u1ed9t chi\u1ebfc xe \u0111\u1ecba h\u00ecnh<\/p>\n<p><img loading=\"lazy\" decoding=\"async\" class=\"alignnone wp-image-1497 size-large\" src=\"https:\/\/antamebike.com\/wp-content\/uploads\/2023\/03\/Engwe-M20-P-4-1024x1024.png\" alt=\"\" width=\"1024\" height=\"1024\" srcset=\"https:\/\/antamebike.com\/wp-content\/uploads\/2023\/03\/Engwe-M20-P-4-1024x1024.png 1024w, https:\/\/antamebike.com\/wp-content\/uploads\/2023\/03\/Engwe-M20-P-4-300x300.png 300w, https:\/\/antamebike.com\/wp-content\/uploads\/2023\/03\/Engwe-M20-P-4-150x150.png 150w, https:\/\/antamebike.com\/wp-content\/uploads\/2023\/03\/Engwe-M20-P-4-768x768.png 768w, https:\/\/antamebike.com\/wp-content\/uploads\/2023\/03\/Engwe-M20-P-4-600x600.png 600w, https:\/\/antamebike.com\/wp-content\/uploads\/2023\/03\/Engwe-M20-P-4-100x100.png 100w, https:\/\/antamebike.com\/wp-content\/uploads\/2023\/03\/Engwe-M20-P-4.png 1200w\" sizes=\"auto, (max-width: 1024px) 100vw, 1024px\" \/><\/p>\n<h3><strong>\u0110\u1ed9ng c\u01a1 750w m\u1edf t\u1ed1c l\u00ean 1000w<\/strong> kh\u00e1 m\u1ea1nh m\u1ebd<\/h3>\n<p><img loading=\"lazy\" decoding=\"async\" class=\"alignnone wp-image-1498 size-large\" src=\"https:\/\/antamebike.com\/wp-content\/uploads\/2023\/03\/Engwe-M20-dong-co-1024x602.jpg\" alt=\"\" width=\"1024\" height=\"602\" srcset=\"https:\/\/antamebike.com\/wp-content\/uploads\/2023\/03\/Engwe-M20-dong-co-1024x602.jpg 1024w, https:\/\/antamebike.com\/wp-content\/uploads\/2023\/03\/Engwe-M20-dong-co-300x176.jpg 300w, https:\/\/antamebike.com\/wp-content\/uploads\/2023\/03\/Engwe-M20-dong-co-768x451.jpg 768w, https:\/\/antamebike.com\/wp-content\/uploads\/2023\/03\/Engwe-M20-dong-co-1536x902.jpg 1536w, https:\/\/antamebike.com\/wp-content\/uploads\/2023\/03\/Engwe-M20-dong-co-600x353.jpg 600w, https:\/\/antamebike.com\/wp-content\/uploads\/2023\/03\/Engwe-M20-dong-co.jpg 1920w\" sizes=\"auto, (max-width: 1024px) 100vw, 1024px\" \/><\/p>\n<p>B\u1ed9 Pin Litium 48V 13Ah gi\u00fap qu\u00e3ng tr\u01b0\u1eddng tr\u1ee3 l\u1ef1c \u0111i\u1ec7n cho Engwe M20 l\u00ean \u0111\u1ebfn 75km, \u0111\u1ed3ng th\u1eddi Engwe c\u0169ng thi\u1ebft k\u1ebf s\u1eb5n cho M20 kh\u1ea3 n\u0103ng n\u00e2ng c\u1ea5p l\u1eafp th\u00eam 2 thanh pin c\u00f9ng l\u00fac cho M20 cho nh\u1eefng qu\u00e3ng \u0111\u01b0\u1eddng d\u00e0i c\u1ea7n th\u00eam pin s\u01a1-cua<\/p>\n<p><img loading=\"lazy\" decoding=\"async\" class=\"alignnone wp-image-1499 size-large\" src=\"https:\/\/antamebike.com\/wp-content\/uploads\/2023\/03\/Engwe-M20-spec-743x1024.jpeg\" alt=\"\" width=\"743\" height=\"1024\" srcset=\"https:\/\/antamebike.com\/wp-content\/uploads\/2023\/03\/Engwe-M20-spec-743x1024.jpeg 743w, https:\/\/antamebike.com\/wp-content\/uploads\/2023\/03\/Engwe-M20-spec-218x300.jpeg 218w, https:\/\/antamebike.com\/wp-content\/uploads\/2023\/03\/Engwe-M20-spec-600x827.jpeg 600w, https:\/\/antamebike.com\/wp-content\/uploads\/2023\/03\/Engwe-M20-spec.jpeg 750w\" sizes=\"auto, (max-width: 743px) 100vw, 743px\" \/><\/p>\n<p>\u0110i k\u00e8m th\u00eam v\u1edbi Engwe M20 l\u00e0 nh\u1eefng trang b\u1ecb kh\u00e1 phong c\u00e1ch v\u00e0 ch\u1ea5t l\u01b0\u1ee3ng cao c\u1ea5p nh\u01b0:<\/p>\n<p>H\u1ec7 th\u1ed1ng gi\u1ea3m shock v\u1edbi 2 phu\u1ed9c nh\u00fang tr\u01b0\u1edbc v\u00e0 gi\u1eefa kh\u00e1 \u00eam \u00e1i cho c\u00e1c lo\u1ea1i cung \u0111\u01b0\u1eddng hay \u0111\u1ecba h\u00ecnh.<\/p>\n<p><img loading=\"lazy\" decoding=\"async\" class=\"alignnone wp-image-1505 size-large\" src=\"https:\/\/antamebike.com\/wp-content\/uploads\/2023\/03\/Engwe-M20-on-road-1024x1024.jpeg\" alt=\"\" width=\"1024\" height=\"1024\" srcset=\"https:\/\/antamebike.com\/wp-content\/uploads\/2023\/03\/Engwe-M20-on-road-1024x1024.jpeg 1024w, https:\/\/antamebike.com\/wp-content\/uploads\/2023\/03\/Engwe-M20-on-road-300x300.jpeg 300w, https:\/\/antamebike.com\/wp-content\/uploads\/2023\/03\/Engwe-M20-on-road-150x150.jpeg 150w, https:\/\/antamebike.com\/wp-content\/uploads\/2023\/03\/Engwe-M20-on-road-768x768.jpeg 768w, https:\/\/antamebike.com\/wp-content\/uploads\/2023\/03\/Engwe-M20-on-road-600x600.jpeg 600w, https:\/\/antamebike.com\/wp-content\/uploads\/2023\/03\/Engwe-M20-on-road-100x100.jpeg 100w, https:\/\/antamebike.com\/wp-content\/uploads\/2023\/03\/Engwe-M20-on-road.jpeg 1200w\" sizes=\"auto, (max-width: 1024px) 100vw, 1024px\" \/> <img loading=\"lazy\" decoding=\"async\" class=\"alignnone wp-image-1506 size-large\" src=\"https:\/\/antamebike.com\/wp-content\/uploads\/2023\/03\/Engwe-M20-nhung-saujpg-735x1024.jpg\" alt=\"\" width=\"735\" height=\"1024\" srcset=\"https:\/\/antamebike.com\/wp-content\/uploads\/2023\/03\/Engwe-M20-nhung-saujpg-735x1024.jpg 735w, https:\/\/antamebike.com\/wp-content\/uploads\/2023\/03\/Engwe-M20-nhung-saujpg-215x300.jpg 215w, https:\/\/antamebike.com\/wp-content\/uploads\/2023\/03\/Engwe-M20-nhung-saujpg-768x1070.jpg 768w, https:\/\/antamebike.com\/wp-content\/uploads\/2023\/03\/Engwe-M20-nhung-saujpg-600x836.jpg 600w, https:\/\/antamebike.com\/wp-content\/uploads\/2023\/03\/Engwe-M20-nhung-saujpg.jpg 1080w\" sizes=\"auto, (max-width: 735px) 100vw, 735px\" \/><\/p>\n<p>B\u1ed9 phanh \u0111\u0129a, b\u1ea1n c\u00f3 th\u1ec3 d\u1ec5 d\u00e0ng ki\u1ec3m so\u00e1t t\u1ed1c \u0111\u1ed9 v\u00e0 d\u1eebng l\u1ea1i nhanh ch\u00f3ng.<\/p>\n<p><img loading=\"lazy\" decoding=\"async\" class=\"alignnone wp-image-1500 size-large\" src=\"https:\/\/antamebike.com\/wp-content\/uploads\/2023\/03\/Engwe-M20-phanh-truoc-735x1024.jpg\" alt=\"\" width=\"735\" height=\"1024\" srcset=\"https:\/\/antamebike.com\/wp-content\/uploads\/2023\/03\/Engwe-M20-phanh-truoc-735x1024.jpg 735w, https:\/\/antamebike.com\/wp-content\/uploads\/2023\/03\/Engwe-M20-phanh-truoc-215x300.jpg 215w, https:\/\/antamebike.com\/wp-content\/uploads\/2023\/03\/Engwe-M20-phanh-truoc-768x1070.jpg 768w, https:\/\/antamebike.com\/wp-content\/uploads\/2023\/03\/Engwe-M20-phanh-truoc-600x836.jpg 600w, https:\/\/antamebike.com\/wp-content\/uploads\/2023\/03\/Engwe-M20-phanh-truoc.jpg 1080w\" sizes=\"auto, (max-width: 735px) 100vw, 735px\" \/> <img loading=\"lazy\" decoding=\"async\" class=\"alignnone wp-image-1501 size-full\" src=\"https:\/\/antamebike.com\/wp-content\/uploads\/2023\/03\/Engwe-M20-phanh-sau.jpg\" alt=\"\" width=\"500\" height=\"500\" srcset=\"https:\/\/antamebike.com\/wp-content\/uploads\/2023\/03\/Engwe-M20-phanh-sau.jpg 500w, https:\/\/antamebike.com\/wp-content\/uploads\/2023\/03\/Engwe-M20-phanh-sau-300x300.jpg 300w, https:\/\/antamebike.com\/wp-content\/uploads\/2023\/03\/Engwe-M20-phanh-sau-150x150.jpg 150w, https:\/\/antamebike.com\/wp-content\/uploads\/2023\/03\/Engwe-M20-phanh-sau-100x100.jpg 100w\" sizes=\"auto, (max-width: 500px) 100vw, 500px\" \/><\/p>\n<p>2 \u0110\u00e8n LED tr\u01b0\u1edbc v\u00e0 \u0111\u00e8n h\u1eadu sau.<\/p>\n<p><img loading=\"lazy\" decoding=\"async\" class=\"alignnone wp-image-1502 size-full\" src=\"https:\/\/antamebike.com\/wp-content\/uploads\/2023\/03\/Engwe-M20-den-truoc.jpg\" alt=\"\" width=\"500\" height=\"500\" srcset=\"https:\/\/antamebike.com\/wp-content\/uploads\/2023\/03\/Engwe-M20-den-truoc.jpg 500w, https:\/\/antamebike.com\/wp-content\/uploads\/2023\/03\/Engwe-M20-den-truoc-300x300.jpg 300w, https:\/\/antamebike.com\/wp-content\/uploads\/2023\/03\/Engwe-M20-den-truoc-150x150.jpg 150w, https:\/\/antamebike.com\/wp-content\/uploads\/2023\/03\/Engwe-M20-den-truoc-100x100.jpg 100w\" sizes=\"auto, (max-width: 500px) 100vw, 500px\" \/> <img loading=\"lazy\" decoding=\"async\" class=\"alignnone wp-image-1503 size-large\" src=\"https:\/\/antamebike.com\/wp-content\/uploads\/2023\/03\/Engwe-M20-den-thang-735x1024.jpg\" alt=\"\" width=\"735\" height=\"1024\" srcset=\"https:\/\/antamebike.com\/wp-content\/uploads\/2023\/03\/Engwe-M20-den-thang-735x1024.jpg 735w, https:\/\/antamebike.com\/wp-content\/uploads\/2023\/03\/Engwe-M20-den-thang-215x300.jpg 215w, https:\/\/antamebike.com\/wp-content\/uploads\/2023\/03\/Engwe-M20-den-thang-768x1070.jpg 768w, https:\/\/antamebike.com\/wp-content\/uploads\/2023\/03\/Engwe-M20-den-thang-600x836.jpg 600w, https:\/\/antamebike.com\/wp-content\/uploads\/2023\/03\/Engwe-M20-den-thang.jpg 1080w\" sizes=\"auto, (max-width: 735px) 100vw, 735px\" \/><\/p>\n<p>T\u00edch h\u1ee3p c\u00f2i v\u00e0 m\u00e0n h\u00ecnh hi\u1ec3n th\u1ecb LCD th\u00f4ng minh gi\u00fap b\u1ea1n \u0111i\u1ec1u khi\u1ec3n xe d\u1ec5 d\u00e0ng v\u00e0 an to\u00e0n h\u01a1n<\/p>\n<p><img loading=\"lazy\" decoding=\"async\" class=\"alignnone wp-image-1504 size-full\" src=\"https:\/\/antamebike.com\/wp-content\/uploads\/2023\/03\/Engwe-M20-den-coi.jpg\" alt=\"\" width=\"500\" height=\"500\" srcset=\"https:\/\/antamebike.com\/wp-content\/uploads\/2023\/03\/Engwe-M20-den-coi.jpg 500w, https:\/\/antamebike.com\/wp-content\/uploads\/2023\/03\/Engwe-M20-den-coi-300x300.jpg 300w, https:\/\/antamebike.com\/wp-content\/uploads\/2023\/03\/Engwe-M20-den-coi-150x150.jpg 150w, https:\/\/antamebike.com\/wp-content\/uploads\/2023\/03\/Engwe-M20-den-coi-100x100.jpg 100w\" sizes=\"auto, (max-width: 500px) 100vw, 500px\" \/><\/p>\n<p>V\u1edbi nh\u1eefng \u0111\u1eb7c \u0111i\u1ec3m n\u1ed5i b\u1eadt n\u00e0y, xe \u0111\u1ea1p tr\u1ee3 l\u1ef1c \u0111i\u1ec7n Engwe M20 l\u00e0 m\u1ed9t l\u1ef1a ch\u1ecdn cho nh\u1eefng ng\u01b0\u1eddi y\u00eau th\u00edch du l\u1ecbch, kh\u00e1m ph\u00e1 c\u00e1c cung \u0111\u01b0\u1eddng \u0111ia h\u00ecnh ho\u1eb7c s\u1eed d\u1ee5ng trong c\u00f4ng vi\u1ec7c h\u00e0ng ng\u00e0y \u0111\u1ec1u r\u1ea5t tuy\u1ec7t v\u1eddi<\/p>\n<p><img loading=\"lazy\" decoding=\"async\" class=\"alignnone wp-image-1507 size-large\" src=\"https:\/\/antamebike.com\/wp-content\/uploads\/2023\/03\/Engwe-M20-trai-nghiem-moi-710x1024.jpg\" alt=\"\" width=\"710\" height=\"1024\" srcset=\"https:\/\/antamebike.com\/wp-content\/uploads\/2023\/03\/Engwe-M20-trai-nghiem-moi-710x1024.jpg 710w, https:\/\/antamebike.com\/wp-content\/uploads\/2023\/03\/Engwe-M20-trai-nghiem-moi-208x300.jpg 208w, https:\/\/antamebike.com\/wp-content\/uploads\/2023\/03\/Engwe-M20-trai-nghiem-moi-600x866.jpg 600w, https:\/\/antamebike.com\/wp-content\/uploads\/2023\/03\/Engwe-M20-trai-nghiem-moi.jpg 750w\" sizes=\"auto, (max-width: 710px) 100vw, 710px\" \/><\/p>\n<p>Mua xe \u0111\u1ea1p tr\u1ee3 l\u1ef1c \u0111i\u1ec7n Engwe M20 h\u00e3y \u0111\u1ebfn v\u1edbi Antamebike.com \u0111\u1ec3 c\u00f3 \u0111\u01b0\u1ee3c nh\u1eefng \u01b0u \u0111\u00e3i t\u1ed1t nh\u1ea5t<\/p>\n","protected":false},"excerpt":{"rendered":"<p>Xe \u0111\u1ea1p \u0111i\u1ec7n ENGWE M20 phong c\u00e1ch m\u00f4 t\u00f4 offroad, c\u00f3 th\u1ec3 thay xe m\u00e1y l\u00e0m ph\u01b0\u01a1ng ti\u1ec7n \u0111\u1ed3ng h\u00e0nh c\u1ee7a b\u1ea1n<\/p>\n<p>Antamebike.com \u0111ang c\u00f3 <strong>CTKM cho Engwe M20<\/strong> l\u00ean \u0111\u1ebfn <strong>1.5 Tri\u1ec7u<\/strong><\/p>\n<ul>\n<li><strong>Thi\u1ebft k\u1ebf v\u1edbi phong c\u00e1ch<\/strong> &#8220;b\u1ee5i b\u1eb7m&#8221; phong tr\u1ea7n c\u1ee7a d\u00e2n offroad<\/li>\n<li><strong>\u0110\u1ed9ng c\u01a1 m\u1ea1nh m\u1ebd 750w (peak l\u00ean 1000w)<\/strong>, cho v\u1eadn t\u1ed1c 45km\/h tho\u1ea3i m\u00e1i<\/li>\n<li>Pin litium dung l\u01b0\u1ee3ng cao <strong>48V13Ah<\/strong> (c\u00f3 b\u1ea3n n\u00e2ng c\u1ea5p x2 pin)<\/li>\n<li>Trang b\u1ecb 2 Phu\u1ed9c nh\u00fang tr\u01b0\u1edbc v\u00e0 gi\u1eefa xe gi\u00fap v\u1eadn h\u00e0nh kh\u00e1 \u00eam \u00e1i cho c\u00e1c cung \u0111\u01b0\u1eddng x\u1ea5u<\/li>\n<li>2 Phanh \u0111\u0129a x\u1ecbn cho h\u1ec7 th\u1ed1ng an to\u00e0n<\/li>\n<li>\u0110\u00e8n chi\u1ebfu s\u00e1ng double led kh\u00e1 phong c\u00e1ch<\/li>\n<li>T\u00edch h\u1ee3p s\u1eb5n \u0111\u00e8n phanh, c\u00f2i xe<\/li>\n<\/ul>\n","protected":false},"featured_media":1510,"comment_status":"open","ping_status":"closed","template":"","meta":{"site-sidebar-layout":"default","site-content-layout":"default","ast-site-content-layout":"","site-content-style":"default","site-sidebar-style":"default","ast-global-header-display":"","ast-banner-title-visibility":"","ast-main-header-display":"","ast-hfb-above-header-display":"","ast-hfb-below-header-display":"","ast-hfb-mobile-header-display":"","site-post-title":"","ast-breadcrumbs-content":"","ast-featured-img":"","footer-sml-layout":"","theme-transparent-header-meta":"default","adv-header-id-meta":"","stick-header-meta":"","header-above-stick-meta":"","header-main-stick-meta":"","header-below-stick-meta":"","astra-migrate-meta-layouts":"default","ast-page-background-enabled":"default","ast-page-background-meta":{"desktop":{"background-color":"var(--ast-global-color-4)","background-image":"","background-repeat":"repeat","background-position":"center center","background-size":"auto","background-attachment":"scroll","background-type":"","background-media":"","overlay-type":"","overlay-color":"","overlay-gradient":""},"tablet":{"background-color":"","background-image":"","background-repeat":"repeat","background-position":"center center","background-size":"auto","background-attachment":"scroll","background-type":"","background-media":"","overlay-type":"","overlay-color":"","overlay-gradient":""},"mobile":{"background-color":"","background-image":"","background-repeat":"repeat","background-position":"center center","background-size":"auto","background-attachment":"scroll","background-type":"","background-media":"","overlay-type":"","overlay-color":"","overlay-gradient":""}},"ast-content-background-meta":{"desktop":{"background-color":"var(--ast-global-color-5)","background-image":"","background-repeat":"repeat","background-position":"center center","background-size":"auto","background-attachment":"scroll","background-type":"","background-media":"","overlay-type":"","overlay-color":"","overlay-gradient":""},"tablet":{"background-color":"var(--ast-global-color-5)","background-image":"","background-repeat":"repeat","background-position":"center center","background-size":"auto","background-attachment":"scroll","background-type":"","background-media":"","overlay-type":"","overlay-color":"","overlay-gradient":""},"mobile":{"background-color":"var(--ast-global-color-5)","background-image":"","background-repeat":"repeat","background-position":"center center","background-size":"auto","background-attachment":"scroll","background-type":"","background-media":"","overlay-type":"","overlay-color":"","overlay-gradient":""}}},"product_cat":[92,116,191],"product_tag":[177,124,123],"class_list":{"0":"post-1494","1":"product","2":"type-product","3":"status-publish","4":"has-post-thumbnail","6":"product_cat-xe-dap-banh-beo","7":"product_cat-xe-dap-dien-engwe","8":"product_cat-xe-dap-dien-phong-cach","9":"product_tag-engwe-m20","10":"product_tag-xedapbanhbeo","11":"product_tag-xedapdienbanhbeo","12":"desktop-align-left","13":"tablet-align-left","14":"mobile-align-left","15":"ast-product-gallery-layout-horizontal-slider","16":"ast-product-tabs-layout-horizontal","18":"first","19":"instock","20":"shipping-taxable","21":"purchasable","22":"product-type-simple"},"_links":{"self":[{"href":"https:\/\/antamebike.com\/index.php?rest_route=\/wp\/v2\/product\/1494","targetHints":{"allow":["GET"]}}],"collection":[{"href":"https:\/\/antamebike.com\/index.php?rest_route=\/wp\/v2\/product"}],"about":[{"href":"https:\/\/antamebike.com\/index.php?rest_route=\/wp\/v2\/types\/product"}],"replies":[{"embeddable":true,"href":"https:\/\/antamebike.com\/index.php?rest_route=%2Fwp%2Fv2%2Fcomments&post=1494"}],"wp:featuredmedia":[{"embeddable":true,"href":"https:\/\/antamebike.com\/index.php?rest_route=\/wp\/v2\/media\/1510"}],"wp:attachment":[{"href":"https:\/\/antamebike.com\/index.php?rest_route=%2Fwp%2Fv2%2Fmedia&parent=1494"}],"wp:term":[{"taxonomy":"product_cat","embeddable":true,"href":"https:\/\/antamebike.com\/index.php?rest_route=%2Fwp%2Fv2%2Fproduct_cat&post=1494"},{"taxonomy":"product_tag","embeddable":true,"href":"https:\/\/antamebike.com\/index.php?rest_route=%2Fwp%2Fv2%2Fproduct_tag&post=1494"}],"curies":[{"name":"wp","href":"https:\/\/api.w.org\/{rel}","templated":true}]}}