{"id":167,"date":"2022-09-08T09:13:04","date_gmt":"2022-09-08T09:13:04","guid":{"rendered":"https:\/\/antamebike.com\/?post_type=product&#038;p=167"},"modified":"2023-01-26T12:56:18","modified_gmt":"2023-01-26T12:56:18","slug":"xe-scooter-dien-xiaomi-himo-l2","status":"publish","type":"product","link":"https:\/\/antamebike.com\/?product=xe-scooter-dien-xiaomi-himo-l2","title":{"rendered":"Xe Scooter \u0111i\u1ec7n Xiaomi \u2013 Himo L2"},"content":{"rendered":"<p>Chi\u1ebfc Scooter m\u1ea1nh m\u1ebd \u0111a d\u1ee5ng c\u1ee7a nh\u00e0 Xiaomi \u2013 Himo v\u1eeba m\u1edbi c\u1eadp c\u1ea3ng<\/p>\n<p>Xe \u0110i\u1ec7n Scooter Himo L2 (Ch\u00ednh h\u00e3ng Xiaomi Himo )<\/p>\n<p>Th\u01b0\u01a1ng hi\u1ec7u: Xiaomi \u2013 Himo<\/p>\n<p>Lo\u1ea1i: Xe Scooter \u0111i\u1ec7n g\u1ea5p<\/p>\n<p>Model: L2<\/p>\n<p>T\u1ed1c \u0111\u1ed9 t\u1ed1i \u0111a: 25km \/ h<\/p>\n<p>Ch\u1ea5t li\u1ec7u ch\u00ednh: H\u1ee3p kim nh\u00f4m<\/p>\n<p>Dung l\u01b0\u1ee3ng v\u00e0 ph\u1ea1m vi pin: 10.4Ah, 36V, 35km<\/p>\n<p>Ph\u1ea1m vi ho\u1ea1t \u0111\u1ed9ng: 35 -40Km (thay \u0111\u1ed5i theo t\u1ed1c \u0111\u1ed9 \u0111i xe, t\u00ecnh tr\u1ea1ng \u0111\u01b0\u1eddng v\u00e0 tr\u1ecdng l\u01b0\u1ee3ng c\u1ee7a ng\u01b0\u1eddi l\u00e1i)<\/p>\n<p>K\u00edch th\u01b0\u1edbc l\u1ed1p: 10 inch<\/p>\n<p>C\u00f4ng su\u1ea5t \u0111\u1ed9ng c\u01a1: 350W<\/p>\n<p>Th\u1eddi gian s\u1ea1c: 4-5 gi\u1edd<\/p>\n<p>G\u00f3c leo n\u00fai an to\u00e0n: Kho\u1ea3ng 25 \u0111\u1ed9<\/p>\n<p>T\u1ea3i tr\u1ecdng t\u1ed1i \u0111a: 100kg<\/p>\n<p>K\u00edch th\u01b0\u1edbc-M\u1edf ra: 1180mm \u00d7 495mm \u00d7 1200mm<\/p>\n<p>K\u00edch th\u01b0\u1edbc-G\u1ea5p: 1180mm \u00d7 495mm \u00d7 490mm<\/p>\n<p>Tr\u1ecdng l\u01b0\u1ee3ng &amp; K\u00edch th\u01b0\u1edbc<\/p>\n<p>Tr\u1ecdng l\u01b0\u1ee3ng s\u1ea3n ph\u1ea9m: 18.7kg<\/p>\n<p>Tr\u1ecdng l\u01b0\u1ee3ng g\u00f3i h\u00e0ng: 19kg<\/p>\n<p>K\u00edch th\u01b0\u1edbc s\u1ea3n ph\u1ea9m (L x W x H): 118 x 50 x 120cm<\/p>\n<p>K\u00edch th\u01b0\u1edbc g\u00f3i h\u00e0ng (L x W x H): 119 x 50 x 50cm<\/p>\n<p>C\u00f3 3 ch\u1ebf \u0111\u1ed9 di chuy\u1ec3n:<\/p>\n<p>Ch\u1ebf \u0111\u1ed9 Eco \u2013 m\u00e0u xanh lam \u2013 t\u1ed1c \u0111\u1ed9 t\u1ed1i \u0111a 5Km \/ h<\/p>\n<p>Ch\u1ebf \u0111\u1ed9 ti\u00eau chu\u1ea9n \u2013 m\u00e0u cam \u2013 t\u1ed1c \u0111\u1ed9 t\u1ed1i \u0111a 15Km \/ h<\/p>\n<p>Ch\u1ebf \u0111\u1ed9 th\u1ec3 thao \u2013 m\u00e0u \u0111\u1ecf \u2013 t\u1ed1c \u0111\u1ed9 t\u1ed1i \u0111a 25Km \/ h<\/p>\n<p>Hotline : 077 802.3388<\/p>\n<p>#scooter #scooterdien #scooterxiaomi #himo #xiaomihimo #xiaomi #z20 #c20 #xez20 #xetrolucdien #xedapdien #himoz20 #xiaomiz20 #c26 #himoc26 #Zb20 #c30 #c30r #himoH1 #H1 #xiaomiH1 #himoL2 #xiaomiL2 #scooterL2 #l2<\/p>\n","protected":false},"excerpt":{"rendered":"<ul>\n<li>Xe scooter \u0111i\u1ec7n G\u1ea5p g\u1ecdn<\/li>\n<li>Qu\u00e3ng \u0111\u01b0\u1eddng di chuy\u1ec3n l\u00ean \u0111\u1ebfn 40Km<\/li>\n<li>T\u1ed1c \u0111\u1ed9 25km\/h<\/li>\n<li>Leo d\u1ed1c 25 \u0111\u1ed9<\/li>\n<li>3 ch\u1ebf \u0111\u1ed9 di chuy\u1ec3n linh ho\u1ea1t<\/li>\n<\/ul>\n","protected":false},"featured_media":175,"comment_status":"open","ping_status":"closed","template":"","meta":{"site-sidebar-layout":"default","site-content-layout":"default","ast-site-content-layout":"","site-content-style":"default","site-sidebar-style":"default","ast-global-header-display":"","ast-banner-title-visibility":"","ast-main-header-display":"","ast-hfb-above-header-display":"","ast-hfb-below-header-display":"","ast-hfb-mobile-header-display":"","site-post-title":"","ast-breadcrumbs-content":"","ast-featured-img":"","footer-sml-layout":"","theme-transparent-header-meta":"default","adv-header-id-meta":"","stick-header-meta":"","header-above-stick-meta":"","header-main-stick-meta":"","header-below-stick-meta":"","astra-migrate-meta-layouts":"default","ast-page-background-enabled":"default","ast-page-background-meta":{"desktop":{"background-color":"var(--ast-global-color-4)","background-image":"","background-repeat":"repeat","background-position":"center center","background-size":"auto","background-attachment":"scroll","background-type":"","background-media":"","overlay-type":"","overlay-color":"","overlay-gradient":""},"tablet":{"background-color":"","background-image":"","background-repeat":"repeat","background-position":"center center","background-size":"auto","background-attachment":"scroll","background-type":"","background-media":"","overlay-type":"","overlay-color":"","overlay-gradient":""},"mobile":{"background-color":"","background-image":"","background-repeat":"repeat","background-position":"center center","background-size":"auto","background-attachment":"scroll","background-type":"","background-media":"","overlay-type":"","overlay-color":"","overlay-gradient":""}},"ast-content-background-meta":{"desktop":{"background-color":"var(--ast-global-color-5)","background-image":"","background-repeat":"repeat","background-position":"center center","background-size":"auto","background-attachment":"scroll","background-type":"","background-media":"","overlay-type":"","overlay-color":"","overlay-gradient":""},"tablet":{"background-color":"var(--ast-global-color-5)","background-image":"","background-repeat":"repeat","background-position":"center center","background-size":"auto","background-attachment":"scroll","background-type":"","background-media":"","overlay-type":"","overlay-color":"","overlay-gradient":""},"mobile":{"background-color":"var(--ast-global-color-5)","background-image":"","background-repeat":"repeat","background-position":"center center","background-size":"auto","background-attachment":"scroll","background-type":"","background-media":"","overlay-type":"","overlay-color":"","overlay-gradient":""}}},"product_cat":[50,58,41],"product_tag":[27,30,31,24],"class_list":{"0":"post-167","1":"product","2":"type-product","3":"status-publish","4":"has-post-thumbnail","6":"product_cat-san-pham-moi","7":"product_cat-scooter-dien","8":"product_cat-thuong-hieu-himo","9":"product_tag-himo","10":"product_tag-l2","11":"product_tag-xe-scooter-dien","12":"product_tag-xiaomi","13":"desktop-align-left","14":"tablet-align-left","15":"mobile-align-left","16":"ast-product-gallery-layout-horizontal-slider","17":"ast-product-single-variable","18":"ast-product-tabs-layout-horizontal","20":"first","21":"instock","22":"sale","23":"shipping-taxable","24":"purchasable","25":"product-type-variable"},"_links":{"self":[{"href":"https:\/\/antamebike.com\/index.php?rest_route=\/wp\/v2\/product\/167","targetHints":{"allow":["GET"]}}],"collection":[{"href":"https:\/\/antamebike.com\/index.php?rest_route=\/wp\/v2\/product"}],"about":[{"href":"https:\/\/antamebike.com\/index.php?rest_route=\/wp\/v2\/types\/product"}],"replies":[{"embeddable":true,"href":"https:\/\/antamebike.com\/index.php?rest_route=%2Fwp%2Fv2%2Fcomments&post=167"}],"wp:featuredmedia":[{"embeddable":true,"href":"https:\/\/antamebike.com\/index.php?rest_route=\/wp\/v2\/media\/175"}],"wp:attachment":[{"href":"https:\/\/antamebike.com\/index.php?rest_route=%2Fwp%2Fv2%2Fmedia&parent=167"}],"wp:term":[{"taxonomy":"product_cat","embeddable":true,"href":"https:\/\/antamebike.com\/index.php?rest_route=%2Fwp%2Fv2%2Fproduct_cat&post=167"},{"taxonomy":"product_tag","embeddable":true,"href":"https:\/\/antamebike.com\/index.php?rest_route=%2Fwp%2Fv2%2Fproduct_tag&post=167"}],"curies":[{"name":"wp","href":"https:\/\/api.w.org\/{rel}","templated":true}]}}