{"id":1684,"date":"2023-05-25T09:10:39","date_gmt":"2023-05-25T09:10:39","guid":{"rendered":"https:\/\/antamebike.com\/?post_type=product&#038;p=1684"},"modified":"2025-03-15T12:54:03","modified_gmt":"2025-03-15T12:54:03","slug":"xe-dap-tro-luc-dien-super-73","status":"publish","type":"product","link":"https:\/\/antamebike.com\/?product=xe-dap-tro-luc-dien-super-73","title":{"rendered":"Xe \u0111\u1ea1p tr\u1ee3 l\u1ef1c \u0111i\u1ec7n Super 73"},"content":{"rendered":"<h5><strong>Super 73<\/strong> l\u00e0 chi\u1ebfc xe \u0111\u1ea1p \u0111i\u1ec7n \u0111\u00e3 kh\u00e1 n\u1ed5i ti\u1ebfng trong c\u1ed9ng \u0111\u1ed3ng ch\u01a1i xe \u0111\u1ea1p \u0111i\u1ec7n \u1edf n\u01b0\u1edbc ngo\u00e0i<\/h5>\n<p>&nbsp;<\/p>\n<p><img loading=\"lazy\" decoding=\"async\" class=\"alignnone wp-image-1654 size-large\" src=\"https:\/\/antamebike.com\/wp-content\/uploads\/2023\/05\/Super-73-group-1024x573.jpeg\" sizes=\"auto, (max-width: 1024px) 100vw, 1024px\" srcset=\"https:\/\/antamebike.com\/wp-content\/uploads\/2023\/05\/Super-73-group-1024x573.jpeg 1024w, https:\/\/antamebike.com\/wp-content\/uploads\/2023\/05\/Super-73-group-300x168.jpeg 300w, https:\/\/antamebike.com\/wp-content\/uploads\/2023\/05\/Super-73-group-768x430.jpeg 768w, https:\/\/antamebike.com\/wp-content\/uploads\/2023\/05\/Super-73-group-1536x859.jpeg 1536w, https:\/\/antamebike.com\/wp-content\/uploads\/2023\/05\/Super-73-group-600x336.jpeg 600w, https:\/\/antamebike.com\/wp-content\/uploads\/2023\/05\/Super-73-group.jpeg 1973w\" alt=\"\" width=\"1024\" height=\"573\" \/><\/p>\n<p>N\u1ebfu b\u1ea1n \u0111ang t\u00ecm ki\u1ebfm m\u1ed9t chi\u1ebfc xe \u0111\u1ea1p \u0111i\u1ec7n v\u1eeba hi\u1ec7n \u0111\u1ea1i, v\u1eeba phong c\u00e1ch, v\u00e0 mang l\u1ea1i cho b\u1ea1n tr\u1ea3i nghi\u1ec7m \u0111\u1ea7y th\u00fa v\u1ecb tr\u00ean m\u1ecdi cung \u0111\u01b0\u1eddng? V\u1edbi <strong>Super 73<\/strong>, b\u1ea1n \u0111\u00e3 t\u00ecm \u0111\u1ee9ng chi\u1ebfc xe mong \u01b0\u1edbc r\u1ed3i \u0111\u00f3.<\/p>\n<p>\u0110\u01b0\u1ee3c thi\u1ebft k\u1ebf v\u1edbi tinh th\u1ea7n s\u00e1ng t\u1ea1o v\u00e0 c\u00e1 nh\u00e2n h\u00f3a, Super 73 l\u00e0 m\u1ed9t bi\u1ec3u t\u01b0\u1ee3ng trong th\u1ebf gi\u1edbi xe \u0111\u1ea1p \u0111i\u1ec7n.<\/p>\n<p><img loading=\"lazy\" decoding=\"async\" class=\"alignnone wp-image-1655 size-large\" src=\"https:\/\/antamebike.com\/wp-content\/uploads\/2023\/05\/super73_beachshoot-1024x682.jpeg\" sizes=\"auto, (max-width: 1024px) 100vw, 1024px\" srcset=\"https:\/\/antamebike.com\/wp-content\/uploads\/2023\/05\/super73_beachshoot-1024x682.jpeg 1024w, https:\/\/antamebike.com\/wp-content\/uploads\/2023\/05\/super73_beachshoot-300x200.jpeg 300w, https:\/\/antamebike.com\/wp-content\/uploads\/2023\/05\/super73_beachshoot-768x512.jpeg 768w, https:\/\/antamebike.com\/wp-content\/uploads\/2023\/05\/super73_beachshoot-1536x1024.jpeg 1536w, https:\/\/antamebike.com\/wp-content\/uploads\/2023\/05\/super73_beachshoot-600x400.jpeg 600w, https:\/\/antamebike.com\/wp-content\/uploads\/2023\/05\/super73_beachshoot.jpeg 2000w\" alt=\"\" width=\"1024\" height=\"682\" \/><\/p>\n<p>Khi b\u1ea1n nh\u00ecn v\u00e0o Super 73, \u0111i\u1ec1u \u0111\u1ea7u ti\u00ean n\u1ed5i b\u1eadt ch\u00ednh l\u00e0 thi\u1ebft k\u1ebf \u0111\u1ed9c \u0111\u00e1o. N\u00f3 mang trong m\u00ecnh s\u1ef1 k\u1ebft h\u1ee3p ho\u00e0n h\u1ea3o gi\u1eefa s\u1ef1 c\u1ed5 \u0111i\u1ec3n v\u00e0 hi\u1ec7n \u0111\u1ea1i. Khung xe m\u1ea1nh m\u1ebd v\u1edbi d\u00e1ng v\u1ebb m\u00f4 t\u00f4 th\u1ec3 thao t\u1ea1o n\u00ean m\u1ed9t phong c\u00e1ch c\u00e1 nh\u00e2n v\u00e0 m\u1ea1nh m\u1ebd. B\u1ea1n c\u00f3 th\u1ec3 t\u00f9y ch\u1ecdn m\u00e0u s\u1eafc v\u00e0 ph\u1ee5 ki\u1ec7n \u0111\u1ec3 t\u1ea1o n\u00ean chi\u1ebfc xe ph\u00f9 h\u1ee3p v\u1edbi c\u00e1 nh\u00e2n h\u00f3a c\u1ee7a m\u00ecnh, t\u1eeb m\u00e0u s\u1eafc n\u1ed5i b\u1eadt v\u00e0 \u0111\u1eadm ch\u1ea5t th\u1ec3 thao cho \u0111\u1ebfn phong c\u00e1ch vintage \u0111\u1ea7y l\u00f4i cu\u1ed1n.<\/p>\n<p><img loading=\"lazy\" decoding=\"async\" class=\"alignnone wp-image-1656 size-large\" src=\"https:\/\/antamebike.com\/wp-content\/uploads\/2023\/05\/Super73_PDP_RBrooklyn_Gallery_05_1080x1080px_1080x-1024x1024.jpeg\" sizes=\"auto, (max-width: 1024px) 100vw, 1024px\" srcset=\"https:\/\/antamebike.com\/wp-content\/uploads\/2023\/05\/Super73_PDP_RBrooklyn_Gallery_05_1080x1080px_1080x-1024x1024.jpeg 1024w, https:\/\/antamebike.com\/wp-content\/uploads\/2023\/05\/Super73_PDP_RBrooklyn_Gallery_05_1080x1080px_1080x-300x300.jpeg 300w, https:\/\/antamebike.com\/wp-content\/uploads\/2023\/05\/Super73_PDP_RBrooklyn_Gallery_05_1080x1080px_1080x-150x150.jpeg 150w, https:\/\/antamebike.com\/wp-content\/uploads\/2023\/05\/Super73_PDP_RBrooklyn_Gallery_05_1080x1080px_1080x-768x768.jpeg 768w, https:\/\/antamebike.com\/wp-content\/uploads\/2023\/05\/Super73_PDP_RBrooklyn_Gallery_05_1080x1080px_1080x-600x600.jpeg 600w, https:\/\/antamebike.com\/wp-content\/uploads\/2023\/05\/Super73_PDP_RBrooklyn_Gallery_05_1080x1080px_1080x-100x100.jpeg 100w, https:\/\/antamebike.com\/wp-content\/uploads\/2023\/05\/Super73_PDP_RBrooklyn_Gallery_05_1080x1080px_1080x.jpeg 1080w\" alt=\"\" width=\"1024\" height=\"1024\" \/><\/p>\n<p><strong>Super 73<\/strong> kh\u00f4ng ch\u1ec9 s\u1edf h\u1eefu ngo\u1ea1i h\u00ecnh \u0111\u1ed9c \u0111\u00e1o, m\u00e0 c\u00f2n th\u1ec3 hi\u1ec7n s\u1ef1 m\u1ea1nh m\u1ebd v\u00e0 linh ho\u1ea1t qua hi\u1ec7u su\u1ea5t v\u01b0\u1ee3t tr\u1ed9i. \u0110\u1ed9ng c\u01a1 \u0111i\u1ec7n m\u1ea1nh m\u1ebd c\u1ee7a n\u00f3 \u0111em l\u1ea1i t\u1ed1c \u0111\u1ed9 \u0111\u00e1ng kinh ng\u1ea1c, cho ph\u00e9p b\u1ea1n \u0111i nhanh ch\u00f3ng v\u00e0 tho\u1ea3i m\u00e1i tr\u00ean m\u1ecdi cung \u0111\u01b0\u1eddng. V\u1edbi t\u1ed1c \u0111\u1ed9 t\u1ed1i \u0111a t\u1eeb 20 \u0111\u1ebfn 30 mph (<strong>32-48 km\/h<\/strong>), Super 73 cho ph\u00e9p b\u1ea1n tr\u1ea3i nghi\u1ec7m c\u1ea3m gi\u00e1c t\u1ef1 do v\u00e0 h\u1ee9ng kh\u1edfi c\u1ee7a vi\u1ec7c di chuy\u1ec3n v\u1edbi t\u1ed1c \u0111\u1ed9.<\/p>\n<p>H\u1ec7 th\u1ed1ng treo, phanh v\u00e0 b\u00e1nh xe c\u1ee7a Super 73 \u0111\u01b0\u1ee3c thi\u1ebft k\u1ebf v\u1edbi ch\u1ea5t l\u01b0\u1ee3ng cao, \u0111\u1ea3m b\u1ea3o s\u1ef1 an to\u00e0n v\u00e0 \u1ed5n \u0111\u1ecbnh trong su\u1ed1t chuy\u1ebfn \u0111i. C\u00e1c b\u1ed9 ph\u1eadn n\u00e0y ho\u1ea1t \u0111\u1ed9ng m\u01b0\u1ee3t m\u00e0 v\u00e0 ch\u00ednh x\u00e1c, gi\u00fap b\u1ea1n ki\u1ec3m so\u00e1t xe d\u1ec5 d\u00e0ng v\u00e0 tin t\u01b0\u1edfng trong m\u1ecdi t\u00ecnh hu\u1ed1ng.<\/p>\n<p>Super 73 c\u0169ng c\u00f3 th\u1ec3 kh\u00e1m ph\u00e1 nhi\u1ec1u lo\u1ea1i \u0111\u1ecba h\u00ecnh kh\u00e1c nhau. V\u1edbi kh\u1ea3 n\u0103ng v\u01b0\u1ee3t qua \u0111\u1ed3ng b\u1eb1ng, \u0111\u1ed3i n\u00fai hay th\u00e0nh ph\u1ed1, chi\u1ebfc xe n\u00e0y \u0111em l\u1ea1i s\u1ef1 linh ho\u1ea1t v\u00e0 kh\u1ea3 n\u0103ng th\u00edch \u1ee9ng tuy\u1ec7t v\u1eddi. B\u1ea1n c\u00f3 th\u1ec3 th\u00e1m hi\u1ec3m c\u00e1c con \u0111\u01b0\u1eddng h\u1eb9p trong r\u1eebng r\u1eadm, hay kh\u00e1m ph\u00e1 c\u00e1c khu \u0111\u00f4 th\u1ecb v\u1edbi \u0111\u01b0\u1eddng ph\u1ed1 \u0111\u00f4ng \u0111\u00fac. Kh\u00f4ng ch\u1ec9 d\u1eebng l\u1ea1i \u1edf \u0111\u00f3, Super 73 c\u00f2n mang \u0111\u1ebfn cho b\u1ea1n c\u1ea3m gi\u00e1c tho\u1ea3i m\u00e1i v\u00e0 ti\u1ec7n nghi v\u1edbi gh\u1ebf ng\u1ed3i r\u1ed9ng r\u00e3i v\u00e0 thi\u1ebft k\u1ebf ergonomic. B\u1ea1n c\u00f3 th\u1ec3 ng\u1ed3i tho\u1ea3i m\u00e1i trong su\u1ed1t h\u00e0nh tr\u00ecnh d\u00e0i m\u00e0 kh\u00f4ng lo m\u1ecfi l\u01b0ng hay kh\u00f3 ch\u1ecbu.<\/p>\n<p><img loading=\"lazy\" decoding=\"async\" class=\"alignnone wp-image-1657 size-large\" src=\"https:\/\/antamebike.com\/wp-content\/uploads\/2023\/05\/Super73_LP_OTA_Torque_1200x1200_crop_center-1024x576.jpeg\" sizes=\"auto, (max-width: 1024px) 100vw, 1024px\" srcset=\"https:\/\/antamebike.com\/wp-content\/uploads\/2023\/05\/Super73_LP_OTA_Torque_1200x1200_crop_center-1024x576.jpeg 1024w, https:\/\/antamebike.com\/wp-content\/uploads\/2023\/05\/Super73_LP_OTA_Torque_1200x1200_crop_center-300x169.jpeg 300w, https:\/\/antamebike.com\/wp-content\/uploads\/2023\/05\/Super73_LP_OTA_Torque_1200x1200_crop_center-768x432.jpeg 768w, https:\/\/antamebike.com\/wp-content\/uploads\/2023\/05\/Super73_LP_OTA_Torque_1200x1200_crop_center-600x338.jpeg 600w, https:\/\/antamebike.com\/wp-content\/uploads\/2023\/05\/Super73_LP_OTA_Torque_1200x1200_crop_center.jpeg 1200w\" alt=\"\" width=\"1024\" height=\"576\" \/><\/p>\n<p>&nbsp;<\/p>\n<p>\u0110i\u1ec1u th\u00fa v\u1ecb l\u00e0 Super 73 kh\u00f4ng ch\u1ec9 \u0111\u01a1n thu\u1ea7n l\u00e0 m\u1ed9t ph\u01b0\u01a1ng ti\u1ec7n di chuy\u1ec3n, m\u00e0 c\u00f2n l\u00e0 <b>m\u1ed9t bi\u1ec3u t\u01b0\u1ee3ng phong c\u00e1ch v\u00e0 c\u00e1 nh\u00e2n h\u00f3a<\/b>. B\u1ea1n c\u00f3 th\u1ec3 t\u00f9y ch\u1ec9nh xe v\u1edbi c\u00e1c ph\u1ee5 ki\u1ec7n v\u00e0 t\u00ednh n\u0103ng kh\u00e1c nhau nh\u01b0 th\u00f9ng \u0111\u1ef1ng \u0111\u1ed3, b\u1ed9 l\u00e0m m\u00e1t, \u0111\u00e8n LED, v\u00e0 nhi\u1ec1u h\u01a1n n\u1eefa. B\u1eb1ng c\u00e1ch t\u1ea1o ra m\u1ed9t chi\u1ebfc xe \u0111\u1ed9c \u0111\u00e1o v\u00e0 ph\u00f9 h\u1ee3p v\u1edbi c\u00e1 nh\u00e2n c\u1ee7a b\u1ea1n, <strong><em>Super 73 tr\u1edf th\u00e0nh m\u1ed9t ph\u1ea7n c\u1ee7a phong c\u00e1ch s\u1ed1ng c\u1ee7a b\u1ea1n<\/em><\/strong>.<\/p>\n<p><img loading=\"lazy\" decoding=\"async\" class=\"alignnone wp-image-1658 size-large\" src=\"https:\/\/antamebike.com\/wp-content\/uploads\/2023\/05\/super-73-girl-683x1024.jpeg\" sizes=\"auto, (max-width: 683px) 100vw, 683px\" srcset=\"https:\/\/antamebike.com\/wp-content\/uploads\/2023\/05\/super-73-girl-683x1024.jpeg 683w, https:\/\/antamebike.com\/wp-content\/uploads\/2023\/05\/super-73-girl-200x300.jpeg 200w, https:\/\/antamebike.com\/wp-content\/uploads\/2023\/05\/super-73-girl-768x1152.jpeg 768w, https:\/\/antamebike.com\/wp-content\/uploads\/2023\/05\/super-73-girl-1024x1536.jpeg 1024w, https:\/\/antamebike.com\/wp-content\/uploads\/2023\/05\/super-73-girl-1366x2048.jpeg 1366w, https:\/\/antamebike.com\/wp-content\/uploads\/2023\/05\/super-73-girl-600x900.jpeg 600w, https:\/\/antamebike.com\/wp-content\/uploads\/2023\/05\/super-73-girl.jpeg 1707w\" alt=\"\" width=\"683\" height=\"1024\" \/><\/p>\n<p>&nbsp;<\/p>\n<p>Ngo\u00e0i ra, Super 73 c\u0169ng \u0111\u1eb7c bi\u1ec7t ch\u00fa tr\u1ecdng \u0111\u1ebfn c\u00f4ng ngh\u1ec7 v\u00e0 s\u1ef1 ti\u1ec7n \u00edch. M\u1ed9t s\u1ed1 m\u00f4 h\u00ecnh \u0111i k\u00e8m v\u1edbi m\u00e0n h\u00ecnh hi\u1ec3n th\u1ecb th\u00f4ng minh, cho ph\u00e9p b\u1ea1n theo d\u00f5i t\u1ed1c \u0111\u1ed9, qu\u00e3ng \u0111\u01b0\u1eddng v\u00e0 m\u1ee9c pin d\u1ec5 d\u00e0ng. H\u1ec7 th\u1ed1ng \u0111i\u1ec1u khi\u1ec3n th\u00f4ng minh c\u0169ng gi\u00fap b\u1ea1n t\u00f9y ch\u1ec9nh c\u00e1c ch\u1ebf \u0111\u1ed9 l\u00e1i v\u00e0 \u0111i\u1ec1u khi\u1ec3n xe m\u1ed9t c\u00e1ch d\u1ec5 d\u00e0ng.<\/p>\n<p>T\u00f3m l\u1ea1i, <em><strong>Super 73 l\u00e0 m\u1ed9t bi\u1ec3u t\u01b0\u1ee3ng c\u1ee7a s\u1ef1 \u0111\u1ed5i m\u1edbi v\u00e0 c\u00e1 nh\u00e2n h\u00f3a trong l\u0129nh v\u1ef1c xe \u0111\u1ea1p \u0111i\u1ec7n<\/strong><\/em>. V\u1edbi thi\u1ebft k\u1ebf \u0111\u1ed9c \u0111\u00e1o, hi\u1ec7u su\u1ea5t v\u01b0\u1ee3t tr\u1ed9i, v\u00e0 kh\u1ea3 n\u0103ng t\u00f9y ch\u1ec9nh, n\u00f3 kh\u00f4ng ch\u1ec9 l\u00e0 ph\u01b0\u01a1ng ti\u1ec7n di chuy\u1ec3n m\u00e0 c\u00f2n l\u00e0 m\u1ed9t c\u00e1ch \u0111\u1ec3 th\u1ec3 hi\u1ec7n phong c\u00e1ch v\u00e0 c\u00e1 nh\u00e2n c\u1ee7a b\u1ea1n. Cho d\u00f9 b\u1ea1n \u0111ang t\u00ecm ki\u1ebfm m\u1ed9t ph\u01b0\u01a1ng ti\u1ec7n \u0111i l\u1ea1i h\u00e0ng ng\u00e0y ho\u1eb7c m\u1ed9t ph\u01b0\u01a1ng ti\u1ec7n phi\u00eau l\u01b0u \u0111\u1ea7y h\u1ee9ng kh\u1edfi, Super 73 l\u00e0 m\u1ed9t l\u1ef1a ch\u1ecdn tuy\u1ec7t v\u1eddi \u0111\u1ec3 tr\u1ea3i nghi\u1ec7m th\u1ebf gi\u1edbi xe \u0111\u1ea1p \u0111i\u1ec7n.<\/p>\n<p>Mua Super 73 \u1edf \u0111\u00e2u? T\u1ea1i An T\u00e2m ebike b\u1ea1n s\u1ebd nh\u1eadn \u0111\u01b0\u1ee3c \u01b0u \u0111\u00e3i v\u1edbi g\u00eda t\u1ed1t nh\u1ea5t khi mua Super 73<\/p>\n","protected":false},"excerpt":{"rendered":"<h3><strong>Super 73<\/strong> chi\u1ebfc xe \u0111\u1ea1p \u0111i\u1ec7n Phong c\u00e1ch c\u1ed5 \u0111i\u1ec3n hot nh\u1ea5t Ch\u00e2u \u00c2u<\/h3>\n<p>Chi\u1ebfc xe m\u00e0 ng\u01b0\u1eddi d\u00f9ng r\u1ea5t <strong>d\u1ec5 d\u00e0ng thay \u0111\u1ed5i phong c\u00e1ch \u0111\u1ec3 c\u00e1 nh\u00e2n ho\u00e1 chi\u1ebfc xe theo \u00fd th\u00edch c\u1ee7a m\u00ecnh<\/strong>: \u0111\u1ed9c, l\u1ea1, phong tr\u1ea7n v\u00e0 kh\u00f4ng \u0111\u1ee5ng h\u00e0ng<\/p>\n<ul>\n<li>\u0110\u1ed9ng c\u01a1 500w, cho v\u1eadn t\u1ed1c 40km\/h kh\u00e1 tho\u1ea3i m\u00e1i<\/li>\n<li>Pin 48V 18Ah cho qu\u00e3ng \u0111\u01b0\u1eddng tr\u1ee3 l\u1ef1c \u0111i\u1ec7n l\u00ean \u0111\u1ebfn 90km<\/li>\n<li>2 Phu\u1ed9c nh\u00fang tr\u01b0\u1edbc kh\u00e1 phong c\u00e1ch, th\u00eam 1 phu\u1ed9c nh\u00fang gi\u1eefa n\u1eefa l\u00e0 bao m\u1ecdi cung \u0111\u01b0\u1eddng \u0111\u1ecba h\u00ecnh<\/li>\n<li>\u0110\u00e8n led tr\u01b0\u1edbc kh\u00e1 s\u00e1ng v\u1edbi phong c\u00e1ch m\u00f4 t\u00f4 c\u1ed5 \u0111i\u1ec3n<\/li>\n<li>2 Th\u1eafng \u0111\u0129a v\u00e0 B\u1ed9 L\u00edp shimano 7 c\u1ea5p: tha h\u1ed3 vi vu<\/li>\n<\/ul>\n","protected":false},"featured_media":2317,"comment_status":"open","ping_status":"closed","template":"","meta":{"site-sidebar-layout":"default","site-content-layout":"default","ast-site-content-layout":"","site-content-style":"default","site-sidebar-style":"default","ast-global-header-display":"","ast-banner-title-visibility":"","ast-main-header-display":"","ast-hfb-above-header-display":"","ast-hfb-below-header-display":"","ast-hfb-mobile-header-display":"","site-post-title":"","ast-breadcrumbs-content":"","ast-featured-img":"","footer-sml-layout":"","theme-transparent-header-meta":"default","adv-header-id-meta":"","stick-header-meta":"","header-above-stick-meta":"","header-main-stick-meta":"","header-below-stick-meta":"","astra-migrate-meta-layouts":"default","ast-page-background-enabled":"default","ast-page-background-meta":{"desktop":{"background-color":"var(--ast-global-color-4)","background-image":"","background-repeat":"repeat","background-position":"center center","background-size":"auto","background-attachment":"scroll","background-type":"","background-media":"","overlay-type":"","overlay-color":"","overlay-gradient":""},"tablet":{"background-color":"","background-image":"","background-repeat":"repeat","background-position":"center center","background-size":"auto","background-attachment":"scroll","background-type":"","background-media":"","overlay-type":"","overlay-color":"","overlay-gradient":""},"mobile":{"background-color":"","background-image":"","background-repeat":"repeat","background-position":"center center","background-size":"auto","background-attachment":"scroll","background-type":"","background-media":"","overlay-type":"","overlay-color":"","overlay-gradient":""}},"ast-content-background-meta":{"desktop":{"background-color":"var(--ast-global-color-5)","background-image":"","background-repeat":"repeat","background-position":"center center","background-size":"auto","background-attachment":"scroll","background-type":"","background-media":"","overlay-type":"","overlay-color":"","overlay-gradient":""},"tablet":{"background-color":"var(--ast-global-color-5)","background-image":"","background-repeat":"repeat","background-position":"center center","background-size":"auto","background-attachment":"scroll","background-type":"","background-media":"","overlay-type":"","overlay-color":"","overlay-gradient":""},"mobile":{"background-color":"var(--ast-global-color-5)","background-image":"","background-repeat":"repeat","background-position":"center center","background-size":"auto","background-attachment":"scroll","background-type":"","background-media":"","overlay-type":"","overlay-color":"","overlay-gradient":""}}},"product_cat":[49,50,92,191],"product_tag":[184],"class_list":{"0":"post-1684","1":"product","2":"type-product","3":"status-publish","4":"has-post-thumbnail","6":"product_cat-san-pham-hot","7":"product_cat-san-pham-moi","8":"product_cat-xe-dap-banh-beo","9":"product_cat-xe-dap-dien-phong-cach","10":"product_tag-super-73","11":"desktop-align-left","12":"tablet-align-left","13":"mobile-align-left","14":"ast-product-gallery-layout-horizontal-slider","15":"ast-product-tabs-layout-horizontal","17":"first","18":"instock","19":"shipping-taxable","20":"purchasable","21":"product-type-simple"},"_links":{"self":[{"href":"https:\/\/antamebike.com\/index.php?rest_route=\/wp\/v2\/product\/1684","targetHints":{"allow":["GET"]}}],"collection":[{"href":"https:\/\/antamebike.com\/index.php?rest_route=\/wp\/v2\/product"}],"about":[{"href":"https:\/\/antamebike.com\/index.php?rest_route=\/wp\/v2\/types\/product"}],"replies":[{"embeddable":true,"href":"https:\/\/antamebike.com\/index.php?rest_route=%2Fwp%2Fv2%2Fcomments&post=1684"}],"wp:featuredmedia":[{"embeddable":true,"href":"https:\/\/antamebike.com\/index.php?rest_route=\/wp\/v2\/media\/2317"}],"wp:attachment":[{"href":"https:\/\/antamebike.com\/index.php?rest_route=%2Fwp%2Fv2%2Fmedia&parent=1684"}],"wp:term":[{"taxonomy":"product_cat","embeddable":true,"href":"https:\/\/antamebike.com\/index.php?rest_route=%2Fwp%2Fv2%2Fproduct_cat&post=1684"},{"taxonomy":"product_tag","embeddable":true,"href":"https:\/\/antamebike.com\/index.php?rest_route=%2Fwp%2Fv2%2Fproduct_tag&post=1684"}],"curies":[{"name":"wp","href":"https:\/\/api.w.org\/{rel}","templated":true}]}}