{"id":1747,"date":"2023-06-01T02:43:42","date_gmt":"2023-06-01T02:43:42","guid":{"rendered":"https:\/\/antamebike.com\/?post_type=product&#038;p=1747"},"modified":"2025-10-16T03:41:03","modified_gmt":"2025-10-16T03:41:03","slug":"xe-dap-dien-gap-gon-himo-z20-pro-2023","status":"publish","type":"product","link":"https:\/\/antamebike.com\/?product=xe-dap-dien-gap-gon-himo-z20-pro-2023","title":{"rendered":"HIMO Z20 Pro"},"content":{"rendered":"<h5><strong>Himo Z20 Pro 2023<\/strong> ch\u00ednh th\u1ee9c c\u1eadp b\u1ebfn th\u1ecb tr\u01b0\u1eddng Vi\u1ec7t Nam v\u00e0o trung tu\u1ea7n th\u00e1ng 5 n\u0103m 2023<\/h5>\n<p>Sau bao ng\u00e0y trong ng\u00f3ng c\u1ee7a c\u00e1c Fans HIMO th\u00ec <strong>HIMO Z20 Pro<\/strong> c\u00f3 th\u00eam trang b\u1ecb g\u00ec m\u00e0 \u0111\u00e1p \u1ee9ng s\u1ef1 mong \u0111\u1ee3i c\u1ee7a c\u00e1c Fans hay kh\u00f4ng?<\/p>\n<p><img loading=\"lazy\" decoding=\"async\" class=\"alignnone wp-image-3079 size-large\" src=\"https:\/\/antamebike.com\/wp-content\/uploads\/2023\/06\/Himo-Z20-Pro-T103-1024x1024.jpeg\" alt=\"\" width=\"1024\" height=\"1024\" srcset=\"https:\/\/antamebike.com\/wp-content\/uploads\/2023\/06\/Himo-Z20-Pro-T103-1024x1024.jpeg 1024w, https:\/\/antamebike.com\/wp-content\/uploads\/2023\/06\/Himo-Z20-Pro-T103-300x300.jpeg 300w, https:\/\/antamebike.com\/wp-content\/uploads\/2023\/06\/Himo-Z20-Pro-T103-150x150.jpeg 150w, https:\/\/antamebike.com\/wp-content\/uploads\/2023\/06\/Himo-Z20-Pro-T103-768x768.jpeg 768w, https:\/\/antamebike.com\/wp-content\/uploads\/2023\/06\/Himo-Z20-Pro-T103-600x600.jpeg 600w, https:\/\/antamebike.com\/wp-content\/uploads\/2023\/06\/Himo-Z20-Pro-T103-100x100.jpeg 100w, https:\/\/antamebike.com\/wp-content\/uploads\/2023\/06\/Himo-Z20-Pro-T103.jpeg 1080w\" sizes=\"auto, (max-width: 1024px) 100vw, 1024px\" \/><\/p>\n<p>V\u1ec1 c\u01a1 b\u1ea3n <strong>Himo Z20 Pro<\/strong> kh\u00f4ng kh\u00e1c g\u00ec nhi\u1ec1u so v\u1edbi <strong>Himo Z20 th\u01b0\u1eddng<\/strong>, nh\u01b0ng c\u00f3 3 c\u00e1i n\u00e2ng c\u1ea5p r\u1ea5t \u0111\u00e1ng gi\u00e1 m\u00e0 Fans Himo mong ch\u1edd \u0111\u00e3 r\u1ea5t l\u00e2u<\/p>\n<ol>\n<li>N\u00e2ng c\u1ea5p \u0111\u1ed9ng c\u01a1 l\u00ean 250w (peak 350w): gi\u00fap v\u1eadn t\u1ed1c \u0111i\u1ec7n l\u00ean \u0111\u01b0\u1ee3c 35km\/h<\/li>\n<li>Trang b\u1ecb c\u1eb7p Phu\u1ed9c tr\u01b0\u1edbc m\u00e0 Himo Z20 kh\u00f4ng c\u00f3, gi\u00fap xe v\u1eadn h\u00e0nh \u00eam \u00e1i \u0111\u1ee1 \u00ea tay h\u01a1n khi \u0111i qua c\u00e1c cung \u0111\u01b0\u1eddng \u0111\u1ecba h\u00ecnh g\u1ed3 gh\u1ec1<\/li>\n<li>Trang b\u1ecb c\u1eb7p l\u1ed1p 20 x 2.6 inch: ngh\u0129a l\u00e0 b\u00e1nh to h\u01a1n so v\u1edbi Z20 th\u01b0\u1eddng, B\u00e1nh Z20 pro s\u1ebd g\u1ea7n t\u01b0\u01a1ng \u0111\u01b0\u01a1ng v\u1edbi Engwe C20 pro. V\u1eady l\u00e0 trong ph\u00e2n kh\u00fac G\u1ea5p g\u1ecdn B\u00e1nh size 20 x 3 inch th\u00ec Engwe C20 pro gi\u1edd c\u00f3 th\u00eam \u0111\u1ed1i th\u1ee7 l\u00e0 Himo Z20 pro<\/li>\n<li>Trang b\u1ecb n\u00e2ng c\u1ea5p M\u00e0n h\u00ecnh \u0111i\u1ec1u khi\u1ec3n M\u00e0u HD xin x\u00f2 h\u01a1n Z20 tr\u01b0\u1edbc \u0111\u00e2y<\/li>\n<\/ol>\n<h4><strong>Phu\u1ed9c nh\u00fang tr\u01b0\u1edbc<\/strong><\/h4>\n<p><img loading=\"lazy\" decoding=\"async\" class=\"alignnone wp-image-1939 size-large\" src=\"https:\/\/antamebike.com\/wp-content\/uploads\/2023\/06\/Himo-Z20-Pro-3-logo-768x1024.jpg\" alt=\"\" width=\"768\" height=\"1024\" srcset=\"https:\/\/antamebike.com\/wp-content\/uploads\/2023\/06\/Himo-Z20-Pro-3-logo-768x1024.jpg 768w, https:\/\/antamebike.com\/wp-content\/uploads\/2023\/06\/Himo-Z20-Pro-3-logo-225x300.jpg 225w, https:\/\/antamebike.com\/wp-content\/uploads\/2023\/06\/Himo-Z20-Pro-3-logo-1152x1536.jpg 1152w, https:\/\/antamebike.com\/wp-content\/uploads\/2023\/06\/Himo-Z20-Pro-3-logo-1536x2048.jpg 1536w, https:\/\/antamebike.com\/wp-content\/uploads\/2023\/06\/Himo-Z20-Pro-3-logo-600x800.jpg 600w, https:\/\/antamebike.com\/wp-content\/uploads\/2023\/06\/Himo-Z20-Pro-3-logo-scaled.jpg 1920w\" sizes=\"auto, (max-width: 768px) 100vw, 768px\" \/><\/p>\n<h4><strong>M\u00e0n h\u00ecnh m\u00e0u<\/strong><\/h4>\n<p><img loading=\"lazy\" decoding=\"async\" class=\"alignnone wp-image-1672 size-large\" src=\"https:\/\/antamebike.com\/wp-content\/uploads\/2023\/05\/Himo-Z20-pro-MH-e1684638825996-1024x767.jpg\" sizes=\"auto, (max-width: 300px) 100vw, 300px\" srcset=\"https:\/\/antamebike.com\/wp-content\/uploads\/2023\/05\/Himo-Z20-pro-MH-e1684638825996-300x225.jpg 300w, https:\/\/antamebike.com\/wp-content\/uploads\/2023\/05\/Himo-Z20-pro-MH-e1684638825996-1024x767.jpg 1024w, https:\/\/antamebike.com\/wp-content\/uploads\/2023\/05\/Himo-Z20-pro-MH-e1684638825996-768x575.jpg 768w, https:\/\/antamebike.com\/wp-content\/uploads\/2023\/05\/Himo-Z20-pro-MH-e1684638825996-600x450.jpg 600w, https:\/\/antamebike.com\/wp-content\/uploads\/2023\/05\/Himo-Z20-pro-MH-e1684638825996.jpg 1276w\" alt=\"\" width=\"1024\" height=\"767\" \/><\/p>\n<h4><strong>\u0110\u1ed9ng c\u01a1 350w v\u00e0 B\u00e1nh to h\u01a1n 20 x 2.6 inch phong c\u00e1ch m\u1ea1nh m\u1ebd h\u01a1n\u00a0<\/strong><\/h4>\n<p><img loading=\"lazy\" decoding=\"async\" class=\"alignnone wp-image-1673 size-large\" src=\"https:\/\/antamebike.com\/wp-content\/uploads\/2023\/05\/Himo-Z20-Pro-20x3-1-1024x767.jpg\" sizes=\"auto, (max-width: 300px) 100vw, 300px\" srcset=\"https:\/\/antamebike.com\/wp-content\/uploads\/2023\/05\/Himo-Z20-Pro-20x3-1-300x225.jpg 300w, https:\/\/antamebike.com\/wp-content\/uploads\/2023\/05\/Himo-Z20-Pro-20x3-1-1024x767.jpg 1024w, https:\/\/antamebike.com\/wp-content\/uploads\/2023\/05\/Himo-Z20-Pro-20x3-1-768x575.jpg 768w, https:\/\/antamebike.com\/wp-content\/uploads\/2023\/05\/Himo-Z20-Pro-20x3-1-600x450.jpg 600w, https:\/\/antamebike.com\/wp-content\/uploads\/2023\/05\/Himo-Z20-Pro-20x3-1.jpg 1276w\" alt=\"\" width=\"1024\" height=\"767\" \/><\/p>\n<p>Himo Z20 Pro v\u1edbi trang b\u1ecb L\u1ed1p 20x 2.6inch gi\u00fap xe nh\u00ecn r\u1ea5t m\u1ea1nh m\u1ebd, th\u1ec3 thao v\u00e0 khi v\u1eadn h\u00e0nh xe ch\u1eafc ch\u1eafn v\u1eefng ch\u00e3i h\u01a1n nhi\u1ec1u so v\u1edbi Z20 l\u1ed1p ch\u1ec9 20&#215;2.0 inch<\/p>\n<p>V\u1edbi \u0111\u1ed9ng c\u01a1 m\u1edbi gi\u00fap v\u1eadn t\u1ed1c l\u00ean \u0111\u1ebfn 35km\/h gi\u1edd \u0111\u1ea1p tr\u1ee3 l\u1ef1c \u0111i\u1ec7n v\u1edbi Z20 Pro n\u00f3 tho\u1ea3i m\u00e1i h\u01a1n h\u1eb5n<\/p>\n<p><img loading=\"lazy\" decoding=\"async\" class=\"alignnone wp-image-3078 size-large\" src=\"https:\/\/antamebike.com\/wp-content\/uploads\/2023\/06\/Himo-Z20-Pro-T102-1024x1024.jpeg\" alt=\"\" width=\"1024\" height=\"1024\" srcset=\"https:\/\/antamebike.com\/wp-content\/uploads\/2023\/06\/Himo-Z20-Pro-T102-1024x1024.jpeg 1024w, https:\/\/antamebike.com\/wp-content\/uploads\/2023\/06\/Himo-Z20-Pro-T102-300x300.jpeg 300w, https:\/\/antamebike.com\/wp-content\/uploads\/2023\/06\/Himo-Z20-Pro-T102-150x150.jpeg 150w, https:\/\/antamebike.com\/wp-content\/uploads\/2023\/06\/Himo-Z20-Pro-T102-768x768.jpeg 768w, https:\/\/antamebike.com\/wp-content\/uploads\/2023\/06\/Himo-Z20-Pro-T102-600x600.jpeg 600w, https:\/\/antamebike.com\/wp-content\/uploads\/2023\/06\/Himo-Z20-Pro-T102-100x100.jpeg 100w, https:\/\/antamebike.com\/wp-content\/uploads\/2023\/06\/Himo-Z20-Pro-T102.jpeg 1080w\" sizes=\"auto, (max-width: 1024px) 100vw, 1024px\" \/><\/p>\n<p>V\u1edbi ki\u1ec3u d\u00e1ng th\u1ec3 thao m\u1ea1nh m\u1ebd h\u01a1n c\u00f9ng v\u1edbi nh\u1eefng trang b\u1ecb b\u1ecb n\u00e2ng c\u1ea5p \u0111\u00e1ng gi\u00e1 tr\u00ean th\u00ec r\u00f5 r\u00e0ng Himo Z20 Pro l\u00e0 1 s\u1ef1 l\u1ef1a ch\u1ecdn \u0111\u00e1ng gi\u00e1 cho ng\u01b0\u1eddi d\u00f9ng y\u00eau th\u00edch d\u00f2ng xe G\u1ea5p g\u1ecdn<\/p>\n<p>Gi\u00e1 Khuy\u1ebfn m\u00e3i c\u1ee7a Himo Z20 Pro t\u1ea1i An T\u00e2m Ebike hi\u1ec7n t\u1ea7m kho\u1ea3ng: 16 Tr<\/p>\n<p>M\u1ee9c gi\u00e1 n\u00e0y<strong>\u00a0<\/strong>c\u00f9ng ch\u1ea5t l\u01b0\u1ee3ng ho\u00e0n thi\u1ec7n cao c\u1ea5p c\u1ee7a nh\u00e0 Xiaomi th\u00ec\u00a0<strong>Himo Z20 Pro<\/strong> c\u00f3 th\u1ec3 s\u1ebd l\u00e0 s\u1ef1 l\u1ef1a ch\u1ecdn kh\u00e1 l\u1edbn c\u1ee7a ng\u01b0\u1eddi d\u00f9ng khi so s\u00e1nh v\u1edbi\u00a0<strong>Engwe C20 Pro<\/strong><\/p>\n<p><img loading=\"lazy\" decoding=\"async\" class=\"alignnone size-large wp-image-3077\" src=\"https:\/\/antamebike.com\/wp-content\/uploads\/2023\/06\/Himo-Z20-Pro-T101-1024x1024.jpeg\" alt=\"\" width=\"1024\" height=\"1024\" srcset=\"https:\/\/antamebike.com\/wp-content\/uploads\/2023\/06\/Himo-Z20-Pro-T101-1024x1024.jpeg 1024w, https:\/\/antamebike.com\/wp-content\/uploads\/2023\/06\/Himo-Z20-Pro-T101-300x300.jpeg 300w, https:\/\/antamebike.com\/wp-content\/uploads\/2023\/06\/Himo-Z20-Pro-T101-150x150.jpeg 150w, https:\/\/antamebike.com\/wp-content\/uploads\/2023\/06\/Himo-Z20-Pro-T101-768x768.jpeg 768w, https:\/\/antamebike.com\/wp-content\/uploads\/2023\/06\/Himo-Z20-Pro-T101-600x600.jpeg 600w, https:\/\/antamebike.com\/wp-content\/uploads\/2023\/06\/Himo-Z20-Pro-T101-100x100.jpeg 100w, https:\/\/antamebike.com\/wp-content\/uploads\/2023\/06\/Himo-Z20-Pro-T101.jpeg 1080w\" sizes=\"auto, (max-width: 1024px) 100vw, 1024px\" \/><\/p>\n<p>D\u00f9 l\u00e0 ch\u1ecdn Himo Z20 Pro hay Engwe C20 Pro th\u00ec khi mua t\u1ea1i An T\u00e2m Ebike s\u1ebd lu\u00f4n c\u00f3 m\u1ee9c gi\u00e1 \u01b0u \u0111\u00e3i t\u1ed1t nh\u1ea5t nh\u00e9.<\/p>\n<p>By antamebike.com<\/p>\n<p>&nbsp;<\/p>\n","protected":false},"excerpt":{"rendered":"<p>Himo Z20 Pro 2026: v\u1edbi Baga ch\u00ednh h\u00e3ng<\/p>\n<ul>\n<li>M\u00e0n h\u00ecnh LCD<\/li>\n<li>\u0110\u1ed9ng c\u01a1 350w gi\u00fap v\u1eadn t\u1ed1c \u0111i\u1ec7n l\u00ean <strong>33km\/h<\/strong><\/li>\n<li>Trang b\u1ecb <strong>Phu\u1ed9c nh\u00fang tr\u01b0\u1edbc<\/strong> \u0111\u1ec3 \u0111\u1ea1p y\u00eam \u00e1i h\u01a1n<\/li>\n<li><strong><em>B\u00e1nh to h\u01a1n<\/em><\/strong> v\u1edbi k\u00edch th\u01b0\u1edbc 20 x 2.6 inch<\/li>\n<li>Tay ga ch\u1edd b\u1eb1ng cao su ti\u1ec7n d\u1ee5ng h\u01a1n<\/li>\n<\/ul>\n","protected":false},"featured_media":3064,"comment_status":"open","ping_status":"closed","template":"","meta":{"site-sidebar-layout":"default","site-content-layout":"default","ast-site-content-layout":"default","site-content-style":"default","site-sidebar-style":"default","ast-global-header-display":"","ast-banner-title-visibility":"","ast-main-header-display":"","ast-hfb-above-header-display":"","ast-hfb-below-header-display":"","ast-hfb-mobile-header-display":"","site-post-title":"","ast-breadcrumbs-content":"","ast-featured-img":"","footer-sml-layout":"","theme-transparent-header-meta":"default","adv-header-id-meta":"","stick-header-meta":"","header-above-stick-meta":"","header-main-stick-meta":"","header-below-stick-meta":"","astra-migrate-meta-layouts":"set","ast-page-background-enabled":"default","ast-page-background-meta":{"desktop":{"background-color":"var(--ast-global-color-4)","background-image":"","background-repeat":"repeat","background-position":"center center","background-size":"auto","background-attachment":"scroll","background-type":"","background-media":"","overlay-type":"","overlay-color":"","overlay-gradient":""},"tablet":{"background-color":"","background-image":"","background-repeat":"repeat","background-position":"center center","background-size":"auto","background-attachment":"scroll","background-type":"","background-media":"","overlay-type":"","overlay-color":"","overlay-gradient":""},"mobile":{"background-color":"","background-image":"","background-repeat":"repeat","background-position":"center center","background-size":"auto","background-attachment":"scroll","background-type":"","background-media":"","overlay-type":"","overlay-color":"","overlay-gradient":""}},"ast-content-background-meta":{"desktop":{"background-color":"var(--ast-global-color-5)","background-image":"","background-repeat":"repeat","background-position":"center center","background-size":"auto","background-attachment":"scroll","background-type":"","background-media":"","overlay-type":"","overlay-color":"","overlay-gradient":""},"tablet":{"background-color":"var(--ast-global-color-5)","background-image":"","background-repeat":"repeat","background-position":"center center","background-size":"auto","background-attachment":"scroll","background-type":"","background-media":"","overlay-type":"","overlay-color":"","overlay-gradient":""},"mobile":{"background-color":"var(--ast-global-color-5)","background-image":"","background-repeat":"repeat","background-position":"center center","background-size":"auto","background-attachment":"scroll","background-type":"","background-media":"","overlay-type":"","overlay-color":"","overlay-gradient":""}}},"product_cat":[41,38,39],"product_tag":[27,185,120,121],"class_list":{"0":"post-1747","1":"product","2":"type-product","3":"status-publish","4":"has-post-thumbnail","6":"product_cat-thuong-hieu-himo","7":"product_cat-xe-dap-gap","8":"product_cat-xe-dap-size-20","9":"product_tag-himo","10":"product_tag-himo-z20-pro","11":"product_tag-xedapdien","12":"product_tag-xedapdientroluc","13":"desktop-align-left","14":"tablet-align-left","15":"mobile-align-left","16":"ast-product-gallery-layout-horizontal-slider","17":"ast-product-tabs-layout-horizontal","19":"first","20":"instock","21":"sale","22":"shipping-taxable","23":"purchasable","24":"product-type-simple"},"_links":{"self":[{"href":"https:\/\/antamebike.com\/index.php?rest_route=\/wp\/v2\/product\/1747","targetHints":{"allow":["GET"]}}],"collection":[{"href":"https:\/\/antamebike.com\/index.php?rest_route=\/wp\/v2\/product"}],"about":[{"href":"https:\/\/antamebike.com\/index.php?rest_route=\/wp\/v2\/types\/product"}],"replies":[{"embeddable":true,"href":"https:\/\/antamebike.com\/index.php?rest_route=%2Fwp%2Fv2%2Fcomments&post=1747"}],"wp:featuredmedia":[{"embeddable":true,"href":"https:\/\/antamebike.com\/index.php?rest_route=\/wp\/v2\/media\/3064"}],"wp:attachment":[{"href":"https:\/\/antamebike.com\/index.php?rest_route=%2Fwp%2Fv2%2Fmedia&parent=1747"}],"wp:term":[{"taxonomy":"product_cat","embeddable":true,"href":"https:\/\/antamebike.com\/index.php?rest_route=%2Fwp%2Fv2%2Fproduct_cat&post=1747"},{"taxonomy":"product_tag","embeddable":true,"href":"https:\/\/antamebike.com\/index.php?rest_route=%2Fwp%2Fv2%2Fproduct_tag&post=1747"}],"curies":[{"name":"wp","href":"https:\/\/api.w.org\/{rel}","templated":true}]}}