{"id":1761,"date":"2023-06-09T08:40:57","date_gmt":"2023-06-09T08:40:57","guid":{"rendered":"https:\/\/antamebike.com\/?post_type=product&#038;p=1761"},"modified":"2025-04-15T07:34:48","modified_gmt":"2025-04-15T07:34:48","slug":"xe-dap-dien-banh-beo-khung-thap-engwe-l20-2023","status":"publish","type":"product","link":"https:\/\/antamebike.com\/?product=xe-dap-dien-banh-beo-khung-thap-engwe-l20-2023","title":{"rendered":"Xe \u0111\u1ea1p \u0111i\u1ec7n B\u00e1nh B\u00e9o Khung Th\u1ea5p Engwe L20 2023"},"content":{"rendered":"<h2>Xe \u0111\u1ea1p \u0111i\u1ec7n B\u00e1nh B\u00e9o Khung Th\u1ea5p &#8211; Engwe L20 M\u1edbi nh\u1ea5t n\u0103m 2023<\/h2>\n<p><img loading=\"lazy\" decoding=\"async\" class=\"alignnone wp-image-1767 size-large\" src=\"https:\/\/antamebike.com\/wp-content\/uploads\/2023\/06\/Engwe-L20-Banner-3-1024x490.jpeg\" alt=\"\" width=\"1024\" height=\"490\" srcset=\"https:\/\/antamebike.com\/wp-content\/uploads\/2023\/06\/Engwe-L20-Banner-3-1024x490.jpeg 1024w, https:\/\/antamebike.com\/wp-content\/uploads\/2023\/06\/Engwe-L20-Banner-3-300x144.jpeg 300w, https:\/\/antamebike.com\/wp-content\/uploads\/2023\/06\/Engwe-L20-Banner-3-768x368.jpeg 768w, https:\/\/antamebike.com\/wp-content\/uploads\/2023\/06\/Engwe-L20-Banner-3-1536x735.jpeg 1536w, https:\/\/antamebike.com\/wp-content\/uploads\/2023\/06\/Engwe-L20-Banner-3-600x287.jpeg 600w, https:\/\/antamebike.com\/wp-content\/uploads\/2023\/06\/Engwe-L20-Banner-3.jpeg 1920w\" sizes=\"auto, (max-width: 1024px) 100vw, 1024px\" \/><\/p>\n<h6>Engwe L20 d\u1ef1 s\u1ebd l\u00e0 1 m\u1ed9t chi\u1ebfc xe r\u1ea5t Hot trong th\u1eddi gian t\u1edbi v\u00ec Ki\u1ec3u d\u00e1ng phong c\u00e1ch qu\u00e1 \u0111\u1eb9p v\u00e0 ti\u1ec7n d\u1ee5ng. \u0110\u1eb7c bi\u1ec7t l\u00e0 cho Ph\u00e1i n\u1eef hay ng\u01b0\u1eddi d\u00f9ng trung ni\u00ean tr\u1edf l\u00ean<\/h6>\n<p><img loading=\"lazy\" decoding=\"async\" class=\"alignnone wp-image-1772 size-large\" src=\"https:\/\/antamebike.com\/wp-content\/uploads\/2023\/06\/Engwe-L20-Banner-1-1024x515.jpeg\" alt=\"\" width=\"1024\" height=\"515\" srcset=\"https:\/\/antamebike.com\/wp-content\/uploads\/2023\/06\/Engwe-L20-Banner-1-1024x515.jpeg 1024w, https:\/\/antamebike.com\/wp-content\/uploads\/2023\/06\/Engwe-L20-Banner-1-300x151.jpeg 300w, https:\/\/antamebike.com\/wp-content\/uploads\/2023\/06\/Engwe-L20-Banner-1-768x386.jpeg 768w, https:\/\/antamebike.com\/wp-content\/uploads\/2023\/06\/Engwe-L20-Banner-1-1536x772.jpeg 1536w, https:\/\/antamebike.com\/wp-content\/uploads\/2023\/06\/Engwe-L20-Banner-1-600x302.jpeg 600w, https:\/\/antamebike.com\/wp-content\/uploads\/2023\/06\/Engwe-L20-Banner-1.jpeg 1920w\" sizes=\"auto, (max-width: 1024px) 100vw, 1024px\" \/><\/p>\n<ol>\n<li>\n<h4><strong>\u0110\u1ed8NG C\u01a0 KH\u00d4NG CH\u1ed4I THAN 750W<\/strong><\/h4>\n<\/li>\n<\/ol>\n<p><img loading=\"lazy\" decoding=\"async\" class=\"alignnone wp-image-1773 size-large\" src=\"https:\/\/antamebike.com\/wp-content\/uploads\/2023\/06\/Engwe-L20-motor-1024x527.jpeg\" alt=\"\" width=\"1024\" height=\"527\" srcset=\"https:\/\/antamebike.com\/wp-content\/uploads\/2023\/06\/Engwe-L20-motor-1024x527.jpeg 1024w, https:\/\/antamebike.com\/wp-content\/uploads\/2023\/06\/Engwe-L20-motor-300x155.jpeg 300w, https:\/\/antamebike.com\/wp-content\/uploads\/2023\/06\/Engwe-L20-motor-768x396.jpeg 768w, https:\/\/antamebike.com\/wp-content\/uploads\/2023\/06\/Engwe-L20-motor-1536x791.jpeg 1536w, https:\/\/antamebike.com\/wp-content\/uploads\/2023\/06\/Engwe-L20-motor-600x309.jpeg 600w, https:\/\/antamebike.com\/wp-content\/uploads\/2023\/06\/Engwe-L20-motor.jpeg 1920w\" sizes=\"auto, (max-width: 1024px) 100vw, 1024px\" \/><\/p>\n<p>Engwe L20 \u0111\u01b0\u1ee3c trang b\u1ecb \u0111\u1ed9ng c\u01a1 kh\u00f4ng ch\u1ed5i than v\u1eeba m\u1ea1nh m\u1ebd v\u1eeba y\u00eam \u00e1i, th\u00ec t\u0103ng t\u1ed1c l\u00ean 45km\/h qu\u00e1 d\u1ec5 d\u00e0ng v\u1edbi L20<\/p>\n<h4><strong>2. PIN LITIUM dung l\u01b0\u1ee3ng cao 48V 13Ah<\/strong><\/h4>\n<p><img loading=\"lazy\" decoding=\"async\" class=\"alignnone wp-image-1774 size-large\" src=\"https:\/\/antamebike.com\/wp-content\/uploads\/2023\/06\/Engwe-L20-green-scaled-e1686301444805-1024x839.jpeg\" alt=\"\" width=\"1024\" height=\"839\" srcset=\"https:\/\/antamebike.com\/wp-content\/uploads\/2023\/06\/Engwe-L20-green-scaled-e1686301444805-1024x839.jpeg 1024w, https:\/\/antamebike.com\/wp-content\/uploads\/2023\/06\/Engwe-L20-green-scaled-e1686301444805-300x246.jpeg 300w, https:\/\/antamebike.com\/wp-content\/uploads\/2023\/06\/Engwe-L20-green-scaled-e1686301444805-768x629.jpeg 768w, https:\/\/antamebike.com\/wp-content\/uploads\/2023\/06\/Engwe-L20-green-scaled-e1686301444805-1536x1258.jpeg 1536w, https:\/\/antamebike.com\/wp-content\/uploads\/2023\/06\/Engwe-L20-green-scaled-e1686301444805-600x492.jpeg 600w, https:\/\/antamebike.com\/wp-content\/uploads\/2023\/06\/Engwe-L20-green-scaled-e1686301444805.jpeg 1836w\" sizes=\"auto, (max-width: 1024px) 100vw, 1024px\" \/><\/p>\n<h6>Engwe L20 v\u1edbi kh\u1ed1i <strong>Pin Litium 48V 13Ah<\/strong> \u0111\u00e3 h\u1ed7 tr\u1ee3 r\u1ea5t l\u1edbn cho \u0111\u1ed9ng c\u00f3 750w gi\u00fap t\u0103ng t\u1ed1c d\u1ec5 d\u00e0ng, m\u00e0 c\u00f2n n\u00e2ng qu\u00e3ng \u0111\u01b0\u1eddng tr\u1ee3 l\u1ef1c \u0111i\u1ec7n cho Engwe L20 l\u00ean \u0111\u1ebfn 120Km.<\/h6>\n<p><img loading=\"lazy\" decoding=\"async\" class=\"alignnone wp-image-1775 size-large\" src=\"https:\/\/antamebike.com\/wp-content\/uploads\/2023\/06\/Engwe-L20-range-1024x532.jpeg\" alt=\"\" width=\"1024\" height=\"532\" srcset=\"https:\/\/antamebike.com\/wp-content\/uploads\/2023\/06\/Engwe-L20-range-1024x532.jpeg 1024w, https:\/\/antamebike.com\/wp-content\/uploads\/2023\/06\/Engwe-L20-range-300x156.jpeg 300w, https:\/\/antamebike.com\/wp-content\/uploads\/2023\/06\/Engwe-L20-range-768x399.jpeg 768w, https:\/\/antamebike.com\/wp-content\/uploads\/2023\/06\/Engwe-L20-range-1536x798.jpeg 1536w, https:\/\/antamebike.com\/wp-content\/uploads\/2023\/06\/Engwe-L20-range-600x312.jpeg 600w, https:\/\/antamebike.com\/wp-content\/uploads\/2023\/06\/Engwe-L20-range.jpeg 1920w\" sizes=\"auto, (max-width: 1024px) 100vw, 1024px\" \/><\/p>\n<p>\u0110\u1ed3ng th\u1eddi vi\u00ean Pin Litium c\u1ee7a L20 \u0111\u01b0\u1ee3c b\u1ed1 tr\u00ed \u1edf v\u1ecb tr\u00ed r\u1ea5t thu\u1eadn ti\u1ec7n l\u1ea5y ra d\u1ec5 d\u00e0ng n\u00ean c\u00f3 th\u1ec3 s\u1ea1c \u0111\u01b0\u01a1c b\u1ea5t k\u1ef3 \u0111\u00e2u, b\u1ea5t k\u00fd l\u00fac n\u00e0o m\u1ed9t c\u00e1ch kh\u00e1 tho\u00e1i m\u00e1i<\/p>\n<h4><strong>3. C\u00c1C TRANG B\u1eca CAO C\u1ea4P KH\u00c1C<\/strong><\/h4>\n<h5><\/h5>\n<h5><strong>Gi\u00e1 \u0111\u1ec3 \u0111\u1ed3 ph\u00eda tr\u01b0\u1edbc kh\u00e1 ti\u1ec7n d\u1ee5ng v\u00e0 th\u1eddi trang<\/strong><\/h5>\n<p><img loading=\"lazy\" decoding=\"async\" class=\"alignnone wp-image-1769 size-large\" src=\"https:\/\/antamebike.com\/wp-content\/uploads\/2023\/06\/Engwe-L20-front-rack-735x1024.jpeg\" alt=\"\" width=\"735\" height=\"1024\" srcset=\"https:\/\/antamebike.com\/wp-content\/uploads\/2023\/06\/Engwe-L20-front-rack-735x1024.jpeg 735w, https:\/\/antamebike.com\/wp-content\/uploads\/2023\/06\/Engwe-L20-front-rack-215x300.jpeg 215w, https:\/\/antamebike.com\/wp-content\/uploads\/2023\/06\/Engwe-L20-front-rack-768x1070.jpeg 768w, https:\/\/antamebike.com\/wp-content\/uploads\/2023\/06\/Engwe-L20-front-rack-1103x1536.jpeg 1103w, https:\/\/antamebike.com\/wp-content\/uploads\/2023\/06\/Engwe-L20-front-rack-1470x2048.jpeg 1470w, https:\/\/antamebike.com\/wp-content\/uploads\/2023\/06\/Engwe-L20-front-rack-600x836.jpeg 600w, https:\/\/antamebike.com\/wp-content\/uploads\/2023\/06\/Engwe-L20-front-rack-scaled.jpeg 1838w\" sizes=\"auto, (max-width: 735px) 100vw, 735px\" \/><\/p>\n<h5><\/h5>\n<h5><strong>Engwe L20 v\u1edbi G\u00e1c Baga<\/strong> kh\u00e1 c\u1ee9ng c\u00e1p v\u00e0 h\u1ea7m h\u1ed1 v\u1edbi kh\u1ea3 n\u0103ng ch\u1ecbu t\u1ea3i l\u00ean c\u1ea3 100Kg<\/h5>\n<p><img loading=\"lazy\" decoding=\"async\" class=\"alignnone wp-image-1776 size-full\" src=\"https:\/\/antamebike.com\/wp-content\/uploads\/2023\/06\/Engwe-L20-Baga.jpeg\" alt=\"\" width=\"500\" height=\"500\" srcset=\"https:\/\/antamebike.com\/wp-content\/uploads\/2023\/06\/Engwe-L20-Baga.jpeg 500w, https:\/\/antamebike.com\/wp-content\/uploads\/2023\/06\/Engwe-L20-Baga-300x300.jpeg 300w, https:\/\/antamebike.com\/wp-content\/uploads\/2023\/06\/Engwe-L20-Baga-150x150.jpeg 150w, https:\/\/antamebike.com\/wp-content\/uploads\/2023\/06\/Engwe-L20-Baga-100x100.jpeg 100w\" sizes=\"auto, (max-width: 500px) 100vw, 500px\" \/><\/p>\n<h6>B\u00e1nh B\u00e9o 20 x 4 Inch k\u1ebft h\u1ee3p v\u1edbi h\u1ec7 th\u1ed1ng Phu\u1ed9t nh\u00fang x\u1ecbn th\u00ec tha h\u1ed3 offroad tr\u00ean m\u1ecdi cung \u0111\u01b0\u1eddng g\u1ed3 gh\u1ec1 \u0111\u00e8o d\u1ed1c<\/h6>\n<p><img loading=\"lazy\" decoding=\"async\" class=\"alignnone wp-image-1777 size-large\" src=\"https:\/\/antamebike.com\/wp-content\/uploads\/2023\/06\/Engwe-L20-fat-tire-735x1024.jpeg\" alt=\"\" width=\"735\" height=\"1024\" srcset=\"https:\/\/antamebike.com\/wp-content\/uploads\/2023\/06\/Engwe-L20-fat-tire-735x1024.jpeg 735w, https:\/\/antamebike.com\/wp-content\/uploads\/2023\/06\/Engwe-L20-fat-tire-215x300.jpeg 215w, https:\/\/antamebike.com\/wp-content\/uploads\/2023\/06\/Engwe-L20-fat-tire-768x1070.jpeg 768w, https:\/\/antamebike.com\/wp-content\/uploads\/2023\/06\/Engwe-L20-fat-tire-1103x1536.jpeg 1103w, https:\/\/antamebike.com\/wp-content\/uploads\/2023\/06\/Engwe-L20-fat-tire-1470x2048.jpeg 1470w, https:\/\/antamebike.com\/wp-content\/uploads\/2023\/06\/Engwe-L20-fat-tire-600x836.jpeg 600w, https:\/\/antamebike.com\/wp-content\/uploads\/2023\/06\/Engwe-L20-fat-tire-scaled.jpeg 1838w\" sizes=\"auto, (max-width: 735px) 100vw, 735px\" \/><\/p>\n<p><img loading=\"lazy\" decoding=\"async\" class=\"alignnone wp-image-1778 size-large\" src=\"https:\/\/antamebike.com\/wp-content\/uploads\/2023\/06\/Engwe-L20-Banner-4-1-1024x590.jpeg\" alt=\"\" width=\"1024\" height=\"590\" srcset=\"https:\/\/antamebike.com\/wp-content\/uploads\/2023\/06\/Engwe-L20-Banner-4-1-1024x590.jpeg 1024w, https:\/\/antamebike.com\/wp-content\/uploads\/2023\/06\/Engwe-L20-Banner-4-1-300x173.jpeg 300w, https:\/\/antamebike.com\/wp-content\/uploads\/2023\/06\/Engwe-L20-Banner-4-1-768x443.jpeg 768w, https:\/\/antamebike.com\/wp-content\/uploads\/2023\/06\/Engwe-L20-Banner-4-1-1536x886.jpeg 1536w, https:\/\/antamebike.com\/wp-content\/uploads\/2023\/06\/Engwe-L20-Banner-4-1-600x346.jpeg 600w, https:\/\/antamebike.com\/wp-content\/uploads\/2023\/06\/Engwe-L20-Banner-4-1.jpeg 1920w\" sizes=\"auto, (max-width: 1024px) 100vw, 1024px\" \/><\/p>\n<p>&nbsp;<\/p>\n<h5>Kh\u00f4ng th\u1ec3 thi\u1ebfu B\u1ed9 L\u00edp Shimano 7 c\u1ea5p v\u00e0 2 th\u1eafng \u0111\u0129a xin x\u00f2 d\u00e0nh cho t\u00edn \u0111\u1ed3 th\u00edch \u0111\u1ea1p<\/h5>\n<p><img loading=\"lazy\" decoding=\"async\" class=\"alignnone wp-image-1779 size-large\" src=\"https:\/\/antamebike.com\/wp-content\/uploads\/2023\/06\/Engwe-L20-shimano-735x1024.jpeg\" alt=\"\" width=\"735\" height=\"1024\" srcset=\"https:\/\/antamebike.com\/wp-content\/uploads\/2023\/06\/Engwe-L20-shimano-735x1024.jpeg 735w, https:\/\/antamebike.com\/wp-content\/uploads\/2023\/06\/Engwe-L20-shimano-215x300.jpeg 215w, https:\/\/antamebike.com\/wp-content\/uploads\/2023\/06\/Engwe-L20-shimano-768x1070.jpeg 768w, https:\/\/antamebike.com\/wp-content\/uploads\/2023\/06\/Engwe-L20-shimano-1103x1536.jpeg 1103w, https:\/\/antamebike.com\/wp-content\/uploads\/2023\/06\/Engwe-L20-shimano-1470x2048.jpeg 1470w, https:\/\/antamebike.com\/wp-content\/uploads\/2023\/06\/Engwe-L20-shimano-600x836.jpeg 600w, https:\/\/antamebike.com\/wp-content\/uploads\/2023\/06\/Engwe-L20-shimano-scaled.jpeg 1838w\" sizes=\"auto, (max-width: 735px) 100vw, 735px\" \/><\/p>\n<h5><\/h5>\n<h5>\u0110\u1ed3ng h\u1ed3 tr\u1ef1c quan nh\u00ecn r\u00f5 \u00e1nh s\u00e1ng ngo\u00e0i tr\u1eddi, v\u1edbi 5 ch\u1ebf \u0111\u1ed9 l\u00e1i chuy\u1ec3n \u0111\u1ed5i linh ho\u1ea1t cho ph\u00f9 h\u1ee3p t\u1eebng cung \u0111\u01b0\u1eddng.<\/h5>\n<p><img loading=\"lazy\" decoding=\"async\" class=\"alignnone wp-image-1008 size-large\" src=\"https:\/\/antamebike.com\/wp-content\/uploads\/2022\/11\/Engwe-C20-pro-Clear-At-A-Glance-1024x479.jpg\" alt=\"Engwe C20 pro \u0111\u1ed3ng h\u1ed3\" width=\"1024\" height=\"479\" srcset=\"https:\/\/antamebike.com\/wp-content\/uploads\/2022\/11\/Engwe-C20-pro-Clear-At-A-Glance-1024x479.jpg 1024w, https:\/\/antamebike.com\/wp-content\/uploads\/2022\/11\/Engwe-C20-pro-Clear-At-A-Glance-300x140.jpg 300w, https:\/\/antamebike.com\/wp-content\/uploads\/2022\/11\/Engwe-C20-pro-Clear-At-A-Glance-768x360.jpg 768w, https:\/\/antamebike.com\/wp-content\/uploads\/2022\/11\/Engwe-C20-pro-Clear-At-A-Glance-1536x719.jpg 1536w, https:\/\/antamebike.com\/wp-content\/uploads\/2022\/11\/Engwe-C20-pro-Clear-At-A-Glance-600x281.jpg 600w, https:\/\/antamebike.com\/wp-content\/uploads\/2022\/11\/Engwe-C20-pro-Clear-At-A-Glance.jpg 1920w\" sizes=\"auto, (max-width: 1024px) 100vw, 1024px\" \/><\/p>\n<p><img loading=\"lazy\" decoding=\"async\" class=\"alignnone wp-image-814 size-full\" src=\"https:\/\/antamebike.com\/wp-content\/uploads\/2022\/10\/xengwe-c20-pro-yen.jpeg\" alt=\"\" width=\"800\" height=\"810\" srcset=\"https:\/\/antamebike.com\/wp-content\/uploads\/2022\/10\/xengwe-c20-pro-yen.jpeg 800w, https:\/\/antamebike.com\/wp-content\/uploads\/2022\/10\/xengwe-c20-pro-yen-296x300.jpeg 296w, https:\/\/antamebike.com\/wp-content\/uploads\/2022\/10\/xengwe-c20-pro-yen-768x778.jpeg 768w, https:\/\/antamebike.com\/wp-content\/uploads\/2022\/10\/xengwe-c20-pro-yen-600x608.jpeg 600w, https:\/\/antamebike.com\/wp-content\/uploads\/2022\/10\/xengwe-c20-pro-yen-100x100.jpeg 100w\" sizes=\"auto, (max-width: 800px) 100vw, 800px\" \/><\/p>\n<h5>Engwe L20 ra m\u1eaft v\u1edbi 4 m\u00e0u kh\u00e1 th\u1eddi trang<\/h5>\n<p><img loading=\"lazy\" decoding=\"async\" class=\"alignnone wp-image-1780 size-large\" src=\"https:\/\/antamebike.com\/wp-content\/uploads\/2023\/06\/Engwe-L20-Banner-2-1024x517.jpeg\" alt=\"\" width=\"1024\" height=\"517\" srcset=\"https:\/\/antamebike.com\/wp-content\/uploads\/2023\/06\/Engwe-L20-Banner-2-1024x517.jpeg 1024w, https:\/\/antamebike.com\/wp-content\/uploads\/2023\/06\/Engwe-L20-Banner-2-300x152.jpeg 300w, https:\/\/antamebike.com\/wp-content\/uploads\/2023\/06\/Engwe-L20-Banner-2-768x388.jpeg 768w, https:\/\/antamebike.com\/wp-content\/uploads\/2023\/06\/Engwe-L20-Banner-2-1536x776.jpeg 1536w, https:\/\/antamebike.com\/wp-content\/uploads\/2023\/06\/Engwe-L20-Banner-2-600x303.jpeg 600w, https:\/\/antamebike.com\/wp-content\/uploads\/2023\/06\/Engwe-L20-Banner-2.jpeg 1920w\" sizes=\"auto, (max-width: 1024px) 100vw, 1024px\" \/><\/p>\n<h6>T\u00f3m l\u1ea1i Engwe L20 v\u1edbi ki\u1ec3u d\u00e1ng c\u1ed5 \u0111i\u1ec3n m\u00e0 mang phong c\u00e1ch hi\u1ec7n \u0111\u1ea1i, m\u1ea1nh m\u1ebd. V\u1edbi trang b\u1ecb v\u00e0 t\u00ednh n\u0103ng v\u01b0\u1ee3t tr\u1ed9i. D\u1ef1 ki\u1ebfn trong th\u1eddi gian s\u1eafp t\u1edbi s\u1ebd l\u00e0m m\u1eabu xe r\u1ea5t h\u1ea5p d\u1eabn tr\u00ean th\u1ecb tr\u01b0\u1eddng.<\/h6>\n<p><img loading=\"lazy\" decoding=\"async\" class=\"alignnone wp-image-1768 size-large\" src=\"https:\/\/antamebike.com\/wp-content\/uploads\/2023\/06\/Engwe-L20-Banner-5-1024x578.jpeg\" alt=\"\" width=\"1024\" height=\"578\" srcset=\"https:\/\/antamebike.com\/wp-content\/uploads\/2023\/06\/Engwe-L20-Banner-5-1024x578.jpeg 1024w, https:\/\/antamebike.com\/wp-content\/uploads\/2023\/06\/Engwe-L20-Banner-5-300x169.jpeg 300w, https:\/\/antamebike.com\/wp-content\/uploads\/2023\/06\/Engwe-L20-Banner-5-768x434.jpeg 768w, https:\/\/antamebike.com\/wp-content\/uploads\/2023\/06\/Engwe-L20-Banner-5-1536x867.jpeg 1536w, https:\/\/antamebike.com\/wp-content\/uploads\/2023\/06\/Engwe-L20-Banner-5-600x339.jpeg 600w, https:\/\/antamebike.com\/wp-content\/uploads\/2023\/06\/Engwe-L20-Banner-5.jpeg 1920w\" sizes=\"auto, (max-width: 1024px) 100vw, 1024px\" \/><\/p>\n<h6>Khi mua Engwe L20 t\u1ea1i An T\u00e2m Ebike anh\/ch\u1ecb s\u1ebd lu\u00f4n c\u00f3 gi\u00e1 t\u1ed1t nh\u1ea5t v\u00e0 ch\u01b0\u01a1ng tr\u00ecnh khuy\u1ebfn m\u00e3i h\u1ea5p d\u1eabn<\/h6>\n<p>AnTam-Ebike<\/p>\n","protected":false},"excerpt":{"rendered":"<p><b>Chi\u1ebfc xe B\u00e1nh B\u00e9o phong c\u00e1ch th\u1eddi trang m\u1edbi nh\u1ea5t 2023 c\u1ee7a Engwe<\/b><\/p>\n<ul>\n<li>Khung li\u1ec1n \u0111\u00fac kh\u00f4ng m\u1ed1i h\u00e0n<\/li>\n<li>Tr\u1ecdng t\u00e2m Khung Th\u1ea5p gi\u00fap l\u00ean xu\u1ed1ng xe kh\u00e1 tho\u1ea3i m\u00e1i<\/li>\n<li>\u0110\u1ed9ng c\u01a1 kh\u00f4ng ch\u1ed5i than 750w t\u0103ng t\u1ed1c m\u1ea1nh m\u1ebd<\/li>\n<li>V\u1eadn t\u1ed1c tr\u1ee3 l\u01b0c \u0111i\u1ec7n t\u1ed1i \u0111a: 45km\/h<\/li>\n<li>Pin Litium r\u1eddi 48V 13Ah cung c\u1ea5p qu\u00e3ng \u0111\u01b0\u1eddng tr\u1ee3 l\u01b0c \u0111i\u1ec7n \u0111\u1ebfn 80Km.<\/li>\n<li>B\u00e1nh B\u00e9o 20 x 4 inch b\u1ea5t ch\u1ea5p m\u1ecdi \u0111\u1ecba h\u00ecnh \u0111\u00e8o n\u00fai<\/li>\n<li>5 ch\u1ebf \u0111\u1ed9 tr\u1ee3 l\u1ef1c \u0111i\u1ec7n gi\u00fap l\u00e1i xe linh ho\u1ea1t v\u00e0 d\u1ec5 d\u00e0ng<\/li>\n<li>B\u1ed9 L\u00edp Shimano 7 c\u1ea5p chuy\u1ec3n \u0111\u1ed5i linh ho\u1ea1t<\/li>\n<li>2 Th\u1eafng \u0111\u0129a tr\u01b0\u1edbc v\u00e0 sau<\/li>\n<li>Tr\u1ecdng t\u1ea3i 150kg<\/li>\n<\/ul>\n","protected":false},"featured_media":1765,"comment_status":"open","ping_status":"closed","template":"","meta":{"site-sidebar-layout":"default","site-content-layout":"default","ast-site-content-layout":"","site-content-style":"default","site-sidebar-style":"default","ast-global-header-display":"","ast-banner-title-visibility":"","ast-main-header-display":"","ast-hfb-above-header-display":"","ast-hfb-below-header-display":"","ast-hfb-mobile-header-display":"","site-post-title":"","ast-breadcrumbs-content":"","ast-featured-img":"","footer-sml-layout":"","theme-transparent-header-meta":"default","adv-header-id-meta":"","stick-header-meta":"","header-above-stick-meta":"","header-main-stick-meta":"","header-below-stick-meta":"","astra-migrate-meta-layouts":"default","ast-page-background-enabled":"default","ast-page-background-meta":{"desktop":{"background-color":"var(--ast-global-color-4)","background-image":"","background-repeat":"repeat","background-position":"center center","background-size":"auto","background-attachment":"scroll","background-type":"","background-media":"","overlay-type":"","overlay-color":"","overlay-gradient":""},"tablet":{"background-color":"","background-image":"","background-repeat":"repeat","background-position":"center center","background-size":"auto","background-attachment":"scroll","background-type":"","background-media":"","overlay-type":"","overlay-color":"","overlay-gradient":""},"mobile":{"background-color":"","background-image":"","background-repeat":"repeat","background-position":"center center","background-size":"auto","background-attachment":"scroll","background-type":"","background-media":"","overlay-type":"","overlay-color":"","overlay-gradient":""}},"ast-content-background-meta":{"desktop":{"background-color":"var(--ast-global-color-5)","background-image":"","background-repeat":"repeat","background-position":"center center","background-size":"auto","background-attachment":"scroll","background-type":"","background-media":"","overlay-type":"","overlay-color":"","overlay-gradient":""},"tablet":{"background-color":"var(--ast-global-color-5)","background-image":"","background-repeat":"repeat","background-position":"center center","background-size":"auto","background-attachment":"scroll","background-type":"","background-media":"","overlay-type":"","overlay-color":"","overlay-gradient":""},"mobile":{"background-color":"var(--ast-global-color-5)","background-image":"","background-repeat":"repeat","background-position":"center center","background-size":"auto","background-attachment":"scroll","background-type":"","background-media":"","overlay-type":"","overlay-color":"","overlay-gradient":""}}},"product_cat":[92,116,191],"product_tag":[118,186,109,47,126],"class_list":{"0":"post-1761","1":"product","2":"type-product","3":"status-publish","4":"has-post-thumbnail","6":"product_cat-xe-dap-banh-beo","7":"product_cat-xe-dap-dien-engwe","8":"product_cat-xe-dap-dien-phong-cach","9":"product_tag-engwe","10":"product_tag-engwe-l20","11":"product_tag-xe-dap-banh-beo","12":"product_tag-xe-dap-dien","13":"product_tag-xe-dap-dien-tro-luc","14":"desktop-align-left","15":"tablet-align-left","16":"mobile-align-left","17":"ast-product-gallery-layout-horizontal-slider","18":"ast-product-tabs-layout-horizontal","20":"first","21":"instock","22":"shipping-taxable","23":"purchasable","24":"product-type-simple"},"_links":{"self":[{"href":"https:\/\/antamebike.com\/index.php?rest_route=\/wp\/v2\/product\/1761","targetHints":{"allow":["GET"]}}],"collection":[{"href":"https:\/\/antamebike.com\/index.php?rest_route=\/wp\/v2\/product"}],"about":[{"href":"https:\/\/antamebike.com\/index.php?rest_route=\/wp\/v2\/types\/product"}],"replies":[{"embeddable":true,"href":"https:\/\/antamebike.com\/index.php?rest_route=%2Fwp%2Fv2%2Fcomments&post=1761"}],"wp:featuredmedia":[{"embeddable":true,"href":"https:\/\/antamebike.com\/index.php?rest_route=\/wp\/v2\/media\/1765"}],"wp:attachment":[{"href":"https:\/\/antamebike.com\/index.php?rest_route=%2Fwp%2Fv2%2Fmedia&parent=1761"}],"wp:term":[{"taxonomy":"product_cat","embeddable":true,"href":"https:\/\/antamebike.com\/index.php?rest_route=%2Fwp%2Fv2%2Fproduct_cat&post=1761"},{"taxonomy":"product_tag","embeddable":true,"href":"https:\/\/antamebike.com\/index.php?rest_route=%2Fwp%2Fv2%2Fproduct_tag&post=1761"}],"curies":[{"name":"wp","href":"https:\/\/api.w.org\/{rel}","templated":true}]}}