{"id":189,"date":"2022-09-08T09:31:16","date_gmt":"2022-09-08T09:31:16","guid":{"rendered":"https:\/\/antamebike.com\/?post_type=product&#038;p=189"},"modified":"2022-10-04T15:08:26","modified_gmt":"2022-10-04T15:08:26","slug":"mu-non-bao-hiem-xiaomi-youpin-himo-k1","status":"publish","type":"product","link":"https:\/\/antamebike.com\/?product=mu-non-bao-hiem-xiaomi-youpin-himo-k1","title":{"rendered":"M\u0169 N\u00f3n B\u1ea3o Hi\u1ec3m Xiaomi Youpin HIMO K1"},"content":{"rendered":"<p>M\u0169 <strong>N\u00f3n B\u1ea3o Hi\u1ec3m Xiaomi Youpin HIMO K1<\/strong> v\u1edbi hai phi\u00ean b\u1ea3n m\u00e0u s\u1eafc th\u1eddi trang, thi\u1ebft k\u1ebf \u0111\u01a1n gi\u1ea3n nh\u1eb9 nh\u00e0ng, nhi\u1ec1u l\u1ed7 tho\u00e1t kh\u00ed v\u00e0 \u0111\u1eb7c bi\u1ec7t \u0111\u01b0\u1ee3c l\u00e0m t\u1eeb ch\u1ea5t li\u1ec7u nh\u1ef1a ABS b\u00ean ngo\u00e0i v\u00e0 \u0110\u1ec7m EPS cao c\u1ea5p b\u00ean trong b\u1ea3o v\u1ec7 an to\u00e0n tuy\u1ec7t \u0111\u1ed1i cho ng\u01b0\u1eddi s\u1eed d\u1ee5ng.<\/p>\n<p>T\u00ednh n\u0103ng n\u1ed5i b\u1eadt:<\/p>\n<ul>\n<li>Thi\u1ebft k\u1ebf theo xu h\u01b0\u1edbng t\u1ed1i gi\u1ea3n \u0111\u01a1n s\u1eafc sang tr\u1ecdng, b\u1ea3o v\u1ec7 t\u1ed1i \u0111a ng\u01b0\u1eddi d\u00f9ng, v\u1eeba l\u00e0 ph\u1ee5 ki\u1ec7n th\u1eddi trang sang tr\u1ecdng.<\/li>\n<li>M\u0169 N\u00f3n B\u1ea3o Hi\u1ec3m Youpin HIMO K1 thi\u1ebft k\u1ebf v\u1edbi nhi\u1ec1u l\u1ed7 th\u00f4ng gi\u00f3 tho\u00e1ng kh\u00ed, tho\u00e1t nhi\u1ec7t, t\u1ea1o c\u1ea3m gi\u00e1c r\u1ea5t tho\u1ea3i m\u00e1i khi s\u1eed d\u1ee5ng.<\/li>\n<li>M\u0169 N\u00f3n B\u1ea3o Hi\u1ec3m HIMO K1 s\u1eed d\u1ee5ng b\u1ed9 kh\u00f3a c\u1ed1 \u0111\u1ecbnh t\u00edch h\u1ee3p xoay 360 \u0111\u1ed9 gi\u00fap \u0111i\u1ec1u ch\u1ec9nh \u0111\u1ed9 s\u00e2u c\u1ee7a \u0111\u1ea7u khi s\u1eed d\u1ee5ng gi\u00fap ng\u01b0\u1eddi d\u00f9ng \u0111i\u1ec1u ch\u1ec9nh m\u0169 v\u1eeba v\u1eb7n h\u01a1n.<\/li>\n<li>M\u0169 N\u00f3n HIMO K1 s\u1eed d\u1ee5ng v\u1ecf nh\u1ef1a c\u1ee9ng ABS b\u00ean ngo\u00e0i v\u00e0 l\u1edbp \u0111\u1ec7m EPS cao c\u1ea5p b\u00ean trong cho kh\u1ea3 n\u0103ng ch\u1ed1ng va \u0111\u1eadm t\u1ed1t b\u1ea3o v\u1ec7 an to\u00e0n cho ng\u01b0\u1eddi s\u1eed d\u1ee5ng.<\/li>\n<\/ul>\n<p>Th\u00f4ng s\u1ed1 k\u1ef9 thu\u1eadt:<\/p>\n<ul>\n<li>Th\u01b0\u01a1ng hi\u1ec7u: Xiaomi HIMO<\/li>\n<li>Model: HIMO K1<\/li>\n<li>C\u1ee1 \u0111\u1ea7u: V\u00f2ng \u0110\u1ea7u kho\u1ea3ng t\u1eeb 54-58cm \u0111\u1ed1i v\u1edbi Size M, 57-61cm \u0111\u1ed1i v\u1edbi Size L<\/li>\n<li>K\u00edch th\u01b0\u1edbc: 260 x 190 x 155mm \u2013 S\u1ed1 l\u1ed7 th\u00f4ng gi\u00f3: 9<\/li>\n<li>Tr\u1ecdng L\u01b0\u1ee3ng: 450g<\/li>\n<li>Ph\u00e2n lo\u1ea1i m\u00e0u s\u1eafc: X\u00e1m, Tr\u1eafng<\/li>\n<li>Ch\u1ea5t li\u1ec7u V\u1ecf ngo\u00e0i: ABS cao c\u1ea5p<\/li>\n<li>Ch\u1ea5t li\u1ec7u \u0110\u1ec7m: EPS cao c\u1ea5p<\/li>\n<li>Gi\u1edbi t\u00ednh: Unisex<\/li>\n<\/ul>\n<p>Hotline: 077.8023388<\/p>\n<p>#xedap #mubaohiem #nonbaohiem #mubaohiemxedap #nonbaohiemxedap #himo #himor1 #ado #fiido #himoC20 #himoZ20 #himoC26 #himoC30 #scooter #scooterdien #adoA20 #adoD30 #adoA20F #mubaohiemxiaomi #nonbaohiemxiaomi #xiaomi<\/p>\n","protected":false},"excerpt":{"rendered":"<ul>\n<li>Thi\u1ebft k\u1ebf theo xu h\u01b0\u1edbng t\u1ed1i gi\u1ea3n \u0111\u01a1n s\u1eafc sang tr\u1ecdng, b\u1ea3o v\u1ec7 t\u1ed1i \u0111a ng\u01b0\u1eddi d\u00f9ng, v\u1eeba l\u00e0 ph\u1ee5 ki\u1ec7n th\u1eddi trang sang tr\u1ecdng.<\/li>\n<li>Nhi\u1ec1u l\u1ed7 th\u00f4ng gi\u00f3 tho\u00e1ng kh\u00ed, tho\u00e1t nhi\u1ec7t, t\u1ea1o c\u1ea3m gi\u00e1c r\u1ea5t tho\u1ea3i m\u00e1i khi s\u1eed d\u1ee5ng.<\/li>\n<li>\u00a0S\u1eed d\u1ee5ng b\u1ed9 kh\u00f3a c\u1ed1 \u0111\u1ecbnh t\u00edch h\u1ee3p xoay 360 \u0111\u1ed9 gi\u00fap \u0111i\u1ec1u ch\u1ec9nh \u0111\u1ed9 s\u00e2u c\u1ee7a \u0111\u1ea7u khi s\u1eed d\u1ee5ng gi\u00fap ng\u01b0\u1eddi d\u00f9ng \u0111i\u1ec1u ch\u1ec9nh m\u0169 v\u1eeba v\u1eb7n h\u01a1n.<\/li>\n<li>\u00a0S\u1eed d\u1ee5ng v\u1ecf nh\u1ef1a c\u1ee9ng ABS b\u00ean ngo\u00e0i v\u00e0 l\u1edbp \u0111\u1ec7m EPS cao c\u1ea5p b\u00ean trong cho kh\u1ea3 n\u0103ng ch\u1ed1ng va \u0111\u1eadm t\u1ed1t b\u1ea3o v\u1ec7 an to\u00e0n cho ng\u01b0\u1eddi s\u1eed d\u1ee5ng.<\/li>\n<\/ul>\n","protected":false},"featured_media":125,"comment_status":"open","ping_status":"closed","template":"","meta":{"site-sidebar-layout":"default","site-content-layout":"default","ast-site-content-layout":"","site-content-style":"default","site-sidebar-style":"default","ast-global-header-display":"","ast-banner-title-visibility":"","ast-main-header-display":"","ast-hfb-above-header-display":"","ast-hfb-below-header-display":"","ast-hfb-mobile-header-display":"","site-post-title":"","ast-breadcrumbs-content":"","ast-featured-img":"","footer-sml-layout":"","theme-transparent-header-meta":"default","adv-header-id-meta":"","stick-header-meta":"","header-above-stick-meta":"","header-main-stick-meta":"","header-below-stick-meta":"","astra-migrate-meta-layouts":"default","ast-page-background-enabled":"default","ast-page-background-meta":{"desktop":{"background-color":"var(--ast-global-color-4)","background-image":"","background-repeat":"repeat","background-position":"center center","background-size":"auto","background-attachment":"scroll","background-type":"","background-media":"","overlay-type":"","overlay-color":"","overlay-gradient":""},"tablet":{"background-color":"","background-image":"","background-repeat":"repeat","background-position":"center center","background-size":"auto","background-attachment":"scroll","background-type":"","background-media":"","overlay-type":"","overlay-color":"","overlay-gradient":""},"mobile":{"background-color":"","background-image":"","background-repeat":"repeat","background-position":"center center","background-size":"auto","background-attachment":"scroll","background-type":"","background-media":"","overlay-type":"","overlay-color":"","overlay-gradient":""}},"ast-content-background-meta":{"desktop":{"background-color":"var(--ast-global-color-5)","background-image":"","background-repeat":"repeat","background-position":"center center","background-size":"auto","background-attachment":"scroll","background-type":"","background-media":"","overlay-type":"","overlay-color":"","overlay-gradient":""},"tablet":{"background-color":"var(--ast-global-color-5)","background-image":"","background-repeat":"repeat","background-position":"center center","background-size":"auto","background-attachment":"scroll","background-type":"","background-media":"","overlay-type":"","overlay-color":"","overlay-gradient":""},"mobile":{"background-color":"var(--ast-global-color-5)","background-image":"","background-repeat":"repeat","background-position":"center center","background-size":"auto","background-attachment":"scroll","background-type":"","background-media":"","overlay-type":"","overlay-color":"","overlay-gradient":""}}},"product_cat":[43],"product_tag":[27,35,59,24],"class_list":{"0":"post-189","1":"product","2":"type-product","3":"status-publish","4":"has-post-thumbnail","6":"product_cat-phu-kien","7":"product_tag-himo","8":"product_tag-k1","9":"product_tag-non-bao-hiem","10":"product_tag-xiaomi","11":"desktop-align-left","12":"tablet-align-left","13":"mobile-align-left","14":"ast-product-gallery-layout-horizontal-slider","15":"ast-product-single-variable","16":"ast-product-tabs-layout-horizontal","18":"first","19":"instock","20":"sale","21":"shipping-taxable","22":"purchasable","23":"product-type-variable"},"_links":{"self":[{"href":"https:\/\/antamebike.com\/index.php?rest_route=\/wp\/v2\/product\/189","targetHints":{"allow":["GET"]}}],"collection":[{"href":"https:\/\/antamebike.com\/index.php?rest_route=\/wp\/v2\/product"}],"about":[{"href":"https:\/\/antamebike.com\/index.php?rest_route=\/wp\/v2\/types\/product"}],"replies":[{"embeddable":true,"href":"https:\/\/antamebike.com\/index.php?rest_route=%2Fwp%2Fv2%2Fcomments&post=189"}],"wp:featuredmedia":[{"embeddable":true,"href":"https:\/\/antamebike.com\/index.php?rest_route=\/wp\/v2\/media\/125"}],"wp:attachment":[{"href":"https:\/\/antamebike.com\/index.php?rest_route=%2Fwp%2Fv2%2Fmedia&parent=189"}],"wp:term":[{"taxonomy":"product_cat","embeddable":true,"href":"https:\/\/antamebike.com\/index.php?rest_route=%2Fwp%2Fv2%2Fproduct_cat&post=189"},{"taxonomy":"product_tag","embeddable":true,"href":"https:\/\/antamebike.com\/index.php?rest_route=%2Fwp%2Fv2%2Fproduct_tag&post=189"}],"curies":[{"name":"wp","href":"https:\/\/api.w.org\/{rel}","templated":true}]}}