{"id":2031,"date":"2023-09-09T15:59:30","date_gmt":"2023-09-09T15:59:30","guid":{"rendered":"https:\/\/antamebike.com\/?post_type=product&#038;p=2031"},"modified":"2025-04-15T07:34:48","modified_gmt":"2025-04-15T07:34:48","slug":"xe-dap-dien-tro-luc-ado-a28-lite","status":"publish","type":"product","link":"https:\/\/antamebike.com\/?product=xe-dap-dien-tro-luc-ado-a28-lite","title":{"rendered":"ADO A28 Lite &#8211; Chi\u1ebfc xe \u0111\u1ea1p \u0111i\u1ec7n tr\u1ee3 l\u1ef1c m\u1edbi nh\u1ea5t c\u1ee7a ADO"},"content":{"rendered":"<h3><strong>A28 Lite \u2013 <em>Chi\u1ebfc xe \u0111\u1ea1p tr\u1ee3 l\u1ef1c \u0111i\u1ec7n \u0111\u00f4 th\u1ecb,<\/em><\/strong><em> m\u1edbi nh\u1ea5t c\u1ee7a th\u01b0\u01a1ng hi\u1ec7u ADO<\/em><\/h3>\n<p><strong>A28 Lite<\/strong> l\u00e0 phi\u00ean b\u1ea3n ph\u1ed5 th\u00f4ng c\u1ee7a <strong>ADO A28 Air<\/strong>\u00a0d\u00e0nh cho th\u1ecb tr\u01b0\u1eddng Ch\u00e2u \u00c1 v\u1edbi B\u00e1nh size 26 inch. Do A28 Lite ch\u1ec9 d\u00f9ng c\u1ea3m bi\u1ebfn tr\u1ee3 l\u1ef1c th\u01b0\u1eddng v\u00e0 Phanh \u0111\u0129a c\u01a1 n\u00ean gi\u00e1 th\u00e0nh gi\u1ea3m \u0111\u00e1ng k\u1ec3 so v\u1edbi A28 Air<\/p>\n\n<h3><strong>THI\u1ebeT K\u1ebe C\u1ed4 \u0110I\u1ec2N PHONG C\u00c1CH CH\u00c2U \u00c2U<\/strong><\/h3>\n<p>V\u1edbi thi\u1ebft k\u1ebf v\u1eeba hi\u1ec7n \u0111\u1ea1i pha l\u1eabn phong c\u00e1ch c\u1ed5 \u0111i\u1ec3n Ch\u00e2u \u00c2u c\u00f9ng nhi\u1ec1u c\u00f4ng ngh\u1ec7 m\u1edbi nh\u1ea5t n\u0103m 2023<\/p>\n<p><img loading=\"lazy\" decoding=\"async\" class=\"alignnone wp-image-1980 size-full\" src=\"https:\/\/antamebike.com\/wp-content\/uploads\/2023\/09\/hw3ermaizqflvhui5lcw.jpg\" sizes=\"auto, (max-width: 695px) 100vw, 695px\" srcset=\"https:\/\/antamebike.com\/wp-content\/uploads\/2023\/09\/hw3ermaizqflvhui5lcw.jpg 695w, https:\/\/antamebike.com\/wp-content\/uploads\/2023\/09\/hw3ermaizqflvhui5lcw-218x300.jpg 218w, https:\/\/antamebike.com\/wp-content\/uploads\/2023\/09\/hw3ermaizqflvhui5lcw-600x824.jpg 600w\" alt=\"\" width=\"695\" height=\"955\" \/><\/p>\n<h3><strong>WHEREVER, ANYONE, ANYTIME<\/strong><\/h3>\n<p>Chi\u1ebfc xe \u0111\u01b0\u1ee3c thi\u1ebft k\u1ebf cho c\u01b0 d\u00e2n \u0111\u1ed9 th\u1ecb 4.0, d\u00f9 b\u1ea5t k\u1ef3 \u0111\u00e2u, l\u00fac n\u00e0o \u0111\u1ec1u c\u00f3 th\u1ec3 \u0111i\u1ec1u khi\u1ec3n xe 1 c\u00e1ch d\u1ec5 d\u00e0ng, nh\u1eb9 nh\u00e0ng v\u00e0 thu\u1eadn ti\u1ec7n cho cu\u1ed9c s\u1ed1ng hi\u1ec7n \u0111\u1ea1i v\u1edbi nhi\u1ec1u c\u00f4ng ngh\u1ec7 h\u1ed7 tr\u1ee3<\/p>\n<h3><strong>C\u1ea2M BI\u1ebeN TR\u1ee2 L\u1ef0C<\/strong><\/h3>\n<p><img loading=\"lazy\" decoding=\"async\" class=\"alignnone wp-image-1981 size-full\" src=\"https:\/\/antamebike.com\/wp-content\/uploads\/2023\/09\/min_a0da698b-28cf-4a27-8005-cfa0f6727975.gif\" alt=\"\" width=\"695\" height=\"391\" \/><\/p>\n<p>T\u1eadn h\u01b0\u1edfng tr\u1ea3i nghi\u1ec7m tho\u1ea3i m\u00e1i v\u00e0 d\u1ec5 d\u00e0ng v\u1edbi c\u00f4ng ngh\u1ec7 tr\u1ee3 l\u1ef1c tr\u1ee3 l\u1ef1c \u0111i\u1ec7n. \u0110\u1ea1p qua m\u1ecdi cung \u0111\u01b0\u1eddng m\u00e0 kh\u00f4ng c\u1ea7n nhi\u1ec1u n\u1ed7 l\u1ef1c \u0111\u1ec3 t\u1eadn h\u01b0\u1edfng ng\u1eafm nh\u00ecn khung c\u1ea3nh xung quanh.<\/p>\n<h3><strong>TRUY\u1ec0N \u0110\u1ed8NG B\u1eb0NG D\u00c2Y \u0110\u1ea0I CARBON<\/strong><\/h3>\n<p><img loading=\"lazy\" decoding=\"async\" class=\"alignnone wp-image-1988 size-full\" src=\"https:\/\/antamebike.com\/wp-content\/uploads\/2023\/09\/ADO-A28-AIR-BELT.gif\" alt=\"\" width=\"695\" height=\"391\" \/><\/p>\n<p><strong>A28 Lite<\/strong>\u00a0\u0111\u01b0\u1ee3c trang b\u1ecb truy\u1ec1n \u0111\u1ed9ng v\u1edbi D\u00e2y \u0111\u00e0i Carbon v\u1eadn h\u00e0nh y\u1ebfm \u00e1i nh\u1eb9 nh\u00e0ng, kh\u00f4ng ph\u1ea3i b\u1ea3o d\u01b0\u1ee1ng m\u00e0 tu\u1ed5i th\u1ecd l\u00ean \u0111\u1ebfn 30.000Km<\/p>\n<p>T\u1ea1m bi\u1ec7t d\u00e2y S\u00ean truy\u1ec1n th\u1ed1ng \u1ed3n \u00e0o, d\u1ea7u m\u1ee1 v\u00e0 ph\u1ea3i hay v\u1ec7 sinh, b\u1ea3o d\u01b0\u1ee1ng v\u00ec \u0111\u1ea5t c\u00e1c v\u00e0 b\u1ee5i b\u1ea9n<\/p>\n<h3><strong>TR\u1ee2 L\u1ef0C \u0110I\u1ec6N XA H\u01a0N V\u1edaI PIN LITIUM SAMSUNG<\/strong><\/h3>\n<p>V\u1edbi Pin Litium cell Samsung th\u00ec <strong>A28 Lite<\/strong>\u00a0s\u1ebd gi\u00fap cu\u1ed9c h\u00e0nh tr\u00ecnh l\u00ean \u0111\u1ebfn 100km tr\u1ee3 l\u1ef1c \u0111i\u1ec7n.<\/p>\n<p>C\u00f9ng v\u1edbi thi\u1ebft k\u1ebf m\u1edbi v\u1edbi Pin n\u1eb1m trong c\u1ecdc y\u00ean th\u00ec vi\u1ec7c l\u1ea5y Pin v\u00e0 s\u1ea1c l\u00e0 v\u00f4 c\u00f9ng d\u1ec5 d\u00e0ng v\u00e0 thu\u1eadn ti\u1ec7n<\/p>\n<p><img loading=\"lazy\" decoding=\"async\" class=\"alignnone wp-image-1989 size-full\" src=\"https:\/\/antamebike.com\/wp-content\/uploads\/2023\/09\/A28-AIR-100KM_-min.gif\" alt=\"\" width=\"695\" height=\"391\" \/><\/p>\n<h3><strong>TR\u1ea2I NGHI\u1ec2M THO\u1ea2I M\u00c1I B\u1ea4T CH\u1ea4P TH\u1edcI TI\u1ebeT HAY \u0110\u1ecaA H\u00ccNH<\/strong><\/h3>\n<p><strong>A28 Lite<\/strong>\u00a0\u0111\u01b0\u1ee3c trang b\u1ecb <strong>Phanh \u0111\u0129a cao c\u1ea5p<\/strong>\u00a0n\u00ean m\u1ee9c \u0111\u1ed9 an to\u00e0n r\u1ea5t cao d\u00f9 \u0111\u1ea1p xe trong th\u1eddi ti\u1ebft x\u1ea5u<\/p>\n<p><strong>Phu\u1ed9c gi\u1ea3m shock<\/strong> tr\u01b0\u1edbc c\u00f3 th\u1ec3 \u0111i\u1ec1u ch\u1ec9nh t\u1eeb v\u00e0o \u0111\u1ecba h\u00ecnh di chuy\u1ec3n, c\u00f9ng v\u1edbi thi\u1ebft k\u1ebf Khung s\u01b0\u1eddn th\u1ea5p th\u1ef1c s\u01b0 mang l\u1ea1i c\u1ea3m gi\u00e1c r\u1ea5t tho\u1ea3i m\u00e1i khi \u0111\u1ea1p xe c\u00f9ng <strong>A28 Lite<\/strong> d\u00f9 l\u00e0 b\u1ea5t k\u1ef3 cung \u0111\u01b0\u1eddng n\u00e0o<\/p>\n<p><img loading=\"lazy\" decoding=\"async\" class=\"alignnone wp-image-1990 size-full\" src=\"https:\/\/antamebike.com\/wp-content\/uploads\/2023\/09\/ADO-A28-Air-Phuoc.gif\" alt=\"\" width=\"695\" height=\"391\" \/><\/p>\n<h3><strong>CH\u1ed0NG TR\u1ed8M K\u00c9P<\/strong><\/h3>\n<p><img loading=\"lazy\" decoding=\"async\" class=\"alignnone wp-image-1994 size-full\" src=\"https:\/\/antamebike.com\/wp-content\/uploads\/2023\/09\/ADO-A28-anti-thefl.gif\" alt=\"\" width=\"695\" height=\"460\" \/><\/p>\n<p>V\u1edbi thi\u1ebft k\u1ebf Kho\u00e1 \u0111\u00f4c \u0111\u00e1o gi\u00fap A28 Air lu\u00f4n gi\u1eef pin \u0111\u01b0\u1ee3c an to\u00e0n v\u1edbi k\u1ebb tr\u1ed9m.<\/p>\n<p>Trong khi v\u1edbi chu\u00f4ng c\u1ea3nh b\u00e1o c\u00f3 th\u1ec3 th\u00eam \u0111\u1ecbnh v\u1ecb Air Tag hay Smart Tag th\u00ec kh\u1ea3 n\u0103ng ch\u1ed1ng tr\u1ed9m c\u1ee7a A28 Air \u0111\u01b0\u1ee3c n\u00e2ng l\u00ean g\u1ea5p \u0111\u00f4i<\/p>\n<h3><strong>C\u00d4NG NGH\u1ec6 TH\u00d4NG MINH<\/strong><\/h3>\n<p><img loading=\"lazy\" decoding=\"async\" class=\"alignnone wp-image-1995 size-large\" src=\"https:\/\/antamebike.com\/wp-content\/uploads\/2023\/09\/ADO-A28-handle-bar-1024x683.jpg\" sizes=\"auto, (max-width: 1024px) 100vw, 1024px\" srcset=\"https:\/\/antamebike.com\/wp-content\/uploads\/2023\/09\/ADO-A28-handle-bar-1024x683.jpg 1024w, https:\/\/antamebike.com\/wp-content\/uploads\/2023\/09\/ADO-A28-handle-bar-300x200.jpg 300w, https:\/\/antamebike.com\/wp-content\/uploads\/2023\/09\/ADO-A28-handle-bar-768x512.jpg 768w, https:\/\/antamebike.com\/wp-content\/uploads\/2023\/09\/ADO-A28-handle-bar-600x400.jpg 600w, https:\/\/antamebike.com\/wp-content\/uploads\/2023\/09\/ADO-A28-handle-bar.jpg 1500w\" alt=\"\" width=\"1024\" height=\"683\" \/><\/p>\n<p><strong>ADO A28 Lite<\/strong>\u00a0v\u1edbi trang b\u1ecb m\u00e0n h\u00ecnh m\u00e0u k\u1ebft n\u1ed1i App th\u00f4ng minh \u0111\u1ec3 qu\u1ea3n l\u00fd r\u1ea5t hi\u1ec7n \u0111\u1ea1i<\/p>\n<p><img loading=\"lazy\" decoding=\"async\" class=\"alignnone wp-image-2006 size-full\" src=\"https:\/\/antamebike.com\/wp-content\/uploads\/2023\/09\/ADO-A28-Air-display.gif\" alt=\"\" width=\"695\" height=\"391\" \/><\/p>\n<p>c\u00f9ng v\u1edbi Tay l\u00e1i thi\u1ebft k\u1ebf c\u00f4ng th\u00e1i h\u1ecdc, ph\u00edm \u0111i\u1ec1u khi\u1ec3n b\u1ed1 tr\u00ed b\u00ean tr\u00e1i tay l\u00e1i gi\u00fap ng\u01b0\u1eddi \u0111i\u1ec1u khi\u1ec3n xe v\u00f4 c\u00f9ng tho\u1ea3i m\u00e1i d\u00f9 \u0111\u1ea1p xe qua 1 qu\u00e3ng \u0111\u01b0\u1eddng xa hay \u0111i v\u00e0o cung \u0111\u01b0\u1eddng c\u00f3 \u0111\u1ecba h\u00ecnh kh\u00e1 x\u1ea5u.<\/p>\n<p>Khi c\u1ea7n l\u1ef1a ch\u1ecdn cho m\u00ecnh 1 chi\u1ebfc xe \u0111\u1ea1p \u0111i\u1ec7n tr\u1ee3 l\u1ef1c th\u00ec v\u1edbi <strong>ADO A28 Lite<\/strong> s\u1ebd l\u00e0 1 s\u1ef1 l\u1ef1a ch\u1ecdn x\u1ee9ng \u0111\u00e1ng cho tr\u1ea3i nghi\u1ec7m cu\u1ed9c s\u1ed1ng xanh 4.0<\/p>\n<p><img loading=\"lazy\" decoding=\"async\" class=\"alignnone wp-image-1996 size-large\" src=\"https:\/\/antamebike.com\/wp-content\/uploads\/2023\/09\/ADO-A28-Air-Urban-2-1024x1024.jpg\" sizes=\"auto, (max-width: 1024px) 100vw, 1024px\" srcset=\"https:\/\/antamebike.com\/wp-content\/uploads\/2023\/09\/ADO-A28-Air-Urban-2-1024x1024.jpg 1024w, https:\/\/antamebike.com\/wp-content\/uploads\/2023\/09\/ADO-A28-Air-Urban-2-300x300.jpg 300w, https:\/\/antamebike.com\/wp-content\/uploads\/2023\/09\/ADO-A28-Air-Urban-2-150x150.jpg 150w, https:\/\/antamebike.com\/wp-content\/uploads\/2023\/09\/ADO-A28-Air-Urban-2-768x768.jpg 768w, https:\/\/antamebike.com\/wp-content\/uploads\/2023\/09\/ADO-A28-Air-Urban-2-1536x1536.jpg 1536w, https:\/\/antamebike.com\/wp-content\/uploads\/2023\/09\/ADO-A28-Air-Urban-2-600x600.jpg 600w, https:\/\/antamebike.com\/wp-content\/uploads\/2023\/09\/ADO-A28-Air-Urban-2-100x100.jpg 100w, https:\/\/antamebike.com\/wp-content\/uploads\/2023\/09\/ADO-A28-Air-Urban-2.jpg 2048w\" alt=\"\" width=\"1024\" height=\"1024\" \/><\/p>\n<p>\u0110\u1eb7c bi\u1ec7t khi mua xe ADO A28 Lite t\u1ea1i <strong>Antamebike.com<\/strong> b\u1ea1n s\u1ebd lu\u00f4n nh\u1eadn \u0111\u01b0\u1ee3c \u01b0u \u0111\u00e3i v\u00e0 khuy\u1ebfn m\u00e3i t\u1ed1t nh\u1ea5t trong d\u1ecbp n\u00e0y<\/p>\n<p><img loading=\"lazy\" decoding=\"async\" class=\"alignnone wp-image-1997 size-full\" src=\"https:\/\/antamebike.com\/wp-content\/uploads\/2023\/09\/ADO-A28-color.gif\" alt=\"\" width=\"800\" height=\"943\" \/><\/p>\n<p>V\u1edbi 3 M\u00e0u s\u1eafc kh\u00e1 \u0111\u1eb9p v\u00e0 sang tr\u1ecdng cho b\u1ea1n tha h\u1ed3 ch\u1ecdn l\u1ef1a<\/p>\n<p>By An T\u00e2m Ebike<\/p>\n<p>&nbsp;<\/p>\n<p>Antamebike.com<\/p>\n<p>Hotline: <strong>077 8023388<\/strong><\/p>\n<p>&nbsp;<\/p>\n","protected":false},"excerpt":{"rendered":"<p><em><strong>CTKM M\u00f9a H\u00e8: T\u1eb7ng ngay Vourcher Gi\u1ea3m gi\u00e1 1Tr<\/strong><\/em><\/p>\n<p>Ki\u1ec3u d\u00e1ng c\u1ed5 \u0111i\u1ec3n trong phong c\u00e1ch Ch\u00e2u \u00c2u v\u00e0 trang b\u1ecb c\u00f4ng ngh\u1ec7 hi\u1ec7n \u0111\u1ea1i m\u1edbi nh\u1ea5t<\/p>\n<p>Chi\u1ebfc xe \u0111\u01b0\u1ee3c thi\u1ebft k\u1ebf v\u1edbi khung s\u01b0\u1eddn th\u1ea5p r\u1ea5t thu\u1eadn ti\u1ec7n cho vi\u1ec7c \u0111\u1ea1p xe. \u0110\u1eb7c bi\u1ec7t l\u00e0 ph\u1ee5 n\u1eef<\/p>\n<ul>\n<li>\u0110\u1ed9ng c\u01a1 500w m\u1ea1nh m\u1ebd<\/li>\n<li>V\u1eadn t\u1ed1c \u0111i\u1ec7n 35km\/h<\/li>\n<li>Pin Litium dung l\u01b0\u1ee3ng cao 36V 10Ah cell Samsung<\/li>\n<li>Tr\u1ee3 l\u1ef1c \u0111i\u00ean qu\u00e3ng \u0111\u01b0\u1eddng l\u00ean \u0111\u1ebfn 90km<\/li>\n<li>M\u00e0 h\u00ecnh M\u00e0u &#8211; <strong>K\u1ebft n\u1ed1i App Th\u00f4ng minh<\/strong> tr\u00ean \u0111i\u1ec7n tho\u1ea1i<\/li>\n<li>Truy\u1ec1n \u0111\u1ed9ng d\u00e2y \u0111ai Carbon \u00eam \u00e1i v\u1edbi tu\u1ed5i th\u1ecd 30.000km<\/li>\n<li>Phu\u1ed9c tr\u01b0\u1edbc c\u00f3 kh\u1ea3 n\u0103ng \u0111i\u1ec1u ch\u1ec9nh linh ho\u1ea1t cho t\u1eebng cung \u0111\u01b0\u1eddng.<\/li>\n<li>2 <strong>Phanh \u0111\u0129a<\/strong>\u00a0cao c\u1ea5p<\/li>\n<\/ul>\n","protected":false},"featured_media":2764,"comment_status":"open","ping_status":"closed","template":"","meta":{"site-sidebar-layout":"default","site-content-layout":"default","ast-site-content-layout":"default","site-content-style":"default","site-sidebar-style":"default","ast-global-header-display":"","ast-banner-title-visibility":"","ast-main-header-display":"","ast-hfb-above-header-display":"","ast-hfb-below-header-display":"","ast-hfb-mobile-header-display":"","site-post-title":"","ast-breadcrumbs-content":"","ast-featured-img":"","footer-sml-layout":"","theme-transparent-header-meta":"default","adv-header-id-meta":"","stick-header-meta":"","header-above-stick-meta":"","header-main-stick-meta":"","header-below-stick-meta":"","astra-migrate-meta-layouts":"set","ast-page-background-enabled":"default","ast-page-background-meta":{"desktop":{"background-color":"var(--ast-global-color-4)","background-image":"","background-repeat":"repeat","background-position":"center center","background-size":"auto","background-attachment":"scroll","background-type":"","background-media":"","overlay-type":"","overlay-color":"","overlay-gradient":""},"tablet":{"background-color":"","background-image":"","background-repeat":"repeat","background-position":"center center","background-size":"auto","background-attachment":"scroll","background-type":"","background-media":"","overlay-type":"","overlay-color":"","overlay-gradient":""},"mobile":{"background-color":"","background-image":"","background-repeat":"repeat","background-position":"center center","background-size":"auto","background-attachment":"scroll","background-type":"","background-media":"","overlay-type":"","overlay-color":"","overlay-gradient":""}},"ast-content-background-meta":{"desktop":{"background-color":"var(--ast-global-color-5)","background-image":"","background-repeat":"repeat","background-position":"center center","background-size":"auto","background-attachment":"scroll","background-type":"","background-media":"","overlay-type":"","overlay-color":"","overlay-gradient":""},"tablet":{"background-color":"var(--ast-global-color-5)","background-image":"","background-repeat":"repeat","background-position":"center center","background-size":"auto","background-attachment":"scroll","background-type":"","background-media":"","overlay-type":"","overlay-color":"","overlay-gradient":""},"mobile":{"background-color":"var(--ast-global-color-5)","background-image":"","background-repeat":"repeat","background-position":"center center","background-size":"auto","background-attachment":"scroll","background-type":"","background-media":"","overlay-type":"","overlay-color":"","overlay-gradient":""}}},"product_cat":[50,42,40],"product_tag":[54,194],"class_list":{"0":"post-2031","1":"product","2":"type-product","3":"status-publish","4":"has-post-thumbnail","6":"product_cat-san-pham-moi","7":"product_cat-thuong-hieu-ado","8":"product_cat-xe-dap-size-26","9":"product_tag-ado","10":"product_tag-ado-a28-lite","11":"desktop-align-left","12":"tablet-align-left","13":"mobile-align-left","14":"ast-product-gallery-layout-horizontal-slider","15":"ast-product-tabs-layout-horizontal","17":"first","18":"instock","19":"shipping-taxable","20":"purchasable","21":"product-type-simple"},"_links":{"self":[{"href":"https:\/\/antamebike.com\/index.php?rest_route=\/wp\/v2\/product\/2031","targetHints":{"allow":["GET"]}}],"collection":[{"href":"https:\/\/antamebike.com\/index.php?rest_route=\/wp\/v2\/product"}],"about":[{"href":"https:\/\/antamebike.com\/index.php?rest_route=\/wp\/v2\/types\/product"}],"replies":[{"embeddable":true,"href":"https:\/\/antamebike.com\/index.php?rest_route=%2Fwp%2Fv2%2Fcomments&post=2031"}],"wp:featuredmedia":[{"embeddable":true,"href":"https:\/\/antamebike.com\/index.php?rest_route=\/wp\/v2\/media\/2764"}],"wp:attachment":[{"href":"https:\/\/antamebike.com\/index.php?rest_route=%2Fwp%2Fv2%2Fmedia&parent=2031"}],"wp:term":[{"taxonomy":"product_cat","embeddable":true,"href":"https:\/\/antamebike.com\/index.php?rest_route=%2Fwp%2Fv2%2Fproduct_cat&post=2031"},{"taxonomy":"product_tag","embeddable":true,"href":"https:\/\/antamebike.com\/index.php?rest_route=%2Fwp%2Fv2%2Fproduct_tag&post=2031"}],"curies":[{"name":"wp","href":"https:\/\/api.w.org\/{rel}","templated":true}]}}