{"id":2391,"date":"2024-03-24T10:44:04","date_gmt":"2024-03-24T10:44:04","guid":{"rendered":"https:\/\/antamebike.com\/?post_type=product&#038;p=2391"},"modified":"2024-09-17T08:05:36","modified_gmt":"2024-09-17T08:05:36","slug":"xe-dap-twitter-3900xc-ban-moi-nhat-2024-phanh-thuy-luc","status":"publish","type":"product","link":"https:\/\/antamebike.com\/?product=xe-dap-twitter-3900xc-ban-moi-nhat-2024-phanh-thuy-luc","title":{"rendered":"Xe \u0111\u1ea1p Twitter 3900XC M315 24S &#8211; B\u1ea3n m\u1edbi nh\u1ea5t 2024, Phanh th\u1ee7y l\u1ef1c"},"content":{"rendered":"<h2><strong>TWITTER 3900XC M315 &#8211; 24S Phanh D\u1ea7u<\/strong><\/h2>\n<p><strong>Twitter 3900XC<\/strong> l\u00e0 chi\u1ebfc xe \u0111\u1ea1p MTB c\u1ee7a nh\u00e0 Twitter \u0111\u00e3 r\u1ea5t \u0111\u01b0\u1ee3c \u01b0a chu\u1ed9ng c\u1ee7a ng\u01b0\u1eddi d\u00f9ng trong nh\u1eefng n\u0103m qua. M\u1ed7i n\u0103m Twitter \u0111\u1ec1u n\u00e2ng c\u1ea5p nh\u1eefng c\u1ea3i ti\u1ebfn \u0111\u1ec3 l\u00e0m cho tr\u1ea3i nghi\u1ec7m c\u1ee7a ng\u01b0\u1eddi d\u00f9ng ng\u00e0y c\u00e0ng \u01b0ng \u00fd h\u01a1n<\/p>\n<div dir=\"auto\">\n<div dir=\"auto\">\n<p><img loading=\"lazy\" decoding=\"async\" class=\"alignnone wp-image-2493 size-large\" src=\"https:\/\/antamebike.com\/wp-content\/uploads\/2024\/03\/Twitter-3900-T0404-1024x683.jpeg\" sizes=\"auto, (max-width: 1024px) 100vw, 1024px\" srcset=\"https:\/\/antamebike.com\/wp-content\/uploads\/2024\/03\/Twitter-3900-T0404-1024x683.jpeg 1024w, https:\/\/antamebike.com\/wp-content\/uploads\/2024\/03\/Twitter-3900-T0404-300x200.jpeg 300w, https:\/\/antamebike.com\/wp-content\/uploads\/2024\/03\/Twitter-3900-T0404-768x512.jpeg 768w, https:\/\/antamebike.com\/wp-content\/uploads\/2024\/03\/Twitter-3900-T0404-1536x1024.jpeg 1536w, https:\/\/antamebike.com\/wp-content\/uploads\/2024\/03\/Twitter-3900-T0404-2048x1365.jpeg 2048w, https:\/\/antamebike.com\/wp-content\/uploads\/2024\/03\/Twitter-3900-T0404-600x400.jpeg 600w\" alt=\"\" width=\"1024\" height=\"683\" \/><\/p>\n<p><img loading=\"lazy\" decoding=\"async\" src=\"https:\/\/antamebike.com\/wp-content\/uploads\/2024\/03\/Twitter-3900XC-white-1024x1024.png\" alt=\"\" width=\"1024\" height=\"1024\" \/><\/p>\n<p><em>B\u1ea3n 2024 n\u00e2ng c\u1ea5p k\u1ef3 n\u00e0y c\u00f3 g\u00ec h\u1ea5p d\u1eabn?<\/em><\/p>\n<div dir=\"auto\">\n<div dir=\"auto\">\n<p><strong>Twitter 3900XC<\/strong> l\u00e0 chi\u1ebfc xe \u0111\u1ea1p MTB ph\u1ed5 th\u00f4ng c\u1ee7a nh\u00e0 Twitter \u0111\u00e3 r\u1ea5t \u0111\u01b0\u1ee3c \u01b0a chu\u1ed9ng c\u1ee7a ng\u01b0\u1eddi d\u00f9ng trong nh\u1eefng n\u0103m qua. M\u1ed7i n\u0103m, Twitter \u0111\u1ec1u n\u00e2ng c\u1ea5p nh\u1eefng c\u1ea3i ti\u1ebfn \u0111\u1ec3 l\u00e0m cho tr\u1ea3i nghi\u1ec7m c\u1ee7a ng\u01b0\u1eddi d\u00f9ng ng\u00e0y c\u00e0ng \u01b0ng \u00fd h\u01a1n<\/p>\n<\/div>\n<\/div>\n<p><img loading=\"lazy\" decoding=\"async\" class=\"alignnone wp-image-2494 size-large\" src=\"https:\/\/antamebike.com\/wp-content\/uploads\/2024\/03\/Twitter-3900XC-T0403-1024x1024.jpeg\" sizes=\"auto, (max-width: 1024px) 100vw, 1024px\" srcset=\"https:\/\/antamebike.com\/wp-content\/uploads\/2024\/03\/Twitter-3900XC-T0403-1024x1024.jpeg 1024w, https:\/\/antamebike.com\/wp-content\/uploads\/2024\/03\/Twitter-3900XC-T0403-300x300.jpeg 300w, https:\/\/antamebike.com\/wp-content\/uploads\/2024\/03\/Twitter-3900XC-T0403-150x150.jpeg 150w, https:\/\/antamebike.com\/wp-content\/uploads\/2024\/03\/Twitter-3900XC-T0403-768x768.jpeg 768w, https:\/\/antamebike.com\/wp-content\/uploads\/2024\/03\/Twitter-3900XC-T0403-1536x1536.jpeg 1536w, https:\/\/antamebike.com\/wp-content\/uploads\/2024\/03\/Twitter-3900XC-T0403-2048x2048.jpeg 2048w, https:\/\/antamebike.com\/wp-content\/uploads\/2024\/03\/Twitter-3900XC-T0403-600x600.jpeg 600w, https:\/\/antamebike.com\/wp-content\/uploads\/2024\/03\/Twitter-3900XC-T0403-100x100.jpeg 100w\" alt=\"\" width=\"1024\" height=\"1024\" \/><\/p>\n<div><img loading=\"lazy\" decoding=\"async\" src=\"https:\/\/antamebike.com\/wp-content\/uploads\/2024\/03\/Twitter-3900XC-blackred-1024x1024.png\" alt=\"\" width=\"1024\" height=\"1024\" \/><\/div>\n<div><\/div>\n<div dir=\"auto\">\n<div dir=\"auto\">\n<h3>B\u1ed9 Groupset Shimano 24 c\u1ea5p<\/h3>\n<p>v\u1edbi vi\u1ec7c n\u00e2ng c\u1ea5p B\u1ed9 <em><strong>Groupset l\u00ean 24 c\u1ea5p<\/strong><\/em> v\u1edbi 3 \u0110\u0129a v\u00e0 8 L\u00edp: s\u1ebd gi\u00fap cho ng\u01b0\u1eddi d\u00f9ng c\u00f3 tr\u1ea3i m\u01b0\u1ee3t m\u00e0 h\u01a1n h\u1eb5n tr\u00ean c\u00e1c cung \u0111\u01b0\u1eddng<\/p>\n<p><img loading=\"lazy\" decoding=\"async\" src=\"https:\/\/antamebike.com\/wp-content\/uploads\/2024\/03\/Twitter-3900XC-gio-dap-300x241.png\" sizes=\"auto, (max-width: 300px) 100vw, 300px\" srcset=\"https:\/\/antamebike.com\/wp-content\/uploads\/2024\/03\/Twitter-3900XC-gio-dap-300x241.png 300w, https:\/\/antamebike.com\/wp-content\/uploads\/2024\/03\/Twitter-3900XC-gio-dap-1024x821.png 1024w, https:\/\/antamebike.com\/wp-content\/uploads\/2024\/03\/Twitter-3900XC-gio-dap-768x616.png 768w, https:\/\/antamebike.com\/wp-content\/uploads\/2024\/03\/Twitter-3900XC-gio-dap-600x481.png 600w, https:\/\/antamebike.com\/wp-content\/uploads\/2024\/03\/Twitter-3900XC-gio-dap.png 1496w\" alt=\"\" width=\"300\" height=\"241\" \/><img loading=\"lazy\" decoding=\"async\" src=\"https:\/\/antamebike.com\/wp-content\/uploads\/2024\/03\/Twitter-3900XC-9-cap-300x240.png\" sizes=\"auto, (max-width: 300px) 100vw, 300px\" srcset=\"https:\/\/antamebike.com\/wp-content\/uploads\/2024\/03\/Twitter-3900XC-9-cap-300x240.png 300w, https:\/\/antamebike.com\/wp-content\/uploads\/2024\/03\/Twitter-3900XC-9-cap-1024x819.png 1024w, https:\/\/antamebike.com\/wp-content\/uploads\/2024\/03\/Twitter-3900XC-9-cap-768x614.png 768w, https:\/\/antamebike.com\/wp-content\/uploads\/2024\/03\/Twitter-3900XC-9-cap-1536x1229.png 1536w, https:\/\/antamebike.com\/wp-content\/uploads\/2024\/03\/Twitter-3900XC-9-cap-2048x1638.png 2048w, https:\/\/antamebike.com\/wp-content\/uploads\/2024\/03\/Twitter-3900XC-9-cap-600x480.png 600w\" alt=\"\" width=\"300\" height=\"240\" \/><\/p>\n<p><img loading=\"lazy\" decoding=\"async\" src=\"https:\/\/antamebike.com\/wp-content\/uploads\/2024\/03\/Twitter-3900XC-Ghidong-300x241.png\" sizes=\"auto, (max-width: 300px) 100vw, 300px\" srcset=\"https:\/\/antamebike.com\/wp-content\/uploads\/2024\/03\/Twitter-3900XC-Ghidong-300x241.png 300w, https:\/\/antamebike.com\/wp-content\/uploads\/2024\/03\/Twitter-3900XC-Ghidong-1024x821.png 1024w, https:\/\/antamebike.com\/wp-content\/uploads\/2024\/03\/Twitter-3900XC-Ghidong-768x616.png 768w, https:\/\/antamebike.com\/wp-content\/uploads\/2024\/03\/Twitter-3900XC-Ghidong-600x481.png 600w, https:\/\/antamebike.com\/wp-content\/uploads\/2024\/03\/Twitter-3900XC-Ghidong.png 1496w\" alt=\"\" width=\"300\" height=\"241\" \/><img loading=\"lazy\" decoding=\"async\" src=\"https:\/\/antamebike.com\/wp-content\/uploads\/2024\/03\/Twitter-3900XC-Potang-300x241.png\" sizes=\"auto, (max-width: 300px) 100vw, 300px\" srcset=\"https:\/\/antamebike.com\/wp-content\/uploads\/2024\/03\/Twitter-3900XC-Potang-300x241.png 300w, https:\/\/antamebike.com\/wp-content\/uploads\/2024\/03\/Twitter-3900XC-Potang-1024x821.png 1024w, https:\/\/antamebike.com\/wp-content\/uploads\/2024\/03\/Twitter-3900XC-Potang-768x616.png 768w, https:\/\/antamebike.com\/wp-content\/uploads\/2024\/03\/Twitter-3900XC-Potang-600x481.png 600w, https:\/\/antamebike.com\/wp-content\/uploads\/2024\/03\/Twitter-3900XC-Potang.png 1496w\" alt=\"\" width=\"300\" height=\"241\" \/><\/p>\n<p>&nbsp;<\/p>\n<p><em><strong>Th\u00f4ng s\u1ed1 c\u1ee5 th\u1ec3 Groupset B\u1ea3n 2024:<\/strong><\/em><\/p>\n<\/div>\n<div dir=\"auto\">\n<p>Tay b\u1ea5m x\u1ea3: SHIMANO M315-3\u00b08S<\/p>\n<p>C\u00f9i \u0111\u1ec1 Tr\u01b0\u1edbc: SHIMANO TY500<\/p>\n<p>C\u00f9i \u0111\u1ec1 Sau: SHIMANO TY300<\/p>\n<p>\u0110\u00f9i \u0111\u0129a: SHIMANO TY301, Alu alloy. Square axis, 24-34-42T<\/p>\n<p>L\u00edp: SUGEK-8S, 11-32T<\/p>\n<p>X\u00edch: SUMC-8S<\/p>\n<\/div>\n<div dir=\"auto\"><\/div>\n<\/div>\n<div dir=\"auto\"><\/div>\n<div dir=\"auto\">\n<div dir=\"auto\">\n<h3>Phanh \u0111\u0129a thu\u1ef7 l\u1ef1c Shimano MT200 tr\u01b0\u1edbc v\u00e0 sau<\/h3>\n<\/div>\n<div dir=\"auto\">So v\u1edbi Phanh \u0111\u0129a c\u01a1 c\u1ee7a b\u1ea3n 2023 th\u00ec chi\u1ebfc\u00a0<strong>3900XC<\/strong> \u0111\u01b0\u1ee3c Twitter trang b\u1ecb th\u00eam b\u1ed9 <strong>Phanh thu\u1ef7 l\u1ef1c Shimano MT200<\/strong> th\u00ec \u0111\u1ed9 an to\u00e0n c\u1ee7a 3900XC h\u01a1n h\u1eb5n d\u00f9 \u0111\u1ea1p qua nhi\u1ec1u cung \u0111\u01b0\u1eddng, \u0111\u1ecba h\u00ecnh hay th\u1eddi ti\u1ebft x\u1ea5u.<\/div>\n<div dir=\"auto\"><\/div>\n<\/div>\n<div dir=\"auto\"><img loading=\"lazy\" decoding=\"async\" src=\"https:\/\/antamebike.com\/wp-content\/uploads\/2024\/03\/Twitter-3900XC-mt200-300x241.png\" sizes=\"auto, (max-width: 306px) 100vw, 306px\" srcset=\"https:\/\/antamebike.com\/wp-content\/uploads\/2024\/03\/Twitter-3900XC-mt200-300x241.png 300w, https:\/\/antamebike.com\/wp-content\/uploads\/2024\/03\/Twitter-3900XC-mt200-1024x821.png 1024w, https:\/\/antamebike.com\/wp-content\/uploads\/2024\/03\/Twitter-3900XC-mt200-768x616.png 768w, https:\/\/antamebike.com\/wp-content\/uploads\/2024\/03\/Twitter-3900XC-mt200-600x481.png 600w, https:\/\/antamebike.com\/wp-content\/uploads\/2024\/03\/Twitter-3900XC-mt200.png 1496w\" alt=\"\" width=\"306\" height=\"246\" \/><img loading=\"lazy\" decoding=\"async\" src=\"https:\/\/antamebike.com\/wp-content\/uploads\/2024\/03\/twitter-3900XC-mt200-2-300x241.png\" sizes=\"auto, (max-width: 300px) 100vw, 300px\" srcset=\"https:\/\/antamebike.com\/wp-content\/uploads\/2024\/03\/twitter-3900XC-mt200-2-300x241.png 300w, https:\/\/antamebike.com\/wp-content\/uploads\/2024\/03\/twitter-3900XC-mt200-2-1024x821.png 1024w, https:\/\/antamebike.com\/wp-content\/uploads\/2024\/03\/twitter-3900XC-mt200-2-768x616.png 768w, https:\/\/antamebike.com\/wp-content\/uploads\/2024\/03\/twitter-3900XC-mt200-2-600x481.png 600w, https:\/\/antamebike.com\/wp-content\/uploads\/2024\/03\/twitter-3900XC-mt200-2.png 1496w\" alt=\"\" width=\"300\" height=\"241\" \/><img loading=\"lazy\" decoding=\"async\" src=\"https:\/\/antamebike.com\/wp-content\/uploads\/2024\/03\/Twitter-3900XC-phanh-truoc-300x241.png\" sizes=\"auto, (max-width: 300px) 100vw, 300px\" srcset=\"https:\/\/antamebike.com\/wp-content\/uploads\/2024\/03\/Twitter-3900XC-phanh-truoc-300x241.png 300w, https:\/\/antamebike.com\/wp-content\/uploads\/2024\/03\/Twitter-3900XC-phanh-truoc-1024x821.png 1024w, https:\/\/antamebike.com\/wp-content\/uploads\/2024\/03\/Twitter-3900XC-phanh-truoc-768x616.png 768w, https:\/\/antamebike.com\/wp-content\/uploads\/2024\/03\/Twitter-3900XC-phanh-truoc-600x481.png 600w, https:\/\/antamebike.com\/wp-content\/uploads\/2024\/03\/Twitter-3900XC-phanh-truoc.png 1496w\" alt=\"\" width=\"300\" height=\"241\" \/><img loading=\"lazy\" decoding=\"async\" src=\"https:\/\/antamebike.com\/wp-content\/uploads\/2024\/03\/Twitter-3900XC-Phanh-sau-300x241.png\" sizes=\"auto, (max-width: 300px) 100vw, 300px\" srcset=\"https:\/\/antamebike.com\/wp-content\/uploads\/2024\/03\/Twitter-3900XC-Phanh-sau-300x241.png 300w, https:\/\/antamebike.com\/wp-content\/uploads\/2024\/03\/Twitter-3900XC-Phanh-sau-1024x821.png 1024w, https:\/\/antamebike.com\/wp-content\/uploads\/2024\/03\/Twitter-3900XC-Phanh-sau-768x616.png 768w, https:\/\/antamebike.com\/wp-content\/uploads\/2024\/03\/Twitter-3900XC-Phanh-sau-600x481.png 600w, https:\/\/antamebike.com\/wp-content\/uploads\/2024\/03\/Twitter-3900XC-Phanh-sau.png 1496w\" alt=\"\" width=\"300\" height=\"241\" \/><\/div>\n<div dir=\"auto\"><\/div>\n<p><img loading=\"lazy\" decoding=\"async\" class=\"alignnone size-large wp-image-2495\" src=\"https:\/\/antamebike.com\/wp-content\/uploads\/2024\/03\/Twitter-3900XC-T401-1024x692.jpeg\" sizes=\"auto, (max-width: 1024px) 100vw, 1024px\" srcset=\"https:\/\/antamebike.com\/wp-content\/uploads\/2024\/03\/Twitter-3900XC-T401-1024x692.jpeg 1024w, https:\/\/antamebike.com\/wp-content\/uploads\/2024\/03\/Twitter-3900XC-T401-300x203.jpeg 300w, https:\/\/antamebike.com\/wp-content\/uploads\/2024\/03\/Twitter-3900XC-T401-768x519.jpeg 768w, https:\/\/antamebike.com\/wp-content\/uploads\/2024\/03\/Twitter-3900XC-T401-1536x1039.jpeg 1536w, https:\/\/antamebike.com\/wp-content\/uploads\/2024\/03\/Twitter-3900XC-T401-2048x1385.jpeg 2048w, https:\/\/antamebike.com\/wp-content\/uploads\/2024\/03\/Twitter-3900XC-T401-600x406.jpeg 600w\" alt=\"\" width=\"1024\" height=\"692\" \/><\/p>\n<p>T\u1ed5ng th\u1ec3 v\u1edbi ng\u01b0\u1eddi d\u00f9ng ph\u1ed5 th\u00f4ng c\u1ea7n 1 chi\u1ebfc xe \u0111\u1ea1p ch\u1ea5t l\u01b0\u1ee3ng, th\u01b0\u01a1ng hi\u1ec7u uy t\u00edn c\u00f9ng v\u1edbi trang b\u1ecb v\u00e0 \u0111\u1ed9 ho\u00e0n thi\u1ec7n s\u1eafc n\u00e9t th\u00ec <strong>Twitter 3900XC <em>l\u00e0 s\u1ef1 l\u1ef1a ch\u1ecdn qu\u00e1 h\u1ea5p d\u1eabn<\/em><\/strong>.<\/p>\n<p>&nbsp;<\/p>\n<h2><strong>Chi Ti\u1ebft Xe \u0110\u1ea1p Twitter 3900XC 2024:<\/strong><\/h2>\n<table width=\"748\">\n<tbody>\n<tr>\n<td width=\"121\">M\u1eabu xe \u0111\u1ea1p:<\/td>\n<td width=\"620\">TW3900XC M315-24S<\/td>\n<\/tr>\n<tr>\n<td width=\"121\">ConfRev:<\/td>\n<td width=\"620\"><strong>M315-24S Phanh th\u1ee7y l\u1ef1c<\/strong><\/td>\n<\/tr>\n<tr>\n<td width=\"121\">K\u00edch th\u01b0\u1edbc b\u00e1nh xe:<\/td>\n<td width=\"620\"><strong>27.5 \u201c<\/strong><\/td>\n<\/tr>\n<tr>\n<td width=\"121\">Chi\u1ec1u cao khung:<\/td>\n<td width=\"620\">\u00a0<strong>17\u201d\u00a0<\/strong><\/td>\n<\/tr>\n<tr>\n<td width=\"121\">M\u00e0u xe \u0111\u1ea1p:<\/td>\n<td width=\"620\">BlackRed \/ BlackGray<\/td>\n<\/tr>\n<tr>\n<td width=\"121\">Kh\u1ed1i l\u01b0\u1ee3ng t\u1ecbnh:<\/td>\n<td width=\"620\">13.5KG<\/td>\n<\/tr>\n<tr>\n<td width=\"121\">Khung:<\/td>\n<td width=\"620\">TW3900XC, MTB, Nh\u1eb9 AL6061, M\u1ecbn h\u00e0n, \u0111\u1ecbnh tuy\u1ebfn c\u00e1p n\u1ed9i b\u1ed9, Matting<\/td>\n<\/tr>\n<tr>\n<td width=\"121\">B\u1ed9 Handelbar:<\/td>\n<td width=\"620\">H\u1ee3p kim RS Al, Matte, Tay l\u00e1i 31.8 \u00d7 680, Th\u00e2n c\u00e2y 90mm, Gh\u1ebf sau 31,6 \u00d7 350mm<\/td>\n<\/tr>\n<tr>\n<td width=\"121\">K\u1eb9p:<\/td>\n<td width=\"620\">H\u1ee3p kim TW Al, Quick release 34.9mm<\/td>\n<\/tr>\n<tr>\n<td width=\"121\">C\u00e1i n\u0129a:<\/td>\n<td width=\"620\">H\u1ec7 th\u1ed1ng treo h\u1ee3p kim TW Al v\u1edbi c\u01a1 kh\u00ed, Kh\u00f3a tay<\/td>\n<\/tr>\n<tr>\n<td width=\"121\">B\u1ed9 \u0111\u1ea7u:<\/td>\n<td width=\"620\">Al h\u1ee3p kim CNC 44mm<\/td>\n<\/tr>\n<tr>\n<td width=\"121\">M\u00e1y gi\u1eb7t:<\/td>\n<td width=\"620\">H\u1ee3p kim Alu 3 \u00d7 28,6 \u00d7 10mm<\/td>\n<\/tr>\n<tr>\n<td width=\"121\">\u0110\u00f2n b\u1ea9y Derailleur:<\/td>\n<td width=\"620\">SHIMANO M315-24S<\/td>\n<\/tr>\n<tr>\n<td width=\"121\">Front Derailleur:<\/td>\n<td width=\"620\">SHIMANO TY500<\/td>\n<\/tr>\n<tr>\n<td width=\"121\">Derailleur ph\u00eda sau:<\/td>\n<td width=\"620\">SHIMANO TY300<\/td>\n<\/tr>\n<tr>\n<td width=\"121\">\u0110\u00f9i \u0111\u0129a:<\/td>\n<td width=\"620\">SHIMANO TY301, Alu alloy. Square axis, 24-34-42T<\/td>\n<\/tr>\n<tr>\n<td width=\"121\">L\u00edp:<\/td>\n<td width=\"620\">SUGEK-8S, 11-32T<\/td>\n<\/tr>\n<tr>\n<td width=\"121\">X\u00edch:<\/td>\n<td width=\"620\">SUMC-8S<\/td>\n<\/tr>\n<tr>\n<td width=\"121\"><\/td>\n<td width=\"620\"><\/td>\n<\/tr>\n<tr>\n<td width=\"121\">Phanh:<\/td>\n<td width=\"620\"><b>Phanh d\u1ea7u Shimano MT200<\/b><\/td>\n<\/tr>\n<tr>\n<td width=\"121\">Trung t\u00e2m:<\/td>\n<td width=\"620\">RS Al h\u1ee3p kim, b\u00f3ng, r\u00e3nh, phanh \u0111\u0129a, 32 l\u1ed7<\/td>\n<\/tr>\n<tr>\n<td width=\"121\">Rim:<\/td>\n<td width=\"620\">H\u1ee3p kim RS Al, s\u00e0n \u0111\u00f4i v\u1edbi \u0111inh t\u00e1n, W24 \u00d7 H19mm<\/td>\n<\/tr>\n<tr>\n<td width=\"121\">N\u00f3i:<\/td>\n<td width=\"620\">SHUNJIU, Th\u00f4ng t\u01b0 14G, K\u00e9o b\u00ean<\/td>\n<\/tr>\n<tr>\n<td width=\"121\">L\u1ed1p xe:<\/td>\n<td width=\"620\"><strong>INOVA-PRO, 27 \u201c\u00d7 2.25\u201d\u00a0<\/strong><\/td>\n<\/tr>\n<tr>\n<td width=\"121\">Grips:<\/td>\n<td width=\"620\">TW Single-lock ph\u00f9 \u0111i\u00eau tr\u00f2n 22.2 \u00d7 130mm, tho\u1ea3i m\u00e1i,<\/td>\n<\/tr>\n<tr>\n<td width=\"121\">Y\u00ean xe:<\/td>\n<td width=\"620\">TW tho\u1ea3i m\u00e1i v\u00e0 nh\u1eb9 cho MTB<\/td>\n<\/tr>\n<\/tbody>\n<\/table>\n<p><img loading=\"lazy\" decoding=\"async\" src=\"https:\/\/antamebike.com\/wp-content\/uploads\/2024\/03\/Twitter-3900XC-weight-1024x573.png\" alt=\"\" width=\"1024\" height=\"573\" \/><\/p>\n<p>\u0110\u00e2y c\u0169ng l\u00e0 chi\u1ebfc xe \u0111\u1ea1p \u0111\u01b0\u1ee3c c\u00e1c ph\u1ee5 huynh ch\u1ecdn cho c\u00e1c em h\u1ecdc sinh \u0111i h\u1ecdc kh\u00e1 l\u1edbn<\/p>\n<p>Li\u00ean h\u1ec7 Antamebike.com lu\u00f4n c\u00f3 m\u1ee9c gi\u00e1 v\u00e0 khuy\u1ebfn m\u00e3i t\u1ed1t nh\u1ea5t cho <em><strong>Twitter 3900XC<\/strong><\/em>.<\/p>\n<p>Hotline t\u01b0 v\u1ea5n: <strong>077 802.3388<\/strong><\/p>\n<\/div>\n<\/div>\n","protected":false},"excerpt":{"rendered":"<p><strong>Twitter 3900XC &#8211; <\/strong>B\u1ea3n 2024 c\u00f3 2 n\u00e2ng c\u1ea5p r\u1ea5t \u0111\u00e1ng gi\u00e1?<\/p>\n<ul>\n<li><strong>Phanh \u0111\u0129a Thu\u1ef7 l\u1ef1c<\/strong> MT200<\/li>\n<li>B\u1ed9 Groupset Shimano M325-24S: <strong>24 c\u1ea5p<\/strong><\/li>\n<\/ul>\n<p>V\u1edbi size khung 17&#8243; v\u00e0 B\u00e1nh 27.5 inch: \u0111\u00e2y l\u00e0 size kh\u00e1 ph\u1ed5 bi\u1ebfn ph\u00f9 h\u1ee3p v\u1edbi chi\u1ec1u cao ng\u01b0\u1eddi d\u00f9ng VN t\u1eeb 1m55-1m70<\/p>\n<p>C\u00e1c th\u00f4ng s\u1ed1 chi ti\u1ebft kh\u00e1c:<\/p>\n<ul>\n<li>Tr\u1ecdng l\u01b0\u1ee3ng: 13.5 kg<\/li>\n<li><strong>Khung 17&#8243;: <\/strong>nh\u00f4m AL6061 , kh\u00f4ng m\u1ed1i h\u00e0n, d\u00e2y ch\u1ea1y \u00e2m s\u01b0\u1eddn<\/li>\n<li><strong>Gi\u1ea3m s\u00f3c <\/strong>d\u1ea7u <strong>Shimano MT200<\/strong> v\u1edbi Van kho\u00e1 H\u00e0nh tr\u00ecnh<\/li>\n<li><strong>Tr\u1ee5c gi\u1eefa <\/strong>\u00a0v\u00f2ng bi b\u1ea1c \u0111\u1ea1n .<\/li>\n<li><strong>Tay l\u00e1i <\/strong>H\u1ee3p kim nh\u00f4m TWITTER<\/li>\n<li><strong>P\u00f4 t\u0103ng <\/strong>H\u1ee3p kim nh\u00f4m TWITTER<\/li>\n<li><strong>C\u1ecdc Y\u00ean <\/strong>H\u1ee3p kim nh\u00f4m TWITTER<\/li>\n<li><strong>Y\u00ean<\/strong>\u00a0TWITTER<\/li>\n<li><strong>V\u00e0nh RETROSPEC<\/strong>\u00a032H\u00a0H\u1ee3p Kim Nh\u00f4m 2 l\u1edbp ,size 27.5\u00a0inch ,<\/li>\n<li><strong>May \u01a1 <\/strong>RETROSPEC<\/li>\n<li><strong>L\u1ed1p:<\/strong> Inova Pro 27.5*2.25<\/li>\n<\/ul>\n","protected":false},"featured_media":2495,"comment_status":"open","ping_status":"closed","template":"","meta":{"site-sidebar-layout":"default","site-content-layout":"default","ast-site-content-layout":"default","site-content-style":"default","site-sidebar-style":"default","ast-global-header-display":"","ast-banner-title-visibility":"","ast-main-header-display":"","ast-hfb-above-header-display":"","ast-hfb-below-header-display":"","ast-hfb-mobile-header-display":"","site-post-title":"","ast-breadcrumbs-content":"","ast-featured-img":"","footer-sml-layout":"","theme-transparent-header-meta":"default","adv-header-id-meta":"","stick-header-meta":"","header-above-stick-meta":"","header-main-stick-meta":"","header-below-stick-meta":"","astra-migrate-meta-layouts":"set","ast-page-background-enabled":"default","ast-page-background-meta":{"desktop":{"background-color":"var(--ast-global-color-4)","background-image":"","background-repeat":"repeat","background-position":"center center","background-size":"auto","background-attachment":"scroll","background-type":"","background-media":"","overlay-type":"","overlay-color":"","overlay-gradient":""},"tablet":{"background-color":"","background-image":"","background-repeat":"repeat","background-position":"center center","background-size":"auto","background-attachment":"scroll","background-type":"","background-media":"","overlay-type":"","overlay-color":"","overlay-gradient":""},"mobile":{"background-color":"","background-image":"","background-repeat":"repeat","background-position":"center center","background-size":"auto","background-attachment":"scroll","background-type":"","background-media":"","overlay-type":"","overlay-color":"","overlay-gradient":""}},"ast-content-background-meta":{"desktop":{"background-color":"var(--ast-global-color-5)","background-image":"","background-repeat":"repeat","background-position":"center center","background-size":"auto","background-attachment":"scroll","background-type":"","background-media":"","overlay-type":"","overlay-color":"","overlay-gradient":""},"tablet":{"background-color":"var(--ast-global-color-5)","background-image":"","background-repeat":"repeat","background-position":"center center","background-size":"auto","background-attachment":"scroll","background-type":"","background-media":"","overlay-type":"","overlay-color":"","overlay-gradient":""},"mobile":{"background-color":"var(--ast-global-color-5)","background-image":"","background-repeat":"repeat","background-position":"center center","background-size":"auto","background-attachment":"scroll","background-type":"","background-media":"","overlay-type":"","overlay-color":"","overlay-gradient":""}}},"product_cat":[111,49,50,40,208],"product_tag":[211,212],"class_list":{"0":"post-2391","1":"product","2":"type-product","3":"status-publish","4":"has-post-thumbnail","6":"product_cat-gia-tot","7":"product_cat-san-pham-hot","8":"product_cat-san-pham-moi","9":"product_cat-xe-dap-size-26","10":"product_cat-xe-dap-twitter","11":"product_tag-twitter-3900xc","12":"product_tag-xe-dap-twitter","13":"desktop-align-left","14":"tablet-align-left","15":"mobile-align-left","16":"ast-product-gallery-layout-horizontal-slider","17":"ast-product-tabs-layout-horizontal","19":"first","20":"instock","21":"sale","22":"shipping-taxable","23":"purchasable","24":"product-type-simple"},"_links":{"self":[{"href":"https:\/\/antamebike.com\/index.php?rest_route=\/wp\/v2\/product\/2391","targetHints":{"allow":["GET"]}}],"collection":[{"href":"https:\/\/antamebike.com\/index.php?rest_route=\/wp\/v2\/product"}],"about":[{"href":"https:\/\/antamebike.com\/index.php?rest_route=\/wp\/v2\/types\/product"}],"replies":[{"embeddable":true,"href":"https:\/\/antamebike.com\/index.php?rest_route=%2Fwp%2Fv2%2Fcomments&post=2391"}],"wp:featuredmedia":[{"embeddable":true,"href":"https:\/\/antamebike.com\/index.php?rest_route=\/wp\/v2\/media\/2495"}],"wp:attachment":[{"href":"https:\/\/antamebike.com\/index.php?rest_route=%2Fwp%2Fv2%2Fmedia&parent=2391"}],"wp:term":[{"taxonomy":"product_cat","embeddable":true,"href":"https:\/\/antamebike.com\/index.php?rest_route=%2Fwp%2Fv2%2Fproduct_cat&post=2391"},{"taxonomy":"product_tag","embeddable":true,"href":"https:\/\/antamebike.com\/index.php?rest_route=%2Fwp%2Fv2%2Fproduct_tag&post=2391"}],"curies":[{"name":"wp","href":"https:\/\/api.w.org\/{rel}","templated":true}]}}