{"id":2445,"date":"2024-03-26T13:37:15","date_gmt":"2024-03-26T13:37:15","guid":{"rendered":"https:\/\/antamebike.com\/?post_type=product&#038;p=2445"},"modified":"2025-09-07T14:15:45","modified_gmt":"2025-09-07T14:15:45","slug":"xe-dap-twitter-r10-carbon-ban-2024","status":"publish","type":"product","link":"https:\/\/antamebike.com\/?product=xe-dap-twitter-r10-carbon-ban-2024","title":{"rendered":"Xe \u0111\u1ea1p Twitter R10 Carbon RS-24S"},"content":{"rendered":"<h2><strong>Xe \u0111\u1ea1p TWITTER R10 Carbon RS-24S\u00a0<\/strong><\/h2>\n<p><strong>Twitter R10<\/strong> l\u00e0 chi\u1ebfc xe \u0111\u1ea1p t\u1ea7m trung c\u1ee7a nh\u00e0 Twitter \u0111\u00e3 r\u1ea5t \u0111\u01b0\u1ee3c \u01b0a chu\u1ed9ng c\u1ee7a ng\u01b0\u1eddi d\u00f9ng trong nh\u1eefng n\u0103m qua v\u1edbi trang b\u1ecb g\u1ea7n <em><strong>full Carbon<\/strong><\/em> kh\u00e1 cao c\u1ea5p. M\u1ed7i n\u0103m Twitter \u0111\u1ec1u n\u00e2ng c\u1ea5p nh\u1eefng c\u1ea3i ti\u1ebfn \u0111\u1ec3 l\u00e0m cho tr\u1ea3i nghi\u1ec7m c\u1ee7a ng\u01b0\u1eddi d\u00f9ng ng\u00e0y c\u00e0ng \u01b0ng \u00fd h\u01a1n<\/p>\n<p><img loading=\"lazy\" decoding=\"async\" class=\"alignnone size-large wp-image-2503\" src=\"https:\/\/antamebike.com\/wp-content\/uploads\/2024\/03\/DSC03581-1024x683.jpg\" alt=\"\" width=\"1024\" height=\"683\" srcset=\"https:\/\/antamebike.com\/wp-content\/uploads\/2024\/03\/DSC03581-1024x683.jpg 1024w, https:\/\/antamebike.com\/wp-content\/uploads\/2024\/03\/DSC03581-300x200.jpg 300w, https:\/\/antamebike.com\/wp-content\/uploads\/2024\/03\/DSC03581-768x512.jpg 768w, https:\/\/antamebike.com\/wp-content\/uploads\/2024\/03\/DSC03581-1536x1024.jpg 1536w, https:\/\/antamebike.com\/wp-content\/uploads\/2024\/03\/DSC03581-2048x1365.jpg 2048w, https:\/\/antamebike.com\/wp-content\/uploads\/2024\/03\/DSC03581-600x400.jpg 600w\" sizes=\"auto, (max-width: 1024px) 100vw, 1024px\" \/><\/p>\n<p>\u0110\u00e2y l\u00e0 m\u1eabu xe thu\u1ed9c d\u00f2ng Road v\u1edbi khung s\u01b0\u1eddn l\u00e0m b\u1eb1ng s\u1ee3i Carbon Fiber, Tay l\u00e1i Carbon nguy\u00ean kh\u1ed1i, C\u1ecdc y\u00ean Carbon, v\u00e0nh xe trang b\u1ecb h\u1ee3p kim Nh\u00f4m, Phanh \u0111\u0129a th\u1ee7y l\u1ef1c (d\u1ea7u), h\u1ec7 th\u1ed1ng d\u00e2y c\u00e1p \u0111i \u00e2m ho\u00e0n to\u00e0n.<\/p>\n<p>B\u1ea3n 2024 c\u00f3 g\u00ec h\u1ea5p d\u1eabn?<\/p>\n<div class=\"xdj266r x11i5rnm xat24cr x1mh8g0r x1vvkbs x126k92a\">\n\n<\/div>\n<div dir=\"auto\">\n<div dir=\"auto\">\n<h3 id=\"mcetoc_1gd28fvit5\">B\u1ed9 Groupset Retrospec 24 c\u1ea5p<\/h3>\n<p>V\u1edbi vi\u1ec7c n\u00e2ng c\u1ea5p B\u1ed9 <em><strong>Groupset l\u00ean 24 c\u1ea5p<\/strong><\/em> v\u1edbi 2 \u0110\u0129a v\u00e0 12 L\u00edp so v\u1edbi B\u1ea3n c\u0169 ch\u1ec9 22 c\u1ea5p: s\u1ebd gi\u00fap cho ng\u01b0\u1eddi d\u00f9ng c\u00f3 tr\u1ea3i m\u01b0\u1ee3t m\u00e0 h\u01a1n h\u1eb5n tr\u00ean c\u00e1c cung \u0111\u01b0\u1eddng.<\/p>\n<p><img loading=\"lazy\" decoding=\"async\" class=\"alignnone size-medium wp-image-2451\" src=\"https:\/\/antamebike.com\/wp-content\/uploads\/2024\/03\/Twitter-R10-can-chinh-300x300.png\" alt=\"\" width=\"300\" height=\"300\" srcset=\"https:\/\/antamebike.com\/wp-content\/uploads\/2024\/03\/Twitter-R10-can-chinh-300x300.png 300w, https:\/\/antamebike.com\/wp-content\/uploads\/2024\/03\/Twitter-R10-can-chinh-1024x1024.png 1024w, https:\/\/antamebike.com\/wp-content\/uploads\/2024\/03\/Twitter-R10-can-chinh-150x150.png 150w, https:\/\/antamebike.com\/wp-content\/uploads\/2024\/03\/Twitter-R10-can-chinh-768x768.png 768w, https:\/\/antamebike.com\/wp-content\/uploads\/2024\/03\/Twitter-R10-can-chinh-1536x1536.png 1536w, https:\/\/antamebike.com\/wp-content\/uploads\/2024\/03\/Twitter-R10-can-chinh-600x600.png 600w, https:\/\/antamebike.com\/wp-content\/uploads\/2024\/03\/Twitter-R10-can-chinh-100x100.png 100w, https:\/\/antamebike.com\/wp-content\/uploads\/2024\/03\/Twitter-R10-can-chinh.png 1600w\" sizes=\"auto, (max-width: 300px) 100vw, 300px\" \/> <img loading=\"lazy\" decoding=\"async\" class=\"alignnone size-medium wp-image-2453\" src=\"https:\/\/antamebike.com\/wp-content\/uploads\/2024\/03\/Twitter-R10-Lip-300x300.png\" alt=\"\" width=\"300\" height=\"300\" srcset=\"https:\/\/antamebike.com\/wp-content\/uploads\/2024\/03\/Twitter-R10-Lip-300x300.png 300w, https:\/\/antamebike.com\/wp-content\/uploads\/2024\/03\/Twitter-R10-Lip-1024x1024.png 1024w, https:\/\/antamebike.com\/wp-content\/uploads\/2024\/03\/Twitter-R10-Lip-150x150.png 150w, https:\/\/antamebike.com\/wp-content\/uploads\/2024\/03\/Twitter-R10-Lip-768x768.png 768w, https:\/\/antamebike.com\/wp-content\/uploads\/2024\/03\/Twitter-R10-Lip-1536x1536.png 1536w, https:\/\/antamebike.com\/wp-content\/uploads\/2024\/03\/Twitter-R10-Lip-2048x2048.png 2048w, https:\/\/antamebike.com\/wp-content\/uploads\/2024\/03\/Twitter-R10-Lip-600x600.png 600w, https:\/\/antamebike.com\/wp-content\/uploads\/2024\/03\/Twitter-R10-Lip-100x100.png 100w\" sizes=\"auto, (max-width: 300px) 100vw, 300px\" \/><\/p>\n<p><img loading=\"lazy\" decoding=\"async\" class=\"alignnone size-medium wp-image-2455\" src=\"https:\/\/antamebike.com\/wp-content\/uploads\/2024\/03\/Twitter-R10-gio-dap-300x241.png\" alt=\"\" width=\"300\" height=\"241\" srcset=\"https:\/\/antamebike.com\/wp-content\/uploads\/2024\/03\/Twitter-R10-gio-dap-300x241.png 300w, https:\/\/antamebike.com\/wp-content\/uploads\/2024\/03\/Twitter-R10-gio-dap-1024x821.png 1024w, https:\/\/antamebike.com\/wp-content\/uploads\/2024\/03\/Twitter-R10-gio-dap-768x616.png 768w, https:\/\/antamebike.com\/wp-content\/uploads\/2024\/03\/Twitter-R10-gio-dap-600x481.png 600w, https:\/\/antamebike.com\/wp-content\/uploads\/2024\/03\/Twitter-R10-gio-dap.png 1496w\" sizes=\"auto, (max-width: 300px) 100vw, 300px\" \/> <img loading=\"lazy\" decoding=\"async\" class=\"alignnone size-medium wp-image-2456\" src=\"https:\/\/antamebike.com\/wp-content\/uploads\/2024\/03\/Twitter-R10-can-chuyen-300x300.png\" alt=\"\" width=\"300\" height=\"300\" srcset=\"https:\/\/antamebike.com\/wp-content\/uploads\/2024\/03\/Twitter-R10-can-chuyen-300x300.png 300w, https:\/\/antamebike.com\/wp-content\/uploads\/2024\/03\/Twitter-R10-can-chuyen-1024x1024.png 1024w, https:\/\/antamebike.com\/wp-content\/uploads\/2024\/03\/Twitter-R10-can-chuyen-150x150.png 150w, https:\/\/antamebike.com\/wp-content\/uploads\/2024\/03\/Twitter-R10-can-chuyen-768x768.png 768w, https:\/\/antamebike.com\/wp-content\/uploads\/2024\/03\/Twitter-R10-can-chuyen-1536x1536.png 1536w, https:\/\/antamebike.com\/wp-content\/uploads\/2024\/03\/Twitter-R10-can-chuyen-2048x2048.png 2048w, https:\/\/antamebike.com\/wp-content\/uploads\/2024\/03\/Twitter-R10-can-chuyen-600x600.png 600w, https:\/\/antamebike.com\/wp-content\/uploads\/2024\/03\/Twitter-R10-can-chuyen-100x100.png 100w\" sizes=\"auto, (max-width: 300px) 100vw, 300px\" \/><\/p>\n<p>&nbsp;<\/p>\n<p><em><strong>Th\u00f4ng s\u1ed1 c\u1ee5 th\u1ec3 Groupset B\u1ea3n 2024 so v\u1edbi 2023:<\/strong><\/em><\/p>\n<\/div>\n<div dir=\"auto\">\n<ul>\n<li>Tay \u0111\u1ec1 l\u1eafc: RETROSPEC(SENSAH HRD6900-R)-2*12S, hydraulic handle\/ SRAM RIVAL-2*11S<\/li>\n<li>G\u1ea1t \u0111\u1ec1 Tr\u01b0\u1edbc: Microshift\/ SRAM RIVAL<\/li>\n<li>G\u1ea1t \u0111\u1ec1 Sau: RETROSPEC(SENSAH RD8500-R-GS)-12S\/ SRAM RIVAL-11S<\/li>\n<li>Gi\u00f2 \u0110\u0129a: SENICX, PR5 Alu alloy, Hollow, 34-50T\/ PROWHEEL, Alu alloy, Hollow,34-50T<\/li>\n<li>L\u00edp: SUNSHINE-12S, 11-30T\/ SUNSHINE-11S. 11-32T<\/li>\n<li>X\u00edch: SUMC-12S\/ SUMC-11S<\/li>\n<\/ul>\n<h3 id=\"mcetoc_1gd28fvit5\">Phanh \u0111\u0129a thu\u1ef7 l\u1ef1c (Full D\u1ea7u)<\/h3>\n<p>M\u1ed9t n\u00e2ng c\u1ea5p kh\u00e1c c\u0169ng kh\u00e1 \u0111\u00e1ng gi\u00e1 cho Twitter R10 2024 l\u00e0 b\u1ed9 <em><strong>Phanh D\u1ea7u Full ch\u1ee9 kh\u00f4ng d\u00f9ng d\u00e2y Cable<\/strong><\/em> nh\u01b0 B\u1ed9 phanh c\u1ee7a R10 2023<\/p>\n<p><img loading=\"lazy\" decoding=\"async\" class=\"alignnone wp-image-2884 size-medium\" src=\"https:\/\/antamebike.com\/wp-content\/uploads\/2024\/03\/IMG_2946-300x300.jpg\" alt=\"\" width=\"300\" height=\"300\" srcset=\"https:\/\/antamebike.com\/wp-content\/uploads\/2024\/03\/IMG_2946-300x300.jpg 300w, https:\/\/antamebike.com\/wp-content\/uploads\/2024\/03\/IMG_2946-1024x1024.jpg 1024w, https:\/\/antamebike.com\/wp-content\/uploads\/2024\/03\/IMG_2946-150x150.jpg 150w, https:\/\/antamebike.com\/wp-content\/uploads\/2024\/03\/IMG_2946-768x768.jpg 768w, https:\/\/antamebike.com\/wp-content\/uploads\/2024\/03\/IMG_2946-1536x1536.jpg 1536w, https:\/\/antamebike.com\/wp-content\/uploads\/2024\/03\/IMG_2946-2048x2048.jpg 2048w, https:\/\/antamebike.com\/wp-content\/uploads\/2024\/03\/IMG_2946-600x600.jpg 600w, https:\/\/antamebike.com\/wp-content\/uploads\/2024\/03\/IMG_2946-100x100.jpg 100w\" sizes=\"auto, (max-width: 300px) 100vw, 300px\" \/> <img loading=\"lazy\" decoding=\"async\" class=\"alignnone size-medium wp-image-2459\" src=\"https:\/\/antamebike.com\/wp-content\/uploads\/2024\/03\/Twitter-R10-can-chinh-1-300x300.png\" alt=\"\" width=\"300\" height=\"300\" srcset=\"https:\/\/antamebike.com\/wp-content\/uploads\/2024\/03\/Twitter-R10-can-chinh-1-300x300.png 300w, https:\/\/antamebike.com\/wp-content\/uploads\/2024\/03\/Twitter-R10-can-chinh-1-1024x1024.png 1024w, https:\/\/antamebike.com\/wp-content\/uploads\/2024\/03\/Twitter-R10-can-chinh-1-150x150.png 150w, https:\/\/antamebike.com\/wp-content\/uploads\/2024\/03\/Twitter-R10-can-chinh-1-768x768.png 768w, https:\/\/antamebike.com\/wp-content\/uploads\/2024\/03\/Twitter-R10-can-chinh-1-1536x1536.png 1536w, https:\/\/antamebike.com\/wp-content\/uploads\/2024\/03\/Twitter-R10-can-chinh-1-600x600.png 600w, https:\/\/antamebike.com\/wp-content\/uploads\/2024\/03\/Twitter-R10-can-chinh-1-100x100.png 100w, https:\/\/antamebike.com\/wp-content\/uploads\/2024\/03\/Twitter-R10-can-chinh-1.png 1600w\" sizes=\"auto, (max-width: 300px) 100vw, 300px\" \/> <img loading=\"lazy\" decoding=\"async\" class=\"alignnone size-medium wp-image-2460\" src=\"https:\/\/antamebike.com\/wp-content\/uploads\/2024\/03\/Twitter-R10-brake-front-300x241.png\" alt=\"\" width=\"300\" height=\"241\" srcset=\"https:\/\/antamebike.com\/wp-content\/uploads\/2024\/03\/Twitter-R10-brake-front-300x241.png 300w, https:\/\/antamebike.com\/wp-content\/uploads\/2024\/03\/Twitter-R10-brake-front-1024x821.png 1024w, https:\/\/antamebike.com\/wp-content\/uploads\/2024\/03\/Twitter-R10-brake-front-768x616.png 768w, https:\/\/antamebike.com\/wp-content\/uploads\/2024\/03\/Twitter-R10-brake-front-600x481.png 600w, https:\/\/antamebike.com\/wp-content\/uploads\/2024\/03\/Twitter-R10-brake-front.png 1496w\" sizes=\"auto, (max-width: 300px) 100vw, 300px\" \/> <img loading=\"lazy\" decoding=\"async\" class=\"alignnone size-medium wp-image-2461\" src=\"https:\/\/antamebike.com\/wp-content\/uploads\/2024\/03\/Twitter-R10-brake-rear-300x300.png\" alt=\"\" width=\"300\" height=\"300\" srcset=\"https:\/\/antamebike.com\/wp-content\/uploads\/2024\/03\/Twitter-R10-brake-rear-300x300.png 300w, https:\/\/antamebike.com\/wp-content\/uploads\/2024\/03\/Twitter-R10-brake-rear-1024x1024.png 1024w, https:\/\/antamebike.com\/wp-content\/uploads\/2024\/03\/Twitter-R10-brake-rear-150x150.png 150w, https:\/\/antamebike.com\/wp-content\/uploads\/2024\/03\/Twitter-R10-brake-rear-768x768.png 768w, https:\/\/antamebike.com\/wp-content\/uploads\/2024\/03\/Twitter-R10-brake-rear-1536x1536.png 1536w, https:\/\/antamebike.com\/wp-content\/uploads\/2024\/03\/Twitter-R10-brake-rear-2048x2048.png 2048w, https:\/\/antamebike.com\/wp-content\/uploads\/2024\/03\/Twitter-R10-brake-rear-600x600.png 600w, https:\/\/antamebike.com\/wp-content\/uploads\/2024\/03\/Twitter-R10-brake-rear-100x100.png 100w\" sizes=\"auto, (max-width: 300px) 100vw, 300px\" \/><\/p>\n<\/div>\n<h2 dir=\"auto\"><\/h2>\n<h2 dir=\"auto\">Nh\u1eefng trang bi cao c\u1ea5p c\u1ee7a Twitter R10 RS24 2024<\/h2>\n<h3 dir=\"auto\">Khung s\u01b0\u1eddn Carbon Fiber, d\u00e2y \u00e2m s\u01b0\u1eddn<\/h3>\n<div dir=\"auto\"><img loading=\"lazy\" decoding=\"async\" class=\"alignnone size-medium wp-image-2446\" src=\"https:\/\/antamebike.com\/wp-content\/uploads\/2024\/03\/Twitter-R10-300x300.png\" alt=\"\" width=\"300\" height=\"300\" srcset=\"https:\/\/antamebike.com\/wp-content\/uploads\/2024\/03\/Twitter-R10-300x300.png 300w, https:\/\/antamebike.com\/wp-content\/uploads\/2024\/03\/Twitter-R10-1024x1024.png 1024w, https:\/\/antamebike.com\/wp-content\/uploads\/2024\/03\/Twitter-R10-150x150.png 150w, https:\/\/antamebike.com\/wp-content\/uploads\/2024\/03\/Twitter-R10-768x768.png 768w, https:\/\/antamebike.com\/wp-content\/uploads\/2024\/03\/Twitter-R10-1536x1536.png 1536w, https:\/\/antamebike.com\/wp-content\/uploads\/2024\/03\/Twitter-R10-600x600.png 600w, https:\/\/antamebike.com\/wp-content\/uploads\/2024\/03\/Twitter-R10-100x100.png 100w, https:\/\/antamebike.com\/wp-content\/uploads\/2024\/03\/Twitter-R10.png 1600w\" sizes=\"auto, (max-width: 300px) 100vw, 300px\" \/> <img loading=\"lazy\" decoding=\"async\" class=\"alignnone size-medium wp-image-2452\" src=\"https:\/\/antamebike.com\/wp-content\/uploads\/2024\/03\/Twitter-R10-frame-1-300x241.png\" alt=\"\" width=\"300\" height=\"241\" srcset=\"https:\/\/antamebike.com\/wp-content\/uploads\/2024\/03\/Twitter-R10-frame-1-300x241.png 300w, https:\/\/antamebike.com\/wp-content\/uploads\/2024\/03\/Twitter-R10-frame-1-1024x821.png 1024w, https:\/\/antamebike.com\/wp-content\/uploads\/2024\/03\/Twitter-R10-frame-1-768x616.png 768w, https:\/\/antamebike.com\/wp-content\/uploads\/2024\/03\/Twitter-R10-frame-1-600x481.png 600w, https:\/\/antamebike.com\/wp-content\/uploads\/2024\/03\/Twitter-R10-frame-1.png 1496w\" sizes=\"auto, (max-width: 300px) 100vw, 300px\" \/> <img loading=\"lazy\" decoding=\"async\" class=\"alignnone size-medium wp-image-2449\" src=\"https:\/\/antamebike.com\/wp-content\/uploads\/2024\/03\/Twitter-R10-frame-2-300x300.png\" alt=\"\" width=\"300\" height=\"300\" srcset=\"https:\/\/antamebike.com\/wp-content\/uploads\/2024\/03\/Twitter-R10-frame-2-300x300.png 300w, https:\/\/antamebike.com\/wp-content\/uploads\/2024\/03\/Twitter-R10-frame-2-1024x1024.png 1024w, https:\/\/antamebike.com\/wp-content\/uploads\/2024\/03\/Twitter-R10-frame-2-150x150.png 150w, https:\/\/antamebike.com\/wp-content\/uploads\/2024\/03\/Twitter-R10-frame-2-768x768.png 768w, https:\/\/antamebike.com\/wp-content\/uploads\/2024\/03\/Twitter-R10-frame-2-1536x1536.png 1536w, https:\/\/antamebike.com\/wp-content\/uploads\/2024\/03\/Twitter-R10-frame-2-2048x2048.png 2048w, https:\/\/antamebike.com\/wp-content\/uploads\/2024\/03\/Twitter-R10-frame-2-600x600.png 600w, https:\/\/antamebike.com\/wp-content\/uploads\/2024\/03\/Twitter-R10-frame-2-100x100.png 100w\" sizes=\"auto, (max-width: 300px) 100vw, 300px\" \/><img loading=\"lazy\" decoding=\"async\" class=\"alignnone size-medium wp-image-2457\" src=\"https:\/\/antamebike.com\/wp-content\/uploads\/2024\/03\/Twitter-R10-yen-300x241.png\" alt=\"\" width=\"300\" height=\"241\" srcset=\"https:\/\/antamebike.com\/wp-content\/uploads\/2024\/03\/Twitter-R10-yen-300x241.png 300w, https:\/\/antamebike.com\/wp-content\/uploads\/2024\/03\/Twitter-R10-yen-1024x821.png 1024w, https:\/\/antamebike.com\/wp-content\/uploads\/2024\/03\/Twitter-R10-yen-768x616.png 768w, https:\/\/antamebike.com\/wp-content\/uploads\/2024\/03\/Twitter-R10-yen-600x481.png 600w, https:\/\/antamebike.com\/wp-content\/uploads\/2024\/03\/Twitter-R10-yen.png 1496w\" sizes=\"auto, (max-width: 300px) 100vw, 300px\" \/><\/div>\n<\/div>\n<div dir=\"auto\"><\/div>\n<div dir=\"auto\"><strong>Twitter R10<\/strong> trang b\u1ecb <strong><em>g\u1ea7n nh\u01b0 full carbon<\/em><\/strong> v\u1edbi: Khung, Phu\u1ed9c, Ghi-\u0111\u00f4ng, P\u00f4-t\u0103ng, v\u00e0 c\u1ecdc Y\u00ean: carbon Viber nguy\u00ean kh\u1ed1i<\/div>\n<div dir=\"auto\"><\/div>\n<h3 dir=\"auto\">\u0110\u00f9m Retrospec v\u1edbi May-\u01a1 Carbon Viber<\/h3>\n<div dir=\"auto\"><img loading=\"lazy\" decoding=\"async\" class=\"alignnone size-medium wp-image-2462\" src=\"https:\/\/antamebike.com\/wp-content\/uploads\/2024\/03\/Twitter-R10-dum-300x241.png\" alt=\"\" width=\"300\" height=\"241\" srcset=\"https:\/\/antamebike.com\/wp-content\/uploads\/2024\/03\/Twitter-R10-dum-300x241.png 300w, https:\/\/antamebike.com\/wp-content\/uploads\/2024\/03\/Twitter-R10-dum-1024x821.png 1024w, https:\/\/antamebike.com\/wp-content\/uploads\/2024\/03\/Twitter-R10-dum-768x616.png 768w, https:\/\/antamebike.com\/wp-content\/uploads\/2024\/03\/Twitter-R10-dum-600x481.png 600w, https:\/\/antamebike.com\/wp-content\/uploads\/2024\/03\/Twitter-R10-dum.png 1496w\" sizes=\"auto, (max-width: 300px) 100vw, 300px\" \/> <img loading=\"lazy\" decoding=\"async\" class=\"alignnone size-medium wp-image-2463\" src=\"https:\/\/antamebike.com\/wp-content\/uploads\/2024\/03\/Twitter-R10-Lip-1-300x300.png\" alt=\"\" width=\"300\" height=\"300\" srcset=\"https:\/\/antamebike.com\/wp-content\/uploads\/2024\/03\/Twitter-R10-Lip-1-300x300.png 300w, https:\/\/antamebike.com\/wp-content\/uploads\/2024\/03\/Twitter-R10-Lip-1-1024x1024.png 1024w, https:\/\/antamebike.com\/wp-content\/uploads\/2024\/03\/Twitter-R10-Lip-1-150x150.png 150w, https:\/\/antamebike.com\/wp-content\/uploads\/2024\/03\/Twitter-R10-Lip-1-768x768.png 768w, https:\/\/antamebike.com\/wp-content\/uploads\/2024\/03\/Twitter-R10-Lip-1-1536x1536.png 1536w, https:\/\/antamebike.com\/wp-content\/uploads\/2024\/03\/Twitter-R10-Lip-1-2048x2048.png 2048w, https:\/\/antamebike.com\/wp-content\/uploads\/2024\/03\/Twitter-R10-Lip-1-600x600.png 600w, https:\/\/antamebike.com\/wp-content\/uploads\/2024\/03\/Twitter-R10-Lip-1-100x100.png 100w\" sizes=\"auto, (max-width: 300px) 100vw, 300px\" \/><\/div>\n<div dir=\"auto\">V\u1edbi May-\u01a1 b\u1eb1ng Carbon Viber gi\u00fap c\u1ed1i n\u1ed5 c\u00f3 ti\u1ebfng r\u1ea5t vang<\/div>\n<div dir=\"auto\">\n<p>&nbsp;<\/p>\n<\/div>\n<h2 id=\"thong-so-ky-thuat-xe-dap-twitter-r10-rs22\" class=\"ftwp-heading\"><strong>TH\u00d4NG S\u1ed0 K\u1ef8 THU\u1eacT XE \u0110\u1ea0P\u00a0 TWITTER R10 \/ RS-24 Phanh Full D\u1ea7u<\/strong><\/h2>\n<table border=\"1\" width=\"100%\">\n<tbody>\n<tr>\n<td><strong>\u00a0C\u00e2n n\u1eb7ng<\/strong><\/td>\n<td>Kho\u1ea3ng 8,5 kg<\/td>\n<\/tr>\n<tr>\n<td width=\"265\"><strong>\u00a0Th\u1ecb tr\u01b0\u1edfng (Hub)<\/strong><\/td>\n<td width=\"513\">Retrosper b\u1ea1c \u0111\u1ea1n, May-\u01a1 Fiber Carbon<\/td>\n<\/tr>\n<tr>\n<td width=\"265\"><strong>\u00a0Khung s\u01b0\u1eddn<\/strong><\/td>\n<td>\u00a0S\u1ee3i Carbon Fiber<\/td>\n<\/tr>\n<tr>\n<td width=\"265\"><strong>\u00a0Ghi \u0111\u00f4ng \/ p\u00f4 t\u0103ng<\/strong><\/td>\n<td width=\"513\">S\u1ee3i Carbon Fiber<\/td>\n<\/tr>\n<tr>\n<td width=\"265\"><strong>\u00a0Y\u00ean xe<\/strong><\/td>\n<td>C\u1ecdc Y\u00ean Carbon Fiber, Y\u00ean da PU Twitter<\/td>\n<\/tr>\n<tr>\n<td width=\"265\"><strong>\u00a0Phanh xe<\/strong><\/td>\n<td width=\"513\"><strong>\u00a0Phanh \u0111\u0129a d\u1ea7u (full D\u1ea7u)\u00a0<\/strong><\/td>\n<\/tr>\n<tr>\n<td width=\"265\"><strong>\u00a0Tay \u0111\u1ec1 l\u1eafc<\/strong><\/td>\n<td><strong> RETROSPEC(SENSAH HRD6900-R)-2*12S, hydraulic handle<\/strong><\/td>\n<\/tr>\n<tr>\n<td width=\"265\"><strong>\u00a0G\u1ea1t \u0111\u0129a<\/strong><\/td>\n<td>Microshift<\/td>\n<\/tr>\n<tr>\n<td width=\"265\"><strong>\u00a0G\u1ea1t l\u00edp<\/strong><\/td>\n<td>RETROSPEC(SENSAH RD8500-R-GS)-12S<\/td>\n<\/tr>\n<tr>\n<td width=\"265\"><strong>\u00a0Gi\u00f2 d\u0129a<\/strong><\/td>\n<td width=\"513\">SENICX, PR5 Alu alloy, Hollow, 34-50T<\/td>\n<\/tr>\n<tr>\n<td width=\"265\"><strong>\u00a0L\u00edp\u00a0<\/strong><\/td>\n<td>SUNSHINE-12S, 11-30T<\/td>\n<\/tr>\n<tr>\n<td width=\"265\"><strong>\u00a0X\u00edch<\/strong><\/td>\n<td>SUMC-12S<\/td>\n<\/tr>\n<tr>\n<td width=\"265\"><strong>\u00a0V\u00e0nh xe 700C<\/strong><\/td>\n<td>H\u01a1\u0323p kim nh\u00f4m hai l\u01a1\u0301p<\/td>\n<\/tr>\n<tr>\n<td width=\"265\"><strong>\u00a0L\u1ed1p xe<\/strong><\/td>\n<td>INNOVA-PRO, Black, 700*25C, Black<\/td>\n<\/tr>\n<tr>\n<td width=\"265\"><strong>\u00a0B\u1ea3o h\u00e0nh<\/strong><\/td>\n<td width=\"513\">Khung xe b\u1ea3o h\u00e0nh 3 n\u0103m \/ b\u1ed9 Groupset 1 n\u0103m<\/td>\n<\/tr>\n<\/tbody>\n<\/table>\n<p>T\u00f3m l\u1ea1i, n\u1ebfu b\u1ea1n \u0111ang t\u00ecm 1 chi\u1ebfc xe \u0111\u1ea1p d\u00f2ng Road nh\u1eb9 v\u1edbi trang b\u1ecb g\u1ea7n nh\u01b0 <strong>Full\u00a0Carbon<\/strong> v\u00e0 nhi\u1ec1u trang b\u1ecb cao c\u1ea5p \u0111\u1ec3 \u0111\u1ea1p nh\u1eb9 nh\u00e0ng v\u00e0 \u00eam \u00e1i th\u00ec <strong>Twitter R10 Carbon RS-24S 2024<\/strong> l\u00e0 m\u1ed9t s\u1ef1 l\u1ef1a ch\u1ecdn x\u1ee9ng \u0111\u00e1ng.<\/p>\n<p><img loading=\"lazy\" decoding=\"async\" class=\"alignnone wp-image-2880 size-large\" src=\"https:\/\/antamebike.com\/wp-content\/uploads\/2024\/03\/Twitter-R10-X-1024x1024.jpeg\" alt=\"\" width=\"1024\" height=\"1024\" srcset=\"https:\/\/antamebike.com\/wp-content\/uploads\/2024\/03\/Twitter-R10-X-1024x1024.jpeg 1024w, https:\/\/antamebike.com\/wp-content\/uploads\/2024\/03\/Twitter-R10-X-300x300.jpeg 300w, https:\/\/antamebike.com\/wp-content\/uploads\/2024\/03\/Twitter-R10-X-150x150.jpeg 150w, https:\/\/antamebike.com\/wp-content\/uploads\/2024\/03\/Twitter-R10-X-768x768.jpeg 768w, https:\/\/antamebike.com\/wp-content\/uploads\/2024\/03\/Twitter-R10-X-600x600.jpeg 600w, https:\/\/antamebike.com\/wp-content\/uploads\/2024\/03\/Twitter-R10-X-100x100.jpeg 100w, https:\/\/antamebike.com\/wp-content\/uploads\/2024\/03\/Twitter-R10-X.jpeg 1280w\" sizes=\"auto, (max-width: 1024px) 100vw, 1024px\" \/><\/p>\n<p>Ch\u1ea5t l\u01b0\u1ee3ng ho\u00e0n thi\u1ec7n s\u1eafc n\u00e9t c\u1ee7a Twitter c\u00f9ng v\u1edbi <strong>Gi\u00e1 b\u00e1n qu\u00e1 h\u1ee3p l\u00fd<\/strong> th\u00ec c\u00e0ng cho <strong>Twitter R10 2024 Phanh D\u1ea7u<\/strong> c\u00e0ng th\u00eam c\u00f3 nhi\u1ec1u Fans xe \u0111\u1ea1p y\u00ean m\u1ebfn v\u00e0 \u01b0u ti\u00ean l\u1ef1a ch\u1ecdn.<\/p>\n<p>Li\u00ean h\u1ec7 Antamebike.com lu\u00f4n c\u00f3 m\u1ee9c gi\u00e1 v\u00e0 khuy\u1ebfn m\u00e3i t\u1ed1t nh\u1ea5t cho <em><strong>Twitter R10 2024 Phanh d\u1ea7u<\/strong><\/em>.<\/p>\n<p>Hotline t\u01b0 v\u1ea5n: <strong>077 802.3388 <\/strong><\/p>\n","protected":false},"excerpt":{"rendered":"<p><strong>Twitter R10 RS-24 v\u1edbi 6 m\u00f3n Carbon fiber:<\/strong><\/p>\n<ul>\n<li><strong>Khung s\u01b0\u1eddn Carbon Fiber: 48&#8243;<\/strong><\/li>\n<li>Ghi-\u0111\u00f4ng, P\u00f4-t\u0103ng: <strong>Carbon<\/strong> nguy\u00ean kh\u1ed1i<\/li>\n<li>C\u1ecdc y\u00ean: <strong>Carbon<\/strong><\/li>\n<li><strong>Phanh \u0111\u0129a Thu\u1ef7 l\u1ef1c<\/strong> Retrospec (Full D\u1ea7u)<\/li>\n<li>B\u1ed9 Groupset Retrospec: <strong>24 c\u1ea5p (<\/strong><span style=\"font-size: 16px;\">SENSAH HRD6900-R-2*12S, <strong>hydraulic handle<\/strong>)<\/span><\/li>\n<li>Tr\u1ecdng l\u01b0\u1ee3ng: 8.5 kg<\/li>\n<li>\u00a0v\u1edbi<strong> May-\u1edf b\u1eb1ng Carbon\u00a0<\/strong><b>Viber<\/b><\/li>\n<li><strong>L\u1ed1p: <\/strong><span style=\"font-size: 16px;\">INNOVA-PRO, Black, 700*25C, Black<\/span><\/li>\n<\/ul>\n","protected":false},"featured_media":2883,"comment_status":"open","ping_status":"closed","template":"","meta":{"site-sidebar-layout":"default","site-content-layout":"default","ast-site-content-layout":"default","site-content-style":"default","site-sidebar-style":"default","ast-global-header-display":"","ast-banner-title-visibility":"","ast-main-header-display":"","ast-hfb-above-header-display":"","ast-hfb-below-header-display":"","ast-hfb-mobile-header-display":"","site-post-title":"","ast-breadcrumbs-content":"","ast-featured-img":"","footer-sml-layout":"","theme-transparent-header-meta":"default","adv-header-id-meta":"","stick-header-meta":"","header-above-stick-meta":"","header-main-stick-meta":"","header-below-stick-meta":"","astra-migrate-meta-layouts":"set","ast-page-background-enabled":"default","ast-page-background-meta":{"desktop":{"background-color":"var(--ast-global-color-4)","background-image":"","background-repeat":"repeat","background-position":"center center","background-size":"auto","background-attachment":"scroll","background-type":"","background-media":"","overlay-type":"","overlay-color":"","overlay-gradient":""},"tablet":{"background-color":"","background-image":"","background-repeat":"repeat","background-position":"center center","background-size":"auto","background-attachment":"scroll","background-type":"","background-media":"","overlay-type":"","overlay-color":"","overlay-gradient":""},"mobile":{"background-color":"","background-image":"","background-repeat":"repeat","background-position":"center center","background-size":"auto","background-attachment":"scroll","background-type":"","background-media":"","overlay-type":"","overlay-color":"","overlay-gradient":""}},"ast-content-background-meta":{"desktop":{"background-color":"var(--ast-global-color-5)","background-image":"","background-repeat":"repeat","background-position":"center center","background-size":"auto","background-attachment":"scroll","background-type":"","background-media":"","overlay-type":"","overlay-color":"","overlay-gradient":""},"tablet":{"background-color":"var(--ast-global-color-5)","background-image":"","background-repeat":"repeat","background-position":"center center","background-size":"auto","background-attachment":"scroll","background-type":"","background-media":"","overlay-type":"","overlay-color":"","overlay-gradient":""},"mobile":{"background-color":"var(--ast-global-color-5)","background-image":"","background-repeat":"repeat","background-position":"center center","background-size":"auto","background-attachment":"scroll","background-type":"","background-media":"","overlay-type":"","overlay-color":"","overlay-gradient":""}}},"product_cat":[111,49,50,40,208],"product_tag":[216,212],"class_list":{"0":"post-2445","1":"product","2":"type-product","3":"status-publish","4":"has-post-thumbnail","6":"product_cat-gia-tot","7":"product_cat-san-pham-hot","8":"product_cat-san-pham-moi","9":"product_cat-xe-dap-size-26","10":"product_cat-xe-dap-twitter","11":"product_tag-twitter-r10","12":"product_tag-xe-dap-twitter","13":"desktop-align-left","14":"tablet-align-left","15":"mobile-align-left","16":"ast-product-gallery-layout-horizontal-slider","17":"ast-product-tabs-layout-horizontal","19":"first","20":"instock","21":"sale","22":"shipping-taxable","23":"purchasable","24":"product-type-simple"},"_links":{"self":[{"href":"https:\/\/antamebike.com\/index.php?rest_route=\/wp\/v2\/product\/2445","targetHints":{"allow":["GET"]}}],"collection":[{"href":"https:\/\/antamebike.com\/index.php?rest_route=\/wp\/v2\/product"}],"about":[{"href":"https:\/\/antamebike.com\/index.php?rest_route=\/wp\/v2\/types\/product"}],"replies":[{"embeddable":true,"href":"https:\/\/antamebike.com\/index.php?rest_route=%2Fwp%2Fv2%2Fcomments&post=2445"}],"wp:featuredmedia":[{"embeddable":true,"href":"https:\/\/antamebike.com\/index.php?rest_route=\/wp\/v2\/media\/2883"}],"wp:attachment":[{"href":"https:\/\/antamebike.com\/index.php?rest_route=%2Fwp%2Fv2%2Fmedia&parent=2445"}],"wp:term":[{"taxonomy":"product_cat","embeddable":true,"href":"https:\/\/antamebike.com\/index.php?rest_route=%2Fwp%2Fv2%2Fproduct_cat&post=2445"},{"taxonomy":"product_tag","embeddable":true,"href":"https:\/\/antamebike.com\/index.php?rest_route=%2Fwp%2Fv2%2Fproduct_tag&post=2445"}],"curies":[{"name":"wp","href":"https:\/\/api.w.org\/{rel}","templated":true}]}}