{"id":2532,"date":"2024-04-24T02:30:25","date_gmt":"2024-04-24T02:30:25","guid":{"rendered":"https:\/\/antamebike.com\/?post_type=product&#038;p=2532"},"modified":"2025-03-15T12:53:42","modified_gmt":"2025-03-15T12:53:42","slug":"twitter-f20-xe-dap-tro-luc-dien-gap-gon","status":"publish","type":"product","link":"https:\/\/antamebike.com\/?product=twitter-f20-xe-dap-tro-luc-dien-gap-gon","title":{"rendered":"Twitter F20 &#8211; Xe \u0111\u1ea1p tr\u1ee3 l\u1ef1c \u0111i\u1ec7n G\u1ea5p g\u1ecdn"},"content":{"rendered":"<h2>Xe \u0111\u1ea1p tr\u1ee3 l\u1ef1c \u0111i\u1ec7n G\u1ea5p g\u1ecdn Twitter F20<\/h2>\n<p>Xe \u0111\u1ea1p Twitter th\u01b0\u01a1ng hi\u1ec7u t\u1eeb \u0110\u1ee9c \u0111\u00e3 qu\u00e1 ph\u1ed5 bi\u1ebfn v\u1edbi ng\u01b0\u1eddi d\u00f9ng xe \u0111\u1ea1p r\u1ed3i<\/p>\n<p><strong>Twitter F20<\/strong> l\u00e0 chi\u1ebfc xe tr\u1ee3 l\u1ef1c \u0111i\u1ec7n G\u1ea5p g\u1ecdn c\u1ee7a nh\u00e0 Twitter \u0111\u00e3 r\u1ea5t \u0111\u01b0\u1ee3c \u01b0a chu\u1ed9ng c\u1ee7a ng\u01b0\u1eddi d\u00f9ng Qu\u1ed1c T\u1ebf trong th\u1eddi gian qua. V\u1edbi F20, Twitter \u0111\u00e3 cung c\u1ea5p cho n\u00f3 nhi\u1ec1u trang b\u1ecb h\u01a1n h\u1eb5n \u0111\u1ed1i th\u1ee7 c\u00f9ng ph\u00e2n kh\u00fac m\u00e0 l\u1ea1i c\u00f3 m\u1ee9c <em>Gi\u00e1 h\u1ee3p l\u00fd h\u01a1n r\u1ea5t nhi\u1ec1u<\/em>.<\/p>\n<p><img loading=\"lazy\" decoding=\"async\" class=\"alignnone size-large wp-image-2534\" src=\"https:\/\/antamebike.com\/wp-content\/uploads\/2024\/04\/Twitter-F20-4-Large-1024x1024.jpeg\" alt=\"\" width=\"1024\" height=\"1024\" srcset=\"https:\/\/antamebike.com\/wp-content\/uploads\/2024\/04\/Twitter-F20-4-Large-1024x1024.jpeg 1024w, https:\/\/antamebike.com\/wp-content\/uploads\/2024\/04\/Twitter-F20-4-Large-300x300.jpeg 300w, https:\/\/antamebike.com\/wp-content\/uploads\/2024\/04\/Twitter-F20-4-Large-150x150.jpeg 150w, https:\/\/antamebike.com\/wp-content\/uploads\/2024\/04\/Twitter-F20-4-Large-768x768.jpeg 768w, https:\/\/antamebike.com\/wp-content\/uploads\/2024\/04\/Twitter-F20-4-Large-600x600.jpeg 600w, https:\/\/antamebike.com\/wp-content\/uploads\/2024\/04\/Twitter-F20-4-Large-100x100.jpeg 100w, https:\/\/antamebike.com\/wp-content\/uploads\/2024\/04\/Twitter-F20-4-Large.jpeg 1280w\" sizes=\"auto, (max-width: 1024px) 100vw, 1024px\" \/><\/p>\n<h3><\/h3>\n<h3>Twitter F20 c\u00f3 nh\u01b0ng trang b\u1ecb n\u00e2ng c\u1ea5p g\u00ec h\u1ea5p d\u1eabn?<\/h3>\n<div class=\"xdj266r x11i5rnm xat24cr x1mh8g0r x1vvkbs x126k92a\">\n<h2 dir=\"auto\"><\/h2>\n<\/div>\n<div dir=\"auto\">\n<h3 id=\"mcetoc_1gd28fvit5\"><span id=\"Pin_Lithium_16AH_co_the_thao_roi_de_dang\"><strong>Pin Lithium 36V 13AH c\u00f3 th\u1ec3 th\u00e1o r\u1eddi d\u1ec5 d\u00e0ng<\/strong><\/span><\/h3>\n<\/div>\n<div dir=\"auto\">\u0110a ph\u1ea7n tr\u00ean th\u1ecb tr\u01b0\u1eddng, c\u00e1c m\u1eabu xe tr\u1ee3 l\u1ef1c G\u1ea5p g\u1ecdn ch\u1ec9 trang b\u1ecb Pin Litium 36V 10Ah<\/div>\n<div dir=\"auto\">Nh\u01b0ng v\u1edbi F20, Twitter \u0111\u00e3 trang b\u1ecb h\u1eb5n vi\u00ean Pin Litium 36V 13Ah gi\u00fap qu\u00e3ng \u0111\u01b0\u1eddng tr\u1ee3 l\u1ef1c l\u00ean \u0111\u1ebfn 100Km<\/div>\n<div dir=\"auto\"><\/div>\n<div dir=\"auto\"><img loading=\"lazy\" decoding=\"async\" class=\"alignnone size-full wp-image-2537\" src=\"https:\/\/antamebike.com\/wp-content\/uploads\/2024\/04\/Twitter-F20-pin.jpg\" alt=\"\" width=\"800\" height=\"600\" srcset=\"https:\/\/antamebike.com\/wp-content\/uploads\/2024\/04\/Twitter-F20-pin.jpg 800w, https:\/\/antamebike.com\/wp-content\/uploads\/2024\/04\/Twitter-F20-pin-300x225.jpg 300w, https:\/\/antamebike.com\/wp-content\/uploads\/2024\/04\/Twitter-F20-pin-768x576.jpg 768w, https:\/\/antamebike.com\/wp-content\/uploads\/2024\/04\/Twitter-F20-pin-600x450.jpg 600w\" sizes=\"auto, (max-width: 800px) 100vw, 800px\" \/><\/div>\n<div dir=\"auto\"><\/div>\n<div dir=\"auto\">Pin c\u1ee7a Twitter F20 c\u00f3 th\u1ec3 th\u00e1o r\u1eddi 1 c\u00e1ch d\u1ec5 d\u00e0ng.<\/div>\n<div dir=\"auto\"><\/div>\n<div dir=\"auto\">\n<div dir=\"auto\">\n<h3 id=\"mcetoc_1gd28fvit5\"><span id=\"Bo_Groupset_cao_cap_Retrospec_8_cap\">B\u1ed9 Groupset cao c\u1ea5p Retrospec 8 c\u1ea5p<\/span><\/h3>\n<\/div>\n<div dir=\"auto\">Twitter th\u00ec \u0111\u00e3 qu\u00e1 n\u1ed5i ti\u1ebfng v\u1edbi c\u00e1c d\u00f2ng xe \u0111\u1ea1p c\u01a1 n\u00ean <strong>Twitter<\/strong>\u00a0<b>F20<\/b>\u00a0\u0111\u01b0\u1ee3c trang b\u1ecb b\u1ed9 Groupset x\u1ecbn x\u00f2 l\u00e0 kh\u00f4ng c\u00f3 g\u00ec b\u1ea5t ng\u1edd<\/div>\n<div dir=\"auto\">V\u1edbi b\u1ed9 <em><strong>Groupset Altus 8 c\u1ea5p, Gi\u00f2 \u0110\u0129a Retrospec v\u00e0 B\u1ed9 L\u00edp 8 c\u1ea5p SUGEK 8S<\/strong><\/em> th\u00ec tr\u1ea3i nghi\u1ec7m \u0111\u1ea1p c\u01a1 c\u1ee7a F20 th\u00f4i \u0111\u00e3 qu\u00e1 m\u01b0\u1ee3t v\u00e0 nh\u1eb9 so v\u1edbi \u0111\u1ed1i th\u1ee7 c\u00f9ng ph\u00e2n kh\u00fac r\u1ed3i<\/div>\n<div dir=\"auto\"><\/div>\n<\/div>\n<div dir=\"auto\">\n<p><img loading=\"lazy\" decoding=\"async\" class=\"alignnone size-large wp-image-2539\" src=\"https:\/\/antamebike.com\/wp-content\/uploads\/2024\/04\/Twitter-F20-Gio-dap-Large-1024x1024.jpeg\" alt=\"\" width=\"1024\" height=\"1024\" srcset=\"https:\/\/antamebike.com\/wp-content\/uploads\/2024\/04\/Twitter-F20-Gio-dap-Large-1024x1024.jpeg 1024w, https:\/\/antamebike.com\/wp-content\/uploads\/2024\/04\/Twitter-F20-Gio-dap-Large-300x300.jpeg 300w, https:\/\/antamebike.com\/wp-content\/uploads\/2024\/04\/Twitter-F20-Gio-dap-Large-150x150.jpeg 150w, https:\/\/antamebike.com\/wp-content\/uploads\/2024\/04\/Twitter-F20-Gio-dap-Large-768x768.jpeg 768w, https:\/\/antamebike.com\/wp-content\/uploads\/2024\/04\/Twitter-F20-Gio-dap-Large-600x600.jpeg 600w, https:\/\/antamebike.com\/wp-content\/uploads\/2024\/04\/Twitter-F20-Gio-dap-Large-100x100.jpeg 100w, https:\/\/antamebike.com\/wp-content\/uploads\/2024\/04\/Twitter-F20-Gio-dap-Large.jpeg 1280w\" sizes=\"auto, (max-width: 1024px) 100vw, 1024px\" \/><\/p>\n<figure id=\"attachment_228\" class=\"wp-caption alignnone\" aria-describedby=\"caption-attachment-228\"><img loading=\"lazy\" decoding=\"async\" class=\"alignnone size-full wp-image-2542\" src=\"https:\/\/antamebike.com\/wp-content\/uploads\/2024\/04\/H43d1d4069ccb4ac78c48bde3feb9e64c8.avif\" alt=\"\" width=\"1000\" height=\"1000\" \/><figcaption id=\"caption-attachment-228\" class=\"wp-caption-text\">Twitter F20<\/figcaption><\/figure>\n<\/div>\n<div dir=\"auto\">\n<div dir=\"auto\">\n<h3><\/h3>\n<h3 id=\"mcetoc_1gd28fvit5\"><span id=\"Phanh_dia_thuy_luc_Retrospec_truoc_va_sau\">Phanh \u0111\u0129a Zoom tr\u01b0\u1edbc v\u00e0 sau<\/span><\/h3>\n<\/div>\n<div dir=\"auto\">\n<p><img loading=\"lazy\" decoding=\"async\" class=\"alignnone size-large wp-image-2543\" src=\"https:\/\/antamebike.com\/wp-content\/uploads\/2024\/04\/Twitter-F20-Phanh-Dia-1024x682.jpeg\" alt=\"\" width=\"1024\" height=\"682\" srcset=\"https:\/\/antamebike.com\/wp-content\/uploads\/2024\/04\/Twitter-F20-Phanh-Dia-1024x682.jpeg 1024w, https:\/\/antamebike.com\/wp-content\/uploads\/2024\/04\/Twitter-F20-Phanh-Dia-300x200.jpeg 300w, https:\/\/antamebike.com\/wp-content\/uploads\/2024\/04\/Twitter-F20-Phanh-Dia-768x512.jpeg 768w, https:\/\/antamebike.com\/wp-content\/uploads\/2024\/04\/Twitter-F20-Phanh-Dia-600x400.jpeg 600w, https:\/\/antamebike.com\/wp-content\/uploads\/2024\/04\/Twitter-F20-Phanh-Dia.jpeg 1280w\" sizes=\"auto, (max-width: 1024px) 100vw, 1024px\" \/><\/p>\n<\/div>\n<div dir=\"auto\"><strong>Twitter F20<\/strong> v\u1edbi Phanh \u0110\u0129a Zoom ch\u1ea5t l\u01b0\u1ee3ng cao tr\u01b0\u1edbc v\u00e0 sau cho tr\u1ea3i nghi\u00eam kh\u00e1 an to\u00e0n khi l\u00e1i em n\u00f3 d\u00f9 b\u1ea5t k\u1ef3 cung \u0111\u01b0\u1eddng, \u0111\u1ecba h\u00ecnh hay th\u1eddi ti\u1ebft n\u00e0o.<\/div>\n<\/div>\n<div class=\"xdj266r x11i5rnm xat24cr x1mh8g0r x1vvkbs x126k92a\">\n<p>&nbsp;<\/p>\n<h3 dir=\"auto\"><span id=\"Man_hinh_LCD_kich_thuoc_lon_hien_thi_sac_net_voi_anh_sang_manh\"><span class=\"x3nfvp2 x1j61x8r x1fcty0u xdj266r xhhsvwb xat24cr xgzva0m xxymvpz xlup9mm x1kky2od\"><img loading=\"lazy\" decoding=\"async\" class=\"xz74otr\" src=\"https:\/\/static.xx.fbcdn.net\/images\/emoji.php\/v9\/t69\/1\/16\/1f331.png\" alt=\"\ud83c\udf31\" width=\"16\" height=\"16\" \/><\/span> M\u00e0n h\u00ecnh LCD, hi\u1ec7n th\u1ecb s\u1eafc n\u00e9t v\u1edbi \u00e1nh s\u00e1ng m\u1ea1nh<\/span><\/h3>\n<p><img loading=\"lazy\" decoding=\"async\" class=\"alignnone size-large wp-image-2538\" src=\"https:\/\/antamebike.com\/wp-content\/uploads\/2024\/04\/Twitter-F20-ghidong-Large-1024x1024.jpeg\" alt=\"\" width=\"1024\" height=\"1024\" srcset=\"https:\/\/antamebike.com\/wp-content\/uploads\/2024\/04\/Twitter-F20-ghidong-Large-1024x1024.jpeg 1024w, https:\/\/antamebike.com\/wp-content\/uploads\/2024\/04\/Twitter-F20-ghidong-Large-300x300.jpeg 300w, https:\/\/antamebike.com\/wp-content\/uploads\/2024\/04\/Twitter-F20-ghidong-Large-150x150.jpeg 150w, https:\/\/antamebike.com\/wp-content\/uploads\/2024\/04\/Twitter-F20-ghidong-Large-768x768.jpeg 768w, https:\/\/antamebike.com\/wp-content\/uploads\/2024\/04\/Twitter-F20-ghidong-Large-600x600.jpeg 600w, https:\/\/antamebike.com\/wp-content\/uploads\/2024\/04\/Twitter-F20-ghidong-Large-100x100.jpeg 100w, https:\/\/antamebike.com\/wp-content\/uploads\/2024\/04\/Twitter-F20-ghidong-Large.jpeg 1280w\" sizes=\"auto, (max-width: 1024px) 100vw, 1024px\" \/><\/p>\n<\/div>\n<p>M\u00e0n h\u00ecnh LCD hi\u1ec7n th\u1ecb r\u00f5 n\u00e9t v\u1edbi \u00e1nh s\u00e1ng m\u1ea1nh ngo\u00e0i tr\u1eddi, \u0111\u01b0\u1ee3c b\u1ed1 tr\u00ed l\u1ec7ch tr\u00e1i gi\u00fap ng\u01b0\u1eddi d\u00f9ng kh\u00e1 thu\u1eadn ti\u1ec7n thao t\u00e1c v\u00e0 nh\u00ecn r\u00f5 c\u00e1c th\u00f4ng s\u1ed1 v\u1ec1 xe trong qu\u00e1 tr\u00ecnh tr\u1ea3i nghi\u1ec7m.<\/p>\n<p>V\u1edbi 5 c\u1ea5p ch\u1ea1y \u0111i\u1ec7n c\u00f9ng v\u1edbi B\u1ed9 Groupset c\u01a1 x\u1ecbn th\u00ec vi\u1ec7c \u0111\u1ea1p tr\u1ee3 l\u1ef1c c\u00f9ng Twitter F20 th\u00ec qu\u00e1 tuy\u1ec7t v\u1eddi<\/p>\n<div class=\"nectar-highlighted-text\" data-style=\"full_text\" data-exp=\"default\" data-using-custom-color=\"false\" data-animation-delay=\"false\" data-color=\"\" data-color-gradient=\"\">\n<h3><\/h3>\n<h3 id=\"mcetoc_1gd28fkc74\"><span id=\"Dong_co_khong_choi_than_350W\"><strong>\u0110\u1ed9ng c\u01a1 kh\u00f4ng ch\u1ed5i than 350W<\/strong><\/span><\/h3>\n<\/div>\n<div class=\"wpb_text_column wpb_content_element \">\n<div class=\"wpb_wrapper\">\n<p><img loading=\"lazy\" decoding=\"async\" class=\"alignnone size-large wp-image-2540\" src=\"https:\/\/antamebike.com\/wp-content\/uploads\/2024\/04\/Twitter-F20-Lip-Large-1024x1024.jpeg\" alt=\"\" width=\"1024\" height=\"1024\" srcset=\"https:\/\/antamebike.com\/wp-content\/uploads\/2024\/04\/Twitter-F20-Lip-Large-1024x1024.jpeg 1024w, https:\/\/antamebike.com\/wp-content\/uploads\/2024\/04\/Twitter-F20-Lip-Large-300x300.jpeg 300w, https:\/\/antamebike.com\/wp-content\/uploads\/2024\/04\/Twitter-F20-Lip-Large-150x150.jpeg 150w, https:\/\/antamebike.com\/wp-content\/uploads\/2024\/04\/Twitter-F20-Lip-Large-768x768.jpeg 768w, https:\/\/antamebike.com\/wp-content\/uploads\/2024\/04\/Twitter-F20-Lip-Large-600x600.jpeg 600w, https:\/\/antamebike.com\/wp-content\/uploads\/2024\/04\/Twitter-F20-Lip-Large-100x100.jpeg 100w, https:\/\/antamebike.com\/wp-content\/uploads\/2024\/04\/Twitter-F20-Lip-Large.jpeg 1280w\" sizes=\"auto, (max-width: 1024px) 100vw, 1024px\" \/><\/p>\n<p>V\u1edbi c\u00f4ng su\u1ea5t 350w (Peak 500w), <b>Twitter F20<\/b> cho v\u00e2n t\u1ed1c \u0111i\u1ec7n l\u00ean 35km\/h kh\u00e1 nh\u1eb9 nh\u00e0ng.<\/p>\n<p>\u0110\u1ed1i v\u1edbi m\u1ed9t chi\u1ebfc xe tr\u1ee3 l\u1ef1c \u0111i\u1ec7n G\u1ea5p g\u1ecdn th\u00ec <em><strong>v\u1eadn t\u1ed1c 35km\/h<\/strong><\/em> l\u00e0 qu\u00e1 tho\u1ea3i m\u00e1i v\u00e0 an to\u00e0n v\u1ec1 t\u1ed1c \u0111\u1ed9, K\u1ebft h\u1ee3p c\u00f9ng v\u1edbi vi\u00ean Pin Litium 36V 13Ah c\u00f4ng su\u1ea5t c\u1ef1c kh\u1ecfe th\u00ec c\u00f3 th\u1ec3 \u0111\u01b0a b\u1ea1n \u0111i xa h\u01a1n v\u00e0 chinh ph\u1ee5c nhi\u1ec1u \u0111i\u1ec1u ki\u1ec7n \u0111\u01b0\u1eddng x\u00e1 kh\u00e1c nhau h\u01a1n.<\/p>\n<\/div>\n<\/div>\n<p><img loading=\"lazy\" decoding=\"async\" class=\"alignnone size-large wp-image-2533\" src=\"https:\/\/antamebike.com\/wp-content\/uploads\/2024\/04\/Twitter-F20-7-Large-1024x1021.jpeg\" alt=\"\" width=\"1024\" height=\"1021\" srcset=\"https:\/\/antamebike.com\/wp-content\/uploads\/2024\/04\/Twitter-F20-7-Large-1024x1021.jpeg 1024w, https:\/\/antamebike.com\/wp-content\/uploads\/2024\/04\/Twitter-F20-7-Large-300x300.jpeg 300w, https:\/\/antamebike.com\/wp-content\/uploads\/2024\/04\/Twitter-F20-7-Large-150x150.jpeg 150w, https:\/\/antamebike.com\/wp-content\/uploads\/2024\/04\/Twitter-F20-7-Large-768x766.jpeg 768w, https:\/\/antamebike.com\/wp-content\/uploads\/2024\/04\/Twitter-F20-7-Large-600x598.jpeg 600w, https:\/\/antamebike.com\/wp-content\/uploads\/2024\/04\/Twitter-F20-7-Large-100x100.jpeg 100w, https:\/\/antamebike.com\/wp-content\/uploads\/2024\/04\/Twitter-F20-7-Large.jpeg 1280w\" sizes=\"auto, (max-width: 1024px) 100vw, 1024px\" \/><\/p>\n<p>T\u1ed5ng th\u1ec3 v\u1edbi t\u1ea7m gi\u00e1 xung quanh 15tr v\u1edbi nh\u1eefng trang b\u1ecb c\u1ee7a <b>Twitter F20<\/b> c\u00f9ng v\u1edbi ch\u1ea5t l\u01b0\u1ee3ng c\u1ee7a nh\u00e0 Twitter th\u00ec r\u00f5 r\u00e0ng F20 n\u1ed5i tr\u1ed5i h\u01a1n h\u1eb5n c\u00e1c \u0111\u1ed1i th\u1ee7 trong c\u00f9ng ph\u00e2n kh\u00fac.<\/p>\n<p>Li\u00ean h\u1ec7 An T\u00e2m E-Bike lu\u00f4n c\u00f3 m\u1ee9c gi\u00e1 v\u00e0 khuy\u1ebfn m\u00e3i t\u1ed1t nh\u1ea5t cho Twitter F20<\/p>\n<p>Hotline t\u01b0 v\u1ea5n: <strong>077 802.3388<\/strong><\/p>\n","protected":false},"excerpt":{"rendered":"<p><strong>Twitter F20 \u2013 B\u1ea3n m\u1edbi nh\u1ea5t 2024<\/strong><\/p>\n<p>\u0110\u1ea1p c\u01a1 th\u00f4i \u0111\u00e3 qu\u00e1 m\u01b0\u1ee3t v\u00e0 nh\u1eb9, m\u00e0 trang b\u1ecb tr\u1ee3 l\u1ef1c \u0111i\u1ec7n c\u0169ng qu\u00e1 ngon trong ph\u00e2n kh\u00fac<\/p>\n<ul>\n<li>Pin Lithium <strong>36V 13Ah<\/strong>: Tr\u1ee3 l\u1ef1c \u0111i\u1ec7n <strong>qu\u00e3ng \u0111\u01b0\u1eddng l\u00ean \u0111\u1ebfn 100km<\/strong><\/li>\n<li>\u0110\u1ed9ng c\u01a1 350W cho <strong>v\u1eadn t\u1ed1c \u0111i\u1ec7n 35km\/h<\/strong><\/li>\n<li>5 ch\u1ebf \u0111\u1ed9 ch\u1ea1y \u0111i\u1ec7n.<\/li>\n<li>Trang b\u1ecb\u00a0<strong>Phanh \u0111\u0129a Zoom<\/strong><\/li>\n<li>B\u1ed9 Groupset t\u1ed1c \u0111\u1ed9 <strong>Retrospec 8 C\u1ea5p<\/strong><\/li>\n<li>Tr\u1ecdng l\u01b0\u1ee3ng 21kg<\/li>\n<li>Tr\u1ecdng t\u1ea3i t\u1ed1i \u0111a 150kg<\/li>\n<\/ul>\n","protected":false},"featured_media":2918,"comment_status":"open","ping_status":"closed","template":"","meta":{"site-sidebar-layout":"default","site-content-layout":"","ast-site-content-layout":"default","site-content-style":"default","site-sidebar-style":"default","ast-global-header-display":"","ast-banner-title-visibility":"","ast-main-header-display":"","ast-hfb-above-header-display":"","ast-hfb-below-header-display":"","ast-hfb-mobile-header-display":"","site-post-title":"","ast-breadcrumbs-content":"","ast-featured-img":"","footer-sml-layout":"","theme-transparent-header-meta":"default","adv-header-id-meta":"","stick-header-meta":"","header-above-stick-meta":"","header-main-stick-meta":"","header-below-stick-meta":"","astra-migrate-meta-layouts":"set","ast-page-background-enabled":"default","ast-page-background-meta":{"desktop":{"background-color":"var(--ast-global-color-4)","background-image":"","background-repeat":"repeat","background-position":"center center","background-size":"auto","background-attachment":"scroll","background-type":"","background-media":"","overlay-type":"","overlay-color":"","overlay-gradient":""},"tablet":{"background-color":"","background-image":"","background-repeat":"repeat","background-position":"center center","background-size":"auto","background-attachment":"scroll","background-type":"","background-media":"","overlay-type":"","overlay-color":"","overlay-gradient":""},"mobile":{"background-color":"","background-image":"","background-repeat":"repeat","background-position":"center center","background-size":"auto","background-attachment":"scroll","background-type":"","background-media":"","overlay-type":"","overlay-color":"","overlay-gradient":""}},"ast-content-background-meta":{"desktop":{"background-color":"var(--ast-global-color-5)","background-image":"","background-repeat":"repeat","background-position":"center center","background-size":"auto","background-attachment":"scroll","background-type":"","background-media":"","overlay-type":"","overlay-color":"","overlay-gradient":""},"tablet":{"background-color":"var(--ast-global-color-5)","background-image":"","background-repeat":"repeat","background-position":"center center","background-size":"auto","background-attachment":"scroll","background-type":"","background-media":"","overlay-type":"","overlay-color":"","overlay-gradient":""},"mobile":{"background-color":"var(--ast-global-color-5)","background-image":"","background-repeat":"repeat","background-position":"center center","background-size":"auto","background-attachment":"scroll","background-type":"","background-media":"","overlay-type":"","overlay-color":"","overlay-gradient":""}}},"product_cat":[38,39,208],"product_tag":[219],"class_list":{"0":"post-2532","1":"product","2":"type-product","3":"status-publish","4":"has-post-thumbnail","6":"product_cat-xe-dap-gap","7":"product_cat-xe-dap-size-20","8":"product_cat-xe-dap-twitter","9":"product_tag-twitter-f20","10":"desktop-align-left","11":"tablet-align-left","12":"mobile-align-left","13":"ast-product-gallery-layout-horizontal-slider","14":"ast-product-tabs-layout-horizontal","16":"first","17":"instock","18":"sale","19":"shipping-taxable","20":"purchasable","21":"product-type-simple"},"_links":{"self":[{"href":"https:\/\/antamebike.com\/index.php?rest_route=\/wp\/v2\/product\/2532","targetHints":{"allow":["GET"]}}],"collection":[{"href":"https:\/\/antamebike.com\/index.php?rest_route=\/wp\/v2\/product"}],"about":[{"href":"https:\/\/antamebike.com\/index.php?rest_route=\/wp\/v2\/types\/product"}],"replies":[{"embeddable":true,"href":"https:\/\/antamebike.com\/index.php?rest_route=%2Fwp%2Fv2%2Fcomments&post=2532"}],"wp:featuredmedia":[{"embeddable":true,"href":"https:\/\/antamebike.com\/index.php?rest_route=\/wp\/v2\/media\/2918"}],"wp:attachment":[{"href":"https:\/\/antamebike.com\/index.php?rest_route=%2Fwp%2Fv2%2Fmedia&parent=2532"}],"wp:term":[{"taxonomy":"product_cat","embeddable":true,"href":"https:\/\/antamebike.com\/index.php?rest_route=%2Fwp%2Fv2%2Fproduct_cat&post=2532"},{"taxonomy":"product_tag","embeddable":true,"href":"https:\/\/antamebike.com\/index.php?rest_route=%2Fwp%2Fv2%2Fproduct_tag&post=2532"}],"curies":[{"name":"wp","href":"https:\/\/api.w.org\/{rel}","templated":true}]}}