{"id":2560,"date":"2024-05-18T09:13:39","date_gmt":"2024-05-18T09:13:39","guid":{"rendered":"https:\/\/antamebike.com\/?post_type=product&#038;p=2560"},"modified":"2025-11-29T10:19:33","modified_gmt":"2025-11-29T10:19:33","slug":"sr-x20-pro-new-2024-ban-nang-cap-qua-hoan-hao","status":"publish","type":"product","link":"https:\/\/antamebike.com\/?product=sr-x20-pro-new-2024-ban-nang-cap-qua-hoan-hao","title":{"rendered":"SR X20 Pro &#8211; New 2025 B\u1ea3n n\u00e2ng c\u1ea5p qu\u00e1 ho\u00e0n h\u1ea3o"},"content":{"rendered":"<p>V\u1edbi <strong>SR X20 Pro<\/strong> \u0111\u00e3 qu\u00e1 Hot v\u00e0 \u0111\u01b0\u1ee3c nh\u1eefng ng\u01b0\u1eddi y\u00eau xe \u0111\u1ea1p tr\u1ee3 l\u1ef1c \u0111i\u1ec7n G\u1ea5p g\u1ecdn ch\u1ecdn l\u1ef1a kh\u00e1 nhi\u1ec1u cho 1 chi\u1ebfc tr\u1ee3 l\u1ef1c G\u1ea5p g\u1ecdn 3.0 v\u1edbi trang b\u1ecb kh\u00e1 ngon nh\u01b0<em>: Pin tr\u00e2u \u0111i c\u1ea3 tu\u1ea7n m\u1edbi s\u1ea1c, V\u1eadn t\u1ed1c \u0111i\u1ec7n 36km\/h, Phu\u1ed9c gi\u1eefa \u00eam \u00e1i khi v\u1eadn h\u00e0nh hay Baga ch\u00ednh h\u00e3ng c\u1ee9ng c\u00e1p tha h\u1ed3 ch\u1edf ng\u01b0\u1eddi y\u00eau<\/em>.<\/p>\n<p>Nh\u01b0ng v\u1edbi <strong>SR X20 Pro New 2025 <\/strong>v\u1edbi nh\u1eefng n\u00e2ng c\u1ea5p m\u1edbi th\u00ec ch\u1eafc ch\u1eafn s\u1ebd c\u00f2n l\u00e0m b\u1ea1n \u1ee9ng \u00fd h\u01a1n r\u1ea5t nhi\u1ec1u.<\/p>\n<p>V\u1eady SR X20 Pro &#8211; New n\u00e2ng c\u1ea5p c\u00f3 g\u00ec m\u1edbi v\u00e0 h\u01a1n so v\u1edbi b\u1ea3n \u0111ang hi\u1ec7n h\u00e0nh?<\/p>\n<h1>Xe \u0111\u1ea1p tr\u1ee3 l\u1ef1c \u0111i\u1ec7n SR <strong>X20 PRO &#8211; New 2025<\/strong><\/h1>\n\n<h3><img loading=\"lazy\" decoding=\"async\" class=\"alignnone wp-image-2562 size-large\" src=\"https:\/\/antamebike.com\/wp-content\/uploads\/2024\/05\/21-1024x1024.png\" alt=\"\" width=\"1024\" height=\"1024\" srcset=\"https:\/\/antamebike.com\/wp-content\/uploads\/2024\/05\/21-1024x1024.png 1024w, https:\/\/antamebike.com\/wp-content\/uploads\/2024\/05\/21-300x300.png 300w, https:\/\/antamebike.com\/wp-content\/uploads\/2024\/05\/21-150x150.png 150w, https:\/\/antamebike.com\/wp-content\/uploads\/2024\/05\/21-768x768.png 768w, https:\/\/antamebike.com\/wp-content\/uploads\/2024\/05\/21-600x600.png 600w, https:\/\/antamebike.com\/wp-content\/uploads\/2024\/05\/21-100x100.png 100w, https:\/\/antamebike.com\/wp-content\/uploads\/2024\/05\/21.png 1080w\" sizes=\"auto, (max-width: 1024px) 100vw, 1024px\" \/><\/h3>\n<p>&nbsp;<\/p>\n<h2>V\u00ec sao SR X20 Pro \u0111\u01b0\u1ee3c \u01b0a chu\u1ed9ng??<\/h2>\n<p>H\u00e3y nh\u00ecn l\u1ea1i nh\u0169ng \u01b0u \u0111i\u1ec3m n\u1ed5i b\u1eadt m\u00e0 <strong>X20 Pro<\/strong> h\u01a1n h\u1eb5n c\u00e1c \u0111\u1ed1i th\u1ee7 c\u00f9ng ph\u00e2n kh\u00fac, gi\u00fap em \u1ea5y chi\u1ebfm \u0111\u01b0\u1ee3c c\u1ea3m t\u00ecnh c\u1ee7a ng\u01b0\u1eddi d\u00f9ng nh\u00e9<\/p>\n<p><img loading=\"lazy\" decoding=\"async\" class=\"alignnone size-large wp-image-2570\" src=\"https:\/\/antamebike.com\/wp-content\/uploads\/2024\/05\/X20-Pro-1-1024x1024.png\" alt=\"\" width=\"1024\" height=\"1024\" srcset=\"https:\/\/antamebike.com\/wp-content\/uploads\/2024\/05\/X20-Pro-1-1024x1024.png 1024w, https:\/\/antamebike.com\/wp-content\/uploads\/2024\/05\/X20-Pro-1-300x300.png 300w, https:\/\/antamebike.com\/wp-content\/uploads\/2024\/05\/X20-Pro-1-150x150.png 150w, https:\/\/antamebike.com\/wp-content\/uploads\/2024\/05\/X20-Pro-1-768x768.png 768w, https:\/\/antamebike.com\/wp-content\/uploads\/2024\/05\/X20-Pro-1-600x600.png 600w, https:\/\/antamebike.com\/wp-content\/uploads\/2024\/05\/X20-Pro-1-100x100.png 100w, https:\/\/antamebike.com\/wp-content\/uploads\/2024\/05\/X20-Pro-1.png 1080w\" sizes=\"auto, (max-width: 1024px) 100vw, 1024px\" \/><\/p>\n<h3><strong>Thi\u1ebft k\u1ebf phong c\u00e1ch hi\u1ec7n \u0111\u1ea1i, m\u1ea1nh m\u1ebd &#8211; nhi\u1ec1u trang b\u1ecb<\/strong><\/h3>\n<p><strong>X20 Pro<\/strong> c\u00f3 thi\u1ebft k\u1ebf t\u01b0\u01a1ng t\u1ef1 nh\u01b0 c\u00e1c chi\u1ebfc xe g\u1ea5p g\u1ecdn 3.0 n\u1ed5i ti\u1ebfng kh\u00e1c tr\u00ean th\u1ecb tr\u01b0\u1eddng. Nh\u01b0ng v\u1edbi trang b\u1ecb th\u00eam m\u00e0 kh\u00f4ng ph\u1ea3i \u0111\u1ed1i th\u1ee7 n\u00e0o c\u00f3 \u0111\u01b0\u1ee3c nh\u01b0:<\/p>\n<ul>\n<li><strong><em>Phu\u1ed9c gi\u1eefa cao c\u1ea5p,<\/em><\/strong><\/li>\n<li><strong><em>Baga x\u1ecbn ch\u00ednh h\u00e3ng<\/em><\/strong><\/li>\n<li><strong><em>V\u00e8 ch\u1eafn b\u00f9n s\u1eaft<\/em><\/strong><\/li>\n<li>\u0110\u1eb7c bi\u1ec7t v\u1edbi vi\u00ean <em><strong>Pin Litium c\u00f3 dung l\u01b0\u1ee3ng 16Ah<\/strong><\/em> gi\u00fap qu\u00e3ng \u0111u\u1eddng tr\u1ee3 l\u1ef1c l\u00ean \u0111\u1ebfn 120Km \u0111\u00e3 gi\u00fap ng\u01b0\u1eddi d\u00f9ng tr\u1ea3i nghi\u1ec7m s\u01b0\u1edbng h\u01a1n r\u1ea5t nhi\u1ec1u.<\/li>\n<li>V\u1edbi trang b\u1ecb <strong>L\u1ed1p 20&#215;3.0<\/strong> kh\u00f4ng ch\u1ec9 l\u00e0m ngo\u1ea1i h\u00ecnh <strong>X20 Pro<\/strong> m\u1ea1nh m\u1ebd h\u01a1n m\u00e0 c\u00f2n gi\u00fap X20 Pro s\u1eed d\u1ee5ng kh\u00e1 an to\u00e0n d\u00f9 qua nh\u1eefng \u0111\u1ecba h\u00ecnh x\u1ea5u v\u00ec \u0111\u1ed9 b\u00e1m \u0111\u01b0\u1eddng c\u1ee7a L\u1ed1p 3.0 kh\u00e1 t\u1ed1t.<\/li>\n<\/ul>\n<h2><strong>SR X20 Pro &#8211; New 2025 c\u00f3 g\u00ec m\u1edbi?<\/strong><\/h2>\n<p>Th\u1eeba h\u01b0\u1edfng nh\u1eefng \u01b0u \u0111i\u1ec3m c\u00f3 s\u1eb5n, X20 Pro &#8211; New 2025 \u0111\u00e3 c\u1ea5p \u0111\u00e1ng k\u1ec3 v\u1ec1 ngo\u1ea1i h\u00ecnh gi\u00fap ng\u01b0\u1eddi d\u00f9ng tr\u1ea3i nghi\u1ec7m c\u00f3 h\u00e0i l\u00f3ng h\u01a1n.<\/p>\n<h3>Ngo\u1ea1i h\u00ecnh M\u1edbi v\u1edbi khung s\u01b0\u1eddn m\u1edbi<\/h3>\n<p><img loading=\"lazy\" decoding=\"async\" class=\"alignnone size-large wp-image-2571\" src=\"https:\/\/antamebike.com\/wp-content\/uploads\/2024\/05\/X20-Pro-New-2-1-1024x1024.png\" alt=\"\" width=\"1024\" height=\"1024\" srcset=\"https:\/\/antamebike.com\/wp-content\/uploads\/2024\/05\/X20-Pro-New-2-1-1024x1024.png 1024w, https:\/\/antamebike.com\/wp-content\/uploads\/2024\/05\/X20-Pro-New-2-1-300x300.png 300w, https:\/\/antamebike.com\/wp-content\/uploads\/2024\/05\/X20-Pro-New-2-1-150x150.png 150w, https:\/\/antamebike.com\/wp-content\/uploads\/2024\/05\/X20-Pro-New-2-1-768x768.png 768w, https:\/\/antamebike.com\/wp-content\/uploads\/2024\/05\/X20-Pro-New-2-1-600x600.png 600w, https:\/\/antamebike.com\/wp-content\/uploads\/2024\/05\/X20-Pro-New-2-1-100x100.png 100w, https:\/\/antamebike.com\/wp-content\/uploads\/2024\/05\/X20-Pro-New-2-1.png 1080w\" sizes=\"auto, (max-width: 1024px) 100vw, 1024px\" \/><\/p>\n<p><strong><em>X20 Pro New 2025<\/em><\/strong> Khung s\u01b0\u1eddn \u0111\u01b0\u1ee3c \u0111i\u1ec1u ch\u1ec9nh ng\u1eafn h\u01a1n, ph\u00f9 h\u1ee3p v\u1edbi chi\u1ec1u cao ng\u01b0\u1eddi Vi\u1ec7t h\u01a1n. T\u1eeb \u0111\u00f3 gi\u00fap t\u01b0 th\u1ebf l\u00e1i tho\u1ea3i m\u00e1i v\u00e0 d\u1ec5 v\u1eadn h\u00e0nh h\u01a1n so v\u1edbi X20 Pro 2023.<\/p>\n<h3>Khung s\u01b0\u1eddn cao c\u1ea5p, kh\u00f4ng m\u1ed1i H\u00e0n<\/h3>\n<p>Ngo\u00e0i khung s\u01b0\u1eddn \u0111i\u1ec1u ch\u1ec9nh ng\u1eafn h\u01a1n th\u00ec n\u0103m nay nh\u00e0 s\u1ea3n xu\u1ea5t c\u0169ng ho\u00e0n thi\u1ec7n cao c\u1ea5p h\u01a1n v\u1edbi Khung s\u01b0\u1eddn \u0111\u01b0\u1ee3c ho\u00e0n thi\u1ec7n kh\u00f4ng m\u1ed1i H\u00e0n, nh\u00ecn Khung xe li\u1ec1n l\u1ea1c v\u00e0 cao c\u1ea5p h\u01a1n r\u1ea5t nhi\u1ec1u.<\/p>\n<p><img loading=\"lazy\" decoding=\"async\" class=\"alignnone size-large wp-image-2569\" src=\"https:\/\/antamebike.com\/wp-content\/uploads\/2024\/05\/X20-Pro-new-1-1024x1024.png\" alt=\"\" width=\"1024\" height=\"1024\" srcset=\"https:\/\/antamebike.com\/wp-content\/uploads\/2024\/05\/X20-Pro-new-1-1024x1024.png 1024w, https:\/\/antamebike.com\/wp-content\/uploads\/2024\/05\/X20-Pro-new-1-300x300.png 300w, https:\/\/antamebike.com\/wp-content\/uploads\/2024\/05\/X20-Pro-new-1-150x150.png 150w, https:\/\/antamebike.com\/wp-content\/uploads\/2024\/05\/X20-Pro-new-1-768x768.png 768w, https:\/\/antamebike.com\/wp-content\/uploads\/2024\/05\/X20-Pro-new-1-600x600.png 600w, https:\/\/antamebike.com\/wp-content\/uploads\/2024\/05\/X20-Pro-new-1-100x100.png 100w, https:\/\/antamebike.com\/wp-content\/uploads\/2024\/05\/X20-Pro-new-1.png 1080w\" sizes=\"auto, (max-width: 1024px) 100vw, 1024px\" \/><\/p>\n<p>&nbsp;<\/p>\n<h3>Tay l\u00e1i m\u1edbi cho tr\u1ea3i nghi\u1ec7m t\u1ed1t h\u01a1n<\/h3>\n<p><img loading=\"lazy\" decoding=\"async\" class=\"alignnone size-large wp-image-2568\" src=\"https:\/\/antamebike.com\/wp-content\/uploads\/2024\/05\/X20-Pro-New-B-1024x1024.png\" alt=\"\" width=\"1024\" height=\"1024\" srcset=\"https:\/\/antamebike.com\/wp-content\/uploads\/2024\/05\/X20-Pro-New-B-1024x1024.png 1024w, https:\/\/antamebike.com\/wp-content\/uploads\/2024\/05\/X20-Pro-New-B-300x300.png 300w, https:\/\/antamebike.com\/wp-content\/uploads\/2024\/05\/X20-Pro-New-B-150x150.png 150w, https:\/\/antamebike.com\/wp-content\/uploads\/2024\/05\/X20-Pro-New-B-768x768.png 768w, https:\/\/antamebike.com\/wp-content\/uploads\/2024\/05\/X20-Pro-New-B-600x600.png 600w, https:\/\/antamebike.com\/wp-content\/uploads\/2024\/05\/X20-Pro-New-B-100x100.png 100w, https:\/\/antamebike.com\/wp-content\/uploads\/2024\/05\/X20-Pro-New-B.png 1080w\" sizes=\"auto, (max-width: 1024px) 100vw, 1024px\" \/><\/p>\n<p>1 Thay \u0111\u1ed5i nh\u1ecf nh\u01b0ng c\u0169ng gia t\u0103ng \u0111\u00e1ng k\u1ec3 tr\u1ea3i nghi\u1ec7m l\u00e1i xe l\u00e0 Ghi-\u0111\u00f4ng c\u0169ng \u0111\u01b0\u1ee3c thi\u1ebft k\u1ebf m\u1edbi, gi\u00fap ng\u01b0\u1eddi d\u00f9ng l\u00e1i xe d\u1ec5 d\u00e0ng h\u01a1n. \u0110\u1ed3ng th\u1eddi nh\u00ecn t\u1ed5ng quan xe c\u0169ng g\u1ecdn v\u00e0 c\u00e2n \u0111\u1ed1i h\u01a1n h\u1eb5n<\/p>\n<p>Th\u00eam 1 trang b\u1ecb m\u00e0 ng\u01b0\u1eddi d\u00f9ng X20 Pro c\u0169ng hay r\u1ea5t trang b\u1ecb th\u00eam m\u00e0 b\u1ea3n c\u0169 kh\u00f4ng c\u00f3. X20 Pro New 2025 k\u1ef3 n\u00e0y ngo\u00e0i \u0110\u00e8n Phanh v\u00e0 C\u00f2i \u0111i\u1ec7n th\u00ec H\u00e3ng c\u0169ng <strong>t\u00edch h\u1ee3p lu\u00f4n \u0110\u00e8n Xi nhan<\/strong> theo xe. 1 t\u00ednh n\u0103ng nh\u1ecf nh\u01b0ng kh\u00f4ng ph\u1ea3i chi\u1ebfc xe tr\u1ee3 l\u1ef1c n\u00e0o c\u0169ng c\u00f3.<\/p>\n<h3>G\u1ea5p g\u1ecdn h\u01a1n<\/h3>\n<p><img loading=\"lazy\" decoding=\"async\" class=\"alignnone size-large wp-image-2567\" src=\"https:\/\/antamebike.com\/wp-content\/uploads\/2024\/05\/25-1-1024x1024.png\" alt=\"\" width=\"1024\" height=\"1024\" srcset=\"https:\/\/antamebike.com\/wp-content\/uploads\/2024\/05\/25-1-1024x1024.png 1024w, https:\/\/antamebike.com\/wp-content\/uploads\/2024\/05\/25-1-300x300.png 300w, https:\/\/antamebike.com\/wp-content\/uploads\/2024\/05\/25-1-150x150.png 150w, https:\/\/antamebike.com\/wp-content\/uploads\/2024\/05\/25-1-768x768.png 768w, https:\/\/antamebike.com\/wp-content\/uploads\/2024\/05\/25-1-600x600.png 600w, https:\/\/antamebike.com\/wp-content\/uploads\/2024\/05\/25-1-100x100.png 100w, https:\/\/antamebike.com\/wp-content\/uploads\/2024\/05\/25-1.png 1080w\" sizes=\"auto, (max-width: 1024px) 100vw, 1024px\" \/><\/p>\n<p>Nh\u1edd thi\u1ebft k\u1ebf m\u1edbi tinh ch\u1ec9nh v\u00e0 hi\u1ec7n \u0111\u1ea1i n\u00ean c\u0169ng gi\u00fap cho X20 Pro New khi G\u1ea5p l\u1ea1i c\u0169ng g\u1ecdn h\u01a1n r\u1ea5t nhi\u1ec1u. T\u1eeb nay tha h\u1ed3 b\u1ecf em n\u00f3 l\u00ean \u00f4 t\u00f4 mang em n\u00f3 \u0111i kh\u1eafp n\u01a1i c\u00e0ng tho\u1ea3i m\u00e1i h\u01a1n v\u00e0 g\u1ecdn g\u00e0ng h\u01a1n.<\/p>\n<h3>Tem m\u1edbi hi\u1ec7n \u0111\u1ea1i<\/h3>\n<div class=\"x11i5rnm xat24cr x1mh8g0r x1vvkbs xdj266r x126k92a\">\n<div dir=\"auto\"><img loading=\"lazy\" decoding=\"async\" class=\"alignnone size-large wp-image-2572\" src=\"https:\/\/antamebike.com\/wp-content\/uploads\/2024\/05\/X20-Pro-New-3-1024x1024.png\" alt=\"\" width=\"1024\" height=\"1024\" srcset=\"https:\/\/antamebike.com\/wp-content\/uploads\/2024\/05\/X20-Pro-New-3-1024x1024.png 1024w, https:\/\/antamebike.com\/wp-content\/uploads\/2024\/05\/X20-Pro-New-3-300x300.png 300w, https:\/\/antamebike.com\/wp-content\/uploads\/2024\/05\/X20-Pro-New-3-150x150.png 150w, https:\/\/antamebike.com\/wp-content\/uploads\/2024\/05\/X20-Pro-New-3-768x768.png 768w, https:\/\/antamebike.com\/wp-content\/uploads\/2024\/05\/X20-Pro-New-3-600x600.png 600w, https:\/\/antamebike.com\/wp-content\/uploads\/2024\/05\/X20-Pro-New-3-100x100.png 100w, https:\/\/antamebike.com\/wp-content\/uploads\/2024\/05\/X20-Pro-New-3.png 1080w\" sizes=\"auto, (max-width: 1024px) 100vw, 1024px\" \/><\/div>\n<div dir=\"auto\"><\/div>\n<div dir=\"auto\">C\u00f9ng v\u1edbi M\u00e0u X\u00e1m m\u1edbi \u0111ang trend th\u00ec b\u1ed9 Tem c\u0169ng \u0111\u01b0\u1ee3c thi\u1ebft k\u1ebf m\u1edbi gi\u00fap X20 Pro nh\u00ecn hi\u1ec7n \u0111\u1ea1i v\u00e0 \u0111\u1eb9p m\u1eaft h\u01a1n.<\/div>\n<div dir=\"auto\"><\/div>\n<\/div>\n<div class=\"x11i5rnm xat24cr x1mh8g0r x1vvkbs xtlvy1s x126k92a\">\n<div dir=\"auto\">\n<p>R\u00f5 r\u00e0ng <strong>X20 Pro New 2025<\/strong> l\u00e0 chi\u1ebfc xe \u0111\u1ea1p tr\u1ee3 l\u1ef1c \u0111i\u1ec7n G\u1ea5p g\u1ecdn 3.0 cao c\u1ea5p h\u00e0ng \u0111\u1ea7u hi\u1ec7n nay. Chi\u1ebfc xe t\u00edch h\u01a1p nhi\u1ec1u c\u00f4ng ngh\u1ec7 t\u00e2n ti\u1ebfn s\u1ebd mang l\u1ea1i cho b\u1ea1n tr\u1ea3i nghi\u1ec7m h\u00e0i l\u00f2ng d\u00f9 l\u00e0 \u0111\u1ecba h\u00ecnh ph\u1ed1 th\u1ecb hay \u0111\u1ed3i n\u00fai v\u00e0 b\u1ea1n c\u00f3 th\u1ec3 mang \u0111i kh\u1eafp n\u01a1i kh\u00e1 tho\u1ea3i m\u00e1i v\u00ec kh\u1ea3 n\u0103ng G\u1ea5p g\u1ecdn c\u1ee7a n\u00f3.<\/p>\n<p>X20 Pro New 2025 v\u1edbi nhi\u1ec1u trang b\u1ecb cao c\u1ea5p nh\u01b0 v\u1eady nh\u01b0ng l\u1ea1i c\u00f3 m\u1ee9c Gi\u00e1 v\u00f4 c\u00f9ng c\u1ea1nh tranh so v\u1edbi \u0111\u1ed1i th\u1ee7 c\u00f9ng ph\u00e2n kh\u00fac.<\/p>\n<p>Ch\u1ea5t l\u01b0\u1ee3ng v\u01b0\u1ee3t tr\u1ed9i n\u00ean Nh\u00e0 s\u1ea3n xu\u1ea5t c\u0169ng t\u1ef1 tin B\u1ea3o h\u00e0nh X20 Pro l\u00ean \u0111\u1ebfn 15 th\u00e1ng<\/p>\n<p><img loading=\"lazy\" decoding=\"async\" class=\"alignnone size-large wp-image-2574\" src=\"https:\/\/antamebike.com\/wp-content\/uploads\/2024\/05\/X20-Pro-new-2-Large-1024x1024.jpeg\" alt=\"\" width=\"1024\" height=\"1024\" srcset=\"https:\/\/antamebike.com\/wp-content\/uploads\/2024\/05\/X20-Pro-new-2-Large-1024x1024.jpeg 1024w, https:\/\/antamebike.com\/wp-content\/uploads\/2024\/05\/X20-Pro-new-2-Large-300x300.jpeg 300w, https:\/\/antamebike.com\/wp-content\/uploads\/2024\/05\/X20-Pro-new-2-Large-150x150.jpeg 150w, https:\/\/antamebike.com\/wp-content\/uploads\/2024\/05\/X20-Pro-new-2-Large-768x768.jpeg 768w, https:\/\/antamebike.com\/wp-content\/uploads\/2024\/05\/X20-Pro-new-2-Large-600x600.jpeg 600w, https:\/\/antamebike.com\/wp-content\/uploads\/2024\/05\/X20-Pro-new-2-Large-100x100.jpeg 100w, https:\/\/antamebike.com\/wp-content\/uploads\/2024\/05\/X20-Pro-new-2-Large.jpeg 1280w\" sizes=\"auto, (max-width: 1024px) 100vw, 1024px\" \/><\/p>\n<p>Mua <em><strong>SR X20 Pro New 2025<\/strong><\/em> t\u1ea1i Antamebike.com s\u1ebd lu\u00f4n c\u00f3 \u01b0u \u0111\u00e3i v\u00e0 gi\u00e1 t\u1ed1t nh\u1ea5t.<\/p>\n<\/div>\n<div dir=\"auto\"><\/div>\n<\/div>\n","protected":false},"excerpt":{"rendered":"<p>&nbsp;<\/p>\n<ul>\n<li>L\u1ed1p 20&#215;3.0 th\u1ec3 thao<\/li>\n<li>Khung Nh\u00f4m 6061 kh\u00f4ng m\u1ed1i H\u00e0n<\/li>\n<li><strong>Pin Litium 36V 16Ah<\/strong> cho tr\u1ee3 l\u1ef1c \u0111i\u1ec7n \u0111\u1ebfn 120Km<\/li>\n<li><strong>V\u1eadn t\u1ed1c \u0111i\u1ec7n 36km\/h<\/strong><\/li>\n<li>Gi\u1ea3m shock k\u00e9p v\u1edbi Phu\u1ed9c nh\u00fang tr\u01b0\u1edbc v\u00e0 gi\u1eefa cao<\/li>\n<li>Baga ch\u00ednh h\u00e3ng cao c\u1ea5p, ch\u1ecbu t\u1ea3i 100kg<\/li>\n<li>M\u00e0n h\u00ecnh tinh th\u1ec3 l\u1ecfng cao c\u1ea5p<\/li>\n<li>\u0110\u00e8n phanh, \u0111\u00e8n xi-nhan v\u00e0 c\u00f2i \u0111i\u1ec7n t\u00edch h\u1ee3p<\/li>\n<li>2 Phanh \u0111\u0129a, L\u00edp Shimano 7 c\u1ea5p<\/li>\n<\/ul>\n","protected":false},"featured_media":2987,"comment_status":"open","ping_status":"closed","template":"","meta":{"site-sidebar-layout":"default","site-content-layout":"default","ast-site-content-layout":"default","site-content-style":"default","site-sidebar-style":"default","ast-global-header-display":"","ast-banner-title-visibility":"","ast-main-header-display":"","ast-hfb-above-header-display":"","ast-hfb-below-header-display":"","ast-hfb-mobile-header-display":"","site-post-title":"","ast-breadcrumbs-content":"","ast-featured-img":"","footer-sml-layout":"","theme-transparent-header-meta":"default","adv-header-id-meta":"","stick-header-meta":"","header-above-stick-meta":"","header-main-stick-meta":"","header-below-stick-meta":"","astra-migrate-meta-layouts":"set","ast-page-background-enabled":"default","ast-page-background-meta":{"desktop":{"background-color":"var(--ast-global-color-4)","background-image":"","background-repeat":"repeat","background-position":"center center","background-size":"auto","background-attachment":"scroll","background-type":"","background-media":"","overlay-type":"","overlay-color":"","overlay-gradient":""},"tablet":{"background-color":"","background-image":"","background-repeat":"repeat","background-position":"center center","background-size":"auto","background-attachment":"scroll","background-type":"","background-media":"","overlay-type":"","overlay-color":"","overlay-gradient":""},"mobile":{"background-color":"","background-image":"","background-repeat":"repeat","background-position":"center center","background-size":"auto","background-attachment":"scroll","background-type":"","background-media":"","overlay-type":"","overlay-color":"","overlay-gradient":""}},"ast-content-background-meta":{"desktop":{"background-color":"var(--ast-global-color-5)","background-image":"","background-repeat":"repeat","background-position":"center center","background-size":"auto","background-attachment":"scroll","background-type":"","background-media":"","overlay-type":"","overlay-color":"","overlay-gradient":""},"tablet":{"background-color":"var(--ast-global-color-5)","background-image":"","background-repeat":"repeat","background-position":"center center","background-size":"auto","background-attachment":"scroll","background-type":"","background-media":"","overlay-type":"","overlay-color":"","overlay-gradient":""},"mobile":{"background-color":"var(--ast-global-color-5)","background-image":"","background-repeat":"repeat","background-position":"center center","background-size":"auto","background-attachment":"scroll","background-type":"","background-media":"","overlay-type":"","overlay-color":"","overlay-gradient":""}}},"product_cat":[197,38,39],"product_tag":[220,126,170],"class_list":{"0":"post-2560","1":"product","2":"type-product","3":"status-publish","4":"has-post-thumbnail","6":"product_cat-xe-dap-dien-sr-ebike","7":"product_cat-xe-dap-gap","8":"product_cat-xe-dap-size-20","9":"product_tag-x20-pro-new","10":"product_tag-xe-dap-dien-tro-luc","11":"product_tag-xe-dap-tro-luc-dien-gap-gon","12":"desktop-align-left","13":"tablet-align-left","14":"mobile-align-left","15":"ast-product-gallery-layout-horizontal-slider","16":"ast-product-tabs-layout-horizontal","18":"first","19":"instock","20":"sale","21":"shipping-taxable","22":"purchasable","23":"product-type-simple"},"_links":{"self":[{"href":"https:\/\/antamebike.com\/index.php?rest_route=\/wp\/v2\/product\/2560","targetHints":{"allow":["GET"]}}],"collection":[{"href":"https:\/\/antamebike.com\/index.php?rest_route=\/wp\/v2\/product"}],"about":[{"href":"https:\/\/antamebike.com\/index.php?rest_route=\/wp\/v2\/types\/product"}],"replies":[{"embeddable":true,"href":"https:\/\/antamebike.com\/index.php?rest_route=%2Fwp%2Fv2%2Fcomments&post=2560"}],"wp:featuredmedia":[{"embeddable":true,"href":"https:\/\/antamebike.com\/index.php?rest_route=\/wp\/v2\/media\/2987"}],"wp:attachment":[{"href":"https:\/\/antamebike.com\/index.php?rest_route=%2Fwp%2Fv2%2Fmedia&parent=2560"}],"wp:term":[{"taxonomy":"product_cat","embeddable":true,"href":"https:\/\/antamebike.com\/index.php?rest_route=%2Fwp%2Fv2%2Fproduct_cat&post=2560"},{"taxonomy":"product_tag","embeddable":true,"href":"https:\/\/antamebike.com\/index.php?rest_route=%2Fwp%2Fv2%2Fproduct_tag&post=2560"}],"curies":[{"name":"wp","href":"https:\/\/api.w.org\/{rel}","templated":true}]}}