{"id":2631,"date":"2024-07-03T10:35:15","date_gmt":"2024-07-03T10:35:15","guid":{"rendered":"https:\/\/antamebike.com\/?post_type=product&#038;p=2631"},"modified":"2025-05-24T03:14:44","modified_gmt":"2025-05-24T03:14:44","slug":"xe-dap-twitter-leopard-pro-rs-30s-ban-2024","status":"publish","type":"product","link":"https:\/\/antamebike.com\/?product=xe-dap-twitter-leopard-pro-rs-30s-ban-2024","title":{"rendered":"Xe \u0111\u1ea1p Twitter Leopard Pro RS-30S &#8211; B\u1ea3n 2024"},"content":{"rendered":"<h2><span id=\"Xe_dap_TWITTER_Leopard_Pro_NEW_2024_co_gi_moi\"><strong>Xe \u0111\u1ea1p TWITTER Leopard Pro \u2013 NEW 2024 c\u00f3 g\u00ec m\u1edbi<\/strong><\/span><\/h2>\n<p><strong>Twitter Leopard Pro<\/strong>\u00a0l\u00e0 chi\u1ebfc xe \u0111\u1ea1p MTB t\u1ea7m trung c\u1ee7a nh\u00e0 Twitter \u0111\u00e3 r\u1ea5t \u0111\u01b0\u1ee3c \u01b0a chu\u1ed9ng c\u1ee7a ng\u01b0\u1eddi d\u00f9ng trong nh\u1eefng n\u0103m qua v\u1edbi <em><strong>Khung s\u01b0\u1eddn Carbon<\/strong><\/em> v\u00e0 <strong><em>Phu\u1ed9c h\u01a1i<\/em><\/strong> kh\u00e1 cao c\u1ea5p. M\u1ed7i n\u0103m Twitter \u0111\u1ec1u n\u00e2ng c\u1ea5p nh\u1eefng c\u1ea3i ti\u1ebfn \u0111\u1ec3 l\u00e0m cho tr\u1ea3i nghi\u1ec7m c\u1ee7a ng\u01b0\u1eddi d\u00f9ng ng\u00e0y c\u00e0ng \u01b0ng \u00fd h\u01a1n<\/p>\n<p><img loading=\"lazy\" decoding=\"async\" class=\"alignnone wp-image-281 size-full\" src=\"https:\/\/xedaptwitter.com.vn\/wp-content\/uploads\/2024\/03\/Leopard-Pro-m.png\" alt=\"\" width=\"800\" height=\"600\" \/><\/p>\n<p>B\u1ea3n 2024 c\u00f3 g\u00ec h\u1ea5p d\u1eabn?<\/p>\n<div class=\"xdj266r x11i5rnm xat24cr x1mh8g0r x1vvkbs x126k92a\">\n<div class=\"lwptoc lwptoc-autoWidth lwptoc-baseItems lwptoc-light lwptoc-notInherit\" data-smooth-scroll=\"1\" data-smooth-scroll-offset=\"24\" data-lwptoc-initialized=\"1\">\n<div class=\"lwptoc_i\"><\/div>\n<\/div>\n<\/div>\n<div dir=\"auto\">\n<div dir=\"auto\">\n<h3><\/h3>\n<h3 id=\"mcetoc_1gd28fvit5\"><span id=\"Bo_Groupset_Shimano_30_cap\">B\u1ed9 Groupset Shimano 30 c\u1ea5p<\/span><\/h3>\n<p>v\u1edbi vi\u1ec7c n\u00e2ng c\u1ea5p B\u1ed9 <em><strong>Groupset l\u00ean 30 c\u1ea5p<\/strong><\/em> v\u1edbi 3 \u0110\u0129a v\u00e0 10 L\u00edp: s\u1ebd gi\u00fap cho ng\u01b0\u1eddi d\u00f9ng c\u00f3 tr\u1ea3i m\u01b0\u1ee3t m\u00e0 h\u01a1n h\u1eb5n tr\u00ean c\u00e1c cung \u0111\u01b0\u1eddng<\/p>\n<p><img loading=\"lazy\" decoding=\"async\" class=\"alignnone wp-image-35 size-medium\" src=\"https:\/\/xedaptwitter.com.vn\/wp-content\/uploads\/2024\/03\/leopard-grouprset-2-300x200.png\" alt=\"\" width=\"300\" height=\"200\" \/> <img loading=\"lazy\" decoding=\"async\" class=\"alignnone wp-image-430 size-medium\" src=\"https:\/\/xedaptwitter.com.vn\/wp-content\/uploads\/2024\/03\/leopard-gio-dap-1-300x200.png\" alt=\"\" width=\"300\" height=\"200\" \/> <img loading=\"lazy\" decoding=\"async\" class=\"alignnone wp-image-431 size-medium\" src=\"https:\/\/xedaptwitter.com.vn\/wp-content\/uploads\/2024\/03\/leopard-lip-1-300x200.png\" alt=\"\" width=\"300\" height=\"200\" \/> <img loading=\"lazy\" decoding=\"async\" class=\"alignnone wp-image-432 size-medium\" src=\"https:\/\/xedaptwitter.com.vn\/wp-content\/uploads\/2024\/03\/leopard-lip-3-300x206.png\" alt=\"\" width=\"300\" height=\"206\" \/><\/p>\n<p><em><strong>Th\u00f4ng s\u1ed1 c\u1ee5 th\u1ec3 Groupset B\u1ea3n 2024:<\/strong><\/em><\/p>\n<\/div>\n<div dir=\"auto\">\n<ul>\n<li>Tay b\u1ea5m x\u1ea3: Retrospec (LTWOO) V5010-3*10S<\/li>\n<li>C\u00f9i \u0111\u1ec1 Tr\u01b0\u1edbc: Retrospec (LTWOO) V5010<\/li>\n<li>C\u00f9i \u0111\u1ec1 Sau: Retrospec (LTWOO) V5010-10S<\/li>\n<li>\u0110\u00f9i \u0111\u0129a: Prowheel, Alu alloy, Hollow, 24-32-42T<\/li>\n<li>L\u00edp: SUGEK-10S, 11-36T<\/li>\n<li>X\u00edch: SUMC-10S<\/li>\n<\/ul>\n<\/div>\n<h2 dir=\"auto\"><span id=\"Nhung_trang_bi_cao_cap_cua_Twitter_Leopard_Pro\">Nh\u1eefng trang b\u1ecb cao c\u1ea5p c\u1ee7a Twitter Leopard Pro<\/span><\/h2>\n<h3 dir=\"auto\"><span id=\"Khung_suon_Carbon_Fiber_day_am_suon\">Khung s\u01b0\u1eddn Carbon Fiber, d\u00e2y \u00e2m s\u01b0\u1eddn<\/span><\/h3>\n<div dir=\"auto\"><\/div>\n<div dir=\"auto\"><img loading=\"lazy\" decoding=\"async\" class=\"alignnone size-large wp-image-433\" src=\"https:\/\/xedaptwitter.com.vn\/wp-content\/uploads\/2024\/03\/leopard-frame-1-1024x701.png\" alt=\"\" width=\"1024\" height=\"701\" \/> <img loading=\"lazy\" decoding=\"async\" class=\"alignnone size-large wp-image-434\" src=\"https:\/\/xedaptwitter.com.vn\/wp-content\/uploads\/2024\/03\/Leopard-Carbon.jpg\" alt=\"\" width=\"750\" height=\"750\" \/><\/div>\n<\/div>\n<div dir=\"auto\"><\/div>\n<h3 dir=\"auto\"><span id=\"Phuoc_hoi_co_dieu_khien_hanh_trinh_tren_Ghi-dong\">Phu\u1ed9c h\u01a1i c\u00f3 \u0111i\u1ec1u khi\u1ec3n h\u00e0nh tr\u00ecnh tr\u00ean Ghi-\u0111\u00f4ng<\/span><\/h3>\n<div dir=\"auto\"><\/div>\n<div dir=\"auto\">\u00a0 <img loading=\"lazy\" decoding=\"async\" class=\"alignnone wp-image-33 size-medium\" src=\"https:\/\/xedaptwitter.com.vn\/wp-content\/uploads\/2024\/03\/Leopard-front-1-300x219.png\" alt=\"\" width=\"300\" height=\"219\" \/> <img loading=\"lazy\" decoding=\"async\" class=\"alignnone wp-image-34 size-medium\" src=\"https:\/\/xedaptwitter.com.vn\/wp-content\/uploads\/2024\/03\/leopard-fork-2-300x200.png\" alt=\"\" width=\"300\" height=\"200\" \/> <img loading=\"lazy\" decoding=\"async\" class=\"alignnone wp-image-32 size-medium\" src=\"https:\/\/xedaptwitter.com.vn\/wp-content\/uploads\/2024\/03\/leopard-brake-2-300x197.png\" alt=\"\" width=\"300\" height=\"197\" \/> <img loading=\"lazy\" decoding=\"async\" class=\"alignnone wp-image-365 size-medium\" src=\"https:\/\/xedaptwitter.com.vn\/wp-content\/uploads\/2024\/06\/leopard-fork-3-300x200.png\" alt=\"\" width=\"300\" height=\"200\" \/><\/div>\n<div dir=\"auto\"><\/div>\n<div dir=\"auto\">\n<div dir=\"auto\">\n<h3 id=\"mcetoc_1gd28fvit5\"><span id=\"Phanh_dia_thuy_luc_Dau_truoc_va_sau\">Phanh \u0111\u0129a thu\u1ef7 l\u1ef1c (D\u1ea7u) tr\u01b0\u1edbc v\u00e0 sau<\/span><\/h3>\n<\/div>\n<div dir=\"auto\"><\/div>\n<div dir=\"auto\">\u00a0 <img loading=\"lazy\" decoding=\"async\" class=\"alignnone wp-image-222 size-medium\" src=\"https:\/\/xedaptwitter.com.vn\/wp-content\/uploads\/2024\/04\/Twitter-3900XC-mt200-300x241.png\" alt=\"\" width=\"300\" height=\"241\" \/> <img loading=\"lazy\" decoding=\"async\" class=\"alignnone wp-image-223 size-medium\" src=\"https:\/\/xedaptwitter.com.vn\/wp-content\/uploads\/2024\/04\/twitter-3900XC-mt200-2-300x241.png\" alt=\"\" width=\"300\" height=\"241\" \/> <img loading=\"lazy\" decoding=\"async\" class=\"alignnone wp-image-224 size-medium\" src=\"https:\/\/xedaptwitter.com.vn\/wp-content\/uploads\/2024\/04\/Twitter-3900XC-Phanh-sau-300x241.png\" alt=\"\" width=\"300\" height=\"241\" \/> <img loading=\"lazy\" decoding=\"async\" class=\"alignnone wp-image-225 size-medium\" src=\"https:\/\/xedaptwitter.com.vn\/wp-content\/uploads\/2024\/04\/Twitter-3900XC-phanh-truoc-300x241.png\" alt=\"\" width=\"300\" height=\"241\" \/><\/div>\n<div dir=\"auto\"><\/div>\n<\/div>\n<h3 dir=\"auto\"><span id=\"Dum_Retrospec\">\u0110\u00f9m Retrospec<\/span><\/h3>\n<div dir=\"auto\"><\/div>\n<div dir=\"auto\"><img loading=\"lazy\" decoding=\"async\" class=\"alignnone wp-image-435 size-medium\" src=\"https:\/\/xedaptwitter.com.vn\/wp-content\/uploads\/2024\/03\/leopard-dum-1-300x200.png\" alt=\"\" width=\"300\" height=\"200\" \/> <img loading=\"lazy\" decoding=\"async\" class=\"alignnone wp-image-436 size-medium\" src=\"https:\/\/xedaptwitter.com.vn\/wp-content\/uploads\/2024\/03\/leopard-dum-2-300x195.png\" alt=\"\" width=\"300\" height=\"195\" \/><\/div>\n<div dir=\"auto\"><\/div>\n<p>T\u00f3m l\u1ea1i, n\u1ebfu b\u1ea1n \u0111ang t\u00ecm 1 chi\u1ebfc xe \u0111\u1ea1p MTB nh\u1eb9 v\u1edbi <strong>Khung carbon<\/strong> v\u00e0 nhi\u1ec1u trang b\u1ecb cao c\u1ea5p \u0111\u1ec3 chinh ph\u1ee5c c\u00e1c cung \u0111\u01b0\u1eddng kh\u00f3 1 c\u00e1ch \u00eam \u00e1i th\u00ec <strong>Twitter Leopard Pro<\/strong> l\u00e0 m\u1ed9t s\u1ef1 l\u1ef1a ch\u1ecdn \u0111\u00e1ng gi\u00e1<\/p>\n<p><img loading=\"lazy\" decoding=\"async\" class=\"alignnone size-full wp-image-166\" src=\"https:\/\/xedaptwitter.com.vn\/wp-content\/uploads\/2024\/04\/Twitter-Leopard-2024.jpg\" alt=\"\" width=\"800\" height=\"600\" \/><\/p>\n<p>Ch\u1ea5t l\u01b0\u1ee3ng ho\u00e0n thi\u1ec7n s\u1eafc n\u00e9t c\u1ee7a Twitter c\u00f9ng v\u1edbi <strong>Gi\u00e1 b\u00e1n qu\u00e1 h\u1ee3p l\u00fd<\/strong> th\u00ec c\u00e0ng cho <strong>Twitter Leopard Pro<\/strong> c\u00e0ng th\u00eam c\u00f3 nhi\u1ec1u Fans xe \u0111\u1ea1p y\u00ean m\u1ebfn.<\/p>\n<p>Li\u00ean h\u1ec7 Antamebike.com lu\u00f4n c\u00f3 m\u1ee9c gi\u00e1 v\u00e0 khuy\u1ebfn m\u00e3i t\u1ed1t nh\u1ea5t cho <em><strong>Twitter Leopard Pro 2024<\/strong><\/em>.<\/p>\n<p>Hotline t\u01b0 v\u1ea5n: <strong>077 802.3388<\/strong><\/p>\n","protected":false},"excerpt":{"rendered":"<p><strong>Twitter Leopard Pro RS-30 2024<\/strong><\/p>\n<ul>\n<li><strong>Khung Carbon Fiber<\/strong>: 17\u2033<\/li>\n<li><strong>Phanh \u0111\u0129a Thu\u1ef7 l\u1ef1c:<\/strong> Shimano MT200<\/li>\n<li>B\u1ed9 Groupset Retrospec V5010-3*10S: <strong>30 c\u1ea5p<\/strong><\/li>\n<li>Tr\u1ecdng l\u01b0\u1ee3ng: 12.3 kg<\/li>\n<li><strong>Gi\u1ea3m s\u1ed1c Phu\u1ed9c H\u01a1i<\/strong> v\u1edbi \u0110i\u1ec1u khi\u1ec3n H\u00e0nh tr\u00ecnh tr\u00ean Ghi-\u0111\u00f4ng<\/li>\n<li>Gi\u00f2 \u0111\u00e3i tr\u1ee5c r\u1ed7ng si\u00eau tr\u1edbn Prowheel<\/li>\n<li><strong>L\u1ed1p:<\/strong> Inova Pro 27.5 x 2.25<\/li>\n<\/ul>\n","protected":false},"featured_media":2919,"comment_status":"open","ping_status":"closed","template":"","meta":{"site-sidebar-layout":"default","site-content-layout":"","ast-site-content-layout":"default","site-content-style":"default","site-sidebar-style":"default","ast-global-header-display":"","ast-banner-title-visibility":"","ast-main-header-display":"","ast-hfb-above-header-display":"","ast-hfb-below-header-display":"","ast-hfb-mobile-header-display":"","site-post-title":"","ast-breadcrumbs-content":"","ast-featured-img":"","footer-sml-layout":"","theme-transparent-header-meta":"default","adv-header-id-meta":"","stick-header-meta":"","header-above-stick-meta":"","header-main-stick-meta":"","header-below-stick-meta":"","astra-migrate-meta-layouts":"set","ast-page-background-enabled":"default","ast-page-background-meta":{"desktop":{"background-color":"var(--ast-global-color-4)","background-image":"","background-repeat":"repeat","background-position":"center center","background-size":"auto","background-attachment":"scroll","background-type":"","background-media":"","overlay-type":"","overlay-color":"","overlay-gradient":""},"tablet":{"background-color":"","background-image":"","background-repeat":"repeat","background-position":"center center","background-size":"auto","background-attachment":"scroll","background-type":"","background-media":"","overlay-type":"","overlay-color":"","overlay-gradient":""},"mobile":{"background-color":"","background-image":"","background-repeat":"repeat","background-position":"center center","background-size":"auto","background-attachment":"scroll","background-type":"","background-media":"","overlay-type":"","overlay-color":"","overlay-gradient":""}},"ast-content-background-meta":{"desktop":{"background-color":"var(--ast-global-color-5)","background-image":"","background-repeat":"repeat","background-position":"center center","background-size":"auto","background-attachment":"scroll","background-type":"","background-media":"","overlay-type":"","overlay-color":"","overlay-gradient":""},"tablet":{"background-color":"var(--ast-global-color-5)","background-image":"","background-repeat":"repeat","background-position":"center center","background-size":"auto","background-attachment":"scroll","background-type":"","background-media":"","overlay-type":"","overlay-color":"","overlay-gradient":""},"mobile":{"background-color":"var(--ast-global-color-5)","background-image":"","background-repeat":"repeat","background-position":"center center","background-size":"auto","background-attachment":"scroll","background-type":"","background-media":"","overlay-type":"","overlay-color":"","overlay-gradient":""}}},"product_cat":[224,225,208],"product_tag":[253],"class_list":{"0":"post-2631","1":"product","2":"type-product","3":"status-publish","4":"has-post-thumbnail","6":"product_cat-twitter-mtb","7":"product_cat-twitter-tay-ngang","8":"product_cat-xe-dap-twitter","9":"product_tag-leopard-pro","10":"desktop-align-left","11":"tablet-align-left","12":"mobile-align-left","13":"ast-product-gallery-layout-horizontal-slider","14":"ast-product-tabs-layout-horizontal","16":"first","17":"instock","18":"sale","19":"shipping-taxable","20":"purchasable","21":"product-type-simple"},"_links":{"self":[{"href":"https:\/\/antamebike.com\/index.php?rest_route=\/wp\/v2\/product\/2631","targetHints":{"allow":["GET"]}}],"collection":[{"href":"https:\/\/antamebike.com\/index.php?rest_route=\/wp\/v2\/product"}],"about":[{"href":"https:\/\/antamebike.com\/index.php?rest_route=\/wp\/v2\/types\/product"}],"replies":[{"embeddable":true,"href":"https:\/\/antamebike.com\/index.php?rest_route=%2Fwp%2Fv2%2Fcomments&post=2631"}],"wp:featuredmedia":[{"embeddable":true,"href":"https:\/\/antamebike.com\/index.php?rest_route=\/wp\/v2\/media\/2919"}],"wp:attachment":[{"href":"https:\/\/antamebike.com\/index.php?rest_route=%2Fwp%2Fv2%2Fmedia&parent=2631"}],"wp:term":[{"taxonomy":"product_cat","embeddable":true,"href":"https:\/\/antamebike.com\/index.php?rest_route=%2Fwp%2Fv2%2Fproduct_cat&post=2631"},{"taxonomy":"product_tag","embeddable":true,"href":"https:\/\/antamebike.com\/index.php?rest_route=%2Fwp%2Fv2%2Fproduct_tag&post=2631"}],"curies":[{"name":"wp","href":"https:\/\/api.w.org\/{rel}","templated":true}]}}