{"id":2753,"date":"2024-08-12T14:41:06","date_gmt":"2024-08-12T14:41:06","guid":{"rendered":"https:\/\/antamebike.com\/?post_type=product&#038;p=2753"},"modified":"2024-11-23T14:07:04","modified_gmt":"2024-11-23T14:07:04","slug":"xe-dap-twitter-t8c-carbon-phanh-vanh","status":"publish","type":"product","link":"https:\/\/antamebike.com\/?product=xe-dap-twitter-t8c-carbon-phanh-vanh","title":{"rendered":"Xe \u0111\u1ea1p Twitter T8C Carbon Phanh v\u00e0nh"},"content":{"rendered":"<h2><strong>Xe \u0111\u1ea1p TWITTER T8C Carbon 2024<\/strong><\/h2>\n<p>Twitter T8C l\u00e0 chi\u1ebfc xe \u0111\u1ea1p \u0111ua m\u1edbi nh\u1ea5t c\u1ee7a d\u00f2ng T ra \u0111\u1eddi v\u1edbi m\u1ee5c \u0111\u00edch thay th\u1ebf cho Twitter T2.<\/p>\n<p>V\u1ec1 Khung s\u01b0\u1eddn v\u00e0 c\u1ea5u h\u00ecnh th\u00ec g\u1ea7n nh\u01b0 t\u01b0\u01a1ng t\u1ef1 nh\u01b0 Twitter T2 \u0111\u00e3 \u0111\u01b0\u1ee3c \u01b0a chu\u1ed9ng trong th\u1eddi gian qua<\/p>\n<p><strong>Twitter T8C<\/strong>\u00a0l\u00e0 chi\u1ebfc xe \u0111\u1ea1p d\u00f2ng Road chung khung s\u01b0\u1eddn v\u1edbi Thunder, khung Carbon nh\u01b0ng c\u00f3 gi\u00e1 r\u1ea5t d\u1ec5 ti\u1ebfp c\u1eadn c\u1ee7a Twitter.<\/p>\n<p>Nh\u1eefng Biker t\u00ecm 1 chi\u1ebfc xe \u0111\u1ea1p \u0111ua Khung carbon si\u00eau nh\u1eb9 m\u00e0 Gi\u00e1 th\u00e0nh h\u1ee3p l\u00fd, trang b\u1ecb c\u0169ng kh\u00e1 \u0111\u1ea7y \u0111\u1ee7 th\u00ec Twitter T8C l\u00e0 chi\u1ebfc xe m\u00e0 b\u1ea1n \u0111ang t\u00ecm ki\u1ebfm.<\/p>\n<p><img loading=\"lazy\" decoding=\"async\" class=\"alignnone wp-image-2756 size-large\" src=\"https:\/\/antamebike.com\/wp-content\/uploads\/2024\/08\/Twitter-T8C-1024x1024.jpg\" alt=\"\" width=\"1024\" height=\"1024\" srcset=\"https:\/\/antamebike.com\/wp-content\/uploads\/2024\/08\/Twitter-T8C-1024x1024.jpg 1024w, https:\/\/antamebike.com\/wp-content\/uploads\/2024\/08\/Twitter-T8C-300x300.jpg 300w, https:\/\/antamebike.com\/wp-content\/uploads\/2024\/08\/Twitter-T8C-150x150.jpg 150w, https:\/\/antamebike.com\/wp-content\/uploads\/2024\/08\/Twitter-T8C-768x768.jpg 768w, https:\/\/antamebike.com\/wp-content\/uploads\/2024\/08\/Twitter-T8C-1536x1536.jpg 1536w, https:\/\/antamebike.com\/wp-content\/uploads\/2024\/08\/Twitter-T8C-2048x2048.jpg 2048w, https:\/\/antamebike.com\/wp-content\/uploads\/2024\/08\/Twitter-T8C-600x600.jpg 600w, https:\/\/antamebike.com\/wp-content\/uploads\/2024\/08\/Twitter-T8C-100x100.jpg 100w\" sizes=\"auto, (max-width: 1024px) 100vw, 1024px\" \/><\/p>\n<h2><\/h2>\n<h2 id=\"thong-so-ky-thuat-xe-dap-twitter-r10-rs22\" class=\"ftwp-heading\"><strong>TH\u00d4NG S\u1ed0 K\u1ef8 THU\u1eacT XE \u0110\u1ea0P\u00a0 TWITTER T8C 2024<\/strong><\/h2>\n<table border=\"1\" width=\"100%\">\n<tbody>\n<tr>\n<td><strong>\u00a0C\u00e2n n\u1eb7ng<\/strong><\/td>\n<td>Kho\u1ea3ng 8,8 kg<\/td>\n<\/tr>\n<tr>\n<td width=\"265\"><strong>\u00a0Th\u1ecb tr\u01b0\u1edfng (Hub)<\/strong><\/td>\n<td width=\"513\">Retrosper b\u1ea1c \u0111\u1ea1n, C\u1ed1i n\u1ed5 to<\/td>\n<\/tr>\n<tr>\n<td width=\"265\"><strong>\u00a0Khung s\u01b0\u1eddn<\/strong><\/td>\n<td>\u00a0S\u1ee3i Carbon Fiber<\/td>\n<\/tr>\n<tr>\n<td width=\"265\"><strong>\u00a0Ghi \u0111\u00f4ng \/ p\u00f4 t\u0103ng<\/strong><\/td>\n<td width=\"513\">Nh\u00f4m<\/td>\n<\/tr>\n<tr>\n<td width=\"265\"><strong>\u00a0Y\u00ean xe<\/strong><\/td>\n<td>C\u1ecdc Y\u00ean Carbon Fiber, Y\u00ean da PU Twitter<\/td>\n<\/tr>\n<tr>\n<td width=\"265\"><strong>\u00a0Phanh xe<\/strong><\/td>\n<td width=\"513\"><strong>\u00a0Phanh C Tektro<\/strong><\/td>\n<\/tr>\n<tr>\n<td width=\"265\"><strong>\u00a0Tay \u0111\u1ec1 l\u1eafc<\/strong><\/td>\n<td><b>SHIMANO CLARIS<\/b><\/td>\n<\/tr>\n<tr>\n<td width=\"265\"><strong>\u00a0G\u1ea1t \u0111\u0129a<\/strong><\/td>\n<td>SHIMANO CLARIS 2000<\/td>\n<\/tr>\n<tr>\n<td width=\"265\"><strong>\u00a0G\u1ea1t l\u00edp<\/strong><\/td>\n<td>SHIMANO CLARIS 2000<\/td>\n<\/tr>\n<tr>\n<td width=\"265\"><strong>\u00a0Gi\u00f2 d\u0129a<\/strong><\/td>\n<td width=\"513\">Prowhell 34-50T<\/td>\n<\/tr>\n<tr>\n<td width=\"265\"><strong>\u00a0L\u00edp\u00a0<\/strong><\/td>\n<td>Sugek 8S, 11-26T<\/td>\n<\/tr>\n<tr>\n<td width=\"265\"><strong>\u00a0X\u00edch<\/strong><\/td>\n<td>SUMC-8S<\/td>\n<\/tr>\n<tr>\n<td width=\"265\"><strong>\u00a0V\u00e0nh xe 700C<\/strong><\/td>\n<td>H\u01a1\u0323p kim nh\u00f4m hai l\u01a1\u0301p<\/td>\n<\/tr>\n<tr>\n<td width=\"265\"><strong>\u00a0L\u1ed1p xe<\/strong><\/td>\n<td>INNOVA-PRO, Black, 700*25C, Black<\/td>\n<\/tr>\n<tr>\n<td width=\"265\"><strong>\u00a0B\u1ea3o h\u00e0nh<\/strong><\/td>\n<td width=\"513\">Khung xe b\u1ea3o h\u00e0nh 2 n\u0103m \/ b\u1ed9 Groupset 1 n\u0103m<\/td>\n<\/tr>\n<\/tbody>\n<\/table>\n<p><img loading=\"lazy\" decoding=\"async\" class=\"alignnone wp-image-2759 \" src=\"https:\/\/antamebike.com\/wp-content\/uploads\/2024\/08\/Twitter-T8C-4-300x300.jpg\" alt=\"\" width=\"262\" height=\"262\" srcset=\"https:\/\/antamebike.com\/wp-content\/uploads\/2024\/08\/Twitter-T8C-4-300x300.jpg 300w, https:\/\/antamebike.com\/wp-content\/uploads\/2024\/08\/Twitter-T8C-4-1024x1024.jpg 1024w, https:\/\/antamebike.com\/wp-content\/uploads\/2024\/08\/Twitter-T8C-4-150x150.jpg 150w, https:\/\/antamebike.com\/wp-content\/uploads\/2024\/08\/Twitter-T8C-4-768x768.jpg 768w, https:\/\/antamebike.com\/wp-content\/uploads\/2024\/08\/Twitter-T8C-4-1536x1536.jpg 1536w, https:\/\/antamebike.com\/wp-content\/uploads\/2024\/08\/Twitter-T8C-4-2048x2048.jpg 2048w, https:\/\/antamebike.com\/wp-content\/uploads\/2024\/08\/Twitter-T8C-4-600x600.jpg 600w, https:\/\/antamebike.com\/wp-content\/uploads\/2024\/08\/Twitter-T8C-4-100x100.jpg 100w\" sizes=\"auto, (max-width: 262px) 100vw, 262px\" \/> <img loading=\"lazy\" decoding=\"async\" class=\"alignnone wp-image-2614\" src=\"https:\/\/antamebike.com\/wp-content\/uploads\/2024\/06\/Twitter-T2-Trang-4-300x200.jpeg\" alt=\"\" width=\"377\" height=\"251\" srcset=\"https:\/\/antamebike.com\/wp-content\/uploads\/2024\/06\/Twitter-T2-Trang-4-300x200.jpeg 300w, https:\/\/antamebike.com\/wp-content\/uploads\/2024\/06\/Twitter-T2-Trang-4-1024x684.jpeg 1024w, https:\/\/antamebike.com\/wp-content\/uploads\/2024\/06\/Twitter-T2-Trang-4-768x513.jpeg 768w, https:\/\/antamebike.com\/wp-content\/uploads\/2024\/06\/Twitter-T2-Trang-4-1536x1026.jpeg 1536w, https:\/\/antamebike.com\/wp-content\/uploads\/2024\/06\/Twitter-T2-Trang-4-2048x1368.jpeg 2048w, https:\/\/antamebike.com\/wp-content\/uploads\/2024\/06\/Twitter-T2-Trang-4-600x401.jpeg 600w\" sizes=\"auto, (max-width: 377px) 100vw, 377px\" \/> <img loading=\"lazy\" decoding=\"async\" class=\"alignnone size-medium wp-image-2616\" src=\"https:\/\/antamebike.com\/wp-content\/uploads\/2024\/06\/Twitter-T2-Trang-8-300x200.jpeg\" alt=\"\" width=\"300\" height=\"200\" srcset=\"https:\/\/antamebike.com\/wp-content\/uploads\/2024\/06\/Twitter-T2-Trang-8-300x200.jpeg 300w, https:\/\/antamebike.com\/wp-content\/uploads\/2024\/06\/Twitter-T2-Trang-8-1024x684.jpeg 1024w, https:\/\/antamebike.com\/wp-content\/uploads\/2024\/06\/Twitter-T2-Trang-8-768x513.jpeg 768w, https:\/\/antamebike.com\/wp-content\/uploads\/2024\/06\/Twitter-T2-Trang-8-1536x1026.jpeg 1536w, https:\/\/antamebike.com\/wp-content\/uploads\/2024\/06\/Twitter-T2-Trang-8-2048x1368.jpeg 2048w, https:\/\/antamebike.com\/wp-content\/uploads\/2024\/06\/Twitter-T2-Trang-8-600x401.jpeg 600w\" sizes=\"auto, (max-width: 300px) 100vw, 300px\" \/> <img loading=\"lazy\" decoding=\"async\" class=\"alignnone size-medium wp-image-2619\" src=\"https:\/\/antamebike.com\/wp-content\/uploads\/2024\/06\/Twitter-T2-Trang-7-300x200.jpeg\" alt=\"\" width=\"300\" height=\"200\" srcset=\"https:\/\/antamebike.com\/wp-content\/uploads\/2024\/06\/Twitter-T2-Trang-7-300x200.jpeg 300w, https:\/\/antamebike.com\/wp-content\/uploads\/2024\/06\/Twitter-T2-Trang-7-1024x684.jpeg 1024w, https:\/\/antamebike.com\/wp-content\/uploads\/2024\/06\/Twitter-T2-Trang-7-768x513.jpeg 768w, https:\/\/antamebike.com\/wp-content\/uploads\/2024\/06\/Twitter-T2-Trang-7-1536x1026.jpeg 1536w, https:\/\/antamebike.com\/wp-content\/uploads\/2024\/06\/Twitter-T2-Trang-7-2048x1368.jpeg 2048w, https:\/\/antamebike.com\/wp-content\/uploads\/2024\/06\/Twitter-T2-Trang-7-600x401.jpeg 600w\" sizes=\"auto, (max-width: 300px) 100vw, 300px\" \/><\/p>\n<p><img loading=\"lazy\" decoding=\"async\" class=\"alignnone wp-image-2758 size-large\" src=\"https:\/\/antamebike.com\/wp-content\/uploads\/2024\/08\/Twitter-T8C-2-1022x1024.jpg\" alt=\"\" width=\"1022\" height=\"1024\" srcset=\"https:\/\/antamebike.com\/wp-content\/uploads\/2024\/08\/Twitter-T8C-2-1022x1024.jpg 1022w, https:\/\/antamebike.com\/wp-content\/uploads\/2024\/08\/Twitter-T8C-2-300x300.jpg 300w, https:\/\/antamebike.com\/wp-content\/uploads\/2024\/08\/Twitter-T8C-2-150x150.jpg 150w, https:\/\/antamebike.com\/wp-content\/uploads\/2024\/08\/Twitter-T8C-2-768x770.jpg 768w, https:\/\/antamebike.com\/wp-content\/uploads\/2024\/08\/Twitter-T8C-2-1533x1536.jpg 1533w, https:\/\/antamebike.com\/wp-content\/uploads\/2024\/08\/Twitter-T8C-2-2044x2048.jpg 2044w, https:\/\/antamebike.com\/wp-content\/uploads\/2024\/08\/Twitter-T8C-2-600x601.jpg 600w, https:\/\/antamebike.com\/wp-content\/uploads\/2024\/08\/Twitter-T8C-2-100x100.jpg 100w\" sizes=\"auto, (max-width: 1022px) 100vw, 1022px\" \/><\/p>\n<p>T\u00f3m l\u1ea1i, n\u1ebfu b\u1ea1n \u0111ang t\u00ecm 1 chi\u1ebfc xe \u0111\u1ea1p d\u00f2ng Road nh\u1eb9 v\u1edbi trang b\u1ecb khung<strong> Carbon, <\/strong>\u0111\u1ea1p l\u01b0\u1ee3t v\u00e0 c\u1ed1i n\u1ed5 to\u00a0m\u00e0 c\u00f3 t\u1ea7m gi\u00e1 d\u1ec5 ti\u1ebfp c\u1eadn th\u00ec\u00a0<strong>Twitter T8C Carbon 2024<\/strong> l\u00e0 m\u1ed9t s\u1ef1 l\u1ef1a ch\u1ecdn r\u1ea5t x\u1ee9ng \u0111\u00e1ng.<\/p>\n<p><img loading=\"lazy\" decoding=\"async\" class=\"alignnone wp-image-2755 size-large\" src=\"https:\/\/antamebike.com\/wp-content\/uploads\/2024\/08\/Twitter-T8C-6-1024x1024.jpg\" alt=\"\" width=\"1024\" height=\"1024\" srcset=\"https:\/\/antamebike.com\/wp-content\/uploads\/2024\/08\/Twitter-T8C-6-1024x1024.jpg 1024w, https:\/\/antamebike.com\/wp-content\/uploads\/2024\/08\/Twitter-T8C-6-300x300.jpg 300w, https:\/\/antamebike.com\/wp-content\/uploads\/2024\/08\/Twitter-T8C-6-150x150.jpg 150w, https:\/\/antamebike.com\/wp-content\/uploads\/2024\/08\/Twitter-T8C-6-768x768.jpg 768w, https:\/\/antamebike.com\/wp-content\/uploads\/2024\/08\/Twitter-T8C-6-1536x1536.jpg 1536w, https:\/\/antamebike.com\/wp-content\/uploads\/2024\/08\/Twitter-T8C-6-2048x2048.jpg 2048w, https:\/\/antamebike.com\/wp-content\/uploads\/2024\/08\/Twitter-T8C-6-600x600.jpg 600w, https:\/\/antamebike.com\/wp-content\/uploads\/2024\/08\/Twitter-T8C-6-100x100.jpg 100w\" sizes=\"auto, (max-width: 1024px) 100vw, 1024px\" \/><\/p>\n<p>Ch\u1ea5t l\u01b0\u1ee3ng ho\u00e0n thi\u1ec7n s\u1eafc n\u00e9t c\u1ee7a Twitter c\u00f9ng v\u1edbi <strong>Gi\u00e1 b\u00e1n qu\u00e1 h\u1ee3p l\u00fd<\/strong> th\u00ec c\u00e0ng cho <strong>Twitter T8C 2024 Phanh V\u00e0nh<\/strong>\u00a0c\u00e0ng th\u00eam c\u00f3 nhi\u1ec1u Fans xe \u0111\u1ea1p y\u00ean m\u1ebfn v\u00e0 \u01b0u ti\u00ean l\u1ef1a ch\u1ecdn.<\/p>\n<p>Li\u00ean h\u1ec7 Antamebike.com lu\u00f4n c\u00f3 m\u1ee9c gi\u00e1 v\u00e0 khuy\u1ebfn m\u00e3i t\u1ed1t nh\u1ea5t cho <em><strong>Twitter T8 2024.<\/strong><\/em><\/p>\n<p>Hotline t\u01b0 v\u1ea5n: <strong>077 802.3388 <\/strong><\/p>\n","protected":false},"excerpt":{"rendered":"<p><strong>Twitter T8C 2024 khung Carbon fiber:<\/strong><\/p>\n<ul>\n<li><strong>Khung s\u01b0\u1eddn Carbon Fiber: 48&#8243;, <\/strong>d\u00e2y \u00e2m s\u01b0\u1eddn<\/li>\n<li>Ghi-\u0111\u00f4ng, P\u00f4-t\u0103ng: <b>Nh\u00f4m<\/b><\/li>\n<li>C\u1ecdc y\u00ean: <strong>Carbon<\/strong><\/li>\n<li><strong>Phanh v\u00e0nh<\/strong>\u00a0Tektro \u0110\u00e0i Loan<\/li>\n<li>B\u1ed9 Groupset Shimano Claris: <strong>R2000<\/strong> &#8211; <b>2*8S<\/b><\/li>\n<li>Tay \u0111\u1ec1 l\u1eafc Shimano Claris<\/li>\n<li>Gi\u00f2 \u0111\u1ea1p tr\u1ee5c r\u1ed5ng Prowheel 34-50<\/li>\n<li>Lip Sugek 8S, 11-26T<\/li>\n<li>Tr\u1ecdng l\u01b0\u1ee3ng: 8.8 kg<\/li>\n<li>May-o Retrospec<strong>, c\u1ed1i n\u1ed5 to<\/strong><\/li>\n<li><strong>L\u1ed1p: <\/strong><span style=\"font-size: 16px;\">INNOVA-PRO, Black, 700*25C, Black<\/span><\/li>\n<\/ul>\n","protected":false},"featured_media":2754,"comment_status":"open","ping_status":"closed","template":"","meta":{"site-sidebar-layout":"default","site-content-layout":"default","ast-site-content-layout":"default","site-content-style":"default","site-sidebar-style":"default","ast-global-header-display":"","ast-banner-title-visibility":"","ast-main-header-display":"","ast-hfb-above-header-display":"","ast-hfb-below-header-display":"","ast-hfb-mobile-header-display":"","site-post-title":"","ast-breadcrumbs-content":"","ast-featured-img":"","footer-sml-layout":"","theme-transparent-header-meta":"default","adv-header-id-meta":"","stick-header-meta":"","header-above-stick-meta":"","header-main-stick-meta":"","header-below-stick-meta":"","astra-migrate-meta-layouts":"set","ast-page-background-enabled":"default","ast-page-background-meta":{"desktop":{"background-color":"var(--ast-global-color-4)","background-image":"","background-repeat":"repeat","background-position":"center center","background-size":"auto","background-attachment":"scroll","background-type":"","background-media":"","overlay-type":"","overlay-color":"","overlay-gradient":""},"tablet":{"background-color":"","background-image":"","background-repeat":"repeat","background-position":"center center","background-size":"auto","background-attachment":"scroll","background-type":"","background-media":"","overlay-type":"","overlay-color":"","overlay-gradient":""},"mobile":{"background-color":"","background-image":"","background-repeat":"repeat","background-position":"center center","background-size":"auto","background-attachment":"scroll","background-type":"","background-media":"","overlay-type":"","overlay-color":"","overlay-gradient":""}},"ast-content-background-meta":{"desktop":{"background-color":"var(--ast-global-color-5)","background-image":"","background-repeat":"repeat","background-position":"center center","background-size":"auto","background-attachment":"scroll","background-type":"","background-media":"","overlay-type":"","overlay-color":"","overlay-gradient":""},"tablet":{"background-color":"var(--ast-global-color-5)","background-image":"","background-repeat":"repeat","background-position":"center center","background-size":"auto","background-attachment":"scroll","background-type":"","background-media":"","overlay-type":"","overlay-color":"","overlay-gradient":""},"mobile":{"background-color":"var(--ast-global-color-5)","background-image":"","background-repeat":"repeat","background-position":"center center","background-size":"auto","background-attachment":"scroll","background-type":"","background-media":"","overlay-type":"","overlay-color":"","overlay-gradient":""}}},"product_cat":[111,49,50,227,208],"product_tag":[241,212],"class_list":{"0":"post-2753","1":"product","2":"type-product","3":"status-publish","4":"has-post-thumbnail","6":"product_cat-gia-tot","7":"product_cat-san-pham-hot","8":"product_cat-san-pham-moi","9":"product_cat-twitter-tay-cong","10":"product_cat-xe-dap-twitter","11":"product_tag-twitter-t8","12":"product_tag-xe-dap-twitter","13":"desktop-align-left","14":"tablet-align-left","15":"mobile-align-left","16":"ast-product-gallery-layout-horizontal-slider","17":"ast-product-tabs-layout-horizontal","19":"first","20":"instock","21":"sale","22":"shipping-taxable","23":"purchasable","24":"product-type-simple"},"_links":{"self":[{"href":"https:\/\/antamebike.com\/index.php?rest_route=\/wp\/v2\/product\/2753","targetHints":{"allow":["GET"]}}],"collection":[{"href":"https:\/\/antamebike.com\/index.php?rest_route=\/wp\/v2\/product"}],"about":[{"href":"https:\/\/antamebike.com\/index.php?rest_route=\/wp\/v2\/types\/product"}],"replies":[{"embeddable":true,"href":"https:\/\/antamebike.com\/index.php?rest_route=%2Fwp%2Fv2%2Fcomments&post=2753"}],"wp:featuredmedia":[{"embeddable":true,"href":"https:\/\/antamebike.com\/index.php?rest_route=\/wp\/v2\/media\/2754"}],"wp:attachment":[{"href":"https:\/\/antamebike.com\/index.php?rest_route=%2Fwp%2Fv2%2Fmedia&parent=2753"}],"wp:term":[{"taxonomy":"product_cat","embeddable":true,"href":"https:\/\/antamebike.com\/index.php?rest_route=%2Fwp%2Fv2%2Fproduct_cat&post=2753"},{"taxonomy":"product_tag","embeddable":true,"href":"https:\/\/antamebike.com\/index.php?rest_route=%2Fwp%2Fv2%2Fproduct_tag&post=2753"}],"curies":[{"name":"wp","href":"https:\/\/api.w.org\/{rel}","templated":true}]}}