{"id":2795,"date":"2024-09-30T15:39:08","date_gmt":"2024-09-30T15:39:08","guid":{"rendered":"https:\/\/antamebike.com\/?post_type=product&#038;p=2795"},"modified":"2025-05-09T09:06:20","modified_gmt":"2025-05-09T09:06:20","slug":"xe-dap-dien-ouxi-h9-2024","status":"publish","type":"product","link":"https:\/\/antamebike.com\/?product=xe-dap-dien-ouxi-h9-2024","title":{"rendered":"Xe \u0111\u1ea1p \u0111i\u1ec7n OUXI H9 &#8211; 2025"},"content":{"rendered":"<h1><strong>Xe \u0111\u1ea1p tr\u1ee3 l\u1ef1c \u0111i\u1ec7n OUXI H9 &#8211; New 2025<\/strong><\/h1>\n\n<p><strong>OUXI H9<\/strong> l\u00e0 chi\u1ebfc xe \u0111\u1ea1p tr\u1ee3 l\u1ef1c \u0111i\u1ec7n kh\u00e1 \u0111\u01b0\u1ee3c \u01b0a chu\u1ed9ng \u1edf Ch\u00e2u \u00c2u trong th\u1eddi gian qua th\u00ec nay <strong>OUXI H9 2025<\/strong> v\u1edbi nh\u1eefng n\u00e2ng c\u1ea5p v\u00e0 ho\u00e0n thi\u1ec7n s\u1eafc n\u00e9t th\u00ec ch\u1eafc ch\u1eafn s\u1ebd l\u00e0m cho ng\u01b0\u1eddi d\u00f9ng s\u1ebd c\u00e0ng y\u00eau th\u00edch h\u01a1n n\u1eefa<\/p>\n<p><img loading=\"lazy\" decoding=\"async\" class=\"alignnone wp-image-2804 size-large\" src=\"https:\/\/antamebike.com\/wp-content\/uploads\/2024\/09\/Ouxi-H9-FB-2-1024x683.jpeg\" alt=\"\" width=\"1024\" height=\"683\" srcset=\"https:\/\/antamebike.com\/wp-content\/uploads\/2024\/09\/Ouxi-H9-FB-2-1024x683.jpeg 1024w, https:\/\/antamebike.com\/wp-content\/uploads\/2024\/09\/Ouxi-H9-FB-2-300x200.jpeg 300w, https:\/\/antamebike.com\/wp-content\/uploads\/2024\/09\/Ouxi-H9-FB-2-768x512.jpeg 768w, https:\/\/antamebike.com\/wp-content\/uploads\/2024\/09\/Ouxi-H9-FB-2-1536x1024.jpeg 1536w, https:\/\/antamebike.com\/wp-content\/uploads\/2024\/09\/Ouxi-H9-FB-2-2048x1365.jpeg 2048w, https:\/\/antamebike.com\/wp-content\/uploads\/2024\/09\/Ouxi-H9-FB-2-600x400.jpeg 600w\" sizes=\"auto, (max-width: 1024px) 100vw, 1024px\" \/><\/p>\n<h2><strong>OUXI H9 2025<\/strong><\/h2>\n<p><img loading=\"lazy\" decoding=\"async\" class=\"alignnone wp-image-2797 size-large\" src=\"https:\/\/antamebike.com\/wp-content\/uploads\/2024\/09\/DSC04324-Large-1024x1024.jpeg\" alt=\"\" width=\"1024\" height=\"1024\" srcset=\"https:\/\/antamebike.com\/wp-content\/uploads\/2024\/09\/DSC04324-Large-1024x1024.jpeg 1024w, https:\/\/antamebike.com\/wp-content\/uploads\/2024\/09\/DSC04324-Large-300x300.jpeg 300w, https:\/\/antamebike.com\/wp-content\/uploads\/2024\/09\/DSC04324-Large-150x150.jpeg 150w, https:\/\/antamebike.com\/wp-content\/uploads\/2024\/09\/DSC04324-Large-768x768.jpeg 768w, https:\/\/antamebike.com\/wp-content\/uploads\/2024\/09\/DSC04324-Large-600x600.jpeg 600w, https:\/\/antamebike.com\/wp-content\/uploads\/2024\/09\/DSC04324-Large-100x100.jpeg 100w, https:\/\/antamebike.com\/wp-content\/uploads\/2024\/09\/DSC04324-Large.jpeg 1280w\" sizes=\"auto, (max-width: 1024px) 100vw, 1024px\" \/><\/p>\n<h3><strong>Tay l\u00e1i Ghi-\u0111\u00f4ng ki\u1ec3u m\u1edbi<\/strong><\/h3>\n<p>Nh\u00ecn qua c\u00f3 th\u1ec3 th\u1ea5y ngay OUXI H9 thi\u1ebft k\u1ebf phong c\u00e1ch h\u01a1n h\u1eb5n v\u1edbi <strong>Tay l\u00e1i ghi \u0111\u00f4ng Ki\u1ec3u m\u1edbi<\/strong> cao h\u01a1n, \u0111\u1eb9p h\u01a1n v\u00e0 khi \u0111i\u1ec1u khi\u1ec3n xe c\u0169ng tho\u1ea3i m\u00e1i h\u01a1n.<\/p>\n<h3>Phanh D\u1ea7u Zoom cao c\u1ea5p<\/h3>\n<p>N\u00e2ng c\u1ea5p kh\u00e1 quan tr\u1ecdng cho 1 chi\u1ebfc xe tr\u1ee3 l\u1ef1c \u0111i\u1ec7n c\u00f3 \u0110\u1ed9ng c\u01a1 m\u1ea1nh v\u00e0 B\u00e1nh B\u00e9o. V\u1edbi Phanh D\u1ea7u Zoom s\u1ebd gi\u00fap ng\u01b0\u1eddi d\u00f9ng \u0111i\u1ec1u khi\u1ec3n Ouxi H9 tho\u1ea3i m\u00e1i v\u00e0 an to\u00e0n h\u01a1n r\u1ea5t nhi\u1ec1u.<\/p>\n<p><img loading=\"lazy\" decoding=\"async\" class=\"alignnone size-medium wp-image-2805\" src=\"https:\/\/antamebike.com\/wp-content\/uploads\/2024\/09\/Ouxi-H9-Phanh-dau-Large-300x300.jpeg\" alt=\"\" width=\"300\" height=\"300\" srcset=\"https:\/\/antamebike.com\/wp-content\/uploads\/2024\/09\/Ouxi-H9-Phanh-dau-Large-300x300.jpeg 300w, https:\/\/antamebike.com\/wp-content\/uploads\/2024\/09\/Ouxi-H9-Phanh-dau-Large-1024x1024.jpeg 1024w, https:\/\/antamebike.com\/wp-content\/uploads\/2024\/09\/Ouxi-H9-Phanh-dau-Large-150x150.jpeg 150w, https:\/\/antamebike.com\/wp-content\/uploads\/2024\/09\/Ouxi-H9-Phanh-dau-Large-768x768.jpeg 768w, https:\/\/antamebike.com\/wp-content\/uploads\/2024\/09\/Ouxi-H9-Phanh-dau-Large-600x600.jpeg 600w, https:\/\/antamebike.com\/wp-content\/uploads\/2024\/09\/Ouxi-H9-Phanh-dau-Large-100x100.jpeg 100w, https:\/\/antamebike.com\/wp-content\/uploads\/2024\/09\/Ouxi-H9-Phanh-dau-Large.jpeg 1280w\" sizes=\"auto, (max-width: 300px) 100vw, 300px\" \/><img loading=\"lazy\" decoding=\"async\" class=\"alignnone size-medium wp-image-2806\" src=\"https:\/\/antamebike.com\/wp-content\/uploads\/2024\/09\/Ouxi-H9-Phanh-dau-300x300.jpeg\" alt=\"\" width=\"300\" height=\"300\" srcset=\"https:\/\/antamebike.com\/wp-content\/uploads\/2024\/09\/Ouxi-H9-Phanh-dau-300x300.jpeg 300w, https:\/\/antamebike.com\/wp-content\/uploads\/2024\/09\/Ouxi-H9-Phanh-dau-1024x1024.jpeg 1024w, https:\/\/antamebike.com\/wp-content\/uploads\/2024\/09\/Ouxi-H9-Phanh-dau-150x150.jpeg 150w, https:\/\/antamebike.com\/wp-content\/uploads\/2024\/09\/Ouxi-H9-Phanh-dau-768x768.jpeg 768w, https:\/\/antamebike.com\/wp-content\/uploads\/2024\/09\/Ouxi-H9-Phanh-dau-1536x1536.jpeg 1536w, https:\/\/antamebike.com\/wp-content\/uploads\/2024\/09\/Ouxi-H9-Phanh-dau-2048x2048.jpeg 2048w, https:\/\/antamebike.com\/wp-content\/uploads\/2024\/09\/Ouxi-H9-Phanh-dau-600x600.jpeg 600w, https:\/\/antamebike.com\/wp-content\/uploads\/2024\/09\/Ouxi-H9-Phanh-dau-100x100.jpeg 100w\" sizes=\"auto, (max-width: 300px) 100vw, 300px\" \/><\/p>\n<h3>Baga tr\u01b0\u1edbc<\/h3>\n<p>V\u1edbi vi\u1ec7c trang b\u1ecb th\u00eam Baga tr\u01b0\u1edbc OUXI H9 nh\u00ecn r\u1ea5t th\u1eddi trang c\u1ed5 \u0111i\u1ec3n l\u1ecbch l\u00e3m v\u00e0 ti\u1ec7n d\u1ee5ng h\u01a1n trong qu\u00e1 tr\u00ecnh s\u1eed d\u1ee5ng.<\/p>\n<p><img loading=\"lazy\" decoding=\"async\" class=\"alignnone wp-image-2800 size-large\" src=\"https:\/\/antamebike.com\/wp-content\/uploads\/2024\/09\/Ouxi-H9-2-1024x1024.png\" alt=\"\" width=\"1024\" height=\"1024\" srcset=\"https:\/\/antamebike.com\/wp-content\/uploads\/2024\/09\/Ouxi-H9-2-1024x1024.png 1024w, https:\/\/antamebike.com\/wp-content\/uploads\/2024\/09\/Ouxi-H9-2-300x300.png 300w, https:\/\/antamebike.com\/wp-content\/uploads\/2024\/09\/Ouxi-H9-2-150x150.png 150w, https:\/\/antamebike.com\/wp-content\/uploads\/2024\/09\/Ouxi-H9-2-768x768.png 768w, https:\/\/antamebike.com\/wp-content\/uploads\/2024\/09\/Ouxi-H9-2-600x600.png 600w, https:\/\/antamebike.com\/wp-content\/uploads\/2024\/09\/Ouxi-H9-2-100x100.png 100w, https:\/\/antamebike.com\/wp-content\/uploads\/2024\/09\/Ouxi-H9-2.png 1080w\" sizes=\"auto, (max-width: 1024px) 100vw, 1024px\" \/><\/p>\n<h3>Ch\u1ed1ng tr\u1ed9m v\u00e0 t\u00ecm xe trong B\u00e3i<\/h3>\n<p>B\u1ea3n <strong>Ouxi H9 2025 <\/strong>l\u1ea7n n\u00e0y c\u0169ng trang b\u1ecb th\u00eam 1 t\u00ednh n\u0103ng r\u1ea5t c\u1ea7n thi\u1ebft v\u00e0 th\u1eddi th\u01b0\u1ee3ng l\u00e0 Ch\u00eca kho\u00e1 t\u1eeb ch\u1ed1ng tr\u1ed9m t\u1eeb xa v\u00e0 t\u00edch h\u1ee3p lu\u00f4n t\u00ednh n\u0103ng t\u00ecm xe trong b\u00e3i r\u1ea5t h\u1eefu d\u1ee5ng khi g\u1eedi xe \u1edf nh\u1eefng b\u00e3i l\u1edbn th\u00ec vi\u1ec7c t\u00ecm xe r\u1ea5t nhanh ch\u00f3ng v\u00e0 d\u1ec5 d\u00e0ng<\/p>\n<p><img loading=\"lazy\" decoding=\"async\" class=\"alignnone size-large wp-image-2807\" src=\"https:\/\/antamebike.com\/wp-content\/uploads\/2024\/09\/Ouxi-H9-chong-trom-1024x1024.jpeg\" alt=\"\" width=\"1024\" height=\"1024\" srcset=\"https:\/\/antamebike.com\/wp-content\/uploads\/2024\/09\/Ouxi-H9-chong-trom-1024x1024.jpeg 1024w, https:\/\/antamebike.com\/wp-content\/uploads\/2024\/09\/Ouxi-H9-chong-trom-300x300.jpeg 300w, https:\/\/antamebike.com\/wp-content\/uploads\/2024\/09\/Ouxi-H9-chong-trom-150x150.jpeg 150w, https:\/\/antamebike.com\/wp-content\/uploads\/2024\/09\/Ouxi-H9-chong-trom-768x768.jpeg 768w, https:\/\/antamebike.com\/wp-content\/uploads\/2024\/09\/Ouxi-H9-chong-trom-1536x1536.jpeg 1536w, https:\/\/antamebike.com\/wp-content\/uploads\/2024\/09\/Ouxi-H9-chong-trom-2048x2048.jpeg 2048w, https:\/\/antamebike.com\/wp-content\/uploads\/2024\/09\/Ouxi-H9-chong-trom-600x600.jpeg 600w, https:\/\/antamebike.com\/wp-content\/uploads\/2024\/09\/Ouxi-H9-chong-trom-100x100.jpeg 100w\" sizes=\"auto, (max-width: 1024px) 100vw, 1024px\" \/><\/p>\n<p>Ngo\u00e0i nh\u1eefng n\u00e2ng c\u1ea5p \u0111\u00e1ng gi\u00e1 OUXI H9 v\u1eabn ti\u1ebfp t\u1ee5c gi\u1eef l\u1ea1i nh\u1eefng \u01b0u \u0111i\u1ec3m \u0111\u00e1ng gi\u00e1 \u0111\u00e3 \u0111\u01b0\u1ee3c \u01b0a chu\u1ed9ng tr\u00ean b\u1ea3n tr\u01b0\u1edbc.<\/p>\n<h3>Trang b\u1ecb <strong>m\u00e0n h\u00ecnh M\u00e0u<\/strong>: to h\u01a1n, \u0111\u1eb9p h\u01a1n v\u00e0 d\u1ec5 quan s\u00e1t v\u1edbi \u00e1nh s\u00e1ng ngo\u00e0i tr\u1eddi<\/h3>\n<p><img loading=\"lazy\" decoding=\"async\" class=\"alignnone wp-image-2820 size-large\" src=\"https:\/\/antamebike.com\/wp-content\/uploads\/2024\/10\/Ouxi-V8-MH-Large-1024x682.jpeg\" alt=\"\" width=\"1024\" height=\"682\" srcset=\"https:\/\/antamebike.com\/wp-content\/uploads\/2024\/10\/Ouxi-V8-MH-Large-1024x682.jpeg 1024w, https:\/\/antamebike.com\/wp-content\/uploads\/2024\/10\/Ouxi-V8-MH-Large-300x200.jpeg 300w, https:\/\/antamebike.com\/wp-content\/uploads\/2024\/10\/Ouxi-V8-MH-Large-768x512.jpeg 768w, https:\/\/antamebike.com\/wp-content\/uploads\/2024\/10\/Ouxi-V8-MH-Large-600x400.jpeg 600w, https:\/\/antamebike.com\/wp-content\/uploads\/2024\/10\/Ouxi-V8-MH-Large.jpeg 1280w\" sizes=\"auto, (max-width: 1024px) 100vw, 1024px\" \/><\/p>\n<h3><strong>Phu\u1ed9t nh\u00fang gi\u1eefa<\/strong> gi\u00fap xe v\u1eadn h\u00e0nh y\u00eam h\u01a1n, nh\u1ea5t l\u00e0 qua nh\u1eefng cung \u0111\u01b0\u1eddng x\u1ea5u<\/h3>\n<p><img loading=\"lazy\" decoding=\"async\" class=\"alignnone wp-image-1876 size-full\" src=\"https:\/\/antamebike.com\/wp-content\/uploads\/2023\/06\/Ouxi-V8-pro-phuoc.jpeg\" alt=\"\" width=\"498\" height=\"610\" srcset=\"https:\/\/antamebike.com\/wp-content\/uploads\/2023\/06\/Ouxi-V8-pro-phuoc.jpeg 498w, https:\/\/antamebike.com\/wp-content\/uploads\/2023\/06\/Ouxi-V8-pro-phuoc-245x300.jpeg 245w\" sizes=\"auto, (max-width: 498px) 100vw, 498px\" \/><\/p>\n<p>&nbsp;<\/p>\n<h3><strong>\u0110\u1ed8NG C\u01a0 750W (Peak 1000w) cho v\u1eadn t\u1ed1c 50-55km\/h<\/strong><\/h3>\n<p><img loading=\"lazy\" decoding=\"async\" class=\"alignnone size-medium wp-image-1152\" src=\"https:\/\/antamebike.com\/wp-content\/uploads\/2022\/12\/OUXI-V8-750w-electric-bike-300x225.jpeg\" alt=\"\" width=\"300\" height=\"225\" srcset=\"https:\/\/antamebike.com\/wp-content\/uploads\/2022\/12\/OUXI-V8-750w-electric-bike-300x225.jpeg 300w, https:\/\/antamebike.com\/wp-content\/uploads\/2022\/12\/OUXI-V8-750w-electric-bike-768x576.jpeg 768w, https:\/\/antamebike.com\/wp-content\/uploads\/2022\/12\/OUXI-V8-750w-electric-bike-600x450.jpeg 600w, https:\/\/antamebike.com\/wp-content\/uploads\/2022\/12\/OUXI-V8-750w-electric-bike.jpeg 800w\" sizes=\"auto, (max-width: 300px) 100vw, 300px\" \/><img loading=\"lazy\" decoding=\"async\" class=\"alignnone size-medium wp-image-1153\" src=\"https:\/\/antamebike.com\/wp-content\/uploads\/2022\/12\/OUXI-V8-fat-bike-tires-300x225.jpeg\" alt=\"\" width=\"300\" height=\"225\" srcset=\"https:\/\/antamebike.com\/wp-content\/uploads\/2022\/12\/OUXI-V8-fat-bike-tires-300x225.jpeg 300w, https:\/\/antamebike.com\/wp-content\/uploads\/2022\/12\/OUXI-V8-fat-bike-tires-768x576.jpeg 768w, https:\/\/antamebike.com\/wp-content\/uploads\/2022\/12\/OUXI-V8-fat-bike-tires-600x450.jpeg 600w, https:\/\/antamebike.com\/wp-content\/uploads\/2022\/12\/OUXI-V8-fat-bike-tires.jpeg 800w\" sizes=\"auto, (max-width: 300px) 100vw, 300px\" \/><\/p>\n<h3><strong>Pin Litium 48V 15AH cho qu\u00e3ng \u0111\u01b0\u1eddng tr\u1ee3 l\u1ef1c \u0111i\u1ec7n \u0111\u1ebfn 80km<\/strong><\/h3>\n<p>K\u1ebft h\u1ee3p c\u00f9ng \u0110\u1ed9ng c\u01a1 750w v\u00e0 B\u00e1nh B\u00e9o 20&#215;4 inch gi\u00fap OUXI H9 \u0111i v\u00e0o c\u00e1c cung \u0111\u01b0\u1eddng \u0111\u00e8o d\u1ed1c hay \u0111\u1ecba h\u00ecnh x\u1ea5u v\u1eabn t\u0103ng t\u1ed1c r\u1ea5t nh\u1eb9 nh\u00e0ng.<\/p>\n<h3><strong>GI\u1ea2M SHOCK<\/strong><\/h3>\n<p><img loading=\"lazy\" decoding=\"async\" class=\"alignnone size-medium wp-image-1154\" src=\"https:\/\/antamebike.com\/wp-content\/uploads\/2022\/12\/OUXI-V8-dual-suspension-300x225.jpeg\" alt=\"\" width=\"300\" height=\"225\" srcset=\"https:\/\/antamebike.com\/wp-content\/uploads\/2022\/12\/OUXI-V8-dual-suspension-300x225.jpeg 300w, https:\/\/antamebike.com\/wp-content\/uploads\/2022\/12\/OUXI-V8-dual-suspension-768x576.jpeg 768w, https:\/\/antamebike.com\/wp-content\/uploads\/2022\/12\/OUXI-V8-dual-suspension-600x450.jpeg 600w, https:\/\/antamebike.com\/wp-content\/uploads\/2022\/12\/OUXI-V8-dual-suspension.jpeg 800w\" sizes=\"auto, (max-width: 300px) 100vw, 300px\" \/> <img loading=\"lazy\" decoding=\"async\" class=\"alignnone size-medium wp-image-1155\" src=\"https:\/\/antamebike.com\/wp-content\/uploads\/2022\/12\/removable-battery-ebike-300x225.jpeg\" alt=\"\" width=\"300\" height=\"225\" srcset=\"https:\/\/antamebike.com\/wp-content\/uploads\/2022\/12\/removable-battery-ebike-300x225.jpeg 300w, https:\/\/antamebike.com\/wp-content\/uploads\/2022\/12\/removable-battery-ebike-768x576.jpeg 768w, https:\/\/antamebike.com\/wp-content\/uploads\/2022\/12\/removable-battery-ebike-600x450.jpeg 600w, https:\/\/antamebike.com\/wp-content\/uploads\/2022\/12\/removable-battery-ebike.jpeg 800w\" sizes=\"auto, (max-width: 300px) 100vw, 300px\" \/><\/p>\n<p>OUXI H9 v\u1eabn \u0111\u01b0\u1ee3c trang b\u1ecb Phu\u1ed9t tr\u01b0\u1edbc cao c\u1ea5p n\u00ean d\u00f9 \u0111i \u0111\u1ecba h\u00ecnh x\u1ea5u v\u1eabn nh\u1eb9 nh\u00e0ng tho\u1ea3i m\u00e1i<\/p>\n<p>Pin c\u00f3 th\u1ec3 th\u00e1o s\u1ea1c r\u1eddi m\u1ecdi l\u00fac v\u00e0 ch\u1ee9c n\u0103ng s\u1ea1c USB ti\u1ec7n l\u1ee3i nh\u01b0 ngu\u1ed3n Pin d\u1ef1 ph\u00f2ng \u0111\u1ec3 s\u1ea1c c\u00e1c thi\u1ebft b\u1ecb \u0111i\u1ec7n t\u1eed nh\u01b0 \u0111i\u1ec7n tho\u1ea1i, m\u00e1y quay phim..<\/p>\n<h3>H\u1ec6 TH\u1ed0NG CHI\u1ebeU S\u00c1NG<\/h3>\n<p><img loading=\"lazy\" decoding=\"async\" class=\"alignnone wp-image-1156 size-full\" src=\"https:\/\/antamebike.com\/wp-content\/uploads\/2022\/12\/Ouxi-V8-head-light.jpeg\" alt=\"\" width=\"800\" height=\"840\" srcset=\"https:\/\/antamebike.com\/wp-content\/uploads\/2022\/12\/Ouxi-V8-head-light.jpeg 800w, https:\/\/antamebike.com\/wp-content\/uploads\/2022\/12\/Ouxi-V8-head-light-286x300.jpeg 286w, https:\/\/antamebike.com\/wp-content\/uploads\/2022\/12\/Ouxi-V8-head-light-768x806.jpeg 768w, https:\/\/antamebike.com\/wp-content\/uploads\/2022\/12\/Ouxi-V8-head-light-600x630.jpeg 600w\" sizes=\"auto, (max-width: 800px) 100vw, 800px\" \/><\/p>\n<p>V\u1edbi \u0111\u00e8n Led l\u1edbn kh\u00f4ng nh\u1eefng s\u00e1ng m\u1ea1nh v\u00e0o bu\u1ed5i t\u1ed1i m\u00e0 c\u00f2n r\u1ea5t phong c\u00e1ch v\u00e0 th\u1eddi trang<\/p>\n<h3>B\u1ed8 L\u00cdP CHUY\u1ec2N \u0110\u1ed8NG<\/h3>\n<p><img loading=\"lazy\" decoding=\"async\" class=\"alignnone size-medium wp-image-1159\" src=\"https:\/\/antamebike.com\/wp-content\/uploads\/2022\/12\/Shimano-speed-gear-300x225.jpeg\" alt=\"\" width=\"300\" height=\"225\" srcset=\"https:\/\/antamebike.com\/wp-content\/uploads\/2022\/12\/Shimano-speed-gear-300x225.jpeg 300w, https:\/\/antamebike.com\/wp-content\/uploads\/2022\/12\/Shimano-speed-gear-768x576.jpeg 768w, https:\/\/antamebike.com\/wp-content\/uploads\/2022\/12\/Shimano-speed-gear-600x450.jpeg 600w, https:\/\/antamebike.com\/wp-content\/uploads\/2022\/12\/Shimano-speed-gear.jpeg 800w\" sizes=\"auto, (max-width: 300px) 100vw, 300px\" \/> <img loading=\"lazy\" decoding=\"async\" class=\"alignnone size-medium wp-image-1160\" src=\"https:\/\/antamebike.com\/wp-content\/uploads\/2022\/12\/V8-Electric-Bike-1-300x225.jpeg\" alt=\"\" width=\"300\" height=\"225\" srcset=\"https:\/\/antamebike.com\/wp-content\/uploads\/2022\/12\/V8-Electric-Bike-1-300x225.jpeg 300w, https:\/\/antamebike.com\/wp-content\/uploads\/2022\/12\/V8-Electric-Bike-1-768x576.jpeg 768w, https:\/\/antamebike.com\/wp-content\/uploads\/2022\/12\/V8-Electric-Bike-1-600x450.jpeg 600w, https:\/\/antamebike.com\/wp-content\/uploads\/2022\/12\/V8-Electric-Bike-1.jpeg 800w\" sizes=\"auto, (max-width: 300px) 100vw, 300px\" \/><\/p>\n<p>OUXI H9 \u0111\u01b0\u1ee3c trang b\u1ecb b\u1ed9 L\u00edp chuy\u1ec3n \u0111\u1ed9ng Shimano 7 c\u1ea5p gi\u00fap chuy\u1ec3n \u0111\u1ed5i l\u1ef1c \u0111\u1ea1p v\u00e0 t\u1ed1c \u0111\u1ed9 tho\u00e1i m\u00e1i ph\u00f9 h\u1ee3p cho t\u1eebng cung \u0111\u01b0\u1eddng v\u00e0 l\u1ef1c \u0111\u1ea1p.<\/p>\n<p>\u0110\u1ed3ng th\u1eddi xe \u0111\u1ea1p tr\u1ee3 l\u1ef1c \u0111i\u1ec7n OUXI \u0111\u01b0\u1ee3c thi\u1ebft k\u1ebf d\u1ea1ng module n\u00ean l\u1eafp \u0111\u1eb7t, b\u1ea3o d\u01b0\u1ee1ng hay th\u00e1o l\u1eafp di chuy\u1ec3n kh\u00e1 d\u1ec5 d\u00e0ng.<\/p>\n<h3>T\u1ed4NG TH\u1ec2 C\u00c1C TRANG B\u1eca<\/h3>\n<p><img loading=\"lazy\" decoding=\"async\" class=\"alignnone wp-image-1878 size-full\" src=\"https:\/\/antamebike.com\/wp-content\/uploads\/2023\/06\/OUXI-V8.jpeg\" alt=\"\" width=\"800\" height=\"800\" srcset=\"https:\/\/antamebike.com\/wp-content\/uploads\/2023\/06\/OUXI-V8.jpeg 800w, https:\/\/antamebike.com\/wp-content\/uploads\/2023\/06\/OUXI-V8-300x300.jpeg 300w, https:\/\/antamebike.com\/wp-content\/uploads\/2023\/06\/OUXI-V8-150x150.jpeg 150w, https:\/\/antamebike.com\/wp-content\/uploads\/2023\/06\/OUXI-V8-768x768.jpeg 768w, https:\/\/antamebike.com\/wp-content\/uploads\/2023\/06\/OUXI-V8-600x600.jpeg 600w, https:\/\/antamebike.com\/wp-content\/uploads\/2023\/06\/OUXI-V8-100x100.jpeg 100w\" sizes=\"auto, (max-width: 800px) 100vw, 800px\" \/><\/p>\n<p>V\u1edbi gi\u00e1 Khuy\u1ebfn m\u00e3i hi\u1ec7n nay t\u1ea1i An T\u00e2m Ebike ch\u1ec9 19.x tr c\u00f9ng v\u1edbi c\u00e1c b\u1ecb nh\u01b0 tr\u00ean th\u00ec c\u00f3 th\u1ec3 n\u00f3i <strong>OUXI H9<\/strong>\u00a0l\u00e0 chi\u1ebfc xe \u0111\u1ea1p \u0111i\u1ec7n Phong c\u00e1ch m\u00f4 t\u00f4 c\u1ed5 \u0111i\u1ec3n r\u1ea5t \u0111\u00e1ng gi\u00e1 nh\u1ea5t hi\u1ec7n nay n\u1ebfu so v\u1edbi \u0111\u1ed1i th\u1ee7 c\u00f9ng ph\u00e2n kh\u00fac l\u00e0 <strong>Engwe M20 hay Vinfast DrgnFly.<\/strong><\/p>\n<p><img loading=\"lazy\" decoding=\"async\" class=\"alignnone wp-image-2803 size-large\" src=\"https:\/\/antamebike.com\/wp-content\/uploads\/2024\/09\/Ouxi-H9-6-1024x1024.jpeg\" alt=\"\" width=\"1024\" height=\"1024\" srcset=\"https:\/\/antamebike.com\/wp-content\/uploads\/2024\/09\/Ouxi-H9-6-1024x1024.jpeg 1024w, https:\/\/antamebike.com\/wp-content\/uploads\/2024\/09\/Ouxi-H9-6-300x300.jpeg 300w, https:\/\/antamebike.com\/wp-content\/uploads\/2024\/09\/Ouxi-H9-6-150x150.jpeg 150w, https:\/\/antamebike.com\/wp-content\/uploads\/2024\/09\/Ouxi-H9-6-768x768.jpeg 768w, https:\/\/antamebike.com\/wp-content\/uploads\/2024\/09\/Ouxi-H9-6-1536x1536.jpeg 1536w, https:\/\/antamebike.com\/wp-content\/uploads\/2024\/09\/Ouxi-H9-6-2048x2048.jpeg 2048w, https:\/\/antamebike.com\/wp-content\/uploads\/2024\/09\/Ouxi-H9-6-600x600.jpeg 600w, https:\/\/antamebike.com\/wp-content\/uploads\/2024\/09\/Ouxi-H9-6-100x100.jpeg 100w\" sizes=\"auto, (max-width: 1024px) 100vw, 1024px\" \/><\/p>\n<p>antamebike.com<\/p>\n<p>&nbsp;<\/p>\n","protected":false},"excerpt":{"rendered":"<p><strong>OUXI H9 2024<\/strong> chi\u1ebfc xe kh\u00e1 \u0111\u01b0\u1ee3c \u01b0a chu\u1ed9ng \u01a1 Ch\u00e2u \u00c2u<\/p>\n<ul>\n<li>\u0110\u1ed9ng c\u01a1 \u0111i\u1ec7n m\u1ea1nh m\u1ebd 750w (peak 1000w) cho <strong>v\u1eadn t\u1ed1c 50km\/h<\/strong><\/li>\n<li><strong>Pin 48V 15Ah<\/strong> cho qu\u00e3ng \u0111\u01b0\u1eddng tr\u1ee3 l\u1ef1c \u0111i\u1ec7n 80km<\/li>\n<li>Phu\u1ed9t nh\u00fang tr\u01b0\u1edbc v\u00e0 Gi\u1eefa cao c\u1ea5p, c\u00f9ng N\u1ec7m y\u00ean y\u00eam \u00e1i cho m\u1ecdi cung \u0111\u01b0\u1eddng<\/li>\n<li><strong>Phanh D\u1ea7u Zoom<\/strong> cho tr\u1ea3i nghi\u1ec7m an to\u00e0n h\u01a1n<\/li>\n<li>Baga tr\u01b0\u1edbc ti\u1ec7n d\u1ee5ng v\u00e0 th\u1eddi trang.<\/li>\n<li>Kho\u00e1 ch\u1ed1ng tr\u1ed9m v\u00e0 t\u00ecm xe trong b\u00e3i.<\/li>\n<li>5 ch\u1ebf \u0111\u1ed9 ch\u1ea1y \u0111i\u1ec7n<\/li>\n<li>B\u1ed9 L\u00edp shimano 7 c\u1ea5p<\/li>\n<li>B\u00e1nh B\u00e9o 20 x 4 inch<\/li>\n<\/ul>\n","protected":false},"featured_media":2835,"comment_status":"open","ping_status":"closed","template":"","meta":{"site-sidebar-layout":"default","site-content-layout":"default","ast-site-content-layout":"default","site-content-style":"default","site-sidebar-style":"default","ast-global-header-display":"","ast-banner-title-visibility":"","ast-main-header-display":"","ast-hfb-above-header-display":"","ast-hfb-below-header-display":"","ast-hfb-mobile-header-display":"","site-post-title":"","ast-breadcrumbs-content":"","ast-featured-img":"","footer-sml-layout":"","theme-transparent-header-meta":"default","adv-header-id-meta":"","stick-header-meta":"","header-above-stick-meta":"","header-main-stick-meta":"","header-below-stick-meta":"","astra-migrate-meta-layouts":"set","ast-page-background-enabled":"default","ast-page-background-meta":{"desktop":{"background-color":"var(--ast-global-color-4)","background-image":"","background-repeat":"repeat","background-position":"center center","background-size":"auto","background-attachment":"scroll","background-type":"","background-media":"","overlay-type":"","overlay-color":"","overlay-gradient":""},"tablet":{"background-color":"","background-image":"","background-repeat":"repeat","background-position":"center center","background-size":"auto","background-attachment":"scroll","background-type":"","background-media":"","overlay-type":"","overlay-color":"","overlay-gradient":""},"mobile":{"background-color":"","background-image":"","background-repeat":"repeat","background-position":"center center","background-size":"auto","background-attachment":"scroll","background-type":"","background-media":"","overlay-type":"","overlay-color":"","overlay-gradient":""}},"ast-content-background-meta":{"desktop":{"background-color":"var(--ast-global-color-5)","background-image":"","background-repeat":"repeat","background-position":"center center","background-size":"auto","background-attachment":"scroll","background-type":"","background-media":"","overlay-type":"","overlay-color":"","overlay-gradient":""},"tablet":{"background-color":"var(--ast-global-color-5)","background-image":"","background-repeat":"repeat","background-position":"center center","background-size":"auto","background-attachment":"scroll","background-type":"","background-media":"","overlay-type":"","overlay-color":"","overlay-gradient":""},"mobile":{"background-color":"var(--ast-global-color-5)","background-image":"","background-repeat":"repeat","background-position":"center center","background-size":"auto","background-attachment":"scroll","background-type":"","background-media":"","overlay-type":"","overlay-color":"","overlay-gradient":""}}},"product_cat":[49,92,153,191],"product_tag":[244],"class_list":{"0":"post-2795","1":"product","2":"type-product","3":"status-publish","4":"has-post-thumbnail","6":"product_cat-san-pham-hot","7":"product_cat-xe-dap-banh-beo","8":"product_cat-xe-dap-dien-ouxi","9":"product_cat-xe-dap-dien-phong-cach","10":"product_tag-ouxi-h9","11":"desktop-align-left","12":"tablet-align-left","13":"mobile-align-left","14":"ast-product-gallery-layout-horizontal-slider","15":"ast-product-tabs-layout-horizontal","17":"first","18":"instock","19":"sale","20":"shipping-taxable","21":"purchasable","22":"product-type-simple"},"_links":{"self":[{"href":"https:\/\/antamebike.com\/index.php?rest_route=\/wp\/v2\/product\/2795","targetHints":{"allow":["GET"]}}],"collection":[{"href":"https:\/\/antamebike.com\/index.php?rest_route=\/wp\/v2\/product"}],"about":[{"href":"https:\/\/antamebike.com\/index.php?rest_route=\/wp\/v2\/types\/product"}],"replies":[{"embeddable":true,"href":"https:\/\/antamebike.com\/index.php?rest_route=%2Fwp%2Fv2%2Fcomments&post=2795"}],"wp:featuredmedia":[{"embeddable":true,"href":"https:\/\/antamebike.com\/index.php?rest_route=\/wp\/v2\/media\/2835"}],"wp:attachment":[{"href":"https:\/\/antamebike.com\/index.php?rest_route=%2Fwp%2Fv2%2Fmedia&parent=2795"}],"wp:term":[{"taxonomy":"product_cat","embeddable":true,"href":"https:\/\/antamebike.com\/index.php?rest_route=%2Fwp%2Fv2%2Fproduct_cat&post=2795"},{"taxonomy":"product_tag","embeddable":true,"href":"https:\/\/antamebike.com\/index.php?rest_route=%2Fwp%2Fv2%2Fproduct_tag&post=2795"}],"curies":[{"name":"wp","href":"https:\/\/api.w.org\/{rel}","templated":true}]}}