{"id":2955,"date":"2025-04-05T14:41:13","date_gmt":"2025-04-05T14:41:13","guid":{"rendered":"https:\/\/antamebike.com\/?post_type=product&#038;p=2955"},"modified":"2025-10-20T03:09:58","modified_gmt":"2025-10-20T03:09:58","slug":"twitter-e5-pro","status":"publish","type":"product","link":"https:\/\/antamebike.com\/?product=twitter-e5-pro","title":{"rendered":"Twitter E5 Pro"},"content":{"rendered":"<h2><strong>TWITTER E5 PRO &#8211; Chi\u1ebfc Tr\u1ee3 l\u1ef1c \u0111i\u1ec7n c\u00f3 G\u00eda \u1ed5n \u00e1p c\u1ee7a Twitter<\/strong><\/h2>\n<p>Xe \u0111\u1ea1p Twitter th\u01b0\u01a1ng hi\u1ec7u \u0111\u00e3 qu\u00e1 ph\u1ed5 bi\u1ebfn v\u1edbi ng\u01b0\u1eddi d\u00f9ng xe \u0111\u1ea1p c\u01a1 r\u1ed3i<\/p>\n<p>V\u1edbi<strong> Twitter E300 Pro<\/strong> c\u0169ng \u0111\u00e3 \u0111\u01b0\u1ee3c \u01b0a chu\u1ed9ng kh\u00e1 nhi\u1ec1u trong th\u01a1i gian qua. Tuy nhi\u00ean E300 Pro c\u0169ng c\u00f3 m\u1ee9c gi\u00e1 c\u00f3 th\u1ec3 kh\u00f3 ti\u1ebfp c\u1eadn v\u1edbi ng\u01b0\u1eddi m\u1edbi ch\u01a1i Tr\u1ee3 l\u1ef1c \u0111i\u1ec7n<\/p>\n<p>Nay Twitter ti\u1ebfp t\u1ee5c ra \u0111\u1eddi <strong>E5 Pro<\/strong> v\u1edbi c\u1ea5u h\u00ecnh kh\u00e1 ngon m\u00e0 Gi\u00e1 c\u0169ng t\u01b0\u01a1ng \u0111\u1ed1i d\u1ec5 ti\u1ebfp c\u1eadn h\u01a1n so v\u1edbi E300 Pro<\/p>\n<p><img loading=\"lazy\" decoding=\"async\" class=\"alignnone wp-image-3017 size-large\" src=\"https:\/\/antamebike.com\/wp-content\/uploads\/2025\/04\/Twitter-E5-Pro-T6-1024x1024.jpeg\" alt=\"\" width=\"1024\" height=\"1024\" srcset=\"https:\/\/antamebike.com\/wp-content\/uploads\/2025\/04\/Twitter-E5-Pro-T6-1024x1024.jpeg 1024w, https:\/\/antamebike.com\/wp-content\/uploads\/2025\/04\/Twitter-E5-Pro-T6-300x300.jpeg 300w, https:\/\/antamebike.com\/wp-content\/uploads\/2025\/04\/Twitter-E5-Pro-T6-150x150.jpeg 150w, https:\/\/antamebike.com\/wp-content\/uploads\/2025\/04\/Twitter-E5-Pro-T6-768x768.jpeg 768w, https:\/\/antamebike.com\/wp-content\/uploads\/2025\/04\/Twitter-E5-Pro-T6-600x600.jpeg 600w, https:\/\/antamebike.com\/wp-content\/uploads\/2025\/04\/Twitter-E5-Pro-T6-100x100.jpeg 100w, https:\/\/antamebike.com\/wp-content\/uploads\/2025\/04\/Twitter-E5-Pro-T6.jpeg 1080w\" sizes=\"auto, (max-width: 1024px) 100vw, 1024px\" \/><\/p>\n<h3><\/h3>\n<h3>V\u1edbi E5 Pro ch\u00fang ta s\u1ebd \u0111\u01b0\u1ee3c trang b\u1ecb nh\u01b0 th\u1ebf n\u00e0o?<\/h3>\n<p>M\u1eb7c d\u00f9 l\u00e0 v\u1edbi m\u1ee9c G\u00eda kh\u00e1 t\u1ed1t nh\u01b0ng Twitter c\u0169ng \u0111\u00e3 trang b\u1ecb cho E5 Pro 1 c\u1ea5u h\u00ecnh kh\u00e1 x\u1ecbn, h\u01a1n h\u1eb5n nh\u1eefng \u0111\u1ed1i th\u1ee7 trong c\u00f9ng ph\u00e2n kh\u00fac.<\/p>\n\n<div dir=\"auto\">\n<h3><\/h3>\n<h3 id=\"mcetoc_1gd28fvit5\"><strong>Pin Lithium c\u00f3 th\u1ec3 th\u00e1o r\u1eddi d\u1ec5 d\u00e0ng<\/strong><\/h3>\n<\/div>\n<div dir=\"auto\">V\u1edbi vi\u00ean <strong>Pin Litium 36V 10Ah<\/strong>\u00a0s\u1ebd gi\u00fap cho <strong>Twitter E5 Pro<\/strong> tr\u1ee3 l\u1ef1c \u0111i\u1ec7n qu\u00e3ng \u0111\u01b0\u1eddng l\u00ean \u0111\u1ebfn 80Km cho 1 l\u1ea7n s\u1ea1c. V\u1edbi dung l\u01b0\u1ee3ng n\u00e0y, vi\u1ec7c \u0111i l\u1ea1i h\u00e0ng ng\u00e0y l\u00e0 qu\u00e1 tho\u1ea3i m\u00e1i v\u1edbi E5 Pro.<\/div>\n<div dir=\"auto\"><img loading=\"lazy\" decoding=\"async\" class=\"alignnone wp-image-2957 size-large\" src=\"https:\/\/antamebike.com\/wp-content\/uploads\/2025\/04\/Twittter-E5-pro-T41-1024x1024.png\" alt=\"\" width=\"1024\" height=\"1024\" srcset=\"https:\/\/antamebike.com\/wp-content\/uploads\/2025\/04\/Twittter-E5-pro-T41-1024x1024.png 1024w, https:\/\/antamebike.com\/wp-content\/uploads\/2025\/04\/Twittter-E5-pro-T41-300x300.png 300w, https:\/\/antamebike.com\/wp-content\/uploads\/2025\/04\/Twittter-E5-pro-T41-150x150.png 150w, https:\/\/antamebike.com\/wp-content\/uploads\/2025\/04\/Twittter-E5-pro-T41-768x768.png 768w, https:\/\/antamebike.com\/wp-content\/uploads\/2025\/04\/Twittter-E5-pro-T41-600x600.png 600w, https:\/\/antamebike.com\/wp-content\/uploads\/2025\/04\/Twittter-E5-pro-T41-100x100.png 100w, https:\/\/antamebike.com\/wp-content\/uploads\/2025\/04\/Twittter-E5-pro-T41.png 1080w\" sizes=\"auto, (max-width: 1024px) 100vw, 1024px\" \/><\/div>\n<div dir=\"auto\"><\/div>\n<div dir=\"auto\">\u0110\u1ed3ng th\u1eddi Pin Lithium-ion c\u1ee7a xe \u0111\u1ea1p \u0111i\u1ec7n Twitter c\u00f3 c\u00e1c ch\u1ee9c n\u0103ng b\u1ea3o v\u1ec7 qu\u00e1 t\u1ea3i, qu\u00e1 d\u00f2ng v\u00e0 ch\u1ed1ng \u0111o\u1ea3n m\u1ea1ch.<\/div>\n<div dir=\"auto\"><\/div>\n<div dir=\"auto\">\n<div class=\"nectar-highlighted-text\" data-style=\"full_text\" data-exp=\"default\" data-using-custom-color=\"false\" data-animation-delay=\"false\" data-color=\"\" data-color-gradient=\"\">\n<h3 id=\"mcetoc_1gd28fkc74\"><strong>\u0110\u1ed9ng c\u01a1 kh\u00f4ng ch\u1ed5i than 350W<\/strong><\/h3>\n<\/div>\n<div class=\"wpb_text_column wpb_content_element \">\n<div class=\"wpb_wrapper\">\n<p>Twitter trang b\u1ecb chung cho E5 Pro \u0111\u1ed9ng c\u01a1 kh\u00f4ng ch\u1ed5i than 350w v\u1edbi momen xo\u1eafn l\u00ean \u0111\u1ebfn 50Nm<\/p>\n<p><img loading=\"lazy\" decoding=\"async\" class=\"alignnone size-medium wp-image-2373\" src=\"https:\/\/antamebike.com\/wp-content\/uploads\/2024\/03\/E300-Pro-motor-2-300x300.jpeg\" alt=\"\" width=\"300\" height=\"300\" srcset=\"https:\/\/antamebike.com\/wp-content\/uploads\/2024\/03\/E300-Pro-motor-2-300x300.jpeg 300w, https:\/\/antamebike.com\/wp-content\/uploads\/2024\/03\/E300-Pro-motor-2-1024x1024.jpeg 1024w, https:\/\/antamebike.com\/wp-content\/uploads\/2024\/03\/E300-Pro-motor-2-150x150.jpeg 150w, https:\/\/antamebike.com\/wp-content\/uploads\/2024\/03\/E300-Pro-motor-2-768x768.jpeg 768w, https:\/\/antamebike.com\/wp-content\/uploads\/2024\/03\/E300-Pro-motor-2-600x600.jpeg 600w, https:\/\/antamebike.com\/wp-content\/uploads\/2024\/03\/E300-Pro-motor-2-100x100.jpeg 100w, https:\/\/antamebike.com\/wp-content\/uploads\/2024\/03\/E300-Pro-motor-2.jpeg 1200w\" sizes=\"auto, (max-width: 300px) 100vw, 300px\" \/><\/p>\n<p>V\u1edbi c\u00f4ng su\u1ea5t 350w (Peak 500w) c\u00f9ng B\u1ed9 \u0111i\u1ec1u khi\u1ec3n th\u00f4ng minh cao c\u1ea5p \u0111\u01b0\u1ee3c trang b\u1ecb k\u00e8m, <strong>E5 Pro<\/strong> cho v\u1eadn t\u1ed1c \u0111i\u1ec7n c\u00f3 kh\u1ea3 n\u0103ng l\u00ean 45km\/h kh\u00e1 tho\u00e1i m\u00e1i.<\/p>\n<p>\u0110\u1ed1i v\u1edbi m\u1ed9t chi\u1ebfc xe tr\u1ee3 l\u1ef1c \u0111i\u1ec7n th\u00ec <em><strong>v\u1eadn t\u1ed1c 45km\/h<\/strong><\/em> l\u00e0 qu\u00e1 d\u01b0 d\u1ea3 v\u1ec1 t\u1ed1c \u0111\u1ed9, K\u1ebft h\u1ee3p c\u00f9ng v\u1edbi vi\u00ean Pin Litium 36V 10Ah c\u00f4ng su\u1ea5t c\u1ef1c kh\u1ecfe th\u00ec c\u00f3 th\u1ec3 \u0111\u01b0a b\u1ea1n \u0111i xa h\u01a1n v\u00e0 chinh ph\u1ee5c nhi\u1ec1u \u0111i\u1ec1u ki\u1ec7n \u0111\u01b0\u1eddng x\u00e1 kh\u00e1c nhau h\u01a1n.<\/p>\n<\/div>\n<\/div>\n<\/div>\n<div dir=\"auto\">\n<div dir=\"auto\">\n<h3><\/h3>\n<h3 id=\"mcetoc_1gd28fvit5\">B\u1ed9 Groupset cao c\u1ea5p Retrospec 8 c\u1ea5p<\/h3>\n<\/div>\n<div dir=\"auto\">Twitter th\u00ec \u0111\u00e3 qu\u00e1 n\u1ed5i ti\u1ebfng v\u1edbi c\u00e1c d\u00f2ng xe \u0111\u1ea1p c\u01a1 n\u00ean <strong>E5 Pro<\/strong> \u0111\u01b0\u1ee3c trang b\u1ecb b\u1ed9 Groupset x\u1ecbn x\u00f2 l\u00e0 kh\u00f4ng c\u00f3 g\u00ec b\u1ea5t ng\u1edd<\/div>\n<div dir=\"auto\">V\u1edbi b\u1ed9 Groupset Shimano 8 c\u1ea5p gi\u00fap c\u00e1c Biker tho\u1ea3 s\u1ee9c \u0111\u1ea1p cho m\u1ecdi cung \u0111\u01b0\u1eddng.<\/div>\n<div dir=\"auto\"><img loading=\"lazy\" decoding=\"async\" class=\"alignnone wp-image-2958 size-large\" src=\"https:\/\/antamebike.com\/wp-content\/uploads\/2025\/04\/TWITTER-5-PRO-2-1024x1024.png\" alt=\"\" width=\"1024\" height=\"1024\" srcset=\"https:\/\/antamebike.com\/wp-content\/uploads\/2025\/04\/TWITTER-5-PRO-2-1024x1024.png 1024w, https:\/\/antamebike.com\/wp-content\/uploads\/2025\/04\/TWITTER-5-PRO-2-300x300.png 300w, https:\/\/antamebike.com\/wp-content\/uploads\/2025\/04\/TWITTER-5-PRO-2-150x150.png 150w, https:\/\/antamebike.com\/wp-content\/uploads\/2025\/04\/TWITTER-5-PRO-2-768x768.png 768w, https:\/\/antamebike.com\/wp-content\/uploads\/2025\/04\/TWITTER-5-PRO-2-600x600.png 600w, https:\/\/antamebike.com\/wp-content\/uploads\/2025\/04\/TWITTER-5-PRO-2-100x100.png 100w, https:\/\/antamebike.com\/wp-content\/uploads\/2025\/04\/TWITTER-5-PRO-2.png 1080w\" sizes=\"auto, (max-width: 1024px) 100vw, 1024px\" \/><\/div>\n<\/div>\n<div dir=\"auto\"><\/div>\n<div dir=\"auto\">\n<div dir=\"auto\">\n<h3 id=\"mcetoc_1gd28fvit5\">Phanh \u0111\u0129a thu\u1ef7 l\u1ef1c Retrospec<\/h3>\n<\/div>\n<div dir=\"auto\">Vi\u1ec7c \u0111\u01b0\u1ee3c trang b\u1ecb Phanh D\u1ea7u, \u0111\u00e3 gi\u00fap tr\u1ea3i nghi\u1ec7m E5 Pro \u0111\u01b0\u1ee3c an to\u00e0n h\u01a1n h\u1eb5n tr\u00ean m\u1ecdi cung \u0111\u01b0\u1eddng, \u0111\u1ed3ng th\u1eddi so v\u1edbi c\u00e1c xe \u0111\u1ea1p tr\u1ee3 l\u1ef1c \u0111i\u1ec7n c\u00f9ng t\u1ea7m gi\u00e1 tr\u00ean th\u1ecb tr\u01b0\u1eddng th\u00ec \u0111\u00e2y l\u00e0 1 trang b\u1ecb r\u1ea5t \u0111\u00e1ng gi\u00e1.<\/div>\n<div dir=\"auto\"><img loading=\"lazy\" decoding=\"async\" class=\"alignnone wp-image-2959 size-large\" src=\"https:\/\/antamebike.com\/wp-content\/uploads\/2025\/04\/TWITTER-5-PRO-3-1024x1024.png\" alt=\"\" width=\"1024\" height=\"1024\" srcset=\"https:\/\/antamebike.com\/wp-content\/uploads\/2025\/04\/TWITTER-5-PRO-3-1024x1024.png 1024w, https:\/\/antamebike.com\/wp-content\/uploads\/2025\/04\/TWITTER-5-PRO-3-300x300.png 300w, https:\/\/antamebike.com\/wp-content\/uploads\/2025\/04\/TWITTER-5-PRO-3-150x150.png 150w, https:\/\/antamebike.com\/wp-content\/uploads\/2025\/04\/TWITTER-5-PRO-3-768x768.png 768w, https:\/\/antamebike.com\/wp-content\/uploads\/2025\/04\/TWITTER-5-PRO-3-600x600.png 600w, https:\/\/antamebike.com\/wp-content\/uploads\/2025\/04\/TWITTER-5-PRO-3-100x100.png 100w, https:\/\/antamebike.com\/wp-content\/uploads\/2025\/04\/TWITTER-5-PRO-3.png 1080w\" sizes=\"auto, (max-width: 1024px) 100vw, 1024px\" \/><\/div>\n<div dir=\"auto\"><\/div>\n<div dir=\"auto\">\n<h3 id=\"mcetoc_1gd28fkc74\">Phu\u1ed9t gi\u1ea3m shock Twitter cao c\u1ea5p<\/h3>\n<p>M\u1ed9t chi\u1ebfc MTB th\u00ec kh\u00f4ng th\u1ec3 thi\u1ebfu Phu\u1ed9c gi\u1ea3m shock l\u00e0 \u0111i\u1ec1u hi\u1ec3n nhi\u00ean.<\/p>\n<p><img loading=\"lazy\" decoding=\"async\" class=\"alignnone size-medium wp-image-2375\" src=\"https:\/\/antamebike.com\/wp-content\/uploads\/2024\/03\/Phuoc-300x300.jpg\" alt=\"\" width=\"300\" height=\"300\" srcset=\"https:\/\/antamebike.com\/wp-content\/uploads\/2024\/03\/Phuoc-300x300.jpg 300w, https:\/\/antamebike.com\/wp-content\/uploads\/2024\/03\/Phuoc-150x150.jpg 150w, https:\/\/antamebike.com\/wp-content\/uploads\/2024\/03\/Phuoc-768x768.jpg 768w, https:\/\/antamebike.com\/wp-content\/uploads\/2024\/03\/Phuoc-600x600.jpg 600w, https:\/\/antamebike.com\/wp-content\/uploads\/2024\/03\/Phuoc-100x100.jpg 100w, https:\/\/antamebike.com\/wp-content\/uploads\/2024\/03\/Phuoc.jpg 1000w\" sizes=\"auto, (max-width: 300px) 100vw, 300px\" \/> <img loading=\"lazy\" decoding=\"async\" class=\"alignnone size-medium wp-image-2376\" src=\"https:\/\/antamebike.com\/wp-content\/uploads\/2024\/03\/Phuoc-khoa-300x300.jpg\" alt=\"\" width=\"300\" height=\"300\" srcset=\"https:\/\/antamebike.com\/wp-content\/uploads\/2024\/03\/Phuoc-khoa-300x300.jpg 300w, https:\/\/antamebike.com\/wp-content\/uploads\/2024\/03\/Phuoc-khoa-150x150.jpg 150w, https:\/\/antamebike.com\/wp-content\/uploads\/2024\/03\/Phuoc-khoa-768x768.jpg 768w, https:\/\/antamebike.com\/wp-content\/uploads\/2024\/03\/Phuoc-khoa-600x600.jpg 600w, https:\/\/antamebike.com\/wp-content\/uploads\/2024\/03\/Phuoc-khoa-100x100.jpg 100w, https:\/\/antamebike.com\/wp-content\/uploads\/2024\/03\/Phuoc-khoa.jpg 1000w\" sizes=\"auto, (max-width: 300px) 100vw, 300px\" \/><\/p>\n<p><img loading=\"lazy\" decoding=\"async\" class=\"alignnone wp-image-2960 size-large\" src=\"https:\/\/antamebike.com\/wp-content\/uploads\/2025\/04\/TWITTER-5-PRO-4-1024x1024.png\" alt=\"\" width=\"1024\" height=\"1024\" srcset=\"https:\/\/antamebike.com\/wp-content\/uploads\/2025\/04\/TWITTER-5-PRO-4-1024x1024.png 1024w, https:\/\/antamebike.com\/wp-content\/uploads\/2025\/04\/TWITTER-5-PRO-4-300x300.png 300w, https:\/\/antamebike.com\/wp-content\/uploads\/2025\/04\/TWITTER-5-PRO-4-150x150.png 150w, https:\/\/antamebike.com\/wp-content\/uploads\/2025\/04\/TWITTER-5-PRO-4-768x768.png 768w, https:\/\/antamebike.com\/wp-content\/uploads\/2025\/04\/TWITTER-5-PRO-4-600x600.png 600w, https:\/\/antamebike.com\/wp-content\/uploads\/2025\/04\/TWITTER-5-PRO-4-100x100.png 100w, https:\/\/antamebike.com\/wp-content\/uploads\/2025\/04\/TWITTER-5-PRO-4.png 1080w\" sizes=\"auto, (max-width: 1024px) 100vw, 1024px\" \/><\/p>\n<p><strong>Twitter<\/strong> v\u00ec th\u1ebf c\u0169ng \u0111\u00e3 trang b\u1ecb cho <strong>E5 Pro<\/strong> 1 c\u1eb7p Phu\u1ed9c kh\u00e1 x\u1ecbn x\u00f2 v\u1edbi kh\u1ea3 n\u0103ng c\u00f3 th\u1ec3 Kho\u00e1\/m\u1edf, \u0111i\u1ec1u ch\u1ec9nh v\u00e0 tinh ch\u1ec9nh tu\u1ef3 v\u00e0o t\u1eebng \u0111\u1ecba h\u00ecnh s\u1eed d\u1ee5ng<\/p>\n<p>\u0110\u00e2y l\u00e0 trang b\u1ecb kh\u00e1 \u01b0u th\u1ebf so v\u1edbi c\u00e1c chi\u1ebfc xe kh\u00e1c trong c\u00f9ng ph\u00e2n kh\u00fac do \u0111a s\u1ed1 ch\u1ec9 trang b\u1ecb Phu\u1ed9t l\u00f2 xo ho\u1eb7c phu\u1ed9c d\u1ea7u lo\u1ea1i ch\u1ea5t l\u01b0\u1ee3ng k\u00e9m h\u01a1n.<\/p>\n<\/div>\n<\/div>\n<div class=\"xdj266r x11i5rnm xat24cr x1mh8g0r x1vvkbs x126k92a\">\n<h3 dir=\"auto\"><span class=\"x3nfvp2 x1j61x8r x1fcty0u xdj266r xhhsvwb xat24cr xgzva0m xxymvpz xlup9mm x1kky2od\"><img loading=\"lazy\" decoding=\"async\" class=\"xz74otr\" src=\"https:\/\/static.xx.fbcdn.net\/images\/emoji.php\/v9\/t69\/1\/16\/1f331.png\" alt=\"\ud83c\udf31\" width=\"16\" height=\"16\" \/><\/span> M\u00e0n h\u00ecnh LCD hi\u1ec7n th\u1ecb s\u1eafc n\u00e9t v\u1edbi \u00e1nh s\u00e1ng m\u1ea1nh<\/h3>\n<p>&nbsp;<\/p>\n<\/div>\n<div class=\"x11i5rnm xat24cr x1mh8g0r x1vvkbs xtlvy1s x126k92a\"><img loading=\"lazy\" decoding=\"async\" class=\"alignnone wp-image-2962 size-medium\" src=\"https:\/\/antamebike.com\/wp-content\/uploads\/2025\/04\/Hfb0bd33baee54ba4877c0c8532cab9dcZ-300x240.jpg\" alt=\"\" width=\"300\" height=\"240\" srcset=\"https:\/\/antamebike.com\/wp-content\/uploads\/2025\/04\/Hfb0bd33baee54ba4877c0c8532cab9dcZ-300x240.jpg 300w, https:\/\/antamebike.com\/wp-content\/uploads\/2025\/04\/Hfb0bd33baee54ba4877c0c8532cab9dcZ-600x480.jpg 600w, https:\/\/antamebike.com\/wp-content\/uploads\/2025\/04\/Hfb0bd33baee54ba4877c0c8532cab9dcZ.jpg 750w\" sizes=\"auto, (max-width: 300px) 100vw, 300px\" \/> <img loading=\"lazy\" decoding=\"async\" class=\"alignnone wp-image-2961 size-medium\" src=\"https:\/\/antamebike.com\/wp-content\/uploads\/2025\/04\/86cf2b46-0d98-4728-85bf-713c7c387bab.__CR00600450_PT0_SX600_V1___-300x225.jpg\" alt=\"\" width=\"300\" height=\"225\" srcset=\"https:\/\/antamebike.com\/wp-content\/uploads\/2025\/04\/86cf2b46-0d98-4728-85bf-713c7c387bab.__CR00600450_PT0_SX600_V1___-300x225.jpg 300w, https:\/\/antamebike.com\/wp-content\/uploads\/2025\/04\/86cf2b46-0d98-4728-85bf-713c7c387bab.__CR00600450_PT0_SX600_V1___.jpg 600w\" sizes=\"auto, (max-width: 300px) 100vw, 300px\" \/><\/div>\n<p>M\u00e0n h\u00ecnh LCD k\u00edch th\u01b0\u1edbc l\u1edbn hi\u1ec7n th\u1ecb r\u00f5 n\u00e9t v\u1edbi \u00e1nh s\u00e1ng m\u1ea1nh ngo\u00e0i tr\u1eddi, \u0111\u01b0\u1ee3c b\u1ed1 tr\u00ed c\u1ea1nh tay n\u1eafm tr\u00e1i cho ng\u01b0\u1eddi d\u00f9ng quan s\u00e1t r\u00f5 r\u00e0ng v\u00e0 thu\u1eadn ti\u1ec7n c\u00e1c th\u00f4ng s\u1ed1 v\u1ec1 xe.<\/p>\n<p>K\u1ebft h\u1ee3p c\u00f9ng Ghi-\u0111\u00f4ng d\u00e0i, cho tr\u1ea3i nghi\u1ec7m l\u00e1i E5 Pro kh\u00e1 tho\u00e1i m\u00e1i d\u00f9 \u0111\u1ea1p trong 1 qu\u00e3ng \u0111\u01b0\u1eddng d\u00e0i.<\/p>\n<p>Th\u00f4ng s\u1ed1 k\u1ef9 thu\u1eadt:<\/p>\n<ul>\n<li>Khung xe nh\u00f4m h\u1ee3p kim 6061<\/li>\n<li>B\u00e1nh xe: 29 x 2.inch<\/li>\n<li>Tr\u1ecdng l\u01b0\u1ee3ng: 21 kg<\/li>\n<li>K\u00edch th\u01b0\u1edbc: <strong>1740 x 660 x 1050 mm<\/strong><\/li>\n<\/ul>\n<p><img loading=\"lazy\" decoding=\"async\" class=\"alignnone wp-image-2963 size-large\" src=\"https:\/\/antamebike.com\/wp-content\/uploads\/2025\/04\/TWITTER-5-PRO-5-1024x1024.png\" alt=\"\" width=\"1024\" height=\"1024\" srcset=\"https:\/\/antamebike.com\/wp-content\/uploads\/2025\/04\/TWITTER-5-PRO-5-1024x1024.png 1024w, https:\/\/antamebike.com\/wp-content\/uploads\/2025\/04\/TWITTER-5-PRO-5-300x300.png 300w, https:\/\/antamebike.com\/wp-content\/uploads\/2025\/04\/TWITTER-5-PRO-5-150x150.png 150w, https:\/\/antamebike.com\/wp-content\/uploads\/2025\/04\/TWITTER-5-PRO-5-768x768.png 768w, https:\/\/antamebike.com\/wp-content\/uploads\/2025\/04\/TWITTER-5-PRO-5-600x600.png 600w, https:\/\/antamebike.com\/wp-content\/uploads\/2025\/04\/TWITTER-5-PRO-5-100x100.png 100w, https:\/\/antamebike.com\/wp-content\/uploads\/2025\/04\/TWITTER-5-PRO-5.png 1080w\" sizes=\"auto, (max-width: 1024px) 100vw, 1024px\" \/><\/p>\n<p>T\u1ed5ng th\u1ec3 v\u1edbi t\u1ea7m gi\u00e1 h\u01a1n 10tr v\u1edbi nh\u1eefng trang b\u1ecb c\u1ee7a <strong>E5 Pro<\/strong> c\u00f9ng v\u1edbi ch\u1ea5t l\u01b0\u1ee3ng ho\u00e0n thi\u1ec7n c\u1ee7a nh\u00e0 Twitter th\u00ec r\u00f5 r\u00e0ng E5 Pro n\u1ed5i tr\u1ed5i h\u01a1n h\u1eb5n c\u00e1c \u0111\u1ed1i th\u1ee7 trong c\u00f9ng ph\u00e2n kh\u00fac.<\/p>\n<p>Li\u00ean h\u1ec7 Antamebike.com lu\u00f4n c\u00f3 m\u1ee9c gi\u00e1 v\u00e0 khuy\u1ebfn m\u00e3i t\u1ed1t nh\u1ea5t cho Twitter E5 Pro<\/p>\n<p>Hotline t\u01b0 v\u1ea5n: <strong>077 802.3388 <\/strong><\/p>\n","protected":false},"excerpt":{"rendered":"<p><strong>Twitter E5 Pro &#8211; Chi\u1ebfc tr\u1ee3 l\u1ef1c \u0111i\u1ec7n Gi\u00e1 t\u1ed1t<\/strong><\/p>\n<ul>\n<li>Khung nh\u00f4m 6061: Kh\u00f4ng m\u1ed1i h\u00e0n<\/li>\n<li>Pin Lithium <strong>36V 10Ah<\/strong>: Tr\u1ee3 l\u1ef1c \u0111i\u1ec7n <strong>qu\u00e3ng \u0111\u01b0\u1eddng l\u00ean \u0111\u1ebfn 80km<\/strong><\/li>\n<li>\u0110\u1ed9ng c\u01a1 350W (Peak 500w) cho <strong>v\u1eadn t\u1ed1c \u0111i\u1ec7n 45km\/h<\/strong><\/li>\n<li>3 ch\u1ebf \u0111\u1ed9 l\u00e1i: \u0111\u1ea1p kh\u00f4ng c\u01a1, tr\u1ee3 l\u1ef1c \u0111i\u1ec7n v\u00e0 thu\u1ea7n \u0111i\u1ec7n.<\/li>\n<li><strong>Phanh \u0111\u0129a thu\u1ef7 l\u1ef1c (d\u1ea7u) Retrospec<\/strong><\/li>\n<li>Phu\u1ed9c D\u1ea7u cao c\u1ea5p Twitter: kho\u00e1\/m\u1edf h\u00e0nh tr\u00ecnh<\/li>\n<li>B\u1ed9 Groupset t\u1ed1c \u0111\u1ed9 <strong>Retrospec 8 C\u1ea5p<\/strong><\/li>\n<li>L\u1ed1p 29 x 2.0 \u0111\u1ea1p si\u00eau l\u01b0\u1edbt.<\/li>\n<li>Tr\u1ecdng l\u01b0\u1ee3ng 21kg<\/li>\n<li>Tr\u1ecdng t\u1ea3i t\u1ed1i \u0111a 150kg<\/li>\n<\/ul>\n","protected":false},"featured_media":2956,"comment_status":"open","ping_status":"closed","template":"","meta":{"site-sidebar-layout":"default","site-content-layout":"default","ast-site-content-layout":"default","site-content-style":"default","site-sidebar-style":"default","ast-global-header-display":"","ast-banner-title-visibility":"","ast-main-header-display":"","ast-hfb-above-header-display":"","ast-hfb-below-header-display":"","ast-hfb-mobile-header-display":"","site-post-title":"","ast-breadcrumbs-content":"","ast-featured-img":"","footer-sml-layout":"","theme-transparent-header-meta":"default","adv-header-id-meta":"","stick-header-meta":"","header-above-stick-meta":"","header-main-stick-meta":"","header-below-stick-meta":"","astra-migrate-meta-layouts":"set","ast-page-background-enabled":"default","ast-page-background-meta":{"desktop":{"background-color":"var(--ast-global-color-4)","background-image":"","background-repeat":"repeat","background-position":"center center","background-size":"auto","background-attachment":"scroll","background-type":"","background-media":"","overlay-type":"","overlay-color":"","overlay-gradient":""},"tablet":{"background-color":"","background-image":"","background-repeat":"repeat","background-position":"center center","background-size":"auto","background-attachment":"scroll","background-type":"","background-media":"","overlay-type":"","overlay-color":"","overlay-gradient":""},"mobile":{"background-color":"","background-image":"","background-repeat":"repeat","background-position":"center center","background-size":"auto","background-attachment":"scroll","background-type":"","background-media":"","overlay-type":"","overlay-color":"","overlay-gradient":""}},"ast-content-background-meta":{"desktop":{"background-color":"var(--ast-global-color-5)","background-image":"","background-repeat":"repeat","background-position":"center center","background-size":"auto","background-attachment":"scroll","background-type":"","background-media":"","overlay-type":"","overlay-color":"","overlay-gradient":""},"tablet":{"background-color":"var(--ast-global-color-5)","background-image":"","background-repeat":"repeat","background-position":"center center","background-size":"auto","background-attachment":"scroll","background-type":"","background-media":"","overlay-type":"","overlay-color":"","overlay-gradient":""},"mobile":{"background-color":"var(--ast-global-color-5)","background-image":"","background-repeat":"repeat","background-position":"center center","background-size":"auto","background-attachment":"scroll","background-type":"","background-media":"","overlay-type":"","overlay-color":"","overlay-gradient":""}}},"product_cat":[49,50,226,224,40,208],"product_tag":[251],"class_list":{"0":"post-2955","1":"product","2":"type-product","3":"status-publish","4":"has-post-thumbnail","6":"product_cat-san-pham-hot","7":"product_cat-san-pham-moi","8":"product_cat-twitter-dien-tro-luc","9":"product_cat-twitter-mtb","10":"product_cat-xe-dap-size-26","11":"product_cat-xe-dap-twitter","12":"product_tag-twitter-e5-pro","13":"desktop-align-left","14":"tablet-align-left","15":"mobile-align-left","16":"ast-product-gallery-layout-horizontal-slider","17":"ast-product-tabs-layout-horizontal","19":"first","20":"instock","21":"sale","22":"shipping-taxable","23":"purchasable","24":"product-type-simple"},"_links":{"self":[{"href":"https:\/\/antamebike.com\/index.php?rest_route=\/wp\/v2\/product\/2955","targetHints":{"allow":["GET"]}}],"collection":[{"href":"https:\/\/antamebike.com\/index.php?rest_route=\/wp\/v2\/product"}],"about":[{"href":"https:\/\/antamebike.com\/index.php?rest_route=\/wp\/v2\/types\/product"}],"replies":[{"embeddable":true,"href":"https:\/\/antamebike.com\/index.php?rest_route=%2Fwp%2Fv2%2Fcomments&post=2955"}],"wp:featuredmedia":[{"embeddable":true,"href":"https:\/\/antamebike.com\/index.php?rest_route=\/wp\/v2\/media\/2956"}],"wp:attachment":[{"href":"https:\/\/antamebike.com\/index.php?rest_route=%2Fwp%2Fv2%2Fmedia&parent=2955"}],"wp:term":[{"taxonomy":"product_cat","embeddable":true,"href":"https:\/\/antamebike.com\/index.php?rest_route=%2Fwp%2Fv2%2Fproduct_cat&post=2955"},{"taxonomy":"product_tag","embeddable":true,"href":"https:\/\/antamebike.com\/index.php?rest_route=%2Fwp%2Fv2%2Fproduct_tag&post=2955"}],"curies":[{"name":"wp","href":"https:\/\/api.w.org\/{rel}","templated":true}]}}