{"id":3033,"date":"2025-07-18T00:40:12","date_gmt":"2025-07-18T00:40:12","guid":{"rendered":"https:\/\/antamebike.com\/?post_type=product&#038;p=3033"},"modified":"2025-07-29T10:39:20","modified_gmt":"2025-07-29T10:39:20","slug":"raptor-x-2025-xe-dap-tro-luc-banh-beo","status":"publish","type":"product","link":"https:\/\/antamebike.com\/?product=raptor-x-2025-xe-dap-tro-luc-banh-beo","title":{"rendered":"Raptor X 2025 &#8211; Xe \u0111\u1ea1p tr\u1ee3 l\u1ef1c B\u00e1nh B\u00e9o"},"content":{"rendered":"<p>Raptor X 2025 s\u1ef1 l\u1ef1a ch\u1ecdn qu\u00e1 d\u1ec5 d\u00e0ng cho nh\u1eefng ng\u01b0\u1eddi y\u00eau B\u00e1nh B\u00e9o<\/p>\n<p>B\u1ea1n \u0111ang c\u1ea7n t\u00ecm 1 chi\u1ebfc xe \u0111\u1ea1p tr\u1ee3 l\u1ef1c \u0111i\u1ec7n <strong>G\u1ea5p g\u1ecdn B\u00e1nh B\u00e9o L\u1ed1p 20&#215;4.0<\/strong>, Phong c\u00e1ch th\u1ec3 thao, m\u1ea1nh m\u1ebd, v\u1edbi Phanh D\u1ea7u cao c\u1ea5p v\u00e0 v\u1eadn h\u00e0nh \u00eam \u00e1i v\u1edbi h\u1ec7 th\u1ed1ng gi\u1ea3m shock x\u1ecbn d\u00f9 qua nh\u1eefng cung \u0111\u01b0\u1eddng x\u1ea5u th\u00ec <b>Raptor X<\/b> \u0111\u00fang l\u00e0 chi\u1ebfc xe b\u1ea1n \u0111ang t\u00ecm.<\/p>\n<p>V\u1edbi trang b\u1ecb kh\u00e1 cao c\u1ea5p m\u00e0 l\u1ea1i c\u00f3 m\u1ee9 Gi\u00e1 kh\u00e1 \u1ed5n \u1ea5p n\u00ean ch\u1ecdn Raptor X 2025 l\u00e0 \u01b0u ti\u1ec7n l\u1ef1a ch\u1ecdn h\u00e0ng \u0111\u1ea7u.<\/p>\n<h2>Xe \u0111\u1ea1p tr\u1ee3 l\u1ef1c \u0111i\u1ec7n B\u00e1nh B\u00e9o RAPTOR X<\/h2>\n\n<h3><img loading=\"lazy\" decoding=\"async\" class=\"alignnone wp-image-3036 size-large\" src=\"https:\/\/antamebike.com\/wp-content\/uploads\/2025\/07\/Raptor-X-B2-1024x1024.jpeg\" alt=\"\" width=\"1024\" height=\"1024\" srcset=\"https:\/\/antamebike.com\/wp-content\/uploads\/2025\/07\/Raptor-X-B2-1024x1024.jpeg 1024w, https:\/\/antamebike.com\/wp-content\/uploads\/2025\/07\/Raptor-X-B2-300x300.jpeg 300w, https:\/\/antamebike.com\/wp-content\/uploads\/2025\/07\/Raptor-X-B2-150x150.jpeg 150w, https:\/\/antamebike.com\/wp-content\/uploads\/2025\/07\/Raptor-X-B2-768x768.jpeg 768w, https:\/\/antamebike.com\/wp-content\/uploads\/2025\/07\/Raptor-X-B2-600x600.jpeg 600w, https:\/\/antamebike.com\/wp-content\/uploads\/2025\/07\/Raptor-X-B2-100x100.jpeg 100w, https:\/\/antamebike.com\/wp-content\/uploads\/2025\/07\/Raptor-X-B2.jpeg 1080w\" sizes=\"auto, (max-width: 1024px) 100vw, 1024px\" \/><\/h3>\n<p>&nbsp;<\/p>\n<h3><strong>Thi\u1ebft k\u1ebf phong c\u00e1ch hi\u1ec7n \u0111\u1ea1i, m\u1ea1nh m\u1ebd<\/strong><\/h3>\n<p><b>Raptor X<\/b> c\u00f3 thi\u1ebft k\u1ebf t\u01b0\u01a1ng t\u1ef1 nh\u01b0 c\u00e1c chi\u1ebfc xe g\u1ea5p g\u1ecdn B\u00e1nh B\u00e9o n\u1ed5i ti\u1ebfng kh\u00e1c tr\u00ean th\u1ecb tr\u01b0\u1eddng. Nh\u01b0ng v\u1edbi trang b\u1ecb th\u00eam \u0110\u1ed9ng c\u01a1 m\u1ea1nh m\u1ebd v\u00e0 Phanh D\u1ea7u cao c\u1ea5p, Baga x\u1ecbn ch\u00ednh h\u00e3ng c\u00f9ng v\u1edbi M\u00e0u \u0110en Carbon k\u1ebft h\u1ee3p b\u1ed9 Tem \u0111\u1ed9c \u0111\u00e1o \u0111\u00e3 gi\u00fap <b>RAPTOR X<\/b> c\u00f3 Phong c\u00e1ch m\u1ea1nh m\u1ebd, hi\u1ec7n \u0111\u1ea1i v\u00e0 thu h\u00fat h\u01a1n h\u1eb5n \u0111\u1ed1i th\u1ee7.<\/p>\n<p><img loading=\"lazy\" decoding=\"async\" class=\"alignnone wp-image-3037 size-large\" src=\"https:\/\/antamebike.com\/wp-content\/uploads\/2025\/07\/Raptor-X-B3-1024x1024.jpeg\" alt=\"\" width=\"1024\" height=\"1024\" srcset=\"https:\/\/antamebike.com\/wp-content\/uploads\/2025\/07\/Raptor-X-B3-1024x1024.jpeg 1024w, https:\/\/antamebike.com\/wp-content\/uploads\/2025\/07\/Raptor-X-B3-300x300.jpeg 300w, https:\/\/antamebike.com\/wp-content\/uploads\/2025\/07\/Raptor-X-B3-150x150.jpeg 150w, https:\/\/antamebike.com\/wp-content\/uploads\/2025\/07\/Raptor-X-B3-768x768.jpeg 768w, https:\/\/antamebike.com\/wp-content\/uploads\/2025\/07\/Raptor-X-B3-600x600.jpeg 600w, https:\/\/antamebike.com\/wp-content\/uploads\/2025\/07\/Raptor-X-B3-100x100.jpeg 100w, https:\/\/antamebike.com\/wp-content\/uploads\/2025\/07\/Raptor-X-B3.jpeg 1080w\" sizes=\"auto, (max-width: 1024px) 100vw, 1024px\" \/><\/p>\n<h3><strong>L\u1ed1p B\u00e1nh B\u00e9o 20 x4.0 m\u1ea1nh m\u1ebd<\/strong><\/h3>\n<p>V\u1edbi trang b\u1ecb <strong>L\u1ed1p B\u00e1nh B\u00e9o 20&#215;4.0<\/strong> kh\u00f4ng ch\u1ec9 l\u00e0m ngo\u1ea1i h\u00ecnh <b>RAPTOR X<\/b> m\u1ea1nh m\u1ebd h\u01a1n m\u00e0 c\u00f2n gi\u00fap Raptor X s\u1eed d\u1ee5ng kh\u00e1 an to\u00e0n d\u00f9 qua nh\u1eefng \u0111\u1ecba h\u00ecnh x\u1ea5u v\u00ec \u0111\u1ed9 b\u00e1m \u0111\u01b0\u1eddng c\u1ee7a L\u1ed1p 4.0 kh\u00e1 t\u1ed1t.<\/p>\n<p><img loading=\"lazy\" decoding=\"async\" class=\"alignnone wp-image-3038 size-large\" src=\"https:\/\/antamebike.com\/wp-content\/uploads\/2025\/07\/Raptor-X-B4-1024x1024.jpeg\" alt=\"\" width=\"1024\" height=\"1024\" srcset=\"https:\/\/antamebike.com\/wp-content\/uploads\/2025\/07\/Raptor-X-B4-1024x1024.jpeg 1024w, https:\/\/antamebike.com\/wp-content\/uploads\/2025\/07\/Raptor-X-B4-300x300.jpeg 300w, https:\/\/antamebike.com\/wp-content\/uploads\/2025\/07\/Raptor-X-B4-150x150.jpeg 150w, https:\/\/antamebike.com\/wp-content\/uploads\/2025\/07\/Raptor-X-B4-768x768.jpeg 768w, https:\/\/antamebike.com\/wp-content\/uploads\/2025\/07\/Raptor-X-B4-600x600.jpeg 600w, https:\/\/antamebike.com\/wp-content\/uploads\/2025\/07\/Raptor-X-B4-100x100.jpeg 100w, https:\/\/antamebike.com\/wp-content\/uploads\/2025\/07\/Raptor-X-B4.jpeg 1080w\" sizes=\"auto, (max-width: 1024px) 100vw, 1024px\" \/><\/p>\n<h3><strong>\u0110\u1ed9ng c\u01a1 kh\u00f4ng ch\u1ed5i than 750w<\/strong><\/h3>\n<div class=\"x11i5rnm xat24cr x1mh8g0r x1vvkbs xdj266r x126k92a\">\n<div dir=\"auto\"><img loading=\"lazy\" decoding=\"async\" class=\"alignnone wp-image-1498 size-large\" src=\"https:\/\/antamebike.com\/wp-content\/uploads\/2023\/03\/Engwe-M20-dong-co-1024x602.jpg\" alt=\"\" width=\"1024\" height=\"602\" srcset=\"https:\/\/antamebike.com\/wp-content\/uploads\/2023\/03\/Engwe-M20-dong-co-1024x602.jpg 1024w, https:\/\/antamebike.com\/wp-content\/uploads\/2023\/03\/Engwe-M20-dong-co-300x176.jpg 300w, https:\/\/antamebike.com\/wp-content\/uploads\/2023\/03\/Engwe-M20-dong-co-768x451.jpg 768w, https:\/\/antamebike.com\/wp-content\/uploads\/2023\/03\/Engwe-M20-dong-co-1536x902.jpg 1536w, https:\/\/antamebike.com\/wp-content\/uploads\/2023\/03\/Engwe-M20-dong-co-600x353.jpg 600w, https:\/\/antamebike.com\/wp-content\/uploads\/2023\/03\/Engwe-M20-dong-co.jpg 1920w\" sizes=\"auto, (max-width: 1024px) 100vw, 1024px\" \/><\/div>\n<div dir=\"auto\"><\/div>\n<div dir=\"auto\">Raptor X \u0111\u01b0\u1ee3c trang b\u1ecb \u0111\u1ed9ng c\u01a1 c\u00f3 th\u1ec3 n\u00f3i l\u00e0 m\u1ea1nh m\u1ebd thu\u1ed9c d\u00f2ng T\u1ed1p h\u00e0ng \u0111\u1ea7u hi\u1ec7n nay.<\/div>\n<div dir=\"auto\">V\u1edbi <strong>\u0111\u1ed9ng c\u01a1 Kh\u00f4ng ch\u1ed5i than 750w<\/strong>, c\u00f3 kh\u1ea3 n\u0103ng Peak 1.000w gi\u00fap v\u1eadn t\u1ed1c \u0111i\u1ec7n c\u1ee7a Raptor X l\u00ean <strong>45km\/h<\/strong> kh\u00e1 nh\u1eb9 nh\u00e0ng.<\/div>\n<div dir=\"auto\">Raptor X m\u00e0 b\u1ee9c t\u1ed1c th\u00ec qu\u00e1 nhanh v\u00e0 m\u01b0\u1ee3t lu\u00f4n.<\/div>\n<\/div>\n<div dir=\"auto\">\n<h3><strong>PIN LITIUM dung l\u01b0\u1ee3ng cao 48V 13Ah<\/strong><\/h3>\n<p><img loading=\"lazy\" decoding=\"async\" class=\"alignnone wp-image-1051 size-full\" src=\"https:\/\/antamebike.com\/wp-content\/uploads\/2022\/12\/ENGWE-PRO-Pin.png\" alt=\"\" width=\"1958\" height=\"849\" srcset=\"https:\/\/antamebike.com\/wp-content\/uploads\/2022\/12\/ENGWE-PRO-Pin.png 1958w, https:\/\/antamebike.com\/wp-content\/uploads\/2022\/12\/ENGWE-PRO-Pin-300x130.png 300w, https:\/\/antamebike.com\/wp-content\/uploads\/2022\/12\/ENGWE-PRO-Pin-1024x444.png 1024w, https:\/\/antamebike.com\/wp-content\/uploads\/2022\/12\/ENGWE-PRO-Pin-768x333.png 768w, https:\/\/antamebike.com\/wp-content\/uploads\/2022\/12\/ENGWE-PRO-Pin-1536x666.png 1536w, https:\/\/antamebike.com\/wp-content\/uploads\/2022\/12\/ENGWE-PRO-Pin-600x260.png 600w\" sizes=\"auto, (max-width: 1958px) 100vw, 1958px\" \/><\/p>\n<p>V\u1edbi kh\u1ed1i <strong>Pin Litium Dung l\u01b0\u1ee3ng 48V 13Ah<\/strong> trang b\u1ecb cho <strong>Raptor X<\/strong>, gi\u00fap qu\u00e3ng \u0111\u01b0\u1eddng tr\u1ee3 l\u1ef1c \u0111i\u1ec7n l\u00ean \u0111\u1ebfn <strong>80Km<\/strong><\/p>\n<\/div>\n<h3><strong>Gi\u1ea3m shock v\u1edbi Phu\u1ed9c cao c\u1ea5p<\/strong><\/h3>\n<p><img loading=\"lazy\" decoding=\"async\" class=\"alignnone wp-image-3041 size-large\" src=\"https:\/\/antamebike.com\/wp-content\/uploads\/2025\/07\/Raptor-X-phuoc-1024x1024.jpeg\" alt=\"\" width=\"1024\" height=\"1024\" srcset=\"https:\/\/antamebike.com\/wp-content\/uploads\/2025\/07\/Raptor-X-phuoc-1024x1024.jpeg 1024w, https:\/\/antamebike.com\/wp-content\/uploads\/2025\/07\/Raptor-X-phuoc-300x300.jpeg 300w, https:\/\/antamebike.com\/wp-content\/uploads\/2025\/07\/Raptor-X-phuoc-150x150.jpeg 150w, https:\/\/antamebike.com\/wp-content\/uploads\/2025\/07\/Raptor-X-phuoc-768x768.jpeg 768w, https:\/\/antamebike.com\/wp-content\/uploads\/2025\/07\/Raptor-X-phuoc-600x600.jpeg 600w, https:\/\/antamebike.com\/wp-content\/uploads\/2025\/07\/Raptor-X-phuoc-100x100.jpeg 100w, https:\/\/antamebike.com\/wp-content\/uploads\/2025\/07\/Raptor-X-phuoc.jpeg 1080w\" sizes=\"auto, (max-width: 1024px) 100vw, 1024px\" \/><\/p>\n<p>V\u1edbi B\u00e1nh B\u00e9o l\u00e0 \u0111\u00e3 kh\u00e1 \u00eam \u00e1i khi v\u1eadn h\u00e0nh. Nh\u01b0ng <strong>Raptor X<\/strong> l\u1ea1i trang b\u1ecb th\u00eam h\u1ec7 th\u1ed1ng gi\u1ea3m shock v\u1edbi <strong>Phu\u1ed9c D\u1ea7u<\/strong> c\u00f3 kh\u1ea3 n\u0103ng \u0111i\u1ec1u ch\u1ec9nh\u00a0+ v\u1edbi <strong>Y\u00ean b\u00e9o<\/strong> trang b\u1ecb s\u1eb5n th\u00ec <strong>Raptor X<\/strong> l\u00e0 bao \u00eam \u00e1i cho m\u1ecdi cung \u0111\u01b0\u1eddng lu\u00f4n<\/p>\n<div class=\"x11i5rnm xat24cr x1mh8g0r x1vvkbs xdj266r x126k92a\">\n<div dir=\"auto\">\n<h3><strong>H\u1ec7 th\u1ed1ng an to\u00e0n v\u1edbi 2 Phanh D\u1ea7u<\/strong>:<\/h3>\n<p><img loading=\"lazy\" decoding=\"async\" class=\"alignnone wp-image-3040 size-large\" src=\"https:\/\/antamebike.com\/wp-content\/uploads\/2025\/07\/Raptor-x-Phanh-1024x1024.jpeg\" alt=\"\" width=\"1024\" height=\"1024\" srcset=\"https:\/\/antamebike.com\/wp-content\/uploads\/2025\/07\/Raptor-x-Phanh-1024x1024.jpeg 1024w, https:\/\/antamebike.com\/wp-content\/uploads\/2025\/07\/Raptor-x-Phanh-300x300.jpeg 300w, https:\/\/antamebike.com\/wp-content\/uploads\/2025\/07\/Raptor-x-Phanh-150x150.jpeg 150w, https:\/\/antamebike.com\/wp-content\/uploads\/2025\/07\/Raptor-x-Phanh-768x768.jpeg 768w, https:\/\/antamebike.com\/wp-content\/uploads\/2025\/07\/Raptor-x-Phanh-600x600.jpeg 600w, https:\/\/antamebike.com\/wp-content\/uploads\/2025\/07\/Raptor-x-Phanh-100x100.jpeg 100w, https:\/\/antamebike.com\/wp-content\/uploads\/2025\/07\/Raptor-x-Phanh.jpeg 1080w\" sizes=\"auto, (max-width: 1024px) 100vw, 1024px\" \/><\/p>\n<p>M\u1ed9t chi\u1ebfc xe tr\u1ee3 l\u1ef1c \u0111i\u1ec7n cao c\u1ea5p nh\u01b0 <b>Raptor X<\/b> kh\u00f4ng th\u1ec3 thi\u1ebfu trang b\u1ecb Phanh \u0111\u0129a D\u1ea7u cho tr\u1ea3i nghi\u1ec7m an to\u00e0n<\/p>\n<\/div>\n<\/div>\n<div class=\"x11i5rnm xat24cr x1mh8g0r x1vvkbs xtlvy1s x126k92a\">\n<div dir=\"auto\">\n<p>Kh\u00f4ng nh\u1eefng v\u1eady Raptor X trang b\u1ecb h\u1eb5n <strong>Phanh D\u1ea7u cao c\u1ea5p Logan<\/strong> c\u1ee7a \u0110\u00e0i Loan n\u00ean khi tr\u1ea3i nghi\u1ec7m Raptor X tr\u00ean m\u1ecdi n\u1ebbo \u0111\u01b0\u1eddng ng\u01b0\u1eddi d\u00f9ng kh\u00e1 an t\u00e2m b\u1ea5t ch\u1ea5p \u0111\u1ecba h\u00ecnh hay th\u1eddi ti\u1ebft.<\/p>\n<h3><strong>Baga sau ch\u00ednh h\u00e3ng cao c\u1ea5p<\/strong><\/h3>\n<p>M\u1ed9t trang b\u1ecb c\u1ee7a <strong>Raptor X<\/strong> m\u00e0 v\u01b0\u1ee3t tr\u1ed9i h\u1ea1n so v\u1edbi \u0111\u1ed1i th\u1ee7 l\u00e0 \u0111\u01b0\u1ee3c trang b\u1ecb Baga ch\u00ednh h\u00e3ng kh\u00e1 ngon v\u1edbi tr\u1ecdng t\u1ea3i l\u00ean \u0111\u1ebfn 100kg th\u00ec tha h\u1ed3 cho c\u00e1c anh ch\u1edf ng\u01b0\u1eddi y\u00eau m\u00e0 tr\u01b0\u1edbc \u0111\u00e2y \u0111\u1ed1i v\u1edbi c\u00e1c chi\u1ebfc xe kh\u00e1c ng\u01b0\u1eddi d\u00f9ng c\u00f2n h\u01a1i lo l\u1eafng khi ch\u1edf th\u00eam ng\u01b0\u1eddi.<\/p>\n<p>V\u1edbi Baga x\u1ecbn nh\u01b0 th\u1ebf n\u00e0y tr\u00f4ng ngo\u1ea1i h\u00ecnh Raptor X c\u0169ng m\u1ea1nh m\u1ebd h\u1eb5n ra lu\u00f4n<\/p>\n<p><img loading=\"lazy\" decoding=\"async\" class=\"alignnone wp-image-3039 size-large\" src=\"https:\/\/antamebike.com\/wp-content\/uploads\/2025\/07\/Raptor-X-baga-1024x1024.jpeg\" alt=\"\" width=\"1024\" height=\"1024\" srcset=\"https:\/\/antamebike.com\/wp-content\/uploads\/2025\/07\/Raptor-X-baga-1024x1024.jpeg 1024w, https:\/\/antamebike.com\/wp-content\/uploads\/2025\/07\/Raptor-X-baga-300x300.jpeg 300w, https:\/\/antamebike.com\/wp-content\/uploads\/2025\/07\/Raptor-X-baga-150x150.jpeg 150w, https:\/\/antamebike.com\/wp-content\/uploads\/2025\/07\/Raptor-X-baga-768x768.jpeg 768w, https:\/\/antamebike.com\/wp-content\/uploads\/2025\/07\/Raptor-X-baga-600x600.jpeg 600w, https:\/\/antamebike.com\/wp-content\/uploads\/2025\/07\/Raptor-X-baga-100x100.jpeg 100w, https:\/\/antamebike.com\/wp-content\/uploads\/2025\/07\/Raptor-X-baga.jpeg 1080w\" sizes=\"auto, (max-width: 1024px) 100vw, 1024px\" \/><\/p>\n<h3><strong>V\u00e8 ch\u1eafn b\u00f9n Kim lo\u1ea1i cao c\u1ea5p<\/strong><\/h3>\n<p>M\u1eb7c d\u00f9 l\u00e0 trang b\u1ecb \u0111\u01a1n gi\u1ea3n nh\u01b0ng \u0111\u1ed1i v\u1edbi ng\u01b0\u1eddi d\u00f9ng Vi\u1ec7t Nam r\u1ea5t quan tr\u1ecdng, nh\u1ea5t l\u00e0 khi \u0111i xe v\u00e0o m\u00f9a m\u01b0a. Kh\u00f4ng nh\u1eefng th\u1ebf l\u1ea1i \u0111\u01b0\u1ee3c h\u00e3ng s\u01a1n ph\u1ed1i c\u00f9ng v\u1edbi m\u00e0u xe gi\u00fap xe nh\u00ecn sang tr\u1ecdng v\u00e0 thu h\u00fat h\u01a1n r\u1ea5t nhi\u1ec1u.<\/p>\n<p><img loading=\"lazy\" decoding=\"async\" class=\"alignnone wp-image-3037 size-large\" src=\"https:\/\/antamebike.com\/wp-content\/uploads\/2025\/07\/Raptor-X-B3-1024x1024.jpeg\" alt=\"\" width=\"1024\" height=\"1024\" srcset=\"https:\/\/antamebike.com\/wp-content\/uploads\/2025\/07\/Raptor-X-B3-1024x1024.jpeg 1024w, https:\/\/antamebike.com\/wp-content\/uploads\/2025\/07\/Raptor-X-B3-300x300.jpeg 300w, https:\/\/antamebike.com\/wp-content\/uploads\/2025\/07\/Raptor-X-B3-150x150.jpeg 150w, https:\/\/antamebike.com\/wp-content\/uploads\/2025\/07\/Raptor-X-B3-768x768.jpeg 768w, https:\/\/antamebike.com\/wp-content\/uploads\/2025\/07\/Raptor-X-B3-600x600.jpeg 600w, https:\/\/antamebike.com\/wp-content\/uploads\/2025\/07\/Raptor-X-B3-100x100.jpeg 100w, https:\/\/antamebike.com\/wp-content\/uploads\/2025\/07\/Raptor-X-B3.jpeg 1080w\" sizes=\"auto, (max-width: 1024px) 100vw, 1024px\" \/><\/p>\n<p>V\u1edbi nhi\u1ec1u trang b\u1ecb t\u00edch h\u1ee3p cao c\u1ea5p, c\u00f9ng v\u1edbi \u0111\u1ed9ng c\u01a1 750w (Peak 1.000w), Pin Litium 48V 13Ah, Phanh \u0111\u0129a D\u1ea7u v\u00e0 h\u1ec7 th\u1ed1ng gi\u1ea3m shock K\u00e9p \u0111\u00e3 gi\u00fap Raptor X v\u1eadn h\u00e0nh r\u1ea5t m\u1ea1nh m\u1ebd m\u00e0 \u00eam \u00e1i v\u00e0 th\u1eddi l\u01b0\u1ee3ng d\u00f9ng \u0111i\u1ec7n v\u1edbi qu\u00e3ng \u0111\u01b0\u1eddng xa h\u00e0ng \u0111\u1ea7u hi\u1ec7n nay .<\/p>\n<p>R\u00f5 r\u00e0ng <strong>Raptor X<\/strong> l\u00e0 chi\u1ebfc xe \u0111\u1ea1p tr\u1ee3 l\u1ef1c \u0111i\u1ec7n B\u00e1nh B\u00e9o trang b\u1ecb r\u1ea5t cao c\u1ea5p. Chi\u1ebfc xe t\u00edch h\u1ee3p nhi\u1ec1u c\u00f4ng ngh\u1ec7 t\u00e2n ti\u1ebfn s\u1ebd mang l\u1ea1i cho b\u1ea1n tr\u1ea3i nghi\u1ec7m h\u00e0i l\u00f2ng d\u00f9 l\u00e0 \u0111\u1ecba h\u00ecnh ph\u1ed1 th\u1ecb hay \u0111\u1ed3i n\u00fai v\u00e0 b\u1ea1n c\u00f3 th\u1ec3 mang \u0111i kh\u1eafp n\u01a1i kh\u00e1 tho\u1ea3i m\u00e1i v\u00ec kh\u1ea3 n\u0103ng G\u1ea5p g\u1ecdn c\u1ee7a n\u00f3.<\/p>\n<p>Mua <strong>Raptor X<\/strong> t\u1ea1i Antamebike.com s\u1ebd lu\u00f4n c\u00f3 \u01b0u \u0111\u00e3i v\u00e0 gi\u00e1 t\u1ed1t nh\u1ea5t.<\/p>\n<\/div>\n<div dir=\"auto\"><\/div>\n<\/div>\n","protected":false},"excerpt":{"rendered":"<p>Summer Sales &#8211; Khuy\u1ebfn m\u00e3i M\u00f9a H\u00e8: gi\u1ea3m ngay 2Tr<\/p>\n<p>Ch\u01b0\u01a1ng tr\u00ecnh c\u00f3 th\u1ec3 k\u1ebft th\u00fac s\u1edbm v\u00ec s\u1ed1 l\u01b0\u1ee3ng c\u00f3 h\u1ea1n<\/p>\n<p>Trang b\u1ecb cao c\u1ea5p m\u00e0 Gi\u00e1 l\u1ea1i qu\u00e1 \u1ed5n \u00e1p<\/p>\n<ul>\n<li>\u0110\u1ed9ng c\u01a1 750w (Peak 1.000w)<\/li>\n<li><strong>Pin Litium 48V 13Ah<\/strong> cho tr\u1ee3 l\u1ef1c \u0111i\u1ec7n \u0111\u1ebfn 80Km<\/li>\n<li>V\u1eadn t\u1ed1c \u0111i\u1ec7n 45km\/h<\/li>\n<li><strong>Phanh D\u1ea7u Logan<\/strong><\/li>\n<li>L\u1ed1p 20&#215;4.0 th\u1ec3 thao<\/li>\n<li>Gi\u1ea3m shock k\u00e9p v\u1edbi Phu\u1ed9c D\u1ea7u v\u00e0 nh\u00fang y\u00ean b\u00e9o<\/li>\n<li>Baga ch\u00ednh h\u00e3ng cao c\u1ea5p, ch\u1ecbu t\u1ea3i 100kg<\/li>\n<li>M\u00e0n h\u00ecnh tinh th\u1ec3 l\u1ecfng cao c\u1ea5p<\/li>\n<li>L\u00edp Shimano 7 c\u1ea5p<\/li>\n<li>Ghi-\u0111\u00f4ng (tay l\u00e1i) d\u00e0i gi\u00fap \u0111i\u1ec1u khi\u1ec3n xe kh\u00e1 tho\u1ea3i m\u00e1i<\/li>\n<\/ul>\n","protected":false},"featured_media":3034,"comment_status":"open","ping_status":"closed","template":"","meta":{"site-sidebar-layout":"default","site-content-layout":"default","ast-site-content-layout":"default","site-content-style":"default","site-sidebar-style":"default","ast-global-header-display":"","ast-banner-title-visibility":"","ast-main-header-display":"","ast-hfb-above-header-display":"","ast-hfb-below-header-display":"","ast-hfb-mobile-header-display":"","site-post-title":"","ast-breadcrumbs-content":"","ast-featured-img":"","footer-sml-layout":"","theme-transparent-header-meta":"default","adv-header-id-meta":"","stick-header-meta":"","header-above-stick-meta":"","header-main-stick-meta":"","header-below-stick-meta":"","astra-migrate-meta-layouts":"set","ast-page-background-enabled":"default","ast-page-background-meta":{"desktop":{"background-color":"var(--ast-global-color-4)","background-image":"","background-repeat":"repeat","background-position":"center center","background-size":"auto","background-attachment":"scroll","background-type":"","background-media":"","overlay-type":"","overlay-color":"","overlay-gradient":""},"tablet":{"background-color":"","background-image":"","background-repeat":"repeat","background-position":"center center","background-size":"auto","background-attachment":"scroll","background-type":"","background-media":"","overlay-type":"","overlay-color":"","overlay-gradient":""},"mobile":{"background-color":"","background-image":"","background-repeat":"repeat","background-position":"center center","background-size":"auto","background-attachment":"scroll","background-type":"","background-media":"","overlay-type":"","overlay-color":"","overlay-gradient":""}},"ast-content-background-meta":{"desktop":{"background-color":"var(--ast-global-color-5)","background-image":"","background-repeat":"repeat","background-position":"center center","background-size":"auto","background-attachment":"scroll","background-type":"","background-media":"","overlay-type":"","overlay-color":"","overlay-gradient":""},"tablet":{"background-color":"var(--ast-global-color-5)","background-image":"","background-repeat":"repeat","background-position":"center center","background-size":"auto","background-attachment":"scroll","background-type":"","background-media":"","overlay-type":"","overlay-color":"","overlay-gradient":""},"mobile":{"background-color":"var(--ast-global-color-5)","background-image":"","background-repeat":"repeat","background-position":"center center","background-size":"auto","background-attachment":"scroll","background-type":"","background-media":"","overlay-type":"","overlay-color":"","overlay-gradient":""}}},"product_cat":[92,197,38],"product_tag":[255,126,202,170],"class_list":{"0":"post-3033","1":"product","2":"type-product","3":"status-publish","4":"has-post-thumbnail","6":"product_cat-xe-dap-banh-beo","7":"product_cat-xe-dap-dien-sr-ebike","8":"product_cat-xe-dap-gap","9":"product_tag-raptor-x-2025","10":"product_tag-xe-dap-dien-tro-luc","11":"product_tag-xe-dap-dien-tro-luc-banh-beo","12":"product_tag-xe-dap-tro-luc-dien-gap-gon","13":"desktop-align-left","14":"tablet-align-left","15":"mobile-align-left","16":"ast-product-gallery-layout-horizontal-slider","17":"ast-product-tabs-layout-horizontal","19":"first","20":"instock","21":"sale","22":"shipping-taxable","23":"purchasable","24":"product-type-simple"},"_links":{"self":[{"href":"https:\/\/antamebike.com\/index.php?rest_route=\/wp\/v2\/product\/3033","targetHints":{"allow":["GET"]}}],"collection":[{"href":"https:\/\/antamebike.com\/index.php?rest_route=\/wp\/v2\/product"}],"about":[{"href":"https:\/\/antamebike.com\/index.php?rest_route=\/wp\/v2\/types\/product"}],"replies":[{"embeddable":true,"href":"https:\/\/antamebike.com\/index.php?rest_route=%2Fwp%2Fv2%2Fcomments&post=3033"}],"wp:featuredmedia":[{"embeddable":true,"href":"https:\/\/antamebike.com\/index.php?rest_route=\/wp\/v2\/media\/3034"}],"wp:attachment":[{"href":"https:\/\/antamebike.com\/index.php?rest_route=%2Fwp%2Fv2%2Fmedia&parent=3033"}],"wp:term":[{"taxonomy":"product_cat","embeddable":true,"href":"https:\/\/antamebike.com\/index.php?rest_route=%2Fwp%2Fv2%2Fproduct_cat&post=3033"},{"taxonomy":"product_tag","embeddable":true,"href":"https:\/\/antamebike.com\/index.php?rest_route=%2Fwp%2Fv2%2Fproduct_tag&post=3033"}],"curies":[{"name":"wp","href":"https:\/\/api.w.org\/{rel}","templated":true}]}}