{"id":3053,"date":"2025-08-29T03:54:01","date_gmt":"2025-08-29T03:54:01","guid":{"rendered":"https:\/\/antamebike.com\/?post_type=product&#038;p=3053"},"modified":"2025-09-07T14:14:45","modified_gmt":"2025-09-07T14:14:45","slug":"twitter-r12-pro-sram-rival-usa","status":"publish","type":"product","link":"https:\/\/antamebike.com\/?product=twitter-r12-pro-sram-rival-usa","title":{"rendered":"Twitter R12 Pro &#8211; SRAM Rival USA"},"content":{"rendered":"<h1>Twitter R12: chi\u1ebfc xe \u0111\u1ea1p \u0111ua \u0111\u01b0\u1ee3c c\u00e1c anh \u01b0u ti\u00ean l\u1ef1a ch\u1ecdn<\/h1>\n<p>Twitter R12 th\u00ec \u0111\u00e3 qu\u00e1 ph\u1ed5 bi\u1ebfn cho ng\u01b0\u1eddi y\u00eau xe \u0111\u1ea1p \u0111ua r\u1ed3i. Tuy nhi\u00ean, m\u1ed9t s\u1ed1 anh v\u1eabn ch\u01b0a tho\u1ea3 m\u00e3n v\u1ec1 B\u1ed9 groupset Retrospec m\u00e0 h\u00e3ng \u0111\u00e3 trang bi v\u00e0 mong mu\u1ed1n c\u00f3 1 tr\u1ea3i nghi\u1ec7m chuy\u1ec3n \u0111\u1ed9ng cao h\u01a1n.<\/p>\n<p>Nay shop \u0111\u00e3 v\u1ec1 Twitter R12 n\u00e2ng c\u1ea5p v\u1edbi B\u1ed9 chuy\u1ec3n \u0111\u00f4ng SRAM Rival t\u1eeb M\u1ef9, cho nh\u1eefng Biker c\u00f3 y\u00eau c\u1ea7u kh\u1eafc khe h\u01a1n<\/p>\n<h2><span id=\"Kham_Pha_Twitter_R12_%E2%80%93_Chiec_Xe_Dap_Dang_Mo_Uoc\" class=\"ez-toc-section\"><\/span>Kh\u00e1m Ph\u00e1 Twitter R12 \u2013 Chi\u1ebfc Xe \u0110\u1ea1p r\u1ea5t \u0111\u00e1ng gi\u00e1<\/h2>\n<p>Twitter R12 Pro \u0111\u00e3 kh\u1eb3ng \u0111\u1ecbnh v\u1ecb th\u1ebf c\u1ee7a m\u00ecnh trong l\u00f2ng nh\u1eefng t\u00edn \u0111\u1ed3 xe \u0111\u1ea1p \u0111ua nh\u1edd thi\u1ebft k\u1ebf hi\u1ec7n \u0111\u1ea1i, tr\u1ea3i nghi\u1ec7m v\u01b0\u1ee3t tr\u1ed9i v\u00e0 \u0111\u1ed9 b\u1ec1n b\u1ec9.<\/p>\n<p>V\u1edbi khung s\u01b0\u1eddn Carbon si\u00eau nh\u1eb9, Phanh \u0111\u0129a d\u1ea7u ch\u1ea5t l\u01b0\u1ee3ng v\u00e0 b\u1ed9 Groupset cao c\u1ea5p, Twitter R12 Pro mang \u0111\u1ebfn tr\u1ea3i nghi\u1ec7m \u0111\u1ea1p xe tuy\u1ec7t v\u1eddi cho ng\u01b0\u1eddi d\u00f9ng.<\/p>\n<p>H\u00e3y c\u00f9ng kh\u00e1m ph\u00e1 nh\u1eefng \u0111i\u1ec3m \u0111\u1eb7c bi\u1ec7t c\u1ee7a Twitter R12 v\u00e0 l\u00fd do t\u1ea1i sao n\u00f3 l\u00e0 tr\u1edf th\u00e0nh m\u1eabu xe \u0111\u01b0\u1ee3c s\u0103n \u0111\u00f3n h\u00e0ng \u0111\u1ea7u c\u1ee7a d\u00f2ng xe \u0111\u1ea1p \u0111ua Twitter Carbon.<\/p>\n<p><img loading=\"lazy\" decoding=\"async\" class=\"alignnone wp-image-3056 size-large\" src=\"https:\/\/antamebike.com\/wp-content\/uploads\/2025\/08\/Twitter-R12-pro-S2-1024x1024.jpeg\" alt=\"\" width=\"1024\" height=\"1024\" srcset=\"https:\/\/antamebike.com\/wp-content\/uploads\/2025\/08\/Twitter-R12-pro-S2-1024x1024.jpeg 1024w, https:\/\/antamebike.com\/wp-content\/uploads\/2025\/08\/Twitter-R12-pro-S2-300x300.jpeg 300w, https:\/\/antamebike.com\/wp-content\/uploads\/2025\/08\/Twitter-R12-pro-S2-150x150.jpeg 150w, https:\/\/antamebike.com\/wp-content\/uploads\/2025\/08\/Twitter-R12-pro-S2-768x768.jpeg 768w, https:\/\/antamebike.com\/wp-content\/uploads\/2025\/08\/Twitter-R12-pro-S2-600x600.jpeg 600w, https:\/\/antamebike.com\/wp-content\/uploads\/2025\/08\/Twitter-R12-pro-S2-100x100.jpeg 100w, https:\/\/antamebike.com\/wp-content\/uploads\/2025\/08\/Twitter-R12-pro-S2.jpeg 1080w\" sizes=\"auto, (max-width: 1024px) 100vw, 1024px\" \/><\/p>\n<h2><span id=\"Thiet_Ke_Toi_Uu_Cho_Hieu_Suat_Toi_Da\" class=\"ez-toc-section\"><\/span>Thi\u1ebft K\u1ebf hi\u1ec7n \u0111\u1ea1i v\u00e0 Hi\u1ec7u Su\u1ea5t T\u1ed1i \u0110a<\/h2>\n<h3><span id=\"Khung_Suon_Carbon_Fiber\" class=\"ez-toc-section\"><\/span>Khung S\u01b0\u1eddn Carbon Fiber<\/h3>\n<p>Khung s\u01b0\u1eddn Carbon fiber c\u1ee7a Twitter R12 Pro l\u00e0 m\u1ed9t trong nh\u1eefng \u0111i\u1ec3m n\u1ed5i b\u1eadt nh\u1ea5t c\u1ee7a m\u1eabu xe n\u00e0y. Nh\u1edd v\u00e0o ch\u1ea5t li\u1ec7u carbon si\u00eau nh\u1eb9, khung s\u01b0\u1eddn gi\u00fap gi\u1ea3m tr\u1ecdng l\u01b0\u1ee3ng t\u1ed5ng th\u1ec3 c\u1ee7a xe xu\u1ed1ng ch\u1ec9 c\u00f2n 8.5 kg.<\/p>\n<p>Kh\u00f4ng ch\u1ec9 nh\u1eb9 nh\u00e0ng, khung carbon c\u00f2n mang l\u1ea1i \u0111\u1ed9 c\u1ee9ng c\u00e1p v\u00e0 kh\u1ea3 n\u0103ng ch\u1ecbu l\u1ef1c t\u1ed1t, gi\u00fap xe \u1ed5n \u0111\u1ecbnh h\u01a1n khi di chuy\u1ec3n \u1edf t\u1ed1c \u0111\u1ed9 cao.<\/p>\n<p><img loading=\"lazy\" decoding=\"async\" class=\"alignnone wp-image-2716 size-large\" src=\"https:\/\/antamebike.com\/wp-content\/uploads\/2024\/07\/Twitter-R12-p2-715x1024.jpg\" alt=\"\" width=\"715\" height=\"1024\" srcset=\"https:\/\/antamebike.com\/wp-content\/uploads\/2024\/07\/Twitter-R12-p2-715x1024.jpg 715w, https:\/\/antamebike.com\/wp-content\/uploads\/2024\/07\/Twitter-R12-p2-210x300.jpg 210w, https:\/\/antamebike.com\/wp-content\/uploads\/2024\/07\/Twitter-R12-p2-768x1100.jpg 768w, https:\/\/antamebike.com\/wp-content\/uploads\/2024\/07\/Twitter-R12-p2-600x859.jpg 600w, https:\/\/antamebike.com\/wp-content\/uploads\/2024\/07\/Twitter-R12-p2.jpg 894w\" sizes=\"auto, (max-width: 715px) 100vw, 715px\" \/><\/p>\n<p>&nbsp;<\/p>\n<h3><span id=\"Ghi-dong_va_Po-tang_Nhom_Nguyen_Khoi\" class=\"ez-toc-section\"><\/span>Ghi-\u0111\u00f4ng v\u00e0 P\u00f4-t\u0103ng C\u00e1 m\u1eadp li\u1ec1n kh\u1ed1i<\/h3>\n<p>Ghi-\u0111\u00f4ng v\u00e0 p\u00f4-t\u0103ng nh\u00f4m nguy\u00ean kh\u1ed1i c\u1ee7a Twitter R12 \u0111\u01b0\u1ee3c thi\u1ebft k\u1ebf li\u1ec1n m\u1ea1ch, t\u1ea1o n\u00ean v\u1ebb ngo\u00e0i m\u1ea1nh m\u1ebd v\u00e0 hi\u1ec7n \u0111\u1ea1i. Ch\u1ea5t li\u1ec7u nh\u00f4m kh\u00f4ng ch\u1ec9 b\u1ec1n b\u1ec9 m\u00e0 c\u00f2n gi\u00fap gi\u1ea3m tr\u1ecdng l\u01b0\u1ee3ng c\u1ee7a xe, mang l\u1ea1i tr\u1ea3i nghi\u1ec7m l\u00e1i nh\u1eb9 nh\u00e0ng v\u00e0 linh ho\u1ea1t.<\/p>\n<p><img loading=\"lazy\" decoding=\"async\" class=\"alignnone wp-image-2851 size-large\" src=\"https:\/\/antamebike.com\/wp-content\/uploads\/2024\/07\/Twitter-R12-Pro-3-1024x1024.png\" alt=\"\" width=\"1024\" height=\"1024\" srcset=\"https:\/\/antamebike.com\/wp-content\/uploads\/2024\/07\/Twitter-R12-Pro-3-1024x1024.png 1024w, https:\/\/antamebike.com\/wp-content\/uploads\/2024\/07\/Twitter-R12-Pro-3-300x300.png 300w, https:\/\/antamebike.com\/wp-content\/uploads\/2024\/07\/Twitter-R12-Pro-3-150x150.png 150w, https:\/\/antamebike.com\/wp-content\/uploads\/2024\/07\/Twitter-R12-Pro-3-768x768.png 768w, https:\/\/antamebike.com\/wp-content\/uploads\/2024\/07\/Twitter-R12-Pro-3-600x600.png 600w, https:\/\/antamebike.com\/wp-content\/uploads\/2024\/07\/Twitter-R12-Pro-3-100x100.png 100w, https:\/\/antamebike.com\/wp-content\/uploads\/2024\/07\/Twitter-R12-Pro-3.png 1080w\" sizes=\"auto, (max-width: 1024px) 100vw, 1024px\" \/><\/p>\n<p>&nbsp;<\/p>\n<h3><span id=\"Coc_Yen_Carbon\" class=\"ez-toc-section\"><\/span>C\u1ecdc Y\u00ean Carbon<\/h3>\n<p>C\u1ecdc y\u00ean carbon gi\u00fap gi\u1ea3m tr\u1ecdng l\u01b0\u1ee3ng t\u1ed5ng th\u1ec3 c\u1ee7a xe, \u0111\u1ed3ng th\u1eddi mang l\u1ea1i s\u1ef1 tho\u1ea3i m\u00e1i t\u1ed1i \u0111a cho ng\u01b0\u1eddi s\u1eed d\u1ee5ng. V\u1edbi thi\u1ebft k\u1ebf ergonomic, c\u1ecdc y\u00ean h\u1ed7 tr\u1ee3 ng\u01b0\u1eddi l\u00e1i trong su\u1ed1t h\u00e0nh tr\u00ecnh d\u00e0i, gi\u1ea3m thi\u1ec3u m\u1ec7t m\u1ecfi v\u00e0 c\u0103ng th\u1eb3ng.<\/p>\n<p><img loading=\"lazy\" decoding=\"async\" class=\"alignnone size-large wp-image-2711\" src=\"https:\/\/antamebike.com\/wp-content\/uploads\/2024\/07\/Twitter-R12-yen-1024x574.jpg\" sizes=\"auto, (max-width: 1024px) 100vw, 1024px\" srcset=\"https:\/\/antamebike.com\/wp-content\/uploads\/2024\/07\/Twitter-R12-yen-1024x574.jpg 1024w, https:\/\/antamebike.com\/wp-content\/uploads\/2024\/07\/Twitter-R12-yen-300x168.jpg 300w, https:\/\/antamebike.com\/wp-content\/uploads\/2024\/07\/Twitter-R12-yen-768x431.jpg 768w, https:\/\/antamebike.com\/wp-content\/uploads\/2024\/07\/Twitter-R12-yen-1536x862.jpg 1536w, https:\/\/antamebike.com\/wp-content\/uploads\/2024\/07\/Twitter-R12-yen-600x337.jpg 600w, https:\/\/antamebike.com\/wp-content\/uploads\/2024\/07\/Twitter-R12-yen.jpg 2000w\" alt=\"\" width=\"1024\" height=\"574\" \/><\/p>\n<p>&nbsp;<\/p>\n<h2><span id=\"Hieu_Suat_Vuot_Troi\" class=\"ez-toc-section\"><\/span>Tr\u1ea3i nghi\u1ec7m Hi\u1ec7u su\u1ea5t V\u01b0\u1ee3t tr\u1ed9i<\/h2>\n<h3><span id=\"Bo_Groupset_Retrospec_22_Cap\" class=\"ez-toc-section\"><\/span>Groupset SRAM RIVALn USA: 22 C\u1ea5p<\/h3>\n<p>Twitter R12 Pro th\u01b0\u1eddng ch\u1ec9 \u0111\u01b0\u1ee3c trang b\u1ecb b\u1ed9 Groupset Retrospec v\u1edbi 22 c\u1ea5p \u0111\u1ed9, bao g\u1ed3m SENSAH HRD6900-R2*11S v\u00e0 Tay \u0111\u1ec1 l\u1eafc Retrospec.<\/p>\n<p>Nay v\u1edbi R12 Pro n\u00e2ng c\u1ea5p x\u1ecbn h\u01a1n v\u1edbi B\u1ed9 SRAM Rival th\u00ec bao ph\u00ea v\u00e0 s\u1ebd tho\u1ea3 m\u00e3n v\u1edbi nh\u1eefng nhu c\u1ea7u kh\u1eafc khe c\u1ee7a c\u00e1c Bike kh\u00f3 t\u00ednh. H\u1ec7 th\u1ed1ng n\u00e0y chuy\u1ec3n s\u1ed1 kh\u00e1 m\u01b0\u1ee3t m\u00e0 v\u00e0 ch\u00ednh x\u00e1c h\u01a1n RS, gi\u00fap b\u1ea1n \u0111i\u1ec1u ch\u1ec9nh t\u1ed1c \u0111\u1ed9 d\u1ec5 d\u00e0ng v\u00e0 \u0111\u00e1p \u1ee9ng m\u1ecdi \u0111i\u1ec1u ki\u1ec7n \u0111\u1ecba h\u00ecnh.<\/p>\n<p>&nbsp;<\/p>\n<p><img loading=\"lazy\" decoding=\"async\" class=\"alignnone size-large wp-image-3054\" src=\"https:\/\/antamebike.com\/wp-content\/uploads\/2025\/08\/Twitter-R12-SRAM-2-1024x1024.jpeg\" alt=\"\" width=\"1024\" height=\"1024\" srcset=\"https:\/\/antamebike.com\/wp-content\/uploads\/2025\/08\/Twitter-R12-SRAM-2-1024x1024.jpeg 1024w, https:\/\/antamebike.com\/wp-content\/uploads\/2025\/08\/Twitter-R12-SRAM-2-300x300.jpeg 300w, https:\/\/antamebike.com\/wp-content\/uploads\/2025\/08\/Twitter-R12-SRAM-2-150x150.jpeg 150w, https:\/\/antamebike.com\/wp-content\/uploads\/2025\/08\/Twitter-R12-SRAM-2-768x768.jpeg 768w, https:\/\/antamebike.com\/wp-content\/uploads\/2025\/08\/Twitter-R12-SRAM-2-600x600.jpeg 600w, https:\/\/antamebike.com\/wp-content\/uploads\/2025\/08\/Twitter-R12-SRAM-2-100x100.jpeg 100w, https:\/\/antamebike.com\/wp-content\/uploads\/2025\/08\/Twitter-R12-SRAM-2.jpeg 1080w\" sizes=\"auto, (max-width: 1024px) 100vw, 1024px\" \/><\/p>\n<h3><span id=\"Phanh_Dia_Dau_Retrospec\" class=\"ez-toc-section\"><\/span>Phanh \u0110\u0129a D\u1ea7u Retrospec<\/h3>\n<p>H\u1ec7 th\u1ed1ng phanh \u0111\u0129a heo D\u1ea7u Retrospec c\u1ee7a Twitter R12 Pro kh\u00e1 \u00eam \u00e1i v\u00e0 ch\u1eafc ch\u1eafn, \u0111\u1ea3m b\u1ea3o an to\u00e0n tuy\u1ec7t \u0111\u1ed1i khi di chuy\u1ec3n.<\/p>\n<p>Phanh \u0111\u0129a th\u1ee7y l\u1ef1c cung c\u1ea5p l\u1ef1c phanh m\u1ea1nh m\u1ebd v\u00e0 \u1ed5n \u0111\u1ecbnh, gi\u00fap b\u1ea1n ki\u1ec3m so\u00e1t t\u1ed1c \u0111\u1ed9 t\u1ed1t h\u01a1n, \u0111\u1eb7c bi\u1ec7t tr\u00ean nh\u1eefng \u0111o\u1ea1n \u0111\u01b0\u1eddng d\u1ed1c ho\u1eb7c trong \u0111i\u1ec1u ki\u1ec7n th\u1eddi ti\u1ebft kh\u00f4ng thu\u1eadn l\u1ee3i.<\/p>\n<p><img loading=\"lazy\" decoding=\"async\" class=\"alignnone size-medium wp-image-2715\" src=\"https:\/\/antamebike.com\/wp-content\/uploads\/2024\/07\/Twitter-R12-phnah-218x300.jpg\" sizes=\"auto, (max-width: 218px) 100vw, 218px\" srcset=\"https:\/\/antamebike.com\/wp-content\/uploads\/2024\/07\/Twitter-R12-phnah-218x300.jpg 218w, https:\/\/antamebike.com\/wp-content\/uploads\/2024\/07\/Twitter-R12-phnah-742x1024.jpg 742w, https:\/\/antamebike.com\/wp-content\/uploads\/2024\/07\/Twitter-R12-phnah-768x1059.jpg 768w, https:\/\/antamebike.com\/wp-content\/uploads\/2024\/07\/Twitter-R12-phnah-600x828.jpg 600w, https:\/\/antamebike.com\/wp-content\/uploads\/2024\/07\/Twitter-R12-phnah.jpg 928w\" alt=\"\" width=\"218\" height=\"300\" \/> <img loading=\"lazy\" decoding=\"async\" class=\"alignnone size-medium wp-image-2716\" src=\"https:\/\/antamebike.com\/wp-content\/uploads\/2024\/07\/Twitter-R12-p2-210x300.jpg\" sizes=\"auto, (max-width: 210px) 100vw, 210px\" srcset=\"https:\/\/antamebike.com\/wp-content\/uploads\/2024\/07\/Twitter-R12-p2-210x300.jpg 210w, https:\/\/antamebike.com\/wp-content\/uploads\/2024\/07\/Twitter-R12-p2-715x1024.jpg 715w, https:\/\/antamebike.com\/wp-content\/uploads\/2024\/07\/Twitter-R12-p2-768x1100.jpg 768w, https:\/\/antamebike.com\/wp-content\/uploads\/2024\/07\/Twitter-R12-p2-600x859.jpg 600w, https:\/\/antamebike.com\/wp-content\/uploads\/2024\/07\/Twitter-R12-p2.jpg 894w\" alt=\"\" width=\"210\" height=\"300\" \/><\/p>\n<p>&nbsp;<\/p>\n<h3><span id=\"Hub_Retrospec_Nhom_CNC_Coi_No_To\" class=\"ez-toc-section\"><\/span>Hub Retrospec Nh\u00f4m CNC, C\u1ed1i N\u1ed5 To<\/h3>\n<p>Hub Retrospec nh\u00f4m CNC v\u1edbi c\u1ed1i n\u1ed5 to gi\u00fap t\u0103ng c\u01b0\u1eddng hi\u1ec7u su\u1ea5t \u0111\u1ea1p xe, mang l\u1ea1i tr\u1ea3i nghi\u1ec7m m\u1ea1nh m\u1ebd v\u00e0 th\u00fa v\u1ecb. H\u1ec7 th\u1ed1ng n\u00e0y kh\u00f4ng ch\u1ec9 n\u00e2ng cao hi\u1ec7u su\u1ea5t m\u00e0 c\u00f2n \u0111\u1ea3m b\u1ea3o \u0111\u1ed9 b\u1ec1n cao v\u00e0 kh\u1ea3 n\u0103ng ch\u1ecbu l\u1ef1c t\u1ed1t.<\/p>\n<p><img loading=\"lazy\" decoding=\"async\" class=\"alignnone wp-image-2717 size-large\" src=\"https:\/\/antamebike.com\/wp-content\/uploads\/2024\/07\/Twitter-R12-lip-764x1024.jpg\" sizes=\"auto, (max-width: 764px) 100vw, 764px\" srcset=\"https:\/\/antamebike.com\/wp-content\/uploads\/2024\/07\/Twitter-R12-lip-764x1024.jpg 764w, https:\/\/antamebike.com\/wp-content\/uploads\/2024\/07\/Twitter-R12-lip-224x300.jpg 224w, https:\/\/antamebike.com\/wp-content\/uploads\/2024\/07\/Twitter-R12-lip-768x1029.jpg 768w, https:\/\/antamebike.com\/wp-content\/uploads\/2024\/07\/Twitter-R12-lip-600x804.jpg 600w, https:\/\/antamebike.com\/wp-content\/uploads\/2024\/07\/Twitter-R12-lip.jpg 955w\" alt=\"\" width=\"764\" height=\"1024\" \/><\/p>\n<p>&nbsp;<\/p>\n<h2><span id=\"Thanh_Phan_Chat_Luong_Cao\" class=\"ez-toc-section\"><\/span>Th\u00e0nh Ph\u1ea7n Ch\u1ea5t L\u01b0\u1ee3ng Cao<\/h2>\n<h3><span id=\"Lop_INNOVA-PRO_Black_70025C\" class=\"ez-toc-section\"><\/span>L\u1ed1p INNOVA-PRO, Black, 700*25C<\/h3>\n<p>Twitter R12 s\u1eed d\u1ee5ng l\u1ed1p INNOVA-PRO v\u1edbi k\u00edch th\u01b0\u1edbc 700*25C, mang l\u1ea1i \u0111\u1ed9 b\u00e1m \u0111\u01b0\u1eddng t\u1ed1t v\u00e0 kh\u1ea3 n\u0103ng ch\u1ed1ng tr\u01b0\u1ee3t cao. L\u1ed1p xe n\u00e0y \u0111\u1ea3m b\u1ea3o s\u1ef1 \u00eam \u00e1i v\u00e0 \u1ed5n \u0111\u1ecbnh, gi\u00fap b\u1ea1n d\u1ec5 d\u00e0ng v\u01b0\u1ee3t qua m\u1ecdi ch\u01b0\u1edbng ng\u1ea1i v\u1eadt tr\u00ean \u0111\u01b0\u1eddng.<\/p>\n<p><img loading=\"lazy\" decoding=\"async\" class=\"alignnone size-large wp-image-2718\" src=\"https:\/\/antamebike.com\/wp-content\/uploads\/2024\/07\/Twitter-R12-lop-1024x574.jpg\" sizes=\"auto, (max-width: 1024px) 100vw, 1024px\" srcset=\"https:\/\/antamebike.com\/wp-content\/uploads\/2024\/07\/Twitter-R12-lop-1024x574.jpg 1024w, https:\/\/antamebike.com\/wp-content\/uploads\/2024\/07\/Twitter-R12-lop-300x168.jpg 300w, https:\/\/antamebike.com\/wp-content\/uploads\/2024\/07\/Twitter-R12-lop-768x431.jpg 768w, https:\/\/antamebike.com\/wp-content\/uploads\/2024\/07\/Twitter-R12-lop-1536x862.jpg 1536w, https:\/\/antamebike.com\/wp-content\/uploads\/2024\/07\/Twitter-R12-lop-600x337.jpg 600w, https:\/\/antamebike.com\/wp-content\/uploads\/2024\/07\/Twitter-R12-lop.jpg 2000w\" alt=\"\" width=\"1024\" height=\"574\" \/><\/p>\n<p>&nbsp;<\/p>\n<h3><span id=\"Thong_so_ky_thuat_cua_Twitter_R12\" class=\"ez-toc-section\"><\/span>Th\u00f4ng s\u1ed1 k\u1ef9 thu\u1eadt c\u1ee7a Twitter R12<\/h3>\n<table>\n<tbody>\n<tr>\n<td><b>S\u1ea2N PH\u1ea8M<\/b><\/td>\n<td>TWITTER R12 SRAM RIVAL<\/td>\n<\/tr>\n<tr>\n<td><b>Khung<\/b><\/td>\n<td>Carbon Fiber, D\u00e2y \u00e2m s\u01b0\u1eddn<\/td>\n<\/tr>\n<tr>\n<td><b>C\u00e0ng xe<\/b><\/td>\n<td>Carbon Fiber<\/td>\n<\/tr>\n<tr>\n<td><b>Ghi \u0111\u00f4ng<\/b><\/td>\n<td>C\u00e1 M\u1eadp li\u1ec1n kh\u1ed1i<\/td>\n<\/tr>\n<tr>\n<td><b>P\u00f4 t\u0103ng\/c\u1ed5 xe<\/b><\/td>\n<td>H\u1ee3p kim nh\u00f4m<\/td>\n<\/tr>\n<tr>\n<td><b>H\u1ec7 th\u1ed1ng Phanh (Th\u1eafng)<\/b><\/td>\n<td>Th\u1eafng \u0111\u0129a c\u01a1 heo d\u1ea7u<\/td>\n<\/tr>\n<tr>\n<td><b>Tay \u0111\u1ec1 l\u1eafc<\/b><\/td>\n<td><strong>SRAM RIVAL (2 \u0111\u0129a, 11 l\u00edp)<\/strong><\/td>\n<\/tr>\n<tr>\n<td><b>T\u0103ng t\u1ed1c tr\u01b0\u1edbc (G\u1ea1t \u0111\u0129a)<\/b><\/td>\n<td>SRAM RIVAL<\/td>\n<\/tr>\n<tr>\n<td><b>T\u0103ng t\u1ed1c sau (G\u1ea1t l\u00edp)<\/b><\/td>\n<td>SRAM RIVAL<\/td>\n<\/tr>\n<tr>\n<td><b>\u0110\u00f9i \u0111\u0129a<\/b><\/td>\n<td>H\u1ee3p kim nh\u00f4m Prowheel, C\u1ed1t r\u1ed7ng, B\u1ea1c \u0111\u1ea1n<\/td>\n<\/tr>\n<tr>\n<td><b>D\u0129a<\/b><\/td>\n<td>2 T\u1ea7ng<\/td>\n<\/tr>\n<tr>\n<td><b>L\u00edp sau<\/b><\/td>\n<td>L\u00edp th\u1ea3 Sugek, 11 t\u1ea7ng<\/td>\n<\/tr>\n<tr>\n<td><b>X\u00edch<\/b><\/td>\n<td>SUMC 11 t\u1ed1c \u0111\u1ed9<\/td>\n<\/tr>\n<tr>\n<td><b>\u0110\u00f9m xe<\/b><\/td>\n<td>H\u1ee3p kim nh\u00f4m RETROSPEC, Bi b\u1ea1c \u0111\u1ea1n<\/td>\n<\/tr>\n<tr>\n<td><b>V\u00e0nh xe<\/b><\/td>\n<td>H\u1ee3p kim nh\u00f4m RETROSPEC<\/td>\n<\/tr>\n<tr>\n<td><b>L\u1ed1p<\/b><\/td>\n<td>Innova (700x25C)<\/td>\n<\/tr>\n<tr>\n<td><b>Y\u00ean\u00a0<\/b><\/td>\n<td>TWITTER<\/td>\n<\/tr>\n<tr>\n<td><b>C\u1ecdc\/c\u1ed1t y\u00ean<\/b><\/td>\n<td>CARBON FIBER<\/td>\n<\/tr>\n<tr>\n<td><b>Tr\u1ecdng l\u01b0\u1ee3ng th\u00f9ng<\/b><\/td>\n<td>12kg \u2013 148x34x73<\/td>\n<\/tr>\n<tr>\n<td><b>Tr\u1ecdng l\u01b0\u1ee3ng xe<\/b><\/td>\n<td>8.9kg<\/td>\n<\/tr>\n<tr>\n<td colspan=\"2\">* L\u01b0u \u00fd: Tu\u1ef3 l\u00f4 s\u1ea3n xu\u1ea5t, trang b\u1ecb k\u1ef9 thu\u1eadt c\u00f3 th\u1ec3 thay \u0111\u1ed1i 1 \u00edt nh\u1eb1m n\u00e2ng cao ch\u1ea5t l\u01b0\u1ee3ng xe c\u1ee7a Twitter<\/td>\n<\/tr>\n<\/tbody>\n<\/table>\n<h2><span id=\"Trai_Nghiem_Lai_Tuyet_Voi\" class=\"ez-toc-section\"><\/span>Tr\u1ea3i Nghi\u1ec7m L\u00e1i Tuy\u1ec7t V\u1eddi<\/h2>\n<h3><span id=\"Tu_The_Ngoi_Thoai_Mai\" class=\"ez-toc-section\"><\/span>T\u01b0 Th\u1ebf Ng\u1ed3i Tho\u1ea3i M\u00e1i<\/h3>\n<p>V\u1edbi thi\u1ebft k\u1ebf ghi-\u0111\u00f4ng hi\u1ec7n \u0111\u1ea1i v\u00e0 y\u00ean xe tho\u1ea3i m\u00e1i, Twitter R12 mang l\u1ea1i t\u01b0 th\u1ebf ng\u1ed3i t\u1ed1i \u01b0u cho ng\u01b0\u1eddi l\u00e1i. \u0110i\u1ec1u n\u00e0y gi\u00fap gi\u1ea3m m\u1ec7t m\u1ecfi v\u00e0 c\u0103ng th\u1eb3ng khi di chuy\u1ec3n trong th\u1eddi gian d\u00e0i, \u0111\u1ed3ng th\u1eddi t\u0103ng c\u01b0\u1eddng hi\u1ec7u su\u1ea5t \u0111\u1ea1p xe.<\/p>\n<p><img loading=\"lazy\" decoding=\"async\" class=\"alignnone size-large wp-image-2719\" src=\"https:\/\/antamebike.com\/wp-content\/uploads\/2024\/07\/Twitter-R12-xam-1024x1024.jpeg\" sizes=\"auto, (max-width: 1024px) 100vw, 1024px\" srcset=\"https:\/\/antamebike.com\/wp-content\/uploads\/2024\/07\/Twitter-R12-xam-1024x1024.jpeg 1024w, https:\/\/antamebike.com\/wp-content\/uploads\/2024\/07\/Twitter-R12-xam-300x300.jpeg 300w, https:\/\/antamebike.com\/wp-content\/uploads\/2024\/07\/Twitter-R12-xam-150x150.jpeg 150w, https:\/\/antamebike.com\/wp-content\/uploads\/2024\/07\/Twitter-R12-xam-768x768.jpeg 768w, https:\/\/antamebike.com\/wp-content\/uploads\/2024\/07\/Twitter-R12-xam-1536x1536.jpeg 1536w, https:\/\/antamebike.com\/wp-content\/uploads\/2024\/07\/Twitter-R12-xam-2048x2048.jpeg 2048w, https:\/\/antamebike.com\/wp-content\/uploads\/2024\/07\/Twitter-R12-xam-600x600.jpeg 600w, https:\/\/antamebike.com\/wp-content\/uploads\/2024\/07\/Twitter-R12-xam-100x100.jpeg 100w\" alt=\"\" width=\"1024\" height=\"1024\" \/><\/p>\n<p>&nbsp;<\/p>\n<h3><span id=\"Tinh_Linh_Hoat_Cao\" class=\"ez-toc-section\"><\/span>T\u00ednh Linh Ho\u1ea1t Cao<\/h3>\n<p>Twitter R12 Pro kh\u00f4ng ch\u1ec9 ph\u00f9 h\u1ee3p cho c\u00e1c chuy\u1ebfn \u0111i \u0111\u01b0\u1eddng tr\u01b0\u1eddng m\u00e0 c\u00f2n l\u00fd t\u01b0\u1edfng cho vi\u1ec7c di chuy\u1ec3n trong th\u00e0nh ph\u1ed1. Kh\u1ea3 n\u0103ng linh ho\u1ea1t v\u00e0 d\u1ec5 \u0111i\u1ec1u khi\u1ec3n c\u1ee7a xe gi\u00fap b\u1ea1n d\u1ec5 d\u00e0ng v\u01b0\u1ee3t qua c\u00e1c \u0111o\u1ea1n \u0111\u01b0\u1eddng \u0111\u00f4ng \u0111\u00fac hay c\u00e1c ng\u00e3 r\u1ebd h\u1eb9p.<\/p>\n<h2><span id=\"Ket_Luan_Twitter_R12_%E2%80%93_Lua_Chon_Toi_Uu_Cho_Nguoi_Yeu_The_Thao\" class=\"ez-toc-section\"><\/span>K\u1ebft Lu\u1eadn: Twitter R12 PRO SRAM Rival \u2013 L\u1ef1a Ch\u1ecdn T\u1ed1i \u01afu Cho Ng\u01b0\u1eddi Y\u00eau Th\u1ec3 Thao<\/h2>\n<p>Twitter R12 kh\u00f4ng ch\u1ec9 l\u00e0 m\u1ed9t chi\u1ebfc xe \u0111\u1ea1p th\u1ec3 thao v\u1edbi thi\u1ebft k\u1ebf hi\u1ec7n \u0111\u1ea1i v\u00e0 c\u1ea5u h\u00ecnh m\u1ea1nh m\u1ebd, m\u00e0 c\u00f2n l\u00e0 m\u1ed9t l\u1ef1a ch\u1ecdn kinh t\u1ebf v\u00e0 h\u1ee3p l\u00fd cho ng\u01b0\u1eddi d\u00f9ng. V\u1edbi s\u1ef1 k\u1ebft h\u1ee3p ho\u00e0n h\u1ea3o gi\u1eefa ch\u1ea5t l\u01b0\u1ee3ng v\u00e0 gi\u00e1 c\u1ea3, Twitter R12 ch\u1eafc ch\u1eafn s\u1ebd l\u00e0m h\u00e0i l\u00f2ng c\u1ea3 nh\u1eefng ng\u01b0\u1eddi ch\u01a1i d\u00f2ng road.<\/p>\n<p><img loading=\"lazy\" decoding=\"async\" class=\"alignnone wp-image-3055 size-large\" src=\"https:\/\/antamebike.com\/wp-content\/uploads\/2025\/08\/Twitter-R12-pro-S-1024x1024.png\" alt=\"\" width=\"1024\" height=\"1024\" srcset=\"https:\/\/antamebike.com\/wp-content\/uploads\/2025\/08\/Twitter-R12-pro-S-1024x1024.png 1024w, https:\/\/antamebike.com\/wp-content\/uploads\/2025\/08\/Twitter-R12-pro-S-300x300.png 300w, https:\/\/antamebike.com\/wp-content\/uploads\/2025\/08\/Twitter-R12-pro-S-150x150.png 150w, https:\/\/antamebike.com\/wp-content\/uploads\/2025\/08\/Twitter-R12-pro-S-768x768.png 768w, https:\/\/antamebike.com\/wp-content\/uploads\/2025\/08\/Twitter-R12-pro-S-600x600.png 600w, https:\/\/antamebike.com\/wp-content\/uploads\/2025\/08\/Twitter-R12-pro-S-100x100.png 100w, https:\/\/antamebike.com\/wp-content\/uploads\/2025\/08\/Twitter-R12-pro-S.png 1080w\" sizes=\"auto, (max-width: 1024px) 100vw, 1024px\" \/><\/p>\n<p>&nbsp;<\/p>\n<p>H\u00e3y \u0111\u1ebfn c\u1eeda h\u00e0ng g\u1ea7n nh\u1ea5t c\u1ee7a Xe \u0111\u1ea1p Twitter S\u00e0i G\u00f2n ho\u1eb7c truy c\u1eadp website c\u1ee7a ch\u00fang t\u00f4i \u0111\u1ec3 s\u1edf h\u1eefu ngay Twitter R12 Pro SRAM Rival v\u00e0 b\u1eaft \u0111\u1ea7u nh\u1eefng cu\u1ed9c phi\u00eau l\u01b0u \u0111\u1ea7y th\u00fa v\u1ecb!<\/p>\n<p>Mua h\u00e0ng t\u1ea1i Xe \u0111\u1ea1p An T\u00e2m s\u1ebd lu\u00f4n c\u00f3 Gi\u00e1 \u01b0u \u0111\u00e3i t\u1ed1t nh\u1ea5t.<\/p>\n<p>LH 077 802.3388<\/p>\n","protected":false},"excerpt":{"rendered":"<h4>Group SRAM Rival USA<\/h4>\n<ul>\n<li>Khung, C\u00e0ng: carbon si\u00eau nh\u1eb9<\/li>\n<li>C\u1ecdc Y\u00ean: Cabon Fiber<\/li>\n<li>Ghi-\u0111\u00f4ng: Li\u1ec1n kh\u1ed1i, \u0111\u1ea7u c\u00e1 m\u1eadp<\/li>\n<li>Phanh \u0111\u0129a Heo d\u1ea7u<\/li>\n<li>Tay \u0111\u1ec1 l\u1eafc: SRAM 2*11 speed<\/li>\n<li>\u0110\u00f9i \u0111\u0129a: Wheel Top Tr\u1ee5c r\u1ed7ng \u2013 Nh\u00f4m 2 \u0111\u0129a, c\u1ed1t BB<\/li>\n<li>L\u00edp: SUNSHINE \u2013 L\u00edp th\u1ea3 11 t\u1ea7ng<\/li>\n<li>X\u00edch: YBN<\/li>\n<li>Hub \u00a0RETROSPEC \u2013 Nh\u00f4m CNC, 4 b\u1ea1c: si\u00eau tr\u1edbn, C\u1ed1i n\u1ed5 to<\/li>\n<li>V\u00e0nh: RETROSPEC- V\u00e0nh nh\u00f4m 2 l\u1edbp cao 4cm<\/li>\n<li>L\u1ed1p: Innova Pro 700x25C<\/li>\n<li>Y\u00ean: Twitter si\u00eau \u00eam<\/li>\n<\/ul>\n","protected":false},"featured_media":3055,"comment_status":"open","ping_status":"closed","template":"","meta":{"site-sidebar-layout":"default","site-content-layout":"","ast-site-content-layout":"default","site-content-style":"default","site-sidebar-style":"default","ast-global-header-display":"","ast-banner-title-visibility":"","ast-main-header-display":"","ast-hfb-above-header-display":"","ast-hfb-below-header-display":"","ast-hfb-mobile-header-display":"","site-post-title":"","ast-breadcrumbs-content":"","ast-featured-img":"","footer-sml-layout":"","theme-transparent-header-meta":"default","adv-header-id-meta":"","stick-header-meta":"","header-above-stick-meta":"","header-main-stick-meta":"","header-below-stick-meta":"","astra-migrate-meta-layouts":"set","ast-page-background-enabled":"default","ast-page-background-meta":{"desktop":{"background-color":"var(--ast-global-color-4)","background-image":"","background-repeat":"repeat","background-position":"center center","background-size":"auto","background-attachment":"scroll","background-type":"","background-media":"","overlay-type":"","overlay-color":"","overlay-gradient":""},"tablet":{"background-color":"","background-image":"","background-repeat":"repeat","background-position":"center center","background-size":"auto","background-attachment":"scroll","background-type":"","background-media":"","overlay-type":"","overlay-color":"","overlay-gradient":""},"mobile":{"background-color":"","background-image":"","background-repeat":"repeat","background-position":"center center","background-size":"auto","background-attachment":"scroll","background-type":"","background-media":"","overlay-type":"","overlay-color":"","overlay-gradient":""}},"ast-content-background-meta":{"desktop":{"background-color":"var(--ast-global-color-5)","background-image":"","background-repeat":"repeat","background-position":"center center","background-size":"auto","background-attachment":"scroll","background-type":"","background-media":"","overlay-type":"","overlay-color":"","overlay-gradient":""},"tablet":{"background-color":"var(--ast-global-color-5)","background-image":"","background-repeat":"repeat","background-position":"center center","background-size":"auto","background-attachment":"scroll","background-type":"","background-media":"","overlay-type":"","overlay-color":"","overlay-gradient":""},"mobile":{"background-color":"var(--ast-global-color-5)","background-image":"","background-repeat":"repeat","background-position":"center center","background-size":"auto","background-attachment":"scroll","background-type":"","background-media":"","overlay-type":"","overlay-color":"","overlay-gradient":""}}},"product_cat":[227,208],"product_tag":[256],"class_list":{"0":"post-3053","1":"product","2":"type-product","3":"status-publish","4":"has-post-thumbnail","6":"product_cat-twitter-tay-cong","7":"product_cat-xe-dap-twitter","8":"product_tag-twitter-r12-sram","9":"desktop-align-left","10":"tablet-align-left","11":"mobile-align-left","12":"ast-product-gallery-layout-horizontal-slider","13":"ast-product-tabs-layout-horizontal","15":"first","16":"instock","17":"sale","18":"shipping-taxable","19":"purchasable","20":"product-type-simple"},"_links":{"self":[{"href":"https:\/\/antamebike.com\/index.php?rest_route=\/wp\/v2\/product\/3053","targetHints":{"allow":["GET"]}}],"collection":[{"href":"https:\/\/antamebike.com\/index.php?rest_route=\/wp\/v2\/product"}],"about":[{"href":"https:\/\/antamebike.com\/index.php?rest_route=\/wp\/v2\/types\/product"}],"replies":[{"embeddable":true,"href":"https:\/\/antamebike.com\/index.php?rest_route=%2Fwp%2Fv2%2Fcomments&post=3053"}],"wp:featuredmedia":[{"embeddable":true,"href":"https:\/\/antamebike.com\/index.php?rest_route=\/wp\/v2\/media\/3055"}],"wp:attachment":[{"href":"https:\/\/antamebike.com\/index.php?rest_route=%2Fwp%2Fv2%2Fmedia&parent=3053"}],"wp:term":[{"taxonomy":"product_cat","embeddable":true,"href":"https:\/\/antamebike.com\/index.php?rest_route=%2Fwp%2Fv2%2Fproduct_cat&post=3053"},{"taxonomy":"product_tag","embeddable":true,"href":"https:\/\/antamebike.com\/index.php?rest_route=%2Fwp%2Fv2%2Fproduct_tag&post=3053"}],"curies":[{"name":"wp","href":"https:\/\/api.w.org\/{rel}","templated":true}]}}