{"id":357,"date":"2022-09-15T14:33:18","date_gmt":"2022-09-15T14:33:18","guid":{"rendered":"https:\/\/antamebike.com\/?post_type=product&#038;p=357"},"modified":"2023-06-09T12:18:20","modified_gmt":"2023-06-09T12:18:20","slug":"gac-ba-ga-cho-xe-dap-himo-z20","status":"publish","type":"product","link":"https:\/\/antamebike.com\/?product=gac-ba-ga-cho-xe-dap-himo-z20","title":{"rendered":"G\u00e1c ba ga cho xe \u0111\u1ea1p Himo z20"},"content":{"rendered":"<div class=\"woocommerce-tabs wc-tabs-wrapper\">\n<div id=\"tab-description\" class=\"woocommerce-Tabs-panel woocommerce-Tabs-panel--description panel entry-content wc-tab\" role=\"tabpanel\" aria-labelledby=\"tab-title-description\">\n<p>Gacbaga (g\u00e1c ba ga) sau cho xe \u0111\u1ea1p<\/p>\n<p>\u0110\u1eb7c bi\u1ec7t l\u00e0 d\u00f9ng cho c\u00e1c d\u00f2ng xe b\u00e1nh size 20<\/p>\n<p>S\u1ea3n ph\u1ea9m cao c\u1ea5p l\u1eafp r\u1ea5t v\u1eeba v\u1eb7n cho Himo Z20,Himo C20, ADO A20&#8230;<\/p>\n<p>T\u00ednh th\u1ea9m m\u1ef9 r\u1ea5t cao<\/p>\n<p>Ch\u1ea5t l\u01b0\u1ee3ng h\u1ee3p kim nh\u00f4m r\u1ea5t nh\u1eb9 v\u00e0 \u0111\u1ed9 c\u1ee9ng cao<\/p>\n<p>&#8211; K\u00edch th\u01b0\u1edbc 53 x 13cm<\/p>\n<p>&#8211; T\u1ea3i tr\u1ecdng: 50kg<\/p>\n<p>Zalo v\u00e0 s\u0111t : 077 8023388<\/p>\n<p>#Himo #z20 #C20 #C26 #ado #adoA20 #fiido #adoD30 #AdoA20F #phukienxedap #taynamxedap #chanchongxedap #chantrong #xedapcu #yenxe #roxedap #senxedap #gacbaga #lipxedap #xedaptreemlanq #xe\u0111\u1ea1ptr\u1ebbemlanq #xedaptreem #xe\u0111aptr\u1ebbem #xelanq #xeLanQ #xe\u0111\u1ea1p #xedap #xedapembe #xe\u0111\u1ea1pemb\u00e9 #denhauxedap #denduoixedap #baga #bagathethao #yensau #bagaleonui #ruotxedap #samxedap #voxedap #lopxedap #banhxedap<\/p>\n<\/div>\n<\/div>\n<section class=\"related products\"><\/section>\n","protected":false},"excerpt":{"rendered":"<p>Gacbaga (g\u00e1c ba ga) sau cho xe \u0111\u1ea1p<\/p>\n<p>\u0110\u1eb7c bi\u1ec7t l\u00e0 d\u00f9ng cho c\u00e1c d\u00f2ng xe b\u00e1nh size 20<\/p>\n<p>S\u1ea3n ph\u1ea9m cao c\u1ea5p l\u1eafp r\u1ea5t v\u1eeba v\u1eb7n cho Himo Z20,Himo C20, ADO A20&#8230;<\/p>\n","protected":false},"featured_media":360,"comment_status":"open","ping_status":"closed","template":"","meta":{"site-sidebar-layout":"default","site-content-layout":"default","ast-site-content-layout":"","site-content-style":"default","site-sidebar-style":"default","ast-global-header-display":"","ast-banner-title-visibility":"","ast-main-header-display":"","ast-hfb-above-header-display":"","ast-hfb-below-header-display":"","ast-hfb-mobile-header-display":"","site-post-title":"","ast-breadcrumbs-content":"","ast-featured-img":"","footer-sml-layout":"","theme-transparent-header-meta":"default","adv-header-id-meta":"","stick-header-meta":"","header-above-stick-meta":"","header-main-stick-meta":"","header-below-stick-meta":"","astra-migrate-meta-layouts":"default","ast-page-background-enabled":"default","ast-page-background-meta":{"desktop":{"background-color":"var(--ast-global-color-4)","background-image":"","background-repeat":"repeat","background-position":"center center","background-size":"auto","background-attachment":"scroll","background-type":"","background-media":"","overlay-type":"","overlay-color":"","overlay-gradient":""},"tablet":{"background-color":"","background-image":"","background-repeat":"repeat","background-position":"center center","background-size":"auto","background-attachment":"scroll","background-type":"","background-media":"","overlay-type":"","overlay-color":"","overlay-gradient":""},"mobile":{"background-color":"","background-image":"","background-repeat":"repeat","background-position":"center center","background-size":"auto","background-attachment":"scroll","background-type":"","background-media":"","overlay-type":"","overlay-color":"","overlay-gradient":""}},"ast-content-background-meta":{"desktop":{"background-color":"var(--ast-global-color-5)","background-image":"","background-repeat":"repeat","background-position":"center center","background-size":"auto","background-attachment":"scroll","background-type":"","background-media":"","overlay-type":"","overlay-color":"","overlay-gradient":""},"tablet":{"background-color":"var(--ast-global-color-5)","background-image":"","background-repeat":"repeat","background-position":"center center","background-size":"auto","background-attachment":"scroll","background-type":"","background-media":"","overlay-type":"","overlay-color":"","overlay-gradient":""},"mobile":{"background-color":"var(--ast-global-color-5)","background-image":"","background-repeat":"repeat","background-position":"center center","background-size":"auto","background-attachment":"scroll","background-type":"","background-media":"","overlay-type":"","overlay-color":"","overlay-gradient":""}}},"product_cat":[43],"product_tag":[76,27,77,24],"class_list":{"0":"post-357","1":"product","2":"type-product","3":"status-publish","4":"has-post-thumbnail","6":"product_cat-phu-kien","7":"product_tag-gac-baga","8":"product_tag-himo","9":"product_tag-phu-kien-xe-dap","10":"product_tag-xiaomi","11":"desktop-align-left","12":"tablet-align-left","13":"mobile-align-left","14":"ast-product-gallery-layout-horizontal-slider","15":"ast-product-tabs-layout-horizontal","17":"first","18":"instock","19":"featured","20":"shipping-taxable","21":"purchasable","22":"product-type-simple"},"_links":{"self":[{"href":"https:\/\/antamebike.com\/index.php?rest_route=\/wp\/v2\/product\/357","targetHints":{"allow":["GET"]}}],"collection":[{"href":"https:\/\/antamebike.com\/index.php?rest_route=\/wp\/v2\/product"}],"about":[{"href":"https:\/\/antamebike.com\/index.php?rest_route=\/wp\/v2\/types\/product"}],"replies":[{"embeddable":true,"href":"https:\/\/antamebike.com\/index.php?rest_route=%2Fwp%2Fv2%2Fcomments&post=357"}],"wp:featuredmedia":[{"embeddable":true,"href":"https:\/\/antamebike.com\/index.php?rest_route=\/wp\/v2\/media\/360"}],"wp:attachment":[{"href":"https:\/\/antamebike.com\/index.php?rest_route=%2Fwp%2Fv2%2Fmedia&parent=357"}],"wp:term":[{"taxonomy":"product_cat","embeddable":true,"href":"https:\/\/antamebike.com\/index.php?rest_route=%2Fwp%2Fv2%2Fproduct_cat&post=357"},{"taxonomy":"product_tag","embeddable":true,"href":"https:\/\/antamebike.com\/index.php?rest_route=%2Fwp%2Fv2%2Fproduct_tag&post=357"}],"curies":[{"name":"wp","href":"https:\/\/api.w.org\/{rel}","templated":true}]}}