{"id":373,"date":"2022-09-15T14:54:35","date_gmt":"2022-09-15T14:54:35","guid":{"rendered":"https:\/\/antamebike.com\/?post_type=product&#038;p=373"},"modified":"2025-01-27T13:48:57","modified_gmt":"2025-01-27T13:48:57","slug":"nem-yen-sau-xe-dap-xe-dien-co-tua-lung","status":"publish","type":"product","link":"https:\/\/antamebike.com\/?product=nem-yen-sau-xe-dap-xe-dien-co-tua-lung","title":{"rendered":"N\u1ec7m Y\u00ean Sau Xe \u0110\u1ea1p, Xe \u0111i\u1ec7n &#8211; C\u00f3 T\u1ef1a L\u01b0ng"},"content":{"rendered":"<div class=\"woocommerce-tabs wc-tabs-wrapper\">\n<div id=\"tab-description\" class=\"woocommerce-Tabs-panel woocommerce-Tabs-panel--description panel entry-content wc-tab\" role=\"tabpanel\" aria-labelledby=\"tab-title-description\">\n<p><span style=\"font-size: 16px;\">N\u1ec7m Y\u00ean Sau Xe \u0111i\u1ec7n <\/span><\/p>\n<ul>\n<li><span style=\"font-size: 16px;\">\u0110\u1ec7m Y\u00ean Sau Xe \u0110\u1ea1p C\u00f3 T\u1ef1a L\u01b0ng <\/span><\/li>\n<li><span style=\"font-size: 16px;\">\u0110\u1ec7m y\u00ean sau xe \u0111\u1ea1p, xe \u0111i\u1ec7n c\u00f3 th\u1ec3 l\u1eafp \u0111\u01b0\u1ee3c tr\u00ean m\u1ecdi g\u00e1c baga xe \u0111\u1ea1p, xe \u0111i\u1ec7n tr\u00ean th\u1ecb tr\u01b0\u1eddng v\u1edbi 2 thanh n\u1eb9p tr\u01b0\u1edbc v\u00e0 sau ch\u1eafc ch\u1eafn. Gi\u00fap c\u1ed1 \u0111\u1ecbnh \u0111\u00eam y\u00ean v\u1edbi g\u00e1c baga tr\u00ean xe c\u1ee7a b\u1ea1n m\u1ed9t c\u00e1ch nhanh ch\u00f3ng v\u00e0 \u0111\u01a1n gi\u1ea3n. <\/span><\/li>\n<li><span style=\"font-size: 16px;\">Ch\u1ea5t li\u1ec7u da PU v\u00e0 b\u00ean trong l\u00e0 ph\u1ea7n m\u00fat \u00eam \u0111\u00e0n h\u1ed3i t\u1ed1t, khung kim lo\u1ea1i ch\u1eafc ch\u1eafn, ph\u1ea7n t\u1ef1a l\u01b0ng c\u00f3 th\u1ec3 th\u00e1o r\u1eddi l\u1eafp ho\u1eb7c kh\u00f4ng theo nhu c\u1ea7u s\u1eed d\u1ee5ng c\u1ee7a b\u1ea1n. <\/span><\/li>\n<\/ul>\n<p><span style=\"font-size: 16px;\">\u2014\u2014\u2014\u2014\u2014\u2014\u2014-<\/span><\/p>\n<p>Hotline: 077.8023388<\/p>\n<p>#ghedemyensau #ghe #baga #xedap #xedien #xedapdien #nemyen #nemyensau #nembaga<\/p>\n<p>#xedap #himo #himor1 #ado #fiido #himoC20 #himoZ20 #himoC26 #himoC30 #scooter #scooterdien #adoA20 #adoD30 #adoA20F<\/p>\n<\/div>\n<\/div>\n<section class=\"related products\"><\/section>\n","protected":false},"excerpt":{"rendered":"<p><span style=\"font-size: 16px;\">&#8211; \u0110\u1ec7m y\u00ean sau xe \u0111\u1ea1p, xe \u0111\u1ea1p \u0111i\u1ec7n c\u00f3 th\u1ec3 l\u1eafp \u0111\u01b0\u1ee3c tr\u00ean m\u1ecdi g\u00e1c Baga xe \u0111\u1ea1p, xe \u0111\u1ea1p \u0111i\u1ec7n tr\u00ean th\u1ecb tr\u01b0\u1eddng v\u1edbi 2 thanh n\u1eb9p tr\u01b0\u1edbc v\u00e0 sau ch\u1eafc ch\u1eafn. Gi\u00fap c\u1ed1 \u0111\u1ecbnh \u0111\u00eam y\u00ean v\u1edbi g\u00e1c baga tr\u00ean xe c\u1ee7a b\u1ea1n m\u1ed9t c\u00e1ch nhanh ch\u00f3ng v\u00e0 \u0111\u01a1n gi\u1ea3n. <\/span><\/p>\n<p><span style=\"font-size: 16px;\">&#8211; Ch\u1ea5t li\u1ec7u da PU v\u00e0 b\u00ean trong l\u00e0 ph\u1ea7n m\u00fat \u00eam \u0111\u00e0n h\u1ed3i t\u1ed1t, khung kim lo\u1ea1i ch\u1eafc ch\u1eafn, ph\u1ea7n t\u1ef1a l\u01b0ng c\u00f3 th\u1ec3 th\u00e1o r\u1eddi l\u1eafp ho\u1eb7c kh\u00f4ng theo nhu c\u1ea7u s\u1eed d\u1ee5ng c\u1ee7a b\u1ea1n.<\/span><\/p>\n","protected":false},"featured_media":378,"comment_status":"open","ping_status":"closed","template":"","meta":{"site-sidebar-layout":"default","site-content-layout":"default","ast-site-content-layout":"","site-content-style":"default","site-sidebar-style":"default","ast-global-header-display":"","ast-banner-title-visibility":"","ast-main-header-display":"","ast-hfb-above-header-display":"","ast-hfb-below-header-display":"","ast-hfb-mobile-header-display":"","site-post-title":"","ast-breadcrumbs-content":"","ast-featured-img":"","footer-sml-layout":"","theme-transparent-header-meta":"default","adv-header-id-meta":"","stick-header-meta":"","header-above-stick-meta":"","header-main-stick-meta":"","header-below-stick-meta":"","astra-migrate-meta-layouts":"default","ast-page-background-enabled":"default","ast-page-background-meta":{"desktop":{"background-color":"var(--ast-global-color-4)","background-image":"","background-repeat":"repeat","background-position":"center center","background-size":"auto","background-attachment":"scroll","background-type":"","background-media":"","overlay-type":"","overlay-color":"","overlay-gradient":""},"tablet":{"background-color":"","background-image":"","background-repeat":"repeat","background-position":"center center","background-size":"auto","background-attachment":"scroll","background-type":"","background-media":"","overlay-type":"","overlay-color":"","overlay-gradient":""},"mobile":{"background-color":"","background-image":"","background-repeat":"repeat","background-position":"center center","background-size":"auto","background-attachment":"scroll","background-type":"","background-media":"","overlay-type":"","overlay-color":"","overlay-gradient":""}},"ast-content-background-meta":{"desktop":{"background-color":"var(--ast-global-color-5)","background-image":"","background-repeat":"repeat","background-position":"center center","background-size":"auto","background-attachment":"scroll","background-type":"","background-media":"","overlay-type":"","overlay-color":"","overlay-gradient":""},"tablet":{"background-color":"var(--ast-global-color-5)","background-image":"","background-repeat":"repeat","background-position":"center center","background-size":"auto","background-attachment":"scroll","background-type":"","background-media":"","overlay-type":"","overlay-color":"","overlay-gradient":""},"mobile":{"background-color":"var(--ast-global-color-5)","background-image":"","background-repeat":"repeat","background-position":"center center","background-size":"auto","background-attachment":"scroll","background-type":"","background-media":"","overlay-type":"","overlay-color":"","overlay-gradient":""}}},"product_cat":[43],"product_tag":[27,79,24],"class_list":{"0":"post-373","1":"product","2":"type-product","3":"status-publish","4":"has-post-thumbnail","6":"product_cat-phu-kien","7":"product_tag-himo","8":"product_tag-nem-baga","9":"product_tag-xiaomi","10":"desktop-align-left","11":"tablet-align-left","12":"mobile-align-left","13":"ast-product-gallery-layout-horizontal-slider","14":"ast-product-single-variable","15":"ast-product-tabs-layout-horizontal","17":"first","18":"instock","19":"sale","20":"featured","21":"shipping-taxable","22":"purchasable","23":"product-type-variable"},"_links":{"self":[{"href":"https:\/\/antamebike.com\/index.php?rest_route=\/wp\/v2\/product\/373","targetHints":{"allow":["GET"]}}],"collection":[{"href":"https:\/\/antamebike.com\/index.php?rest_route=\/wp\/v2\/product"}],"about":[{"href":"https:\/\/antamebike.com\/index.php?rest_route=\/wp\/v2\/types\/product"}],"replies":[{"embeddable":true,"href":"https:\/\/antamebike.com\/index.php?rest_route=%2Fwp%2Fv2%2Fcomments&post=373"}],"wp:featuredmedia":[{"embeddable":true,"href":"https:\/\/antamebike.com\/index.php?rest_route=\/wp\/v2\/media\/378"}],"wp:attachment":[{"href":"https:\/\/antamebike.com\/index.php?rest_route=%2Fwp%2Fv2%2Fmedia&parent=373"}],"wp:term":[{"taxonomy":"product_cat","embeddable":true,"href":"https:\/\/antamebike.com\/index.php?rest_route=%2Fwp%2Fv2%2Fproduct_cat&post=373"},{"taxonomy":"product_tag","embeddable":true,"href":"https:\/\/antamebike.com\/index.php?rest_route=%2Fwp%2Fv2%2Fproduct_tag&post=373"}],"curies":[{"name":"wp","href":"https:\/\/api.w.org\/{rel}","templated":true}]}}