{"id":538,"date":"2022-09-23T02:36:28","date_gmt":"2022-09-23T02:36:28","guid":{"rendered":"https:\/\/antamebike.com\/?post_type=product&#038;p=538"},"modified":"2022-10-28T05:06:13","modified_gmt":"2022-10-28T05:06:13","slug":"gac-baga-sau-xe-dap-cao-cap","status":"publish","type":"product","link":"https:\/\/antamebike.com\/?product=gac-baga-sau-xe-dap-cao-cap","title":{"rendered":"G\u00e1c Baga sau xe \u0111\u1ea1p cao c\u1ea5p"},"content":{"rendered":"<p>G\u00e1c baga sau xe \u0111\u1ea1p th\u1ec3 thao<\/p>\n<p>&#8211; G\u00e1c baga nh\u00f4m ba c\u00e0ng ph\u00f9 h\u1ee3p v\u1edbi h\u1ea7u h\u1ebft c\u00e1c lo\u1ea1i xe \u0111\u1ea1p th\u1ec3 thao phanh c\u01a1, phanh \u0111\u0129a.<\/p>\n<p>Th\u00f4ng tin k\u1ef9 thu\u1eadt:<\/p>\n<ul>\n<li>G\u00e1c Baga ba c\u00e0ng, ch\u1ecbu l\u1ef1c ch\u1eafc ch\u1eafn<\/li>\n<li>Ch\u1ea5t li\u1ec7u h\u1ee3p kim nh\u00f4m cao c\u1ea5p, s\u01a1n t\u0129nh \u0111i\u1ec7n.<\/li>\n<li>Tr\u1ecdng l\u01b0\u1ee3ng nh\u1eb9.<\/li>\n<li>Ch\u1ecbu t\u1ea3i tr\u1ecdng cao.<\/li>\n<li>D\u1ec5 d\u00e0ng l\u1eafp \u0111\u1eb7t.<\/li>\n<li>Ph\u00f9 h\u1ee3p c\u00e1c lo\u1ea1i xe th\u1ec3 thao v\u00e0nh 24, 26, 27,5 inch.<\/li>\n<\/ul>\n<p>K\u00edch th\u01b0\u1edbc: d\u00e0i 34cm x r\u1ed9ng 14cm x cao 38cm.<\/p>\n<p>Quy c\u00e1ch: M\u1ed9t b\u1ed9 \u0111\u1ea7y \u0111\u1ee7 ph\u1ee5 ki\u1ec7n.<\/p>\n<p>Hotline: 077.802.3388<\/p>\n","protected":false},"excerpt":{"rendered":"<ul>\n<li>G\u00e1c Baga ba c\u00e0ng, ch\u1ecbu l\u1ef1c ch\u1eafc ch\u1eafn<\/li>\n<li>Ch\u1ea5t li\u1ec7u h\u1ee3p kim nh\u00f4m cao c\u1ea5p, s\u01a1n t\u0129nh \u0111i\u1ec7n.<\/li>\n<li>Tr\u1ecdng l\u01b0\u1ee3ng nh\u1eb9.<\/li>\n<li>Ch\u1ecbu t\u1ea3i tr\u1ecdng cao.<\/li>\n<li>D\u1ec5 d\u00e0ng l\u1eafp \u0111\u1eb7t.<\/li>\n<li>Ph\u00f9 h\u1ee3p c\u00e1c lo\u1ea1i xe th\u1ec3 thao v\u00e0nh 24, 26, 27,5 inch<\/li>\n<\/ul>\n","protected":false},"featured_media":539,"comment_status":"open","ping_status":"closed","template":"","meta":{"site-sidebar-layout":"default","site-content-layout":"default","ast-site-content-layout":"","site-content-style":"default","site-sidebar-style":"default","ast-global-header-display":"","ast-banner-title-visibility":"","ast-main-header-display":"","ast-hfb-above-header-display":"","ast-hfb-below-header-display":"","ast-hfb-mobile-header-display":"","site-post-title":"","ast-breadcrumbs-content":"","ast-featured-img":"","footer-sml-layout":"","theme-transparent-header-meta":"default","adv-header-id-meta":"","stick-header-meta":"","header-above-stick-meta":"","header-main-stick-meta":"","header-below-stick-meta":"","astra-migrate-meta-layouts":"default","ast-page-background-enabled":"default","ast-page-background-meta":{"desktop":{"background-color":"var(--ast-global-color-4)","background-image":"","background-repeat":"repeat","background-position":"center center","background-size":"auto","background-attachment":"scroll","background-type":"","background-media":"","overlay-type":"","overlay-color":"","overlay-gradient":""},"tablet":{"background-color":"","background-image":"","background-repeat":"repeat","background-position":"center center","background-size":"auto","background-attachment":"scroll","background-type":"","background-media":"","overlay-type":"","overlay-color":"","overlay-gradient":""},"mobile":{"background-color":"","background-image":"","background-repeat":"repeat","background-position":"center center","background-size":"auto","background-attachment":"scroll","background-type":"","background-media":"","overlay-type":"","overlay-color":"","overlay-gradient":""}},"ast-content-background-meta":{"desktop":{"background-color":"var(--ast-global-color-5)","background-image":"","background-repeat":"repeat","background-position":"center center","background-size":"auto","background-attachment":"scroll","background-type":"","background-media":"","overlay-type":"","overlay-color":"","overlay-gradient":""},"tablet":{"background-color":"var(--ast-global-color-5)","background-image":"","background-repeat":"repeat","background-position":"center center","background-size":"auto","background-attachment":"scroll","background-type":"","background-media":"","overlay-type":"","overlay-color":"","overlay-gradient":""},"mobile":{"background-color":"var(--ast-global-color-5)","background-image":"","background-repeat":"repeat","background-position":"center center","background-size":"auto","background-attachment":"scroll","background-type":"","background-media":"","overlay-type":"","overlay-color":"","overlay-gradient":""}}},"product_cat":[43],"product_tag":[54,37,75,76,27,79],"class_list":{"0":"post-538","1":"product","2":"type-product","3":"status-publish","4":"has-post-thumbnail","6":"product_cat-phu-kien","7":"product_tag-ado","8":"product_tag-c26","9":"product_tag-d30c","10":"product_tag-gac-baga","11":"product_tag-himo","12":"product_tag-nem-baga","13":"desktop-align-left","14":"tablet-align-left","15":"mobile-align-left","16":"ast-product-gallery-layout-horizontal-slider","17":"ast-product-tabs-layout-horizontal","19":"first","20":"instock","21":"shipping-taxable","22":"purchasable","23":"product-type-simple"},"_links":{"self":[{"href":"https:\/\/antamebike.com\/index.php?rest_route=\/wp\/v2\/product\/538","targetHints":{"allow":["GET"]}}],"collection":[{"href":"https:\/\/antamebike.com\/index.php?rest_route=\/wp\/v2\/product"}],"about":[{"href":"https:\/\/antamebike.com\/index.php?rest_route=\/wp\/v2\/types\/product"}],"replies":[{"embeddable":true,"href":"https:\/\/antamebike.com\/index.php?rest_route=%2Fwp%2Fv2%2Fcomments&post=538"}],"wp:featuredmedia":[{"embeddable":true,"href":"https:\/\/antamebike.com\/index.php?rest_route=\/wp\/v2\/media\/539"}],"wp:attachment":[{"href":"https:\/\/antamebike.com\/index.php?rest_route=%2Fwp%2Fv2%2Fmedia&parent=538"}],"wp:term":[{"taxonomy":"product_cat","embeddable":true,"href":"https:\/\/antamebike.com\/index.php?rest_route=%2Fwp%2Fv2%2Fproduct_cat&post=538"},{"taxonomy":"product_tag","embeddable":true,"href":"https:\/\/antamebike.com\/index.php?rest_route=%2Fwp%2Fv2%2Fproduct_tag&post=538"}],"curies":[{"name":"wp","href":"https:\/\/api.w.org\/{rel}","templated":true}]}}