{"id":545,"date":"2022-09-23T02:46:07","date_gmt":"2022-09-23T02:46:07","guid":{"rendered":"https:\/\/antamebike.com\/?post_type=product&#038;p=545"},"modified":"2024-11-13T12:52:00","modified_gmt":"2024-11-13T12:52:00","slug":"gia-de-chan-gac-chan-cho-xe-dap-da-nang-co-the-gap-lai","status":"publish","type":"product","link":"https:\/\/antamebike.com\/?product=gia-de-chan-gac-chan-cho-xe-dap-da-nang-co-the-gap-lai","title":{"rendered":"Gi\u00e1 \u0111\u1ec3 ch\u00e2n, g\u00e1c ch\u00e2n cho xe \u0111\u1ea1p &#8211; \u0111a n\u0103ng c\u00f3 th\u1ec3 g\u1eadp l\u1ea1i"},"content":{"rendered":"<p>Gi\u00e1 \u0111\u1ec3 ch\u00e2n, g\u00e1c ch\u00e2n cho xe \u0111\u1ea1p, \u0111a n\u0103ng c\u00f3 th\u1ec3 g\u1eadp l\u1ea1i<\/p>\n<p>Ch\u1ea5t li\u1ec7u nh\u00f4m cao c\u1ea5p, nh\u1eb9 nh\u00e0ng v\u00e0 ch\u1eafc ch\u1eafn<\/p>\n<p>#gacchanxedap #xedap #xiaomi #giadechanxedap #giadechan<\/p>\n","protected":false},"excerpt":{"rendered":"<p>Gi\u00e1 \u0111\u1ec3 ch\u00e2n, g\u00e1c ch\u00e2n cho xe \u0111\u1ea1p, \u0111a n\u0103ng c\u00f3 th\u1ec3 g\u1eadp l\u1ea1i<\/p>\n<p>Ch\u1ea5t li\u1ec7u nh\u00f4m cao c\u1ea5p, nh\u1eb9 nh\u00e0ng v\u00e0 ch\u1eafc ch\u1eafn<\/p>\n","protected":false},"featured_media":546,"comment_status":"open","ping_status":"closed","template":"","meta":{"site-sidebar-layout":"default","site-content-layout":"default","ast-site-content-layout":"","site-content-style":"default","site-sidebar-style":"default","ast-global-header-display":"","ast-banner-title-visibility":"","ast-main-header-display":"","ast-hfb-above-header-display":"","ast-hfb-below-header-display":"","ast-hfb-mobile-header-display":"","site-post-title":"","ast-breadcrumbs-content":"","ast-featured-img":"","footer-sml-layout":"","theme-transparent-header-meta":"default","adv-header-id-meta":"","stick-header-meta":"","header-above-stick-meta":"","header-main-stick-meta":"","header-below-stick-meta":"","astra-migrate-meta-layouts":"default","ast-page-background-enabled":"default","ast-page-background-meta":{"desktop":{"background-color":"var(--ast-global-color-4)","background-image":"","background-repeat":"repeat","background-position":"center center","background-size":"auto","background-attachment":"scroll","background-type":"","background-media":"","overlay-type":"","overlay-color":"","overlay-gradient":""},"tablet":{"background-color":"","background-image":"","background-repeat":"repeat","background-position":"center center","background-size":"auto","background-attachment":"scroll","background-type":"","background-media":"","overlay-type":"","overlay-color":"","overlay-gradient":""},"mobile":{"background-color":"","background-image":"","background-repeat":"repeat","background-position":"center center","background-size":"auto","background-attachment":"scroll","background-type":"","background-media":"","overlay-type":"","overlay-color":"","overlay-gradient":""}},"ast-content-background-meta":{"desktop":{"background-color":"var(--ast-global-color-5)","background-image":"","background-repeat":"repeat","background-position":"center center","background-size":"auto","background-attachment":"scroll","background-type":"","background-media":"","overlay-type":"","overlay-color":"","overlay-gradient":""},"tablet":{"background-color":"var(--ast-global-color-5)","background-image":"","background-repeat":"repeat","background-position":"center center","background-size":"auto","background-attachment":"scroll","background-type":"","background-media":"","overlay-type":"","overlay-color":"","overlay-gradient":""},"mobile":{"background-color":"var(--ast-global-color-5)","background-image":"","background-repeat":"repeat","background-position":"center center","background-size":"auto","background-attachment":"scroll","background-type":"","background-media":"","overlay-type":"","overlay-color":"","overlay-gradient":""}}},"product_cat":[43],"product_tag":[55,54,98,37,75,97,27,28],"class_list":{"0":"post-545","1":"product","2":"type-product","3":"status-publish","4":"has-post-thumbnail","6":"product_cat-phu-kien","7":"product_tag-a20","8":"product_tag-ado","9":"product_tag-baga","10":"product_tag-c26","11":"product_tag-d30c","12":"product_tag-gac-chan-baga","13":"product_tag-himo","14":"product_tag-z20","15":"desktop-align-left","16":"tablet-align-left","17":"mobile-align-left","18":"ast-product-gallery-layout-horizontal-slider","19":"ast-product-tabs-layout-horizontal","21":"first","22":"instock","23":"shipping-taxable","24":"purchasable","25":"product-type-simple"},"_links":{"self":[{"href":"https:\/\/antamebike.com\/index.php?rest_route=\/wp\/v2\/product\/545","targetHints":{"allow":["GET"]}}],"collection":[{"href":"https:\/\/antamebike.com\/index.php?rest_route=\/wp\/v2\/product"}],"about":[{"href":"https:\/\/antamebike.com\/index.php?rest_route=\/wp\/v2\/types\/product"}],"replies":[{"embeddable":true,"href":"https:\/\/antamebike.com\/index.php?rest_route=%2Fwp%2Fv2%2Fcomments&post=545"}],"wp:featuredmedia":[{"embeddable":true,"href":"https:\/\/antamebike.com\/index.php?rest_route=\/wp\/v2\/media\/546"}],"wp:attachment":[{"href":"https:\/\/antamebike.com\/index.php?rest_route=%2Fwp%2Fv2%2Fmedia&parent=545"}],"wp:term":[{"taxonomy":"product_cat","embeddable":true,"href":"https:\/\/antamebike.com\/index.php?rest_route=%2Fwp%2Fv2%2Fproduct_cat&post=545"},{"taxonomy":"product_tag","embeddable":true,"href":"https:\/\/antamebike.com\/index.php?rest_route=%2Fwp%2Fv2%2Fproduct_tag&post=545"}],"curies":[{"name":"wp","href":"https:\/\/api.w.org\/{rel}","templated":true}]}}