{"id":560,"date":"2022-09-23T03:12:59","date_gmt":"2022-09-23T03:12:59","guid":{"rendered":"https:\/\/antamebike.com\/?post_type=product&#038;p=560"},"modified":"2023-05-31T01:24:41","modified_gmt":"2023-05-31T01:24:41","slug":"gia-do-dien-thoai-nhom-nguyen-khoi","status":"publish","type":"product","link":"https:\/\/antamebike.com\/?product=gia-do-dien-thoai-nhom-nguyen-khoi","title":{"rendered":"Gi\u00e1 \u0110\u1ee1 \u0110i\u1ec7n Tho\u1ea1i &#8211; Nh\u00f4m nguy\u00ean kh\u1ed1i"},"content":{"rendered":"<h5><strong>GI\u00c1 \u0110\u1ee0 \u0110I\u1ec6N THO\u1ea0I NH\u00d4M NGUY\u00caN KH\u1ed0I CAO C\u1ea4P <\/strong><\/h5>\n<p>Th\u00f4ng S\u1ed1 K\u1ef9 Thu\u1eadt : Gi\u00e1 \u0111\u1ee1 \u0111i\u1ec7n tho\u1ea1i g\u1eafn xe m\u00e1y xe \u0111\u1ea1p<\/p>\n<p>Ch\u1ea5t li\u1ec7u: Ch\u1ea5t li\u1ec7u nh\u00f4m<\/p>\n<p>Quy C\u00e1ch : pad g\u1eafn ch\u00e2n g\u01b0\u01a1ng k\u00ednh chi\u1ebfu h\u1eadu v\u00e0 g\u1eafn gi-\u0111\u00f4ng<\/p>\n<p>Ph\u00f9 h\u1ee3p v\u1edbi \u0111i\u1ec7n tho\u1ea1i : th\u00edch h\u1ee3p cho \u0111i\u1ec7n tho\u1ea1i 4,5-7 inch<\/p>\n<p>Gi\u00e1 \u0111\u1ee1 r\u1ea5t ti\u1ec7n \u00edch, an to\u00e0n v\u00e0 sang tr\u1ecdng<\/p>\n<p>\u0110i xe m\u00e1y, xe \u0111\u1ea1p, xe \u0111i\u1ec7n s\u1eed d\u1ee5ng k\u1eb9p n\u00e0y v\u1eeba gi\u1eef \u0111i\u1ec7n tho\u1ea1i ch\u1eafc ch\u1eafn.<\/p>\n<p>\u0110\u1eb7c \u0111i\u1ec3m n\u1ed5i b\u1eadt c\u1ee7a s\u1ea3n ph\u1ea9m:<\/p>\n<p>+ C\u00f3 th\u1ec3 g\u1eafn \u0111\u01b0\u1ee3c cho c\u1ea3 XE \u0110\u1ea0P &#8211; XE M\u00c1Y<\/p>\n<p>+ Ch\u1ed1ng shock v\u00e0 tr\u01a1n tr\u01b0\u1ee3t, c\u00f3 t\u1ea5m l\u00f3t cao su ch\u1ed7 ch\u00e2n k\u1eb9p r\u1ea5t ch\u1eafc ch\u1eafn m\u00e0 ko l\u00e0m tr\u1ea7y \u0111i\u1ec7n tho\u1ea1i<\/p>\n<p>+ Ch\u1ea5t li\u1ec7u Nh\u00f4m h\u1ee3p kim c\u1ee9ng ch\u1eafc<\/p>\n<p>S\u1ea3n ph\u1ea9m r\u1ea5t D\u1ec5 d\u00e0ng l\u1eafp \u0111\u1eb7t, th\u00e1o, g\u00e0i l\u00ean xe m\u00e1y, m\u00f4 t\u00f4, xe \u0111\u1ea1p<\/p>\n<p>&#8211; ti\u00ean \u00edch t\u1ed1i \u0111a cho c\u00e1c b\u1ea1n giao h\u00e0ng ho\u0103c \u0111i du l\u1ecbch b\u1eb1ng xe m\u00e1y, xe \u0111\u1ea1p, xe \u0111i\u1ec7n<\/p>\n<p>An T\u00e2m Shop<\/p>\n<p>Zalo 0778023388<\/p>\n","protected":false},"excerpt":{"rendered":"<ul>\n<li>Ch\u1ea5t li\u1ec7u nh\u00f4m nguy\u00ean kh\u1ed1i cao c\u1ea5p, ch\u1eafc ch\u1eafn<\/li>\n<li>Xoay 360C<\/li>\n<li>G\u1eafn cho c\u00e1c lo\u1ea1i \u0111i\u1ec7n tho\u1ea1i t\u1eeb 4.5 &#8211; 7 inch<\/li>\n<li>Ch\u1ed1ng shock v\u00e0 tr\u01a1n tr\u01b0\u1ee3t, c\u00f3 t\u1ea5m l\u00f3t cao su ch\u1ed7 ch\u00e2n k\u1eb9p r\u1ea5t ch\u1eafc ch\u1eafn m\u00e0 ko l\u00e0m tr\u1ea7y \u0111i\u1ec7n tho\u1ea1i<\/li>\n<\/ul>\n<p>&nbsp;<\/p>\n","protected":false},"featured_media":561,"comment_status":"open","ping_status":"closed","template":"","meta":{"site-sidebar-layout":"default","site-content-layout":"default","ast-site-content-layout":"","site-content-style":"default","site-sidebar-style":"default","ast-global-header-display":"","ast-banner-title-visibility":"","ast-main-header-display":"","ast-hfb-above-header-display":"","ast-hfb-below-header-display":"","ast-hfb-mobile-header-display":"","site-post-title":"","ast-breadcrumbs-content":"","ast-featured-img":"","footer-sml-layout":"","theme-transparent-header-meta":"default","adv-header-id-meta":"","stick-header-meta":"","header-above-stick-meta":"","header-main-stick-meta":"","header-below-stick-meta":"","astra-migrate-meta-layouts":"default","ast-page-background-enabled":"default","ast-page-background-meta":{"desktop":{"background-color":"var(--ast-global-color-4)","background-image":"","background-repeat":"repeat","background-position":"center center","background-size":"auto","background-attachment":"scroll","background-type":"","background-media":"","overlay-type":"","overlay-color":"","overlay-gradient":""},"tablet":{"background-color":"","background-image":"","background-repeat":"repeat","background-position":"center center","background-size":"auto","background-attachment":"scroll","background-type":"","background-media":"","overlay-type":"","overlay-color":"","overlay-gradient":""},"mobile":{"background-color":"","background-image":"","background-repeat":"repeat","background-position":"center center","background-size":"auto","background-attachment":"scroll","background-type":"","background-media":"","overlay-type":"","overlay-color":"","overlay-gradient":""}},"ast-content-background-meta":{"desktop":{"background-color":"var(--ast-global-color-5)","background-image":"","background-repeat":"repeat","background-position":"center center","background-size":"auto","background-attachment":"scroll","background-type":"","background-media":"","overlay-type":"","overlay-color":"","overlay-gradient":""},"tablet":{"background-color":"var(--ast-global-color-5)","background-image":"","background-repeat":"repeat","background-position":"center center","background-size":"auto","background-attachment":"scroll","background-type":"","background-media":"","overlay-type":"","overlay-color":"","overlay-gradient":""},"mobile":{"background-color":"var(--ast-global-color-5)","background-image":"","background-repeat":"repeat","background-position":"center center","background-size":"auto","background-attachment":"scroll","background-type":"","background-media":"","overlay-type":"","overlay-color":"","overlay-gradient":""}}},"product_cat":[43],"product_tag":[100,77,99],"class_list":{"0":"post-560","1":"product","2":"type-product","3":"status-publish","4":"has-post-thumbnail","6":"product_cat-phu-kien","7":"product_tag-gia-giu-dien-thoai","8":"product_tag-phu-kien-xe-dap","9":"product_tag-xe-dap","10":"desktop-align-left","11":"tablet-align-left","12":"mobile-align-left","13":"ast-product-gallery-layout-horizontal-slider","14":"ast-product-tabs-layout-horizontal","16":"first","17":"instock","18":"sale","19":"shipping-taxable","20":"purchasable","21":"product-type-simple"},"_links":{"self":[{"href":"https:\/\/antamebike.com\/index.php?rest_route=\/wp\/v2\/product\/560","targetHints":{"allow":["GET"]}}],"collection":[{"href":"https:\/\/antamebike.com\/index.php?rest_route=\/wp\/v2\/product"}],"about":[{"href":"https:\/\/antamebike.com\/index.php?rest_route=\/wp\/v2\/types\/product"}],"replies":[{"embeddable":true,"href":"https:\/\/antamebike.com\/index.php?rest_route=%2Fwp%2Fv2%2Fcomments&post=560"}],"wp:featuredmedia":[{"embeddable":true,"href":"https:\/\/antamebike.com\/index.php?rest_route=\/wp\/v2\/media\/561"}],"wp:attachment":[{"href":"https:\/\/antamebike.com\/index.php?rest_route=%2Fwp%2Fv2%2Fmedia&parent=560"}],"wp:term":[{"taxonomy":"product_cat","embeddable":true,"href":"https:\/\/antamebike.com\/index.php?rest_route=%2Fwp%2Fv2%2Fproduct_cat&post=560"},{"taxonomy":"product_tag","embeddable":true,"href":"https:\/\/antamebike.com\/index.php?rest_route=%2Fwp%2Fv2%2Fproduct_tag&post=560"}],"curies":[{"name":"wp","href":"https:\/\/api.w.org\/{rel}","templated":true}]}}