{"id":566,"date":"2022-09-23T04:52:44","date_gmt":"2022-09-23T04:52:44","guid":{"rendered":"https:\/\/antamebike.com\/?post_type=product&#038;p=566"},"modified":"2023-10-19T03:38:53","modified_gmt":"2023-10-19T03:38:53","slug":"gio-tui-treo-truoc-xe-dap-xe-scooter","status":"publish","type":"product","link":"https:\/\/antamebike.com\/?product=gio-tui-treo-truoc-xe-dap-xe-scooter","title":{"rendered":"Gi\u1ecf t\u00fai treo tr\u01b0\u1edbc xe \u0111\u1ea1p, xe scooter"},"content":{"rendered":"<p>Gi\u1ecf treo tr\u01b0\u1edbc xe \u0111\u1ea1p, xe \u0111\u1ea1p \u0111i\u1ec7n tr\u1ee3 l\u1ef1c, xe scooter \u0111i\u1ec7n<\/p>\n<p>Lo\u1ea1i form c\u1ee9ng c\u00e1p Nh\u1ef1a Carbon<\/p>\n<p>Ch\u1ed1ng n\u01b0\u1edbc<\/p>\n<p>Ng\u0103n ch\u1ee9a r\u1ed9ng r\u00e3i ti\u1ec7n b\u1ecf \u0111\u01b0\u1ee3c nhi\u1ec1u v\u1eadt d\u1ee5ng, r\u00e3nh tay khi \u0111i\u1ec1u khi\u1ec3n xe<\/p>\n<p>-H\u00e0ng ch\u1ea5t l\u01b0\u1ee3ng cao<\/p>\n<p>-L\u1eafp \u0111\u1eb7t d\u1ec5 d\u00e0ng<\/p>\n<p>S\u1ea3n ph\u1ea9m ch\u1ea5t l\u01b0\u1ee3ng cao,<\/p>\n<p>Thi\u1ebft k\u1ebf \u0111\u1eb7c bi\u1ec7t d\u00e0nh ri\u00eang cho xe \u0111\u1ea1p, xe \u0111i\u1ec7n, \u0111\u1eb7c bi\u1ec7t xe SCOOTER \u0111i\u1ec7n, ch\u1ed1ng tr\u01b0\u1ee3t, d\u1ec5 l\u1eafp \u0111\u1eb7t v\u00e0 th\u00e1o g\u1ee1<\/p>\n","protected":false},"excerpt":{"rendered":"<ul>\n<li>Lo\u1ea1i form c\u1ee9ng c\u00e1p Nh\u1ef1a Carbon<\/li>\n<li>Ng\u0103n ch\u1ee9a r\u1ed9ng r\u00e3i ti\u1ec7n b\u1ecf \u0111\u01b0\u1ee3c nhi\u1ec1u v\u1eadt d\u1ee5ng, r\u00e3nh tay khi \u0111i\u1ec1u khi\u1ec3n xe<\/li>\n<li>S\u1ea3n ph\u1ea9m ch\u1ea5t l\u01b0\u1ee3ng cao, Ch\u1ed1ng n\u01b0\u1edbc<\/li>\n<li>Thi\u1ebft k\u1ebf \u0111\u1eb7c bi\u1ec7t d\u00e0nh ri\u00eang cho xe \u0111\u1ea1p, xe \u0111i\u1ec7n, \u0111\u1eb7c bi\u1ec7t xe SCOOTER \u0111i\u1ec7n<\/li>\n<li>Ch\u1ed1ng tr\u01b0\u1ee3t, d\u1ec5 l\u1eafp \u0111\u1eb7t v\u00e0 th\u00e1o g\u1ee1<\/li>\n<\/ul>\n","protected":false},"featured_media":567,"comment_status":"open","ping_status":"closed","template":"","meta":{"site-sidebar-layout":"default","site-content-layout":"default","ast-site-content-layout":"","site-content-style":"default","site-sidebar-style":"default","ast-global-header-display":"","ast-banner-title-visibility":"","ast-main-header-display":"","ast-hfb-above-header-display":"","ast-hfb-below-header-display":"","ast-hfb-mobile-header-display":"","site-post-title":"","ast-breadcrumbs-content":"","ast-featured-img":"","footer-sml-layout":"","theme-transparent-header-meta":"default","adv-header-id-meta":"","stick-header-meta":"","header-above-stick-meta":"","header-main-stick-meta":"","header-below-stick-meta":"","astra-migrate-meta-layouts":"default","ast-page-background-enabled":"default","ast-page-background-meta":{"desktop":{"background-color":"var(--ast-global-color-4)","background-image":"","background-repeat":"repeat","background-position":"center center","background-size":"auto","background-attachment":"scroll","background-type":"","background-media":"","overlay-type":"","overlay-color":"","overlay-gradient":""},"tablet":{"background-color":"","background-image":"","background-repeat":"repeat","background-position":"center center","background-size":"auto","background-attachment":"scroll","background-type":"","background-media":"","overlay-type":"","overlay-color":"","overlay-gradient":""},"mobile":{"background-color":"","background-image":"","background-repeat":"repeat","background-position":"center center","background-size":"auto","background-attachment":"scroll","background-type":"","background-media":"","overlay-type":"","overlay-color":"","overlay-gradient":""}},"ast-content-background-meta":{"desktop":{"background-color":"var(--ast-global-color-5)","background-image":"","background-repeat":"repeat","background-position":"center center","background-size":"auto","background-attachment":"scroll","background-type":"","background-media":"","overlay-type":"","overlay-color":"","overlay-gradient":""},"tablet":{"background-color":"var(--ast-global-color-5)","background-image":"","background-repeat":"repeat","background-position":"center center","background-size":"auto","background-attachment":"scroll","background-type":"","background-media":"","overlay-type":"","overlay-color":"","overlay-gradient":""},"mobile":{"background-color":"var(--ast-global-color-5)","background-image":"","background-repeat":"repeat","background-position":"center center","background-size":"auto","background-attachment":"scroll","background-type":"","background-media":"","overlay-type":"","overlay-color":"","overlay-gradient":""}}},"product_cat":[43],"product_tag":[101,77,102],"class_list":{"0":"post-566","1":"product","2":"type-product","3":"status-publish","4":"has-post-thumbnail","6":"product_cat-phu-kien","7":"product_tag-gio-treo","8":"product_tag-phu-kien-xe-dap","9":"product_tag-tui-treo-xe-dap","10":"desktop-align-left","11":"tablet-align-left","12":"mobile-align-left","13":"ast-product-gallery-layout-horizontal-slider","14":"ast-product-tabs-layout-horizontal","16":"first","17":"instock","18":"sale","19":"shipping-taxable","20":"purchasable","21":"product-type-simple"},"_links":{"self":[{"href":"https:\/\/antamebike.com\/index.php?rest_route=\/wp\/v2\/product\/566","targetHints":{"allow":["GET"]}}],"collection":[{"href":"https:\/\/antamebike.com\/index.php?rest_route=\/wp\/v2\/product"}],"about":[{"href":"https:\/\/antamebike.com\/index.php?rest_route=\/wp\/v2\/types\/product"}],"replies":[{"embeddable":true,"href":"https:\/\/antamebike.com\/index.php?rest_route=%2Fwp%2Fv2%2Fcomments&post=566"}],"wp:featuredmedia":[{"embeddable":true,"href":"https:\/\/antamebike.com\/index.php?rest_route=\/wp\/v2\/media\/567"}],"wp:attachment":[{"href":"https:\/\/antamebike.com\/index.php?rest_route=%2Fwp%2Fv2%2Fmedia&parent=566"}],"wp:term":[{"taxonomy":"product_cat","embeddable":true,"href":"https:\/\/antamebike.com\/index.php?rest_route=%2Fwp%2Fv2%2Fproduct_cat&post=566"},{"taxonomy":"product_tag","embeddable":true,"href":"https:\/\/antamebike.com\/index.php?rest_route=%2Fwp%2Fv2%2Fproduct_tag&post=566"}],"curies":[{"name":"wp","href":"https:\/\/api.w.org\/{rel}","templated":true}]}}