{"id":582,"date":"2022-09-23T05:16:17","date_gmt":"2022-09-23T05:16:17","guid":{"rendered":"https:\/\/antamebike.com\/?post_type=product&#038;p=582"},"modified":"2023-10-19T03:39:04","modified_gmt":"2023-10-19T03:39:04","slug":"chan-bun-xe-dap-the-thao-himo-truoc-sau-hang-zin-theo-xe","status":"publish","type":"product","link":"https:\/\/antamebike.com\/?product=chan-bun-xe-dap-the-thao-himo-truoc-sau-hang-zin-theo-xe","title":{"rendered":"Ch\u1eafn b\u00f9n xe \u0111\u1ea1p th\u1ec3 thao Himo tr\u01b0\u1edbc sau (h\u00e0ng Zin theo xe)"},"content":{"rendered":"<p>Ch\u1eafn b\u00f9n xe \u0111\u1ea1p Himo tr\u01b0\u1edbc v\u00e0 sau<\/p>\n<p>\u0110\u00e2y l\u00e0 h\u00e0ng theo xe c\u1ee7a Himo C20 Z20 v\u00e0 C26 n\u00ean ch\u1ea5t l\u01b0\u1ee3ng cao c\u1ea5p h\u01a1n so v\u1edbi c\u00e1c sp kh\u00e1c c\u00f9ng lo\u1ea1i tr\u00ean th\u1ecb tr\u01b0\u1eddng<\/p>\n<p>Ch\u1eafn b\u00f9n l\u00e0 1 ph\u1ee5 ki\u1ec7n kh\u00f4ng th\u1ec3 thi\u1ebfu v\u1edbi xe \u0111\u1ea1p, n\u00f3 b\u1ea3o v\u1ec7 ng\u01b0\u1eddi \u0111\u1ea1p kh\u1ecfi b\u00f9n \u0111\u1ea5t t\u1eeb b\u00e1nh xe b\u1eafn v\u00e0o ng\u01b0\u1eddi khi \u0111i d\u01b0\u1edbi tr\u1eddi m\u01b0a \u01b0\u1edbt. C\u00f9ng v\u1edbi s\u1ef1 ph\u00e1t tri\u1ec3n c\u1ee7a b\u1ed9 m\u00f4n xe \u0111\u1ea1p ch\u1eafn b\u00f9n gi\u1edd \u0111\u00e2y c\u0169ng \u0111\u01b0\u1ee3c thi\u1ebft k\u1ebf v\u00f4 c\u00f9ng \u0111\u1eb9p v\u00e0 th\u00f4ng minh shop xin gi\u1edbi thi\u1ec7u \u0111\u1ebfn c\u00e1c b\u1ea1n m\u1eabu ch\u1eafn b\u00f9n th\u1ec3 thao cao c\u1ea5p tr\u00ean th\u1ecb tr\u01b0\u1eddng<\/p>\n<p>#himo #Z20 #C26 #C20 #chanbun #xedap<\/p>\n","protected":false},"excerpt":{"rendered":"<ul>\n<li>H\u00e0ng ch\u00ednh h\u00e3ng c\u1ee7a Himo<\/li>\n<li>Ch\u1eafn b\u00f9n xe \u0111\u1ea1p tr\u01b0\u1edbc v\u00e0 sau<\/li>\n<li>\u0110\u00e2y l\u00e0 h\u00e0ng theo xe c\u1ee7a Himo C20 Z20 v\u00e0 C26<\/li>\n<\/ul>\n","protected":false},"featured_media":583,"comment_status":"open","ping_status":"closed","template":"","meta":{"site-sidebar-layout":"default","site-content-layout":"default","ast-site-content-layout":"","site-content-style":"default","site-sidebar-style":"default","ast-global-header-display":"","ast-banner-title-visibility":"","ast-main-header-display":"","ast-hfb-above-header-display":"","ast-hfb-below-header-display":"","ast-hfb-mobile-header-display":"","site-post-title":"","ast-breadcrumbs-content":"","ast-featured-img":"","footer-sml-layout":"","theme-transparent-header-meta":"default","adv-header-id-meta":"","stick-header-meta":"","header-above-stick-meta":"","header-main-stick-meta":"","header-below-stick-meta":"","astra-migrate-meta-layouts":"default","ast-page-background-enabled":"default","ast-page-background-meta":{"desktop":{"background-color":"var(--ast-global-color-4)","background-image":"","background-repeat":"repeat","background-position":"center center","background-size":"auto","background-attachment":"scroll","background-type":"","background-media":"","overlay-type":"","overlay-color":"","overlay-gradient":""},"tablet":{"background-color":"","background-image":"","background-repeat":"repeat","background-position":"center center","background-size":"auto","background-attachment":"scroll","background-type":"","background-media":"","overlay-type":"","overlay-color":"","overlay-gradient":""},"mobile":{"background-color":"","background-image":"","background-repeat":"repeat","background-position":"center center","background-size":"auto","background-attachment":"scroll","background-type":"","background-media":"","overlay-type":"","overlay-color":"","overlay-gradient":""}},"ast-content-background-meta":{"desktop":{"background-color":"var(--ast-global-color-5)","background-image":"","background-repeat":"repeat","background-position":"center center","background-size":"auto","background-attachment":"scroll","background-type":"","background-media":"","overlay-type":"","overlay-color":"","overlay-gradient":""},"tablet":{"background-color":"var(--ast-global-color-5)","background-image":"","background-repeat":"repeat","background-position":"center center","background-size":"auto","background-attachment":"scroll","background-type":"","background-media":"","overlay-type":"","overlay-color":"","overlay-gradient":""},"mobile":{"background-color":"var(--ast-global-color-5)","background-image":"","background-repeat":"repeat","background-position":"center center","background-size":"auto","background-attachment":"scroll","background-type":"","background-media":"","overlay-type":"","overlay-color":"","overlay-gradient":""}}},"product_cat":[43],"product_tag":[27,77,103],"class_list":{"0":"post-582","1":"product","2":"type-product","3":"status-publish","4":"has-post-thumbnail","6":"product_cat-phu-kien","7":"product_tag-himo","8":"product_tag-phu-kien-xe-dap","9":"product_tag-ve-chan-bun","10":"desktop-align-left","11":"tablet-align-left","12":"mobile-align-left","13":"ast-product-gallery-layout-horizontal-slider","14":"ast-product-tabs-layout-horizontal","16":"first","17":"instock","18":"shipping-taxable","19":"purchasable","20":"product-type-simple"},"_links":{"self":[{"href":"https:\/\/antamebike.com\/index.php?rest_route=\/wp\/v2\/product\/582","targetHints":{"allow":["GET"]}}],"collection":[{"href":"https:\/\/antamebike.com\/index.php?rest_route=\/wp\/v2\/product"}],"about":[{"href":"https:\/\/antamebike.com\/index.php?rest_route=\/wp\/v2\/types\/product"}],"replies":[{"embeddable":true,"href":"https:\/\/antamebike.com\/index.php?rest_route=%2Fwp%2Fv2%2Fcomments&post=582"}],"wp:featuredmedia":[{"embeddable":true,"href":"https:\/\/antamebike.com\/index.php?rest_route=\/wp\/v2\/media\/583"}],"wp:attachment":[{"href":"https:\/\/antamebike.com\/index.php?rest_route=%2Fwp%2Fv2%2Fmedia&parent=582"}],"wp:term":[{"taxonomy":"product_cat","embeddable":true,"href":"https:\/\/antamebike.com\/index.php?rest_route=%2Fwp%2Fv2%2Fproduct_cat&post=582"},{"taxonomy":"product_tag","embeddable":true,"href":"https:\/\/antamebike.com\/index.php?rest_route=%2Fwp%2Fv2%2Fproduct_tag&post=582"}],"curies":[{"name":"wp","href":"https:\/\/api.w.org\/{rel}","templated":true}]}}