{"id":802,"date":"2022-10-20T11:37:57","date_gmt":"2022-10-20T11:37:57","guid":{"rendered":"https:\/\/antamebike.com\/?post_type=product&#038;p=802"},"modified":"2025-05-09T08:39:49","modified_gmt":"2025-05-09T08:39:49","slug":"engwe-c20-pro-xe-dap-dien-gap-gon-cao-cap","status":"publish","type":"product","link":"https:\/\/antamebike.com\/?product=engwe-c20-pro-xe-dap-dien-gap-gon-cao-cap","title":{"rendered":"Engwe C20 Pro &#8211; Xe \u0111\u1ea1p \u0111i\u1ec7n g\u1ea5p g\u1ecdn cao c\u1ea5p"},"content":{"rendered":"<h2><strong>XE \u0110\u1ea0P TR\u1ee2 L\u01afC \u0110I\u1eb8N &#8211; ENGWE C20 PRO<\/strong><\/h2>\n<p>Chi\u1ebfc xe \u0111\u1ea1p \u0111i\u1ec7n tr\u1ee3 l\u1ef1c cao c\u1ea5p nh\u1ea5t hi\u1ec7n nay c\u1ee7a d\u00f2ng Xe \u0111\u1ea1p \u0111i\u1ec7n tr\u1ee3 l\u1ef1c G\u1ea5p g\u1ecdn b\u00e1nh xe size 20<\/p>\n<div class=\"ast-oembed-container \" style=\"height: 100%;\"><iframe loading=\"lazy\" title=\"Xe \u0111\u1ea1p \u0111i\u1ec7n g\u1ea5p g\u1ecdn - Ebike Engwe C20 pro\" width=\"500\" height=\"281\" src=\"https:\/\/www.youtube.com\/embed\/XUGigSzEXOQ?feature=oembed\" frameborder=\"0\" allow=\"accelerometer; autoplay; clipboard-write; encrypted-media; gyroscope; picture-in-picture; web-share\" referrerpolicy=\"strict-origin-when-cross-origin\" allowfullscreen><\/iframe><\/div>\n<h3><strong>\u0110\u1ed8NG C\u01a0<\/strong><\/h3>\n<p>V\u1edbi <strong>\u0111\u1ed9ng c\u01a1 250w (m\u1edf t\u1ed1c l\u00ean 500w)<\/strong>\u00a0n\u00ean t\u1ed1c \u0111\u1ed9 ch\u1ea1y \u0111i\u1ec7n l\u00ean 38km\/h kh\u00e1 nh\u1eb9 nh\u00e0ng.\u00a0Ph\u1ea3i n\u00f3i Engwe C20 pro l\u00e0 chi\u1ebfc xe \u0111\u1ea1p tr\u1ee3 l\u1ef1c \u0111i\u1ec7n G\u1ea5p g\u1ecdn size 20: Nhanh v\u00e0 M\u1ea1nh m\u1ebd nh\u1ea5t hi\u1ec7n nay.<\/p>\n<p><img loading=\"lazy\" decoding=\"async\" class=\"alignnone wp-image-1609 size-large\" src=\"https:\/\/antamebike.com\/wp-content\/uploads\/2023\/02\/Engwe-C20-pro-Brushless-Motor-1024x523.jpg\" alt=\"\" width=\"1024\" height=\"523\" srcset=\"https:\/\/antamebike.com\/wp-content\/uploads\/2023\/02\/Engwe-C20-pro-Brushless-Motor-1024x523.jpg 1024w, https:\/\/antamebike.com\/wp-content\/uploads\/2023\/02\/Engwe-C20-pro-Brushless-Motor-300x153.jpg 300w, https:\/\/antamebike.com\/wp-content\/uploads\/2023\/02\/Engwe-C20-pro-Brushless-Motor-768x392.jpg 768w, https:\/\/antamebike.com\/wp-content\/uploads\/2023\/02\/Engwe-C20-pro-Brushless-Motor-1536x784.jpg 1536w, https:\/\/antamebike.com\/wp-content\/uploads\/2023\/02\/Engwe-C20-pro-Brushless-Motor-600x306.jpg 600w, https:\/\/antamebike.com\/wp-content\/uploads\/2023\/02\/Engwe-C20-pro-Brushless-Motor.jpg 1920w\" sizes=\"auto, (max-width: 1024px) 100vw, 1024px\" \/><\/p>\n<p><strong>Engwe C20 pro<\/strong> v\u1edbi thi\u1ebft k\u1ebf hi\u1ec7n \u0111\u1ea1i \u0111\u01b0\u1eddng n\u00e9t chi ti\u1ebft kh\u00e1 s\u1eafc s\u1ea3o v\u00e0 c\u00f4ng ngh\u1ec7 s\u01a1n cao c\u1ea5p<\/p>\n<p>Khung s\u01b0\u1eddn h\u1ee3p kim Nh\u00f4m li\u1ec1n kh\u1ed1i v\u1eeba \u0111\u1ea3m b\u1ea3o nh\u1eb9 nh\u00e0ng nh\u01b0ng kh\u00e1 ch\u1eafc ch\u1eafn gi\u00fap v\u1eadn h\u00e0nh t\u1ed1i \u01b0u nh\u1ea5t.<\/p>\n<p><img loading=\"lazy\" decoding=\"async\" class=\"alignnone wp-image-815 size-large\" src=\"https:\/\/antamebike.com\/wp-content\/uploads\/2022\/10\/C20-pro-Alloy-Foldable-Frame-1024x414.jpg\" alt=\"\" width=\"1024\" height=\"414\" srcset=\"https:\/\/antamebike.com\/wp-content\/uploads\/2022\/10\/C20-pro-Alloy-Foldable-Frame-1024x414.jpg 1024w, https:\/\/antamebike.com\/wp-content\/uploads\/2022\/10\/C20-pro-Alloy-Foldable-Frame-300x121.jpg 300w, https:\/\/antamebike.com\/wp-content\/uploads\/2022\/10\/C20-pro-Alloy-Foldable-Frame-768x310.jpg 768w, https:\/\/antamebike.com\/wp-content\/uploads\/2022\/10\/C20-pro-Alloy-Foldable-Frame-1536x621.jpg 1536w, https:\/\/antamebike.com\/wp-content\/uploads\/2022\/10\/C20-pro-Alloy-Foldable-Frame-2048x828.jpg 2048w, https:\/\/antamebike.com\/wp-content\/uploads\/2022\/10\/C20-pro-Alloy-Foldable-Frame-600x243.jpg 600w\" sizes=\"auto, (max-width: 1024px) 100vw, 1024px\" \/><\/p>\n<p><img loading=\"lazy\" decoding=\"async\" class=\"alignnone wp-image-1442 size-large\" src=\"https:\/\/antamebike.com\/wp-content\/uploads\/2023\/03\/ENGWE-C20-PRO-banner-1-1024x461.jpg\" alt=\"\" width=\"1024\" height=\"461\" srcset=\"https:\/\/antamebike.com\/wp-content\/uploads\/2023\/03\/ENGWE-C20-PRO-banner-1-1024x461.jpg 1024w, https:\/\/antamebike.com\/wp-content\/uploads\/2023\/03\/ENGWE-C20-PRO-banner-1-300x135.jpg 300w, https:\/\/antamebike.com\/wp-content\/uploads\/2023\/03\/ENGWE-C20-PRO-banner-1-768x346.jpg 768w, https:\/\/antamebike.com\/wp-content\/uploads\/2023\/03\/ENGWE-C20-PRO-banner-1-1536x691.jpg 1536w, https:\/\/antamebike.com\/wp-content\/uploads\/2023\/03\/ENGWE-C20-PRO-banner-1-600x270.jpg 600w, https:\/\/antamebike.com\/wp-content\/uploads\/2023\/03\/ENGWE-C20-PRO-banner-1.jpg 1920w\" sizes=\"auto, (max-width: 1024px) 100vw, 1024px\" \/><\/p>\n<h3><strong>DUNG L\u01af\u1ee2NG PIN<\/strong><\/h3>\n<p><img loading=\"lazy\" decoding=\"async\" class=\"alignnone size-medium wp-image-811\" src=\"https:\/\/antamebike.com\/wp-content\/uploads\/2022\/10\/xengwe-c20-pro-pin-thao-roi-300x300.jpeg\" alt=\"\" width=\"300\" height=\"300\" srcset=\"https:\/\/antamebike.com\/wp-content\/uploads\/2022\/10\/xengwe-c20-pro-pin-thao-roi-300x300.jpeg 300w, https:\/\/antamebike.com\/wp-content\/uploads\/2022\/10\/xengwe-c20-pro-pin-thao-roi-150x150.jpeg 150w, https:\/\/antamebike.com\/wp-content\/uploads\/2022\/10\/xengwe-c20-pro-pin-thao-roi-768x768.jpeg 768w, https:\/\/antamebike.com\/wp-content\/uploads\/2022\/10\/xengwe-c20-pro-pin-thao-roi-600x600.jpeg 600w, https:\/\/antamebike.com\/wp-content\/uploads\/2022\/10\/xengwe-c20-pro-pin-thao-roi-100x100.jpeg 100w, https:\/\/antamebike.com\/wp-content\/uploads\/2022\/10\/xengwe-c20-pro-pin-thao-roi.jpeg 800w\" sizes=\"auto, (max-width: 300px) 100vw, 300px\" \/><\/p>\n<p><img loading=\"lazy\" decoding=\"async\" class=\"alignnone wp-image-1616 size-large\" src=\"https:\/\/antamebike.com\/wp-content\/uploads\/2022\/10\/Engwe-C20-pro-No-Range-Anxiety-1024x507.jpg\" alt=\"\" width=\"1024\" height=\"507\" srcset=\"https:\/\/antamebike.com\/wp-content\/uploads\/2022\/10\/Engwe-C20-pro-No-Range-Anxiety-1024x507.jpg 1024w, https:\/\/antamebike.com\/wp-content\/uploads\/2022\/10\/Engwe-C20-pro-No-Range-Anxiety-300x148.jpg 300w, https:\/\/antamebike.com\/wp-content\/uploads\/2022\/10\/Engwe-C20-pro-No-Range-Anxiety-768x380.jpg 768w, https:\/\/antamebike.com\/wp-content\/uploads\/2022\/10\/Engwe-C20-pro-No-Range-Anxiety-1536x760.jpg 1536w, https:\/\/antamebike.com\/wp-content\/uploads\/2022\/10\/Engwe-C20-pro-No-Range-Anxiety-600x297.jpg 600w, https:\/\/antamebike.com\/wp-content\/uploads\/2022\/10\/Engwe-C20-pro-No-Range-Anxiety.jpg 1920w\" sizes=\"auto, (max-width: 1024px) 100vw, 1024px\" \/><\/p>\n<p><strong>Dung l\u01b0\u1ee3ng pin Litium l\u00ean \u0111\u1ebfn 15,6Ah<\/strong> c\u00f3 th\u1ec3 n\u00f3i Engwe C20 pro l\u00e0 chi\u1ebfc xe \u0111\u1ea1p tr\u1ee3 l\u1ef1c \u0111i\u1ec7n c\u00f3 qu\u00e3ng \u0111\u01b0\u1eddng v\u1eadn h\u00e0nh xa nh\u1ea5t hi\u1ec7n nay<\/p>\n<p>V\u1edbi qu\u00e3ng \u0111\u01b0\u1eddng tr\u1ee3 l\u1ef1c \u0111i\u1ec7n h\u01a1n 100km v\u00e0 n\u1ebfu ch\u1ec9 ch\u1ea1y thu\u1ea7n \u0111i\u1ec7n th\u00ec qu\u00e3ng \u0111\u01b0\u1eddng l\u00e0 60km gi\u00fap ch\u1ee7 nh\u00e2n tha h\u1ed3 vi vu kh\u1eafp c\u00e1c n\u1ebbo \u0111\u01b0\u1eddng m\u00e0 kh\u00f4ng c\u1ea7n ph\u1ea3i lo l\u1eafng v\u1ec1 pin.<\/p>\n<p>&nbsp;<\/p>\n<p><strong>B\u00e1nh size 20 x 3 inch<\/strong> k\u00e8m h\u1ec7 th\u1ed1ng gi\u1ea3m shock k\u00e9p, Y\u00ean B\u00e9o \u0111\u00e3 gi\u00fap Engwe C20 Pro v\u1eeba b\u00e1m \u0111\u01b0\u1eddng t\u1ed1t tr\u00ean c\u00e1c \u0111\u1ecba h\u00ecnh kh\u00e1c nhau l\u1ea1i v\u1eeba \u00eam \u00e1i nh\u1eb9 nh\u00e0ng d\u00f9 \u0111i qu\u00e3ng \u0111\u01b0\u1eddng d\u00e0i tr\u00ean \u0111\u1ecba h\u00ecnh kh\u00f4ng b\u1eb1ng ph\u1eb3ng hay g\u1ed3 gh\u1ec1.<\/p>\n<p><img loading=\"lazy\" decoding=\"async\" class=\"alignnone wp-image-1164 size-full\" src=\"https:\/\/antamebike.com\/wp-content\/uploads\/2022\/10\/C20-Pro-4.jpg\" alt=\"\" width=\"800\" height=\"533\" srcset=\"https:\/\/antamebike.com\/wp-content\/uploads\/2022\/10\/C20-Pro-4.jpg 800w, https:\/\/antamebike.com\/wp-content\/uploads\/2022\/10\/C20-Pro-4-300x200.jpg 300w, https:\/\/antamebike.com\/wp-content\/uploads\/2022\/10\/C20-Pro-4-768x512.jpg 768w, https:\/\/antamebike.com\/wp-content\/uploads\/2022\/10\/C20-Pro-4-600x400.jpg 600w\" sizes=\"auto, (max-width: 800px) 100vw, 800px\" \/><\/p>\n<h3><strong>C\u00c1C TRANG B\u1eca KH\u00c1C<\/strong><\/h3>\n<p><img loading=\"lazy\" decoding=\"async\" class=\"alignnone wp-image-816 size-full\" src=\"https:\/\/antamebike.com\/wp-content\/uploads\/2022\/10\/xe-dap-dien-tro-luc-engwe-c20-pro-.png\" alt=\"\" width=\"800\" height=\"810\" srcset=\"https:\/\/antamebike.com\/wp-content\/uploads\/2022\/10\/xe-dap-dien-tro-luc-engwe-c20-pro-.png 800w, https:\/\/antamebike.com\/wp-content\/uploads\/2022\/10\/xe-dap-dien-tro-luc-engwe-c20-pro--296x300.png 296w, https:\/\/antamebike.com\/wp-content\/uploads\/2022\/10\/xe-dap-dien-tro-luc-engwe-c20-pro--768x778.png 768w, https:\/\/antamebike.com\/wp-content\/uploads\/2022\/10\/xe-dap-dien-tro-luc-engwe-c20-pro--600x608.png 600w, https:\/\/antamebike.com\/wp-content\/uploads\/2022\/10\/xe-dap-dien-tro-luc-engwe-c20-pro--100x100.png 100w\" sizes=\"auto, (max-width: 800px) 100vw, 800px\" \/><\/p>\n<p><img loading=\"lazy\" decoding=\"async\" class=\"alignnone wp-image-809 size-full\" src=\"https:\/\/antamebike.com\/wp-content\/uploads\/2022\/10\/8c20pro849-1646019429996.jpeg\" alt=\"\" width=\"750\" height=\"849\" srcset=\"https:\/\/antamebike.com\/wp-content\/uploads\/2022\/10\/8c20pro849-1646019429996.jpeg 750w, https:\/\/antamebike.com\/wp-content\/uploads\/2022\/10\/8c20pro849-1646019429996-265x300.jpeg 265w, https:\/\/antamebike.com\/wp-content\/uploads\/2022\/10\/8c20pro849-1646019429996-600x679.jpeg 600w\" sizes=\"auto, (max-width: 750px) 100vw, 750px\" \/><\/p>\n<p>Engwe C20 pro \u0111\u01b0\u1ee3c trang b\u1ecb M\u00e0n h\u00ecnh LCD cao c\u1ea5p nh\u00ecn t\u1ed1t v\u1edbi \u00e1nh m\u1ea1nh ngo\u00e0i tr\u1eddi. Hi\u1ec7n th\u1ecb v\u00e0 thao t\u00e1c tr\u1ef1c quan t\u1ee9c th\u00ec<\/p>\n<p>V\u1edbi 5 ch\u1ebf \u0111\u1ed9 l\u00e1i v\u00e0 ch\u1ebf \u0111\u1ed9 cruise control m\u00e0 ch\u01b0a c\u00f3 chi\u1ebfc c\u00f9ng d\u00f2ng trang b\u1ecb<\/p>\n<p><img loading=\"lazy\" decoding=\"async\" class=\"alignnone wp-image-810 size-full\" src=\"https:\/\/antamebike.com\/wp-content\/uploads\/2022\/10\/ENGWE-c20-pro-display.jpeg\" alt=\"\" width=\"1000\" height=\"1000\" srcset=\"https:\/\/antamebike.com\/wp-content\/uploads\/2022\/10\/ENGWE-c20-pro-display.jpeg 1000w, https:\/\/antamebike.com\/wp-content\/uploads\/2022\/10\/ENGWE-c20-pro-display-300x300.jpeg 300w, https:\/\/antamebike.com\/wp-content\/uploads\/2022\/10\/ENGWE-c20-pro-display-150x150.jpeg 150w, https:\/\/antamebike.com\/wp-content\/uploads\/2022\/10\/ENGWE-c20-pro-display-768x768.jpeg 768w, https:\/\/antamebike.com\/wp-content\/uploads\/2022\/10\/ENGWE-c20-pro-display-600x600.jpeg 600w, https:\/\/antamebike.com\/wp-content\/uploads\/2022\/10\/ENGWE-c20-pro-display-100x100.jpeg 100w\" sizes=\"auto, (max-width: 1000px) 100vw, 1000px\" \/><\/p>\n<p>V\u1edbi nhi\u1ec1u trang b\u1ecb x\u1ecbn x\u00f2 nh\u01b0 v\u1eady, Engwe C20 Pro \u0111\u00e3 thuy\u1ebft ph\u1ee5c \u0111\u01b0\u1ee3c h\u1ea7u h\u1ebft nh\u1eefng kh\u00e1ch h\u00e0ng kh\u00f3 t\u00ednh nh\u1ea5t khi ch\u1ecdn l\u1ef1a d\u00f2ng xe \u0111\u1ea1p G\u1ea5p g\u1ecdn size 20<\/p>\n<p><img loading=\"lazy\" decoding=\"async\" class=\"alignnone wp-image-1617 size-large\" src=\"https:\/\/antamebike.com\/wp-content\/uploads\/2022\/10\/Engwe-C20-pro-Light-and-Convenient-1024x512.jpg\" alt=\"\" width=\"1024\" height=\"512\" srcset=\"https:\/\/antamebike.com\/wp-content\/uploads\/2022\/10\/Engwe-C20-pro-Light-and-Convenient-1024x512.jpg 1024w, https:\/\/antamebike.com\/wp-content\/uploads\/2022\/10\/Engwe-C20-pro-Light-and-Convenient-300x150.jpg 300w, https:\/\/antamebike.com\/wp-content\/uploads\/2022\/10\/Engwe-C20-pro-Light-and-Convenient-768x384.jpg 768w, https:\/\/antamebike.com\/wp-content\/uploads\/2022\/10\/Engwe-C20-pro-Light-and-Convenient-1536x768.jpg 1536w, https:\/\/antamebike.com\/wp-content\/uploads\/2022\/10\/Engwe-C20-pro-Light-and-Convenient-600x300.jpg 600w, https:\/\/antamebike.com\/wp-content\/uploads\/2022\/10\/Engwe-C20-pro-Light-and-Convenient.jpg 1920w\" sizes=\"auto, (max-width: 1024px) 100vw, 1024px\" \/><\/p>\n<p>By antamebike.com<\/p>\n","protected":false},"excerpt":{"rendered":"<h5><strong>Engwe C20 Pro<\/strong>: Chi\u1ebfc G\u1ea5p g\u1ecdn \u0111a d\u1ee5ng M\u1ea1nh m\u1ebd v\u00e0 \u0111\u01b0\u1ee3c trang b\u1ecb \u0111\u1ea7y \u0111\u1ee7 nh\u1ea5t trong ph\u00e2n kh\u00fac<\/h5>\n<p><strong>CTKM Summer Sales: <\/strong>Khuy\u1ebfn m\u00e3i l\u00ean h\u01a1n<strong>\u00a02 tri\u1ec7u, \u0111\u1eb7c bi\u1ec7t:\u00a0<\/strong>l\u00e0 c\u00f3 <strong>K\u00e8m Baga H\u00e3ng<\/strong> trong b\u1ed9 ph\u1ee5 ki\u1ec7n t\u1eb7ng k\u00e8m<\/p>\n<ul>\n<li><strong>\u0110\u1ed9ng c\u01a1 250w (peak 500W)<\/strong> v\u00f4 c\u00f9ng m\u1ea1nh m\u1ebd<\/li>\n<li><strong>Pin 36V 15.6Ah<\/strong> gi\u00fap qu\u00e3ng \u0111\u01b0\u1eddng \u0111i tr\u1ee3 l\u1ef1c h\u01a1n 100km<\/li>\n<li>V\u1eadn t\u1ed1c tr\u1ee3 l\u1ef1c \u0111i\u1ec7n t\u1ed1i \u0111a 25km\/h (<strong>m\u1edf t\u1ed1c l\u00ean 38<\/strong>)<\/li>\n<li>Tr\u1ecdng l\u01b0\u1ee3ng ch\u1ec9 25kg<\/li>\n<li><strong>B\u00e1nh size 20 x 3 inch<\/strong> v\u1eadn h\u00e0nh y\u00eam \u00e1i v\u00e0 b\u00e1m ch\u1eafc m\u1eb7t \u0111\u01b0\u1eddng<\/li>\n<li>Gi\u1ea3m shock k\u00e9p v\u00e0 2 th\u1eafng \u0111\u0129a x\u1ecbn x\u00f2<\/li>\n<\/ul>\n","protected":false},"featured_media":1757,"comment_status":"open","ping_status":"closed","template":"","meta":{"site-sidebar-layout":"default","site-content-layout":"default","ast-site-content-layout":"","site-content-style":"default","site-sidebar-style":"default","ast-global-header-display":"","ast-banner-title-visibility":"","ast-main-header-display":"","ast-hfb-above-header-display":"","ast-hfb-below-header-display":"","ast-hfb-mobile-header-display":"","site-post-title":"","ast-breadcrumbs-content":"","ast-featured-img":"","footer-sml-layout":"","theme-transparent-header-meta":"default","adv-header-id-meta":"","stick-header-meta":"","header-above-stick-meta":"","header-main-stick-meta":"","header-below-stick-meta":"","astra-migrate-meta-layouts":"default","ast-page-background-enabled":"default","ast-page-background-meta":{"desktop":{"background-color":"var(--ast-global-color-4)","background-image":"","background-repeat":"repeat","background-position":"center center","background-size":"auto","background-attachment":"scroll","background-type":"","background-media":"","overlay-type":"","overlay-color":"","overlay-gradient":""},"tablet":{"background-color":"","background-image":"","background-repeat":"repeat","background-position":"center center","background-size":"auto","background-attachment":"scroll","background-type":"","background-media":"","overlay-type":"","overlay-color":"","overlay-gradient":""},"mobile":{"background-color":"","background-image":"","background-repeat":"repeat","background-position":"center center","background-size":"auto","background-attachment":"scroll","background-type":"","background-media":"","overlay-type":"","overlay-color":"","overlay-gradient":""}},"ast-content-background-meta":{"desktop":{"background-color":"var(--ast-global-color-5)","background-image":"","background-repeat":"repeat","background-position":"center center","background-size":"auto","background-attachment":"scroll","background-type":"","background-media":"","overlay-type":"","overlay-color":"","overlay-gradient":""},"tablet":{"background-color":"var(--ast-global-color-5)","background-image":"","background-repeat":"repeat","background-position":"center center","background-size":"auto","background-attachment":"scroll","background-type":"","background-media":"","overlay-type":"","overlay-color":"","overlay-gradient":""},"mobile":{"background-color":"var(--ast-global-color-5)","background-image":"","background-repeat":"repeat","background-position":"center center","background-size":"auto","background-attachment":"scroll","background-type":"","background-media":"","overlay-type":"","overlay-color":"","overlay-gradient":""}}},"product_cat":[111,49,116,38,39],"product_tag":[117,118,159,123,121],"class_list":{"0":"post-802","1":"product","2":"type-product","3":"status-publish","4":"has-post-thumbnail","6":"product_cat-gia-tot","7":"product_cat-san-pham-hot","8":"product_cat-xe-dap-dien-engwe","9":"product_cat-xe-dap-gap","10":"product_cat-xe-dap-size-20","11":"product_tag-c20-pro","12":"product_tag-engwe","13":"product_tag-engwe-c20-pro","14":"product_tag-xedapdienbanhbeo","15":"product_tag-xedapdientroluc","16":"desktop-align-left","17":"tablet-align-left","18":"mobile-align-left","19":"ast-product-gallery-layout-horizontal-slider","20":"ast-product-single-variable","21":"ast-product-tabs-layout-horizontal","23":"first","24":"instock","25":"shipping-taxable","26":"purchasable","27":"product-type-variable"},"_links":{"self":[{"href":"https:\/\/antamebike.com\/index.php?rest_route=\/wp\/v2\/product\/802","targetHints":{"allow":["GET"]}}],"collection":[{"href":"https:\/\/antamebike.com\/index.php?rest_route=\/wp\/v2\/product"}],"about":[{"href":"https:\/\/antamebike.com\/index.php?rest_route=\/wp\/v2\/types\/product"}],"replies":[{"embeddable":true,"href":"https:\/\/antamebike.com\/index.php?rest_route=%2Fwp%2Fv2%2Fcomments&post=802"}],"wp:featuredmedia":[{"embeddable":true,"href":"https:\/\/antamebike.com\/index.php?rest_route=\/wp\/v2\/media\/1757"}],"wp:attachment":[{"href":"https:\/\/antamebike.com\/index.php?rest_route=%2Fwp%2Fv2%2Fmedia&parent=802"}],"wp:term":[{"taxonomy":"product_cat","embeddable":true,"href":"https:\/\/antamebike.com\/index.php?rest_route=%2Fwp%2Fv2%2Fproduct_cat&post=802"},{"taxonomy":"product_tag","embeddable":true,"href":"https:\/\/antamebike.com\/index.php?rest_route=%2Fwp%2Fv2%2Fproduct_tag&post=802"}],"curies":[{"name":"wp","href":"https:\/\/api.w.org\/{rel}","templated":true}]}}