{"id":831,"date":"2022-10-21T08:51:18","date_gmt":"2022-10-21T08:51:18","guid":{"rendered":"https:\/\/antamebike.com\/?post_type=product&#038;p=831"},"modified":"2025-05-09T08:39:49","modified_gmt":"2025-05-09T08:39:49","slug":"engwe-x26-xe-dap-dien-cao-cap-nhat-hien-nay","status":"publish","type":"product","link":"https:\/\/antamebike.com\/?product=engwe-x26-xe-dap-dien-cao-cap-nhat-hien-nay","title":{"rendered":"Engwe X26 &#8211; Xe \u0111\u1ea1p \u0111i\u1ec7n cao c\u1ea5p nh\u1ea5t hi\u1ec7n nay"},"content":{"rendered":"<h2><strong>ENGWE X26<\/strong> &#8211; Xe \u0111\u1ea1p \u0111i\u1ec7n tr\u1ee3 l\u1ef1c cao c\u1ea5p nh\u1ea5t hi\u1ec7n nay<\/h2>\n<p>H\u00e3y xem qua clip gi\u1edbi thi\u1ec7u v\u1ec1 em n\u00f3 nh\u00e9<\/p>\n<div class=\"ast-oembed-container \" style=\"height: 100%;\"><iframe loading=\"lazy\" title=\"ENGWE X26 All-Terrain E-Bike: 62Mile Longest Range &amp; 31MPH Fastest Speed\" width=\"500\" height=\"281\" src=\"https:\/\/www.youtube.com\/embed\/gEkc1YUuafk?feature=oembed\" frameborder=\"0\" allow=\"accelerometer; autoplay; clipboard-write; encrypted-media; gyroscope; picture-in-picture; web-share\" referrerpolicy=\"strict-origin-when-cross-origin\" allowfullscreen><\/iframe><\/div>\n<p>\u1ea4n t\u01b0\u1ee3ng \u0111\u1ea7u ti\u00ean khi nh\u00ecn th\u1ea5y Engwe X26 l\u00e0 thi\u1ebft k\u1ebf \u0111\u1ebfn t\u1eeb t\u01b0\u01a1ng l\u1ea1i, kh\u00e1 cao c\u1ea5p v\u00e0 \u0111\u1ea7y c\u00f4ng ngh\u1ec7<\/p>\n<h3><strong>\u0110\u1ed8NG C\u01a0<\/strong><\/h3>\n<p>V\u1edbi vi\u1ec7c \u0111\u01b0\u1ee3c trang b\u1ecb <strong>\u0111\u1ed9ng c\u01a1 1000W<\/strong> gi\u00fap cho Engwe X26 mang trong m\u00ecnh s\u1ee9c m\u1ea1nh kh\u00e1 c\u01a1 b\u1eafp b\u1ea5t ch\u1ea5p m\u1ecdi \u0111\u1ecba h\u00ecnh<\/p>\n<p><img loading=\"lazy\" decoding=\"async\" class=\"alignnone wp-image-838 size-full\" src=\"https:\/\/antamebike.com\/wp-content\/uploads\/2022\/10\/Engwe-X26-M-3.jpeg\" alt=\"\" width=\"600\" height=\"398\" srcset=\"https:\/\/antamebike.com\/wp-content\/uploads\/2022\/10\/Engwe-X26-M-3.jpeg 600w, https:\/\/antamebike.com\/wp-content\/uploads\/2022\/10\/Engwe-X26-M-3-300x199.jpeg 300w\" sizes=\"auto, (max-width: 600px) 100vw, 600px\" \/><\/p>\n<h3><strong>H\u1ec7 th\u1ed1ng gi\u1ea3m shock<\/strong><\/h3>\n<p>H\u1ec7 th\u1ed1ng gi\u1ea3m shock c\u1ee7a Engwe X26 \u0111\u01b0\u1ee3c trang l\u1ea1i \u0111\u01b0\u1ee3c trang b\u1ecb h\u1eb5n <strong>3 phu\u1ed9t nh\u00fang<\/strong> x\u1ecbn x\u00f2 n\u00ean d\u00f9 c\u00f3 \u0111i lo\u1ea1i \u0111\u01b0\u1eddng n\u00e0o c\u0169ng v\u00f4 c\u00f9ng \u00eam \u00e1i<\/p>\n<p><img loading=\"lazy\" decoding=\"async\" class=\"alignnone wp-image-840 size-large\" src=\"https:\/\/antamebike.com\/wp-content\/uploads\/2022\/10\/Engwe-X26-shock-1024x676.jpeg\" alt=\"\" width=\"1024\" height=\"676\" srcset=\"https:\/\/antamebike.com\/wp-content\/uploads\/2022\/10\/Engwe-X26-shock-1024x676.jpeg 1024w, https:\/\/antamebike.com\/wp-content\/uploads\/2022\/10\/Engwe-X26-shock-300x198.jpeg 300w, https:\/\/antamebike.com\/wp-content\/uploads\/2022\/10\/Engwe-X26-shock-768x507.jpeg 768w, https:\/\/antamebike.com\/wp-content\/uploads\/2022\/10\/Engwe-X26-shock-600x396.jpeg 600w, https:\/\/antamebike.com\/wp-content\/uploads\/2022\/10\/Engwe-X26-shock.jpeg 1280w\" sizes=\"auto, (max-width: 1024px) 100vw, 1024px\" \/><\/p>\n<p>Ch\u01b0a k\u1ec3 B\u00e1nh xe size 26 nh\u01b0ng l\u1ea1i lo\u1ea1i b\u1ea3ng to 4inch n\u00ean \u0111\u1ed9 b\u00e1m \u0111\u01b0\u1eddng l\u00e0 tuy\u1ec7t v\u1eddi v\u00f4 c\u00f9ng<\/p>\n<p><img loading=\"lazy\" decoding=\"async\" class=\"alignnone size-medium wp-image-841\" src=\"https:\/\/antamebike.com\/wp-content\/uploads\/2022\/10\/Engwe-X26-tire-300x200.png\" alt=\"\" width=\"300\" height=\"200\" srcset=\"https:\/\/antamebike.com\/wp-content\/uploads\/2022\/10\/Engwe-X26-tire-300x200.png 300w, https:\/\/antamebike.com\/wp-content\/uploads\/2022\/10\/Engwe-X26-tire-1024x684.png 1024w, https:\/\/antamebike.com\/wp-content\/uploads\/2022\/10\/Engwe-X26-tire-768x513.png 768w, https:\/\/antamebike.com\/wp-content\/uploads\/2022\/10\/Engwe-X26-tire-600x401.png 600w, https:\/\/antamebike.com\/wp-content\/uploads\/2022\/10\/Engwe-X26-tire.png 1200w\" sizes=\"auto, (max-width: 300px) 100vw, 300px\" \/><\/p>\n<h3><strong>PIN TRANG B\u1eca<\/strong><\/h3>\n<p>Engwe X26 \u0111\u01b0\u1ee3c trang b\u1ecb h\u1eb5n <strong>2 pin Litium k\u00e9p<\/strong> v\u1edbi c\u00f4ng su\u1ea5t l\u00ean \u0111\u1ebfn <strong>30Ah<\/strong> gi\u00fap cho qu\u00e3ng \u0111\u01b0\u1eddng \u0111i l\u00ean \u0111\u1ebfn 150Km v\u00e0 thu\u1ea7n \u0111i\u1ec7n g\u1ea7n 100Km.<\/p>\n<p>V\u1edbi vi\u1ec7c trang b\u1ecb t\u1eadn r\u0103ng nhi\u1ec1u c\u00f4ng ngh\u1ec7 cao c\u1ea5p th\u00ec Engwe X26 x\u1ee9ng \u0111\u00e1ng l\u00e0 chi\u1ebfc xe \u0111\u1ea7u b\u1ea3ng c\u1ee7a d\u00f2ng xe \u0111\u1ea1p \u0111i\u1ec7n tr\u1ee3 l\u1ef1c v\u00e0 hi\u1ec7n t\u1ea1i n\u00f3 c\u0169ng \u0111ang kh\u00e1 Hot t\u1ea1i th\u00ec tr\u01b0\u1eddng Ch\u00e2u \u00c2u v\u00ec kh\u00e1ch h\u00e0ng kh\u00e1 h\u00e0i l\u00f2ng v\u1ec1 em n\u00f3.<\/p>\n<p>Ph\u1ea3i n\u00f3i ch\u1ee7 nh\u00e2n c\u1ee7a Engwe X26 khi ch\u1ecdn em n\u00f3 th\u00ec g\u1ea7n nh\u01b0 kh\u00f4ng ph\u1ea3i l\u0103ng t\u0103ng g\u00ec khi ng\u1ed3i l\u00ean Engwe X26 \u0111\u1ec3 vi vu m\u1ecdi n\u1ebbo \u0111\u01b0\u1eddng. \u0110\u1ea3m b\u1ea3o s\u1ebd thu h\u00fat m\u1ecdi \u00e1nh nh\u00ecn ng\u01b0\u1ee1ng m\u1ed9 1 chi\u1ebfc xe qu\u00e1 \u0111\u1eb9p v\u00e0 \u0111\u1ea7y c\u00f4ng ngh\u1ec7 t\u01b0\u01a1ng l\u1ea1i.<\/p>\n<p><img loading=\"lazy\" decoding=\"async\" class=\"alignnone wp-image-843 size-full\" src=\"https:\/\/antamebike.com\/wp-content\/uploads\/2022\/10\/Engwe-X26-mode.jpeg\" alt=\"\" width=\"695\" height=\"460\" srcset=\"https:\/\/antamebike.com\/wp-content\/uploads\/2022\/10\/Engwe-X26-mode.jpeg 695w, https:\/\/antamebike.com\/wp-content\/uploads\/2022\/10\/Engwe-X26-mode-300x199.jpeg 300w, https:\/\/antamebike.com\/wp-content\/uploads\/2022\/10\/Engwe-X26-mode-600x397.jpeg 600w\" sizes=\"auto, (max-width: 695px) 100vw, 695px\" \/><\/p>\n","protected":false},"excerpt":{"rendered":"<h5>Engwe X26 chi\u1ebfc xe \u0111\u1ea1p \u0111i\u1ec7n \u0111\u1ea7u b\u1ea3ng hi\u1ec7n nay tr\u00ean th\u1ecb tr\u01b0\u1eddng<\/h5>\n<p><strong>CTKM 30.4 -.01.05 T\u1eb7ng ngay 7 Tri\u1ec7u<\/strong><\/p>\n<ul>\n<li>\u0110\u1ed9ng c\u01a1 1000w \u00a0v\u00f4 c\u00f9ng m\u1ea1nh m\u1ebd<\/li>\n<li>2 pin Litium t\u1ed5ng c\u1ed9ng 30Ah, gi\u00fap qu\u00e3ng \u0111\u01b0\u1eddng \u0111i l\u00ean \u0111\u1ebfn 150Km<\/li>\n<li>V\u1eadn t\u1ed1c thu\u1ea7n \u0111i\u1ec7n t\u1ed1i \u0111a: 25km\/h (m\u1edf t\u1ed1c l\u00ean 55)<\/li>\n<li>H\u1ec7 th\u1ed1ng gi\u1ea3m shock: 3 phu\u1ed9c nh\u00fang<\/li>\n<li>B\u00e1nh xe 26 x 4inch b\u1ea5t ch\u1ea5p m\u1ecdi \u0111\u1ecba h\u00ecnh<\/li>\n<\/ul>\n","protected":false},"featured_media":1580,"comment_status":"open","ping_status":"closed","template":"","meta":{"site-sidebar-layout":"default","site-content-layout":"default","ast-site-content-layout":"","site-content-style":"default","site-sidebar-style":"default","ast-global-header-display":"","ast-banner-title-visibility":"","ast-main-header-display":"","ast-hfb-above-header-display":"","ast-hfb-below-header-display":"","ast-hfb-mobile-header-display":"","site-post-title":"","ast-breadcrumbs-content":"","ast-featured-img":"","footer-sml-layout":"","theme-transparent-header-meta":"default","adv-header-id-meta":"","stick-header-meta":"","header-above-stick-meta":"","header-main-stick-meta":"","header-below-stick-meta":"","astra-migrate-meta-layouts":"default","ast-page-background-enabled":"default","ast-page-background-meta":{"desktop":{"background-color":"var(--ast-global-color-4)","background-image":"","background-repeat":"repeat","background-position":"center center","background-size":"auto","background-attachment":"scroll","background-type":"","background-media":"","overlay-type":"","overlay-color":"","overlay-gradient":""},"tablet":{"background-color":"","background-image":"","background-repeat":"repeat","background-position":"center center","background-size":"auto","background-attachment":"scroll","background-type":"","background-media":"","overlay-type":"","overlay-color":"","overlay-gradient":""},"mobile":{"background-color":"","background-image":"","background-repeat":"repeat","background-position":"center center","background-size":"auto","background-attachment":"scroll","background-type":"","background-media":"","overlay-type":"","overlay-color":"","overlay-gradient":""}},"ast-content-background-meta":{"desktop":{"background-color":"var(--ast-global-color-5)","background-image":"","background-repeat":"repeat","background-position":"center center","background-size":"auto","background-attachment":"scroll","background-type":"","background-media":"","overlay-type":"","overlay-color":"","overlay-gradient":""},"tablet":{"background-color":"var(--ast-global-color-5)","background-image":"","background-repeat":"repeat","background-position":"center center","background-size":"auto","background-attachment":"scroll","background-type":"","background-media":"","overlay-type":"","overlay-color":"","overlay-gradient":""},"mobile":{"background-color":"var(--ast-global-color-5)","background-image":"","background-repeat":"repeat","background-position":"center center","background-size":"auto","background-attachment":"scroll","background-type":"","background-media":"","overlay-type":"","overlay-color":"","overlay-gradient":""}}},"product_cat":[116],"product_tag":[54,118,156,27,119,47],"class_list":{"0":"post-831","1":"product","2":"type-product","3":"status-publish","4":"has-post-thumbnail","6":"product_cat-xe-dap-dien-engwe","7":"product_tag-ado","8":"product_tag-engwe","9":"product_tag-engwe-x26","10":"product_tag-himo","11":"product_tag-x26","12":"product_tag-xe-dap-dien","13":"desktop-align-left","14":"tablet-align-left","15":"mobile-align-left","16":"ast-product-gallery-layout-horizontal-slider","17":"ast-product-tabs-layout-horizontal","19":"first","20":"instock","21":"shipping-taxable","22":"purchasable","23":"product-type-simple"},"_links":{"self":[{"href":"https:\/\/antamebike.com\/index.php?rest_route=\/wp\/v2\/product\/831","targetHints":{"allow":["GET"]}}],"collection":[{"href":"https:\/\/antamebike.com\/index.php?rest_route=\/wp\/v2\/product"}],"about":[{"href":"https:\/\/antamebike.com\/index.php?rest_route=\/wp\/v2\/types\/product"}],"replies":[{"embeddable":true,"href":"https:\/\/antamebike.com\/index.php?rest_route=%2Fwp%2Fv2%2Fcomments&post=831"}],"wp:featuredmedia":[{"embeddable":true,"href":"https:\/\/antamebike.com\/index.php?rest_route=\/wp\/v2\/media\/1580"}],"wp:attachment":[{"href":"https:\/\/antamebike.com\/index.php?rest_route=%2Fwp%2Fv2%2Fmedia&parent=831"}],"wp:term":[{"taxonomy":"product_cat","embeddable":true,"href":"https:\/\/antamebike.com\/index.php?rest_route=%2Fwp%2Fv2%2Fproduct_cat&post=831"},{"taxonomy":"product_tag","embeddable":true,"href":"https:\/\/antamebike.com\/index.php?rest_route=%2Fwp%2Fv2%2Fproduct_tag&post=831"}],"curies":[{"name":"wp","href":"https:\/\/api.w.org\/{rel}","templated":true}]}}