{"id":854,"date":"2022-10-28T15:13:31","date_gmt":"2022-10-28T15:13:31","guid":{"rendered":"https:\/\/antamebike.com\/?post_type=product&#038;p=854"},"modified":"2023-07-14T14:44:09","modified_gmt":"2023-07-14T14:44:09","slug":"xe-dap-dien-gap-gon-himo-z20","status":"publish","type":"product","link":"https:\/\/antamebike.com\/?product=xe-dap-dien-gap-gon-himo-z20","title":{"rendered":"Xe \u0111\u1ea1p \u0111i\u1ec7n G\u1ea5p g\u1ecdn HIMO Z20"},"content":{"rendered":"<p><strong>Xe \u0111\u1ea1p \u0111i\u1ec7n HIMO Z20<\/strong> thu\u1ed9c h\u1ec7 sinh th\u00e1i Xiaomi: v\u1eabn l\u00e0 chi\u1ebfc xe \u0111\u1ea1p \u0111i\u1ec7n Qu\u1ed1c d\u00e2n hi\u1ec7n nay \u0111\u01b0\u1ee3c nhi\u1ec1u kh\u00e1ch h\u00e0ng ch\u1ecdn l\u1ef1a<\/p>\n<p>H\u00e3y xem qua v\u00ec sao Himo Z20 \u0111\u01b0\u1ee3c nhi\u1ec1u ng\u01b0\u1eddi y\u00eau th\u00edch nh\u00e9.<\/p>\n<div class=\"ast-oembed-container \" style=\"height: 100%;\"><iframe loading=\"lazy\" title=\"Xe \u0111\u1ea1p \u0111i\u1ec7n g\u1ea5p g\u1ecdn Himo Z20\" width=\"500\" height=\"281\" src=\"https:\/\/www.youtube.com\/embed\/M8ZTJ3DwDuc?feature=oembed\" frameborder=\"0\" allow=\"accelerometer; autoplay; clipboard-write; encrypted-media; gyroscope; picture-in-picture; web-share\" referrerpolicy=\"strict-origin-when-cross-origin\" allowfullscreen><\/iframe><\/div>\n<p>Ph\u1ea3i n\u00f3i HIMO Z20 l\u00e0 chi\u1ebfc xe \u0111\u01b0\u1ee3c thi\u1ebft k\u1ebf \u0111\u00fang nh\u01b0 tr\u01b0\u1eddng ph\u00e1i nh\u00e0 Xiaomi: \u0111\u01a1n gi\u1ea3n, tinh t\u1ebf nh\u01b0ng gia c\u00f4ng th\u00ec v\u00f4 c\u00f9ng ch\u1ea5t l\u01b0\u1ee3ng<\/p>\n<p><img loading=\"lazy\" decoding=\"async\" class=\"alignnone wp-image-857 size-large\" src=\"https:\/\/antamebike.com\/wp-content\/uploads\/2022\/10\/himo-ebike-01-1-1024x736.png\" alt=\"\" width=\"1024\" height=\"736\" srcset=\"https:\/\/antamebike.com\/wp-content\/uploads\/2022\/10\/himo-ebike-01-1-1024x736.png 1024w, https:\/\/antamebike.com\/wp-content\/uploads\/2022\/10\/himo-ebike-01-1-300x216.png 300w, https:\/\/antamebike.com\/wp-content\/uploads\/2022\/10\/himo-ebike-01-1-768x552.png 768w, https:\/\/antamebike.com\/wp-content\/uploads\/2022\/10\/himo-ebike-01-1-600x431.png 600w, https:\/\/antamebike.com\/wp-content\/uploads\/2022\/10\/himo-ebike-01-1.png 1268w\" sizes=\"auto, (max-width: 1024px) 100vw, 1024px\" \/><\/p>\n<p><img loading=\"lazy\" decoding=\"async\" class=\"alignnone wp-image-864 size-large\" src=\"https:\/\/antamebike.com\/wp-content\/uploads\/2022\/10\/indiegogo-5-1024x678.jpg\" alt=\"\" width=\"1024\" height=\"678\" srcset=\"https:\/\/antamebike.com\/wp-content\/uploads\/2022\/10\/indiegogo-5-1024x678.jpg 1024w, https:\/\/antamebike.com\/wp-content\/uploads\/2022\/10\/indiegogo-5-300x199.jpg 300w, https:\/\/antamebike.com\/wp-content\/uploads\/2022\/10\/indiegogo-5-768x508.jpg 768w, https:\/\/antamebike.com\/wp-content\/uploads\/2022\/10\/indiegogo-5-600x397.jpg 600w, https:\/\/antamebike.com\/wp-content\/uploads\/2022\/10\/indiegogo-5.jpg 1390w\" sizes=\"auto, (max-width: 1024px) 100vw, 1024px\" \/><\/p>\n<p>Xe \u0111\u01b0\u1ee3c thi\u1ebft k\u1ebf ph\u00f9 h\u1ee3p cho h\u1ea7u h\u1ebft m\u1ecdi \u0111\u1ed1i t\u01b0\u1ee3ng v\u00e0 \u0111a d\u1ee5ng trong m\u1ecdi \u0111\u1ecba h\u00ecnh<\/p>\n<p><img loading=\"lazy\" decoding=\"async\" class=\"alignnone wp-image-863 size-large\" src=\"https:\/\/antamebike.com\/wp-content\/uploads\/2022\/10\/Z20-baby-1024x768.jpeg\" alt=\"\" width=\"1024\" height=\"768\" srcset=\"https:\/\/antamebike.com\/wp-content\/uploads\/2022\/10\/Z20-baby-1024x768.jpeg 1024w, https:\/\/antamebike.com\/wp-content\/uploads\/2022\/10\/Z20-baby-300x225.jpeg 300w, https:\/\/antamebike.com\/wp-content\/uploads\/2022\/10\/Z20-baby-768x576.jpeg 768w, https:\/\/antamebike.com\/wp-content\/uploads\/2022\/10\/Z20-baby-1536x1152.jpeg 1536w, https:\/\/antamebike.com\/wp-content\/uploads\/2022\/10\/Z20-baby-600x450.jpeg 600w, https:\/\/antamebike.com\/wp-content\/uploads\/2022\/10\/Z20-baby.jpeg 1600w\" sizes=\"auto, (max-width: 1024px) 100vw, 1024px\" \/><\/p>\n<p>V\u1ec1 trang b\u1ecb, <strong>Himo Z20<\/strong> \u0111\u01b0\u1ee3c trang b\u1ecb kh\u1ed1i \u0111\u1ed9ng c\u01a1 250w v\u00e0 b\u1ed9 Pin Litium 36V 10.2Ah \u0111\u00e3 gi\u00fap cho qu\u00e3ng \u0111\u01b0\u1eddng tr\u1ee3 l\u1ef1c \u0111i\u1ec7n c\u00f3 th\u1ec3 l\u00ean \u0111\u1ebfn 80km v\u00e0 v\u1eadn t\u1ed1c tr\u1ee3 l\u1ef1c l\u00ean \u0111\u1ebfn 25km\/h<\/p>\n<p><img loading=\"lazy\" decoding=\"async\" class=\"alignnone wp-image-865 size-large\" src=\"https:\/\/antamebike.com\/wp-content\/uploads\/2022\/10\/indiegogo-6-1024x678.jpg\" alt=\"\" width=\"1024\" height=\"678\" srcset=\"https:\/\/antamebike.com\/wp-content\/uploads\/2022\/10\/indiegogo-6-1024x678.jpg 1024w, https:\/\/antamebike.com\/wp-content\/uploads\/2022\/10\/indiegogo-6-300x199.jpg 300w, https:\/\/antamebike.com\/wp-content\/uploads\/2022\/10\/indiegogo-6-768x508.jpg 768w, https:\/\/antamebike.com\/wp-content\/uploads\/2022\/10\/indiegogo-6-600x397.jpg 600w, https:\/\/antamebike.com\/wp-content\/uploads\/2022\/10\/indiegogo-6.jpg 1390w\" sizes=\"auto, (max-width: 1024px) 100vw, 1024px\" \/><\/p>\n<p><img loading=\"lazy\" decoding=\"async\" class=\"alignnone wp-image-861 size-full\" src=\"https:\/\/antamebike.com\/wp-content\/uploads\/2022\/10\/xe-dap-dien-himo-z20-5.jpg\" alt=\"\" width=\"960\" height=\"640\" srcset=\"https:\/\/antamebike.com\/wp-content\/uploads\/2022\/10\/xe-dap-dien-himo-z20-5.jpg 960w, https:\/\/antamebike.com\/wp-content\/uploads\/2022\/10\/xe-dap-dien-himo-z20-5-300x200.jpg 300w, https:\/\/antamebike.com\/wp-content\/uploads\/2022\/10\/xe-dap-dien-himo-z20-5-768x512.jpg 768w, https:\/\/antamebike.com\/wp-content\/uploads\/2022\/10\/xe-dap-dien-himo-z20-5-600x400.jpg 600w\" sizes=\"auto, (max-width: 960px) 100vw, 960px\" \/><\/p>\n<p>\u0110\u1ed3ng h\u1ed3 \u0111i\u1ec1u khi\u1ec3n th\u00f4ng minh v\u1edbi 3 ch\u1ebf \u0111\u1ed9 l\u00e1i gi\u00fap ch\u1ee7 nh\u00e2n chuy\u1ec3n \u0111\u1ed5i d\u1ec5 d\u00e0ng<\/p>\n<p><img loading=\"lazy\" decoding=\"async\" class=\"alignnone size-medium wp-image-866\" src=\"https:\/\/antamebike.com\/wp-content\/uploads\/2022\/10\/Himo-Z20-display-300x236.jpeg\" alt=\"\" width=\"300\" height=\"236\" srcset=\"https:\/\/antamebike.com\/wp-content\/uploads\/2022\/10\/Himo-Z20-display-300x236.jpeg 300w, https:\/\/antamebike.com\/wp-content\/uploads\/2022\/10\/Himo-Z20-display-1024x807.jpeg 1024w, https:\/\/antamebike.com\/wp-content\/uploads\/2022\/10\/Himo-Z20-display-768x605.jpeg 768w, https:\/\/antamebike.com\/wp-content\/uploads\/2022\/10\/Himo-Z20-display-600x473.jpeg 600w, https:\/\/antamebike.com\/wp-content\/uploads\/2022\/10\/Himo-Z20-display.jpeg 1080w\" sizes=\"auto, (max-width: 300px) 100vw, 300px\" \/><\/p>\n<p>Ngo\u00e0i ra, Himo Z20 c\u00f2n trang b\u1ecb lu\u00f4n b\u1ed9 L\u00edp Shamano 6 c\u1ea5p gi\u00fap Biker chuy\u1ec3n \u0111\u1ed5i c\u00e1c ch\u1ebf \u0111\u1ed9 \u0111\u1ea1p cho ph\u00f9 h\u1ee3p v\u1edbi t\u1eebng \u0111\u1ecba h\u00ecnh qu\u00e1 nh\u1eb9 nh\u00e0ng<\/p>\n<p><img loading=\"lazy\" decoding=\"async\" class=\"alignnone wp-image-867 size-large\" src=\"https:\/\/antamebike.com\/wp-content\/uploads\/2022\/10\/indiegogo-4-1024x678.jpg\" alt=\"\" width=\"1024\" height=\"678\" srcset=\"https:\/\/antamebike.com\/wp-content\/uploads\/2022\/10\/indiegogo-4-1024x678.jpg 1024w, https:\/\/antamebike.com\/wp-content\/uploads\/2022\/10\/indiegogo-4-300x199.jpg 300w, https:\/\/antamebike.com\/wp-content\/uploads\/2022\/10\/indiegogo-4-768x508.jpg 768w, https:\/\/antamebike.com\/wp-content\/uploads\/2022\/10\/indiegogo-4-600x397.jpg 600w, https:\/\/antamebike.com\/wp-content\/uploads\/2022\/10\/indiegogo-4.jpg 1390w\" sizes=\"auto, (max-width: 1024px) 100vw, 1024px\" \/><\/p>\n<p>Trang b\u1ecb an to\u00e0n, Himo c\u0169ng kh\u00f4ng qu\u00ean trang b\u1ecb \u0111\u1ea7y \u0111\u1ee7 b\u1ed9 th\u1eafng \u0111\u0129a k\u00e9p: tr\u01b0\u1edbc v\u00e0 sau cho Z20<\/p>\n<p>\u0110\u1ed3ng th\u1eddi 1 trang b\u1ecb m\u00e0 kh\u00e1ch h\u00e0ng r\u1ea5t \u01b0a th\u00edch l\u00e0 <strong>Himo Z20<\/strong> trang b\u1ecb s\u1eb5n b\u01a1m h\u01a1i t\u00edch h\u1ee3p trong c\u1ecdc y\u00ean xe<\/p>\n<p><img loading=\"lazy\" decoding=\"async\" class=\"alignnone size-medium wp-image-860\" src=\"https:\/\/antamebike.com\/wp-content\/uploads\/2022\/10\/mot-so-chi-tiet-cua-xe-236x300.jpg\" alt=\"\" width=\"236\" height=\"300\" srcset=\"https:\/\/antamebike.com\/wp-content\/uploads\/2022\/10\/mot-so-chi-tiet-cua-xe-236x300.jpg 236w, https:\/\/antamebike.com\/wp-content\/uploads\/2022\/10\/mot-so-chi-tiet-cua-xe-600x764.jpg 600w, https:\/\/antamebike.com\/wp-content\/uploads\/2022\/10\/mot-so-chi-tiet-cua-xe.jpg 640w\" sizes=\"auto, (max-width: 236px) 100vw, 236px\" \/><\/p>\n<p>H\u1ec7 th\u1ed1ng chi\u1ebfu s\u00e1ng c\u0169ng \u0111\u01b0\u1ee3c Himo trang b\u1ecb s\u1eb5n tr\u01b0\u1edbc v\u00e0 sau gi\u00fap ng\u01b0\u1eddi d\u00f9ng an to\u00e0n h\u01a1n khi s\u1eed d\u1ee5ng bu\u1ed5i t\u1ed1i<\/p>\n<p><img loading=\"lazy\" decoding=\"async\" class=\"alignnone size-medium wp-image-862\" src=\"https:\/\/antamebike.com\/wp-content\/uploads\/2022\/10\/Xe-dap-dienn-tro-luc-Xiaomi-HIMO-Z20-6-300x300.jpg\" alt=\"\" width=\"300\" height=\"300\" srcset=\"https:\/\/antamebike.com\/wp-content\/uploads\/2022\/10\/Xe-dap-dienn-tro-luc-Xiaomi-HIMO-Z20-6-300x300.jpg 300w, https:\/\/antamebike.com\/wp-content\/uploads\/2022\/10\/Xe-dap-dienn-tro-luc-Xiaomi-HIMO-Z20-6-150x150.jpg 150w, https:\/\/antamebike.com\/wp-content\/uploads\/2022\/10\/Xe-dap-dienn-tro-luc-Xiaomi-HIMO-Z20-6-100x100.jpg 100w, https:\/\/antamebike.com\/wp-content\/uploads\/2022\/10\/Xe-dap-dienn-tro-luc-Xiaomi-HIMO-Z20-6.jpg 500w\" sizes=\"auto, (max-width: 300px) 100vw, 300px\" \/><\/p>\n<p>Nh\u00ecn chung, Himo Z20 l\u00e0 chi\u1ebfc xe r\u1ea5t \u0111a d\u1ee5ng: t\u1eadp th\u1ec3 d\u1ee5c, \u0111i ch\u01a1i, \u0111i l\u00e0m, cafe.. v\u00e0 ph\u00f9 h\u1ee3p r\u1ea5t nhi\u1ec1u \u0111\u1ed9 tu\u1ed5i kh\u00e1c nhau c\u00f9ng v\u1edbi c\u00e1c trang b\u1ecb c\u00f4ng ngh\u00ea t\u00e2n ti\u1ebfn n\u00ean \u0111\u00e3 l\u00e0m h\u00e0i l\u00f2ng r\u1ea5t nhi\u1ec1u kh\u00e1ch h\u00e0ng khi ch\u1ecdn l\u1ef1a Himo Z20<\/p>\n<p><img loading=\"lazy\" decoding=\"async\" class=\"alignnone wp-image-858 size-full\" src=\"https:\/\/antamebike.com\/wp-content\/uploads\/2022\/10\/Himo-Z20-officer-.jpeg\" alt=\"\" width=\"640\" height=\"426\" srcset=\"https:\/\/antamebike.com\/wp-content\/uploads\/2022\/10\/Himo-Z20-officer-.jpeg 640w, https:\/\/antamebike.com\/wp-content\/uploads\/2022\/10\/Himo-Z20-officer--300x200.jpeg 300w, https:\/\/antamebike.com\/wp-content\/uploads\/2022\/10\/Himo-Z20-officer--600x399.jpeg 600w\" sizes=\"auto, (max-width: 640px) 100vw, 640px\" \/><\/p>\n<p>By antamebike.com<\/p>\n<p>&nbsp;<\/p>\n","protected":false},"excerpt":{"rendered":"<h4><strong>HIMO Z20 &#8211; Xe \u0111\u1ea1p tr\u1ee3 l\u1ef1c \u0111i\u1ec7n G\u1ea5p g\u1ecdn Qu\u1ed1c d\u00e2n c\u1ee7a nh\u00e0 Xiaomi<\/strong><\/h4>\n<ul>\n<li>Tr\u1ee3 l\u1ef1c \u0111i\u1ec7n l\u00ean \u0111\u1ebfn 80Km, t\u1ed1c \u0111\u1ed9 tr\u1ee3 l\u1ef1c \u0111\u1ebfn 25km\/h<\/li>\n<li>B\u1ed9 L\u00edp Shimano 6 c\u1ea5p gi\u00fap chuy\u1ec3n \u0111\u1ed5i ch\u1ebf \u0111\u1ed9 \u0111\u1ea1p ph\u00f9 h\u1ee3p<\/li>\n<li>D\u00e8 ch\u1eafn b\u00f9n s\u1eaft s\u01a1n t\u0129nh \u0111i\u1ec7n s\u1eafc n\u00e9t cao c\u1ea5p<\/li>\n<li>3 Ch\u1ebf \u0111\u1ed9 ch\u1ea1y \u0111i\u1ec7n: chuy\u1ec3n \u0111\u1ed5i ch\u1ebf \u0111\u1ed9 nh\u1eb9 nh\u00e0.<\/li>\n<li>Thi\u1ebft k\u1ebf nh\u1ecf g\u1ecdn, c\u00f3 th\u1ec3 \u0111\u01b0\u1ee3c g\u1eadp l\u1ea1i d\u1ec5 d\u00e0ng \u0111\u1ec3 \u0111\u1eb7t v\u00e0o c\u1ed1p xe ho\u1eb7c b\u1ea5t c\u1ee9 \u0111\u00e2u.<\/li>\n<li>B\u01a1m kh\u00ed \u0111\u01b0\u1ee3c t\u00edch h\u1ee3p ngay d\u01b0\u1edbi m\u1eb7t y\u00ean xe<\/li>\n<li>Pin Litium c\u00f3 th\u1ec3 d\u1ec5 d\u00e0ng th\u00e1o r\u1eddi ra kh\u1ecfi khung m\u00e1y \u0111\u1ec3 s\u1ea1c.<\/li>\n<\/ul>\n","protected":false},"featured_media":1708,"comment_status":"open","ping_status":"closed","template":"","meta":{"site-sidebar-layout":"default","site-content-layout":"default","ast-site-content-layout":"","site-content-style":"default","site-sidebar-style":"default","ast-global-header-display":"","ast-banner-title-visibility":"","ast-main-header-display":"","ast-hfb-above-header-display":"","ast-hfb-below-header-display":"","ast-hfb-mobile-header-display":"","site-post-title":"","ast-breadcrumbs-content":"","ast-featured-img":"","footer-sml-layout":"","theme-transparent-header-meta":"default","adv-header-id-meta":"","stick-header-meta":"","header-above-stick-meta":"","header-main-stick-meta":"","header-below-stick-meta":"","astra-migrate-meta-layouts":"default","ast-page-background-enabled":"default","ast-page-background-meta":{"desktop":{"background-color":"var(--ast-global-color-4)","background-image":"","background-repeat":"repeat","background-position":"center center","background-size":"auto","background-attachment":"scroll","background-type":"","background-media":"","overlay-type":"","overlay-color":"","overlay-gradient":""},"tablet":{"background-color":"","background-image":"","background-repeat":"repeat","background-position":"center center","background-size":"auto","background-attachment":"scroll","background-type":"","background-media":"","overlay-type":"","overlay-color":"","overlay-gradient":""},"mobile":{"background-color":"","background-image":"","background-repeat":"repeat","background-position":"center center","background-size":"auto","background-attachment":"scroll","background-type":"","background-media":"","overlay-type":"","overlay-color":"","overlay-gradient":""}},"ast-content-background-meta":{"desktop":{"background-color":"var(--ast-global-color-5)","background-image":"","background-repeat":"repeat","background-position":"center center","background-size":"auto","background-attachment":"scroll","background-type":"","background-media":"","overlay-type":"","overlay-color":"","overlay-gradient":""},"tablet":{"background-color":"var(--ast-global-color-5)","background-image":"","background-repeat":"repeat","background-position":"center center","background-size":"auto","background-attachment":"scroll","background-type":"","background-media":"","overlay-type":"","overlay-color":"","overlay-gradient":""},"mobile":{"background-color":"var(--ast-global-color-5)","background-image":"","background-repeat":"repeat","background-position":"center center","background-size":"auto","background-attachment":"scroll","background-type":"","background-media":"","overlay-type":"","overlay-color":"","overlay-gradient":""}}},"product_cat":[111,41,38,39],"product_tag":[27,163,120,121,24,28],"class_list":{"0":"post-854","1":"product","2":"type-product","3":"status-publish","4":"has-post-thumbnail","6":"product_cat-gia-tot","7":"product_cat-thuong-hieu-himo","8":"product_cat-xe-dap-gap","9":"product_cat-xe-dap-size-20","10":"product_tag-himo","11":"product_tag-himo-z20","12":"product_tag-xedapdien","13":"product_tag-xedapdientroluc","14":"product_tag-xiaomi","15":"product_tag-z20","16":"desktop-align-left","17":"tablet-align-left","18":"mobile-align-left","19":"ast-product-gallery-layout-horizontal-slider","20":"ast-product-single-variable","21":"ast-product-tabs-layout-horizontal","23":"first","24":"instock","25":"sale","26":"shipping-taxable","27":"purchasable","28":"product-type-variable"},"_links":{"self":[{"href":"https:\/\/antamebike.com\/index.php?rest_route=\/wp\/v2\/product\/854","targetHints":{"allow":["GET"]}}],"collection":[{"href":"https:\/\/antamebike.com\/index.php?rest_route=\/wp\/v2\/product"}],"about":[{"href":"https:\/\/antamebike.com\/index.php?rest_route=\/wp\/v2\/types\/product"}],"replies":[{"embeddable":true,"href":"https:\/\/antamebike.com\/index.php?rest_route=%2Fwp%2Fv2%2Fcomments&post=854"}],"wp:featuredmedia":[{"embeddable":true,"href":"https:\/\/antamebike.com\/index.php?rest_route=\/wp\/v2\/media\/1708"}],"wp:attachment":[{"href":"https:\/\/antamebike.com\/index.php?rest_route=%2Fwp%2Fv2%2Fmedia&parent=854"}],"wp:term":[{"taxonomy":"product_cat","embeddable":true,"href":"https:\/\/antamebike.com\/index.php?rest_route=%2Fwp%2Fv2%2Fproduct_cat&post=854"},{"taxonomy":"product_tag","embeddable":true,"href":"https:\/\/antamebike.com\/index.php?rest_route=%2Fwp%2Fv2%2Fproduct_tag&post=854"}],"curies":[{"name":"wp","href":"https:\/\/api.w.org\/{rel}","templated":true}]}}