{"id":875,"date":"2022-10-28T16:14:57","date_gmt":"2022-10-28T16:14:57","guid":{"rendered":"https:\/\/antamebike.com\/?post_type=product&#038;p=875"},"modified":"2025-10-16T03:45:42","modified_gmt":"2025-10-16T03:45:42","slug":"xe-dap-dien-himo-c26","status":"publish","type":"product","link":"https:\/\/antamebike.com\/?product=xe-dap-dien-himo-c26","title":{"rendered":"Xe \u0111\u1ea1p \u0111i\u1ec7n HIMO C26"},"content":{"rendered":"<p><strong>XE \u0110\u1ea0P TR\u1ee2 L\u1ef0C \u0110I\u1ec6N HIMO C26<\/strong>: thu\u1ed9c h\u1ec7 sinh th\u00e1i c\u1ee7a Xiaomi<\/p>\n<p>Chi\u1ebfc xe \u0111a d\u1ee5ng \u0111\u01b0\u1ee3c \u01b0a chu\u1ed9ng nh\u1ea5t hi\u1ec7n nay: \u0111i l\u00e0m, \u0111i ch\u01a1i, cafe cu\u1ed1i tu\u1ea7n hay th\u1ec3 d\u1ee5c \u0111\u1ec1u tuy\u1ec7t v\u1eddi.<\/p>\n<p>C\u00f3 th\u1ec3 n\u00f3i HIMO C26 \u1edf ph\u00e2n kh\u00fac t\u1ea7m trung hi\u1ec7n nay g\u1ea7n nh\u01b0 kh\u00f4ng c\u00f3 \u0111\u1ed1i th\u1ee7 v\u00ec ch\u1ea5t l\u01b0\u1ee3ng v\u00e0 gi\u00e1 c\u1ea3 qu\u00e1 h\u1ee3p l\u00fd.<\/p>\n<div class=\"ast-oembed-container \" style=\"height: 100%;\"><iframe loading=\"lazy\" title=\"Xe \u0111\u1ea1p \u0111i\u1ec7n Himo C26\" width=\"500\" height=\"281\" src=\"https:\/\/www.youtube.com\/embed\/2CbBQK7bQec?feature=oembed\" frameborder=\"0\" allow=\"accelerometer; autoplay; clipboard-write; encrypted-media; gyroscope; picture-in-picture; web-share\" referrerpolicy=\"strict-origin-when-cross-origin\" allowfullscreen><\/iframe><\/div>\n<p>Himo C26 c\u00f3 khung xe h\u1ee3p kim nh\u00f4m c\u01b0\u1eddng \u0111\u1ed9 cao, \u0111\u01b0\u1ee3c s\u1ea3n xu\u1ea5t theo c\u00f4ng ngh\u1ec7 \u00e9p phun n\u01b0\u1edbc. Nh\u1eb9 nh\u01b0ng \u0111\u1ed9 b\u1ec1n cao, d\u1ec5 d\u00e0ng \u0111\u1ecbnh h\u00ecnh v\u00e0 kh\u00f4ng \u0111\u01b0\u1eddng n\u1ed1i: Nh\u00ecn r\u1ea5t \u0111\u1eb9p, an to\u00e0n v\u00e0 \u0111\u1ed9 b\u1ec1n cao<\/p>\n<p><img loading=\"lazy\" decoding=\"async\" class=\"alignnone wp-image-1972 size-large\" src=\"https:\/\/antamebike.com\/wp-content\/uploads\/2022\/10\/Himo-C26-2-1024x891.png\" alt=\"\" width=\"1024\" height=\"891\" srcset=\"https:\/\/antamebike.com\/wp-content\/uploads\/2022\/10\/Himo-C26-2-1024x891.png 1024w, https:\/\/antamebike.com\/wp-content\/uploads\/2022\/10\/Himo-C26-2-300x261.png 300w, https:\/\/antamebike.com\/wp-content\/uploads\/2022\/10\/Himo-C26-2-768x668.png 768w, https:\/\/antamebike.com\/wp-content\/uploads\/2022\/10\/Himo-C26-2-1536x1337.png 1536w, https:\/\/antamebike.com\/wp-content\/uploads\/2022\/10\/Himo-C26-2-2048x1783.png 2048w, https:\/\/antamebike.com\/wp-content\/uploads\/2022\/10\/Himo-C26-2-600x522.png 600w\" sizes=\"auto, (max-width: 1024px) 100vw, 1024px\" \/><\/p>\n<p>Phu\u1ed9c tr\u01b0\u1edbc nh\u00fan ch\u1ed1ng s\u1ed1c x\u1ecbn, c\u00f3 n\u00fam ph\u1ea3i \u0111\u1ec3 t\u1eaft v\u00e0 b\u1eadt h\u00e0nh tr\u00ecnh ch\u1ed1ng s\u1ed1c, n\u00fam b\u00ean tr\u00e1i \u0111\u1ec3 \u0111i\u1ec1u ch\u1ec9nh \u0111\u1ed9 \u00eam. Gi\u00fap <strong>Himo C26<\/strong> c\u00f3 nhi\u1ec1u l\u1ef1a ch\u1ecdn khi \u0111i tr\u00ean c\u00e1c cung \u0111\u01b0\u1eddng kh\u00e1c nhau,<\/p>\n<p><img loading=\"lazy\" decoding=\"async\" class=\"alignnone wp-image-48 size-large\" src=\"https:\/\/antamebike.com\/wp-content\/uploads\/2022\/09\/xe-dap-dien-xiaomi-himo-c26-12-737x1024.png\" alt=\"\" width=\"737\" height=\"1024\" srcset=\"https:\/\/antamebike.com\/wp-content\/uploads\/2022\/09\/xe-dap-dien-xiaomi-himo-c26-12-737x1024.png 737w, https:\/\/antamebike.com\/wp-content\/uploads\/2022\/09\/xe-dap-dien-xiaomi-himo-c26-12-600x834.png 600w, https:\/\/antamebike.com\/wp-content\/uploads\/2022\/09\/xe-dap-dien-xiaomi-himo-c26-12-216x300.png 216w, https:\/\/antamebike.com\/wp-content\/uploads\/2022\/09\/xe-dap-dien-xiaomi-himo-c26-12-768x1067.png 768w, https:\/\/antamebike.com\/wp-content\/uploads\/2022\/09\/xe-dap-dien-xiaomi-himo-c26-12.png 1080w\" sizes=\"auto, (max-width: 737px) 100vw, 737px\" \/><\/p>\n<p>H\u1ec7 th\u1ed1ng \u0111i\u1ec1u khi\u1ec3n \u0111i\u1ec7n v\u00e0 xe \u0111\u01b0\u1ee3c l\u1eafp r\u00e1p tu\u00e2n th\u1ee7 ch\u1eb7t ch\u1ebd theo ti\u00eau chu\u1ea9n CE. M\u00e0n h\u00ecnh hi\u1ec3n th\u1ecb LCD HD c\u00f3 th\u1ec3 hi\u1ec3n th\u1ecb r\u00f5 c\u00e1c d\u1eef li\u1ec7u th\u1eddi gian th\u1ef1c, kh\u1ea3 n\u0103ng ch\u1ed1ng n\u01b0\u1edbc c\u1ea5p \u0111\u1ed9 IPX7.<\/p>\n<p><img loading=\"lazy\" decoding=\"async\" class=\"alignnone wp-image-1973 size-large\" src=\"https:\/\/antamebike.com\/wp-content\/uploads\/2022\/10\/HIMO-C26-dong-ho-G51-1024x576.jpg\" alt=\"\" width=\"1024\" height=\"576\" srcset=\"https:\/\/antamebike.com\/wp-content\/uploads\/2022\/10\/HIMO-C26-dong-ho-G51-1024x576.jpg 1024w, https:\/\/antamebike.com\/wp-content\/uploads\/2022\/10\/HIMO-C26-dong-ho-G51-300x169.jpg 300w, https:\/\/antamebike.com\/wp-content\/uploads\/2022\/10\/HIMO-C26-dong-ho-G51-768x432.jpg 768w, https:\/\/antamebike.com\/wp-content\/uploads\/2022\/10\/HIMO-C26-dong-ho-G51-600x338.jpg 600w, https:\/\/antamebike.com\/wp-content\/uploads\/2022\/10\/HIMO-C26-dong-ho-G51.jpg 1280w\" sizes=\"auto, (max-width: 1024px) 100vw, 1024px\" \/><\/p>\n<p>V\u1edbi 3 ch\u1ebf \u0111\u1ed9 d\u1ec5 d\u00e0ng chuy\u1ec3n \u0111\u1ed5i: xe \u0111\u1ea1p, xe \u0111\u1ea1p \u0111i\u1ec7n, xe \u0111i\u1ec7n ph\u00f9 h\u1ee3p v\u1edbi c\u00e1c y\u00eau c\u1ea7u \u0111i l\u1ea1i kh\u00e1c nhau<\/p>\n<p>&nbsp;<\/p>\n<p>Dung l\u01b0\u1ee3ng pin xe l\u1edbn, xe d\u00f9ng pin Lithium 52 mi\u1ebfng 18.650 cells \u0111\u01b0\u1ee3c d\u1ea5u k\u00edn \u1edf trong khung d\u01b0\u1edbi c\u1ee7a xe. 2 ch\u1ebf \u0111\u1ed9 b\u1ea3o v\u1ec7 pin k\u00e9p l\u00e0 kh\u00f3a pin v\u00e0 c\u00f4ng t\u1eafc an to\u00e0n, b\u1ea3o v\u1ec7 pin an to\u00e0n v\u00e0 ti\u1ec7n l\u1ee3i h\u01a1n. Khi s\u1ea1c \u0111\u1ea7y Himo C26 c\u00f3 th\u1ec3 cung c\u1ea5p qu\u00e3ng \u0111\u01b0\u1eddng \u0111i 60km v\u1edbi ch\u1ebf \u0111\u1ed9 thu\u1ea7n \u0111i\u1ec7n v\u00e0 100km v\u1edbi ch\u1ebf \u0111\u1ed9 tr\u1ee3 l\u1ef1c \u0111i\u1ec7n.<\/p>\n<p><img loading=\"lazy\" decoding=\"async\" class=\"alignnone wp-image-877 size-large\" src=\"https:\/\/antamebike.com\/wp-content\/uploads\/2022\/10\/C26-w-1024x576.jpeg\" alt=\"\" width=\"1024\" height=\"576\" srcset=\"https:\/\/antamebike.com\/wp-content\/uploads\/2022\/10\/C26-w-1024x576.jpeg 1024w, https:\/\/antamebike.com\/wp-content\/uploads\/2022\/10\/C26-w-300x169.jpeg 300w, https:\/\/antamebike.com\/wp-content\/uploads\/2022\/10\/C26-w-768x432.jpeg 768w, https:\/\/antamebike.com\/wp-content\/uploads\/2022\/10\/C26-w-600x338.jpeg 600w, https:\/\/antamebike.com\/wp-content\/uploads\/2022\/10\/C26-w.jpeg 1280w\" sizes=\"auto, (max-width: 1024px) 100vw, 1024px\" \/><\/p>\n<p>C\u00f3 th\u1ec3 thay \u0111\u1ed5i t\u1ed1c \u0111\u1ed9 xe theo nhu c\u1ea7u c\u1ee7a b\u1ea1n, B\u1ed9 \u0111i\u1ec1u ch\u1ec9nh t\u1ed1c \u0111\u1ed9 Shimano 7S k\u00e8m v\u1edbi \u0111\u1ed9ng c\u01a1 t\u1ed1c \u0111\u1ed9 cao 250w, \u0111i\u1ec1u ch\u1ec9nh h\u1ed9p s\u1ed1 nhanh v\u00e0 an to\u00e0n, \u0111\u1ea1p xe nh\u1eb9 nh\u00e0ng h\u01a1n v\u00e0 ti\u1ebft ki\u1ec7m s\u1ee9c.<\/p>\n<p><img loading=\"lazy\" decoding=\"async\" class=\"alignnone wp-image-3073 size-large\" src=\"https:\/\/antamebike.com\/wp-content\/uploads\/2022\/10\/HIMO-C26-T104-1024x1024.jpeg\" alt=\"\" width=\"1024\" height=\"1024\" srcset=\"https:\/\/antamebike.com\/wp-content\/uploads\/2022\/10\/HIMO-C26-T104-1024x1024.jpeg 1024w, https:\/\/antamebike.com\/wp-content\/uploads\/2022\/10\/HIMO-C26-T104-300x300.jpeg 300w, https:\/\/antamebike.com\/wp-content\/uploads\/2022\/10\/HIMO-C26-T104-150x150.jpeg 150w, https:\/\/antamebike.com\/wp-content\/uploads\/2022\/10\/HIMO-C26-T104-768x768.jpeg 768w, https:\/\/antamebike.com\/wp-content\/uploads\/2022\/10\/HIMO-C26-T104-600x600.jpeg 600w, https:\/\/antamebike.com\/wp-content\/uploads\/2022\/10\/HIMO-C26-T104-100x100.jpeg 100w, https:\/\/antamebike.com\/wp-content\/uploads\/2022\/10\/HIMO-C26-T104.jpeg 1080w\" sizes=\"auto, (max-width: 1024px) 100vw, 1024px\" \/><\/p>\n<p>H\u1ec7 th\u1ed1ng phanh an to\u00e0n v\u00e0 hi\u1ec7u qu\u1ea3, c\u1ea3 phanh \u0111\u0129a tr\u01b0\u1edbc v\u00e0 sau s\u1eed d\u1ee5ng c\u1ea3m bi\u1ebfn d\u1eebng thay v\u00ec c\u00e1p phanh truy\u1ec1n th\u1ed1ng. To\u00e0n b\u1ed9 phanh b\u1eb1ng nh\u00f4m h\u1ee3p kim, s\u1eed d\u1ee5ng nh\u1eb9 nh\u00e0ng , hi\u1ec7u qu\u1ea3 v\u00e0 t\u0103ng \u0111\u1ed9 b\u00f3p d\u1eebng c\u1ee7a phanh<\/p>\n<p><img loading=\"lazy\" decoding=\"async\" class=\"alignnone wp-image-43 size-full\" src=\"https:\/\/antamebike.com\/wp-content\/uploads\/2022\/09\/elektrovelosiped_himo_c26_gray_06-800x800.1800x1800w.jpg\" alt=\"\" width=\"800\" height=\"800\" srcset=\"https:\/\/antamebike.com\/wp-content\/uploads\/2022\/09\/elektrovelosiped_himo_c26_gray_06-800x800.1800x1800w.jpg 800w, https:\/\/antamebike.com\/wp-content\/uploads\/2022\/09\/elektrovelosiped_himo_c26_gray_06-800x800.1800x1800w-300x300.jpg 300w, https:\/\/antamebike.com\/wp-content\/uploads\/2022\/09\/elektrovelosiped_himo_c26_gray_06-800x800.1800x1800w-100x100.jpg 100w, https:\/\/antamebike.com\/wp-content\/uploads\/2022\/09\/elektrovelosiped_himo_c26_gray_06-800x800.1800x1800w-600x600.jpg 600w, https:\/\/antamebike.com\/wp-content\/uploads\/2022\/09\/elektrovelosiped_himo_c26_gray_06-800x800.1800x1800w-150x150.jpg 150w, https:\/\/antamebike.com\/wp-content\/uploads\/2022\/09\/elektrovelosiped_himo_c26_gray_06-800x800.1800x1800w-768x768.jpg 768w\" sizes=\"auto, (max-width: 800px) 100vw, 800px\" \/><\/p>\n<p>T\u1ed5ng th\u1ec3, <strong>Himo C26<\/strong> l\u00e0 chi\u1ebfc xe \u0111a d\u1ee5ng cho vi\u00eac s\u1eed dung h\u00e0ng ng\u00e0y qu\u00e1 t\u1ed1t so v\u1edbi t\u1ea7m gi\u00e1 m\u00e0 n\u00f3 mang l\u1ea1i<\/p>\n<p>Ch\u1ea5t l\u01b0\u1ee3ng gia c\u00f4ng c\u1ee7a Himo cho th\u1ecb tr\u01b0\u1eddng Ch\u00e2u \u00c2u \u0111\u00e3 gi\u00fap Himo C26 c\u00f3 \u0111\u1ed9 ho\u00e0n thi\u1ec7n kh\u00e1 s\u1eafc n\u00e9t v\u00e0 ch\u1ea5t l\u01b0\u1ee3ng v\u1ed1 c\u00f9ng b\u1ec1n b\u0129.<\/p>\n<p>By antamebike.com<\/p>\n","protected":false},"excerpt":{"rendered":"<h3><strong>Xe \u0111\u1ea1p tr\u1ee3 l\u1ef1c \u0111i\u1ec7n HIMO C26 &#8211; B\u1ea3n m\u1edbi nh\u1ea5t<\/strong><\/h3>\n<p>HIMO C26 B\u1ea3n 2023 c\u1ee7a nh\u00e0 Xiaomi v\u1edbi c\u00e1c n\u00e2ng c\u1ea5p r\u1ea5t \u0111\u00e1ng gi\u00e1:<\/p>\n<ul>\n<li>V\u1eadn t\u1ed1c \u0111i\u1ec7n l\u00ean \u0111\u1ebfn 35km\/h<\/li>\n<li>M\u00e0n h\u00ecnh G51 cao c\u1ea5p h\u01a1n<\/li>\n<li>D\u00e2y c\u1ea3m bi\u1ebfn m\u1edbi v\u1edbi kh\u1ea3 n\u0103ng ch\u1ed1ng n\u01b0\u1edbc ngon h\u01a1n<\/li>\n<li>Tay Ga ch\u1edd b\u1eb1ng cao xu \u00eam v\u00e0 ti\u1ec7n d\u1ee5ng h\u01a1n<\/li>\n<li>Y\u00ean b\u1ecdc v\u1ea3i Nhung m\u1ecbn cao c\u1ea5p h\u01a1n<\/li>\n<li>Pin Litium dung l\u01b0\u1ee3ng cao <strong>tr\u1ee3 l\u1ef1c \u0111i\u1ec7n l\u00ean \u0111\u1ebfn 100Km<\/strong><\/li>\n<li>Phu\u1ed9t nh\u00fang ch\u1ed1ng s\u1ed1c c\u00f3 th\u1ec3 \u0111i\u1ec1u ch\u1ec9nh \u0111\u1ed9 nh\u00fang v\u00e0 h\u00e0nh tr\u00ecnh, \u0111\u1ea3m b\u1ea3o \u00eam \u00e1i cho m\u1ecdi cung \u0111\u01b0\u1eddng<\/li>\n<li>B\u1ed9 \u0111i\u1ec1u ch\u1ec9nh t\u1ed1c \u0111\u1ed9 Shimano 7 t\u1ed1c \u0111\u1ed9<\/li>\n<li>Linh ho\u1ea1t chuy\u1ec3n \u0111\u1ed5i ch\u1ebf \u0111\u1ed9 nh\u1eb9 v\u00e0 ch\u1ebf \u0111\u1ed9 \u0111\u1ed9ng ch\u1ec9 b\u1eb1ng 1 n\u00fat b\u1ea5m \u0111\u1ec3 t\u0103ng ho\u1eb7c gi\u1ea3m t\u1ed1c \u0111\u1ed9.<\/li>\n<li>T\u00edch h\u1ee3p pin r\u1eddi, c\u00f3 th\u1ec3 d\u1ec5 d\u00e0ng th\u00e1o pin ra kh\u1ecfi khung m\u00e1y \u0111\u1ec3 s\u1ea1c.<\/li>\n<\/ul>\n","protected":false},"featured_media":3073,"comment_status":"open","ping_status":"closed","template":"","meta":{"site-sidebar-layout":"default","site-content-layout":"default","ast-site-content-layout":"default","site-content-style":"default","site-sidebar-style":"default","ast-global-header-display":"","ast-banner-title-visibility":"","ast-main-header-display":"","ast-hfb-above-header-display":"","ast-hfb-below-header-display":"","ast-hfb-mobile-header-display":"","site-post-title":"","ast-breadcrumbs-content":"","ast-featured-img":"","footer-sml-layout":"","theme-transparent-header-meta":"default","adv-header-id-meta":"","stick-header-meta":"","header-above-stick-meta":"","header-main-stick-meta":"","header-below-stick-meta":"","astra-migrate-meta-layouts":"set","ast-page-background-enabled":"default","ast-page-background-meta":{"desktop":{"background-color":"var(--ast-global-color-4)","background-image":"","background-repeat":"repeat","background-position":"center center","background-size":"auto","background-attachment":"scroll","background-type":"","background-media":"","overlay-type":"","overlay-color":"","overlay-gradient":""},"tablet":{"background-color":"","background-image":"","background-repeat":"repeat","background-position":"center center","background-size":"auto","background-attachment":"scroll","background-type":"","background-media":"","overlay-type":"","overlay-color":"","overlay-gradient":""},"mobile":{"background-color":"","background-image":"","background-repeat":"repeat","background-position":"center center","background-size":"auto","background-attachment":"scroll","background-type":"","background-media":"","overlay-type":"","overlay-color":"","overlay-gradient":""}},"ast-content-background-meta":{"desktop":{"background-color":"var(--ast-global-color-5)","background-image":"","background-repeat":"repeat","background-position":"center center","background-size":"auto","background-attachment":"scroll","background-type":"","background-media":"","overlay-type":"","overlay-color":"","overlay-gradient":""},"tablet":{"background-color":"var(--ast-global-color-5)","background-image":"","background-repeat":"repeat","background-position":"center center","background-size":"auto","background-attachment":"scroll","background-type":"","background-media":"","overlay-type":"","overlay-color":"","overlay-gradient":""},"mobile":{"background-color":"var(--ast-global-color-5)","background-image":"","background-repeat":"repeat","background-position":"center center","background-size":"auto","background-attachment":"scroll","background-type":"","background-media":"","overlay-type":"","overlay-color":"","overlay-gradient":""}}},"product_cat":[111,49,41,40],"product_tag":[164,121],"class_list":{"0":"post-875","1":"product","2":"type-product","3":"status-publish","4":"has-post-thumbnail","6":"product_cat-gia-tot","7":"product_cat-san-pham-hot","8":"product_cat-thuong-hieu-himo","9":"product_cat-xe-dap-size-26","10":"product_tag-himo-c26","11":"product_tag-xedapdientroluc","12":"desktop-align-left","13":"tablet-align-left","14":"mobile-align-left","15":"ast-product-gallery-layout-horizontal-slider","16":"ast-product-tabs-layout-horizontal","18":"first","19":"instock","20":"sale","21":"shipping-taxable","22":"purchasable","23":"product-type-simple"},"_links":{"self":[{"href":"https:\/\/antamebike.com\/index.php?rest_route=\/wp\/v2\/product\/875","targetHints":{"allow":["GET"]}}],"collection":[{"href":"https:\/\/antamebike.com\/index.php?rest_route=\/wp\/v2\/product"}],"about":[{"href":"https:\/\/antamebike.com\/index.php?rest_route=\/wp\/v2\/types\/product"}],"replies":[{"embeddable":true,"href":"https:\/\/antamebike.com\/index.php?rest_route=%2Fwp%2Fv2%2Fcomments&post=875"}],"wp:featuredmedia":[{"embeddable":true,"href":"https:\/\/antamebike.com\/index.php?rest_route=\/wp\/v2\/media\/3073"}],"wp:attachment":[{"href":"https:\/\/antamebike.com\/index.php?rest_route=%2Fwp%2Fv2%2Fmedia&parent=875"}],"wp:term":[{"taxonomy":"product_cat","embeddable":true,"href":"https:\/\/antamebike.com\/index.php?rest_route=%2Fwp%2Fv2%2Fproduct_cat&post=875"},{"taxonomy":"product_tag","embeddable":true,"href":"https:\/\/antamebike.com\/index.php?rest_route=%2Fwp%2Fv2%2Fproduct_tag&post=875"}],"curies":[{"name":"wp","href":"https:\/\/api.w.org\/{rel}","templated":true}]}}