{"id":887,"date":"2022-10-28T18:17:40","date_gmt":"2022-10-28T18:17:40","guid":{"rendered":"https:\/\/antamebike.com\/?post_type=product&#038;p=887"},"modified":"2023-08-23T03:03:43","modified_gmt":"2023-08-23T03:03:43","slug":"xe-dap-dien-gap-gon-ado-a20xe-2","status":"publish","type":"product","link":"https:\/\/antamebike.com\/?product=xe-dap-dien-gap-gon-ado-a20xe-2","title":{"rendered":"Xe \u0111\u1ea1p \u0111i\u1ec7n g\u1ea5p g\u1ecdn ADO A20-XE &#8211; M\u1edbi nh\u1ea5t 2023"},"content":{"rendered":"<h2><strong>XE \u0110\u1ea0P TR\u1ee2 L\u1ef0C \u0110I\u1ec6N G\u1ea4P G\u1eccN ADO A20+XE:<\/strong><\/h2>\n<p><strong>ADO A20 XE<\/strong> l\u00e0 b\u1ea3ng n\u00e2ng cao c\u1ee7a Ado A20, v\u1edbi c\u00e1c \u01b0u \u0111i\u1ec3m c\u1ea3i ti\u1ebfn v\u01b0\u1ee3t tr\u1ed5i h\u01a1n A20 nh\u01b0:<\/p>\n<ul>\n<li>Trang b\u1ecb s\u1eb5n G\u00e1c baga (y\u00ean sau) k\u00e8m theo xe &#8211; H\u00e3ng \u0111ang b\u00e1n g\u00ed\u00e1 40$<\/li>\n<li>D\u00e8 ch\u1eafn b\u00f9n s\u1eaft s\u01a1n t\u0129nh \u0111i\u1ec7n s\u1eafc n\u00e9t cao c\u1ea5p<\/li>\n<\/ul>\n<p><img loading=\"lazy\" decoding=\"async\" class=\"alignnone wp-image-386 size-full\" src=\"https:\/\/antamebike.com\/wp-content\/uploads\/2022\/09\/A20XE.jpeg\" alt=\"\" width=\"800\" height=\"693\" srcset=\"https:\/\/antamebike.com\/wp-content\/uploads\/2022\/09\/A20XE.jpeg 800w, https:\/\/antamebike.com\/wp-content\/uploads\/2022\/09\/A20XE-300x260.jpeg 300w, https:\/\/antamebike.com\/wp-content\/uploads\/2022\/09\/A20XE-768x665.jpeg 768w, https:\/\/antamebike.com\/wp-content\/uploads\/2022\/09\/A20XE-600x520.jpeg 600w\" sizes=\"auto, (max-width: 800px) 100vw, 800px\" \/><\/p>\n<p>Quy tr\u00ecnh s\u01a1n khung s\u01b0\u1eddn 4 l\u1edbp: 4 l\u1ea7n s\u01a1n + 4 l\u1ea7n l\u00e0m kh\u00f4<\/p>\n<p><img loading=\"lazy\" decoding=\"async\" class=\"alignnone wp-image-890 size-large\" src=\"https:\/\/antamebike.com\/wp-content\/uploads\/2022\/10\/A20XE-son-1024x569.jpeg\" alt=\"\" width=\"1024\" height=\"569\" srcset=\"https:\/\/antamebike.com\/wp-content\/uploads\/2022\/10\/A20XE-son-1024x569.jpeg 1024w, https:\/\/antamebike.com\/wp-content\/uploads\/2022\/10\/A20XE-son-300x167.jpeg 300w, https:\/\/antamebike.com\/wp-content\/uploads\/2022\/10\/A20XE-son-768x427.jpeg 768w, https:\/\/antamebike.com\/wp-content\/uploads\/2022\/10\/A20XE-son-600x333.jpeg 600w, https:\/\/antamebike.com\/wp-content\/uploads\/2022\/10\/A20XE-son.jpeg 1440w\" sizes=\"auto, (max-width: 1024px) 100vw, 1024px\" \/><\/p>\n<p>Nh\u00fan phu\u1ed9c c\u1ea3i ti\u1ebfn gi\u1ea3m x\u00f3c \u00eam h\u01a1n<\/p>\n<p><img loading=\"lazy\" decoding=\"async\" class=\"alignnone wp-image-889 size-full\" src=\"https:\/\/antamebike.com\/wp-content\/uploads\/2022\/10\/A20XE-phuot.jpeg\" alt=\"\" width=\"225\" height=\"225\" srcset=\"https:\/\/antamebike.com\/wp-content\/uploads\/2022\/10\/A20XE-phuot.jpeg 225w, https:\/\/antamebike.com\/wp-content\/uploads\/2022\/10\/A20XE-phuot-150x150.jpeg 150w, https:\/\/antamebike.com\/wp-content\/uploads\/2022\/10\/A20XE-phuot-100x100.jpeg 100w\" sizes=\"auto, (max-width: 225px) 100vw, 225px\" \/><\/p>\n<p>Phanh \u0110\u0129a c\u1ea3i ti\u1ebfn 3.0 n\u00ean \u00eam h\u01a1n A20<\/p>\n<p><img loading=\"lazy\" decoding=\"async\" class=\"alignnone wp-image-888 size-full\" src=\"https:\/\/antamebike.com\/wp-content\/uploads\/2022\/10\/A20XE-disc.jpeg\" alt=\"\" width=\"814\" height=\"632\" srcset=\"https:\/\/antamebike.com\/wp-content\/uploads\/2022\/10\/A20XE-disc.jpeg 814w, https:\/\/antamebike.com\/wp-content\/uploads\/2022\/10\/A20XE-disc-300x233.jpeg 300w, https:\/\/antamebike.com\/wp-content\/uploads\/2022\/10\/A20XE-disc-768x596.jpeg 768w, https:\/\/antamebike.com\/wp-content\/uploads\/2022\/10\/A20XE-disc-600x466.jpeg 600w\" sizes=\"auto, (max-width: 814px) 100vw, 814px\" \/><\/p>\n<ul>\n<li>C\u00f3 th\u00eam phi\u00ean b\u1ea3n m\u00e0u X\u00e1m r\u1ea5t cao c\u1ea5p.<\/li>\n<\/ul>\n<p><img loading=\"lazy\" decoding=\"async\" class=\"alignnone wp-image-73 size-full\" src=\"https:\/\/antamebike.com\/wp-content\/uploads\/2022\/09\/A20-XE\u53f3\u4fa7\u9516-1.jpeg\" alt=\"\" width=\"1000\" height=\"1000\" srcset=\"https:\/\/antamebike.com\/wp-content\/uploads\/2022\/09\/A20-XE\u53f3\u4fa7\u9516-1.jpeg 1000w, https:\/\/antamebike.com\/wp-content\/uploads\/2022\/09\/A20-XE\u53f3\u4fa7\u9516-1-300x300.jpeg 300w, https:\/\/antamebike.com\/wp-content\/uploads\/2022\/09\/A20-XE\u53f3\u4fa7\u9516-1-100x100.jpeg 100w, https:\/\/antamebike.com\/wp-content\/uploads\/2022\/09\/A20-XE\u53f3\u4fa7\u9516-1-600x600.jpeg 600w, https:\/\/antamebike.com\/wp-content\/uploads\/2022\/09\/A20-XE\u53f3\u4fa7\u9516-1-150x150.jpeg 150w, https:\/\/antamebike.com\/wp-content\/uploads\/2022\/09\/A20-XE\u53f3\u4fa7\u9516-1-768x768.jpeg 768w\" sizes=\"auto, (max-width: 1000px) 100vw, 1000px\" \/><\/p>\n<p>Ngo\u00e0i c\u00e1c c\u1ea3i ti\u1ebfn v\u00e0 c\u00e1c option trang b\u1ecb th\u00eam th\u00ec\u00a0<strong>ADO A20XE<\/strong>: v\u1eabn gi\u1eef l\u1ea1i c\u00e1c trang b\u1ecb \u01b0u \u0111i\u1ec3m c\u1ee7a A20 nh\u01b0:<\/p>\n<div class=\"ast-oembed-container \" style=\"height: 100%;\"><iframe loading=\"lazy\" title=\"Xe \u0111\u1ea1p \u0111i\u1ec7n G\u1ea5p g\u1ecdn - Ebike ADO A20\" width=\"500\" height=\"281\" src=\"https:\/\/www.youtube.com\/embed\/0oUmnZS0jNY?feature=oembed\" frameborder=\"0\" allow=\"accelerometer; autoplay; clipboard-write; encrypted-media; gyroscope; picture-in-picture; web-share\" referrerpolicy=\"strict-origin-when-cross-origin\" allowfullscreen><\/iframe><\/div>\n<ul>\n<li>\u0110\u1ed9ng c\u01a1 350w, d\u1ec5 d\u00e0ng t\u0103ng t\u1ed1c v\u00e0 v\u01b0\u1ee3t c\u00e1c ch\u01b0\u1edbng ng\u1ea1i v\u1eadt<\/li>\n<li><span style=\"font-size: 16px;\">Gi\u1ea3m s\u00f3c k\u00e9p: phu\u1ed9c tr\u01b0\u1edbc nh\u00fan v\u00e0 gi\u1ea3m s\u00f3c y\u00ean, gi\u00fap l\u00e1i xe \u00eam \u00e1i h\u01a1n<\/span><\/li>\n<li><span style=\"font-size: 16px;\">Ba ch\u1ebf \u0111\u1ed9 l\u00e1i: \u0111\u1ea1p kh\u00f4ng, \u0111\u1ea1p v\u00e0 \u0111i\u1ec7n, thu\u1ea7n \u0111i\u1ec7n.<\/span><\/li>\n<li><span style=\"font-size: 16px;\">Thi\u1ebft k\u1ebf c\u00f3 tay x\u00e1ch, ti\u1ec7n l\u1ee3i cho vi\u1ec7c di chuy\u1ec3n<\/span><\/li>\n<li><span style=\"font-size: 16px;\">B\u1ed9 \u0111i\u1ec1u ch\u1ec9nh t\u1ed1c \u0111\u1ed9 Shimano 7 t\u1ed1c \u0111\u1ed9<\/span><\/li>\n<li><span style=\"font-size: 16px;\">M\u00e0n h\u00ecnh LCD, c\u1ea5p \u0111\u1ed9 b\u1ea3o v\u1ec7 IPX7, hi\u1ec3n th\u1ecb s\u1ed1 km, t\u1ed1c \u0111\u1ed9, dung l\u01b0\u1ee3ng pin, ch\u1ebf \u0111\u1ed9 \u0111\u1ea1p<\/span><\/li>\n<li>C\u1ed5ng s\u1ea1c USB..<\/li>\n<\/ul>\n<p>V\u1edbi chi ph\u00ed t\u0103ng th\u00eam t\u1ea7m h\u01a1n 1tr th\u00ec <strong>ADO A20XE<\/strong> r\u1ea5t x\u1ee9ng \u0111\u00e1ng v\u1edbi c\u00e1c trang b\u1ecb, c\u00f4ng ngh\u1ec7 c\u1ea3i ti\u1ebfn v\u00e0 gi\u00e1 tr\u1ecb t\u0103ng th\u00eam r\u1ea5t nhi\u1ec1u<\/p>\n<p>By Antamebike.com<\/p>\n","protected":false},"excerpt":{"rendered":"<p><em><strong>CTKM Back2School: T\u1eb7ng ngay 500K + Combo Qu\u00e0 t\u1eb7ng<\/strong><\/em><\/p>\n<ul>\n<li>Tr\u1ee3 l\u1ef1c \u0111i\u1ec7n l\u00ean \u0111\u1ebfn 80Km<\/li>\n<li>T\u1ed1c \u0111\u1ed9 t\u1ed1i \u0111a\u00a0<strong>25 km\/h (m\u1edf t\u1ed1c l\u00ean 35)<\/strong><\/li>\n<li><strong>Gi\u1ea3m s\u00f3c k\u00e9p<\/strong>: Gi\u1ea3m s\u00f3c tr\u01b0\u1edbc v\u00e0 gi\u1ea3m s\u00f3c y\u00ean<\/li>\n<li>B\u1ed9 \u0111i\u1ec1u ch\u1ec9nh t\u1ed1c \u0111\u1ed9 Shimano 7 t\u1ed1c \u0111\u1ed9<\/li>\n<li>T<strong>rang b\u1ecb s\u1eb5n G\u00e1c baga<\/strong> (y\u00ean sau) k\u00e8m theo xe<\/li>\n<li><strong>D\u00e8 ch\u1eafn b\u00f9n<\/strong> s\u1eaft s\u01a1n t\u0129nh \u0111i\u1ec7n s\u1eafc n\u00e9t cao c\u1ea5p<\/li>\n<li>Quy tr\u00ecnh s\u01a1n khung s\u01b0\u1eddn 4 l\u1edbp: 4 l\u1ea7n s\u01a1n + 4 l\u1ea7n l\u00e0m kh\u00f4<\/li>\n<li>Nh\u00fan phu\u1ed9c tr\u01b0\u1edbc c\u1ea3i ti\u1ebfn gi\u1ea3m x\u00f3c \u00eam h\u01a1n<\/li>\n<li>Phanh \u0111\u0129a 3.0 \u00eam h\u01a1n<\/li>\n<\/ul>\n","protected":false},"featured_media":1893,"comment_status":"open","ping_status":"closed","template":"","meta":{"site-sidebar-layout":"default","site-content-layout":"default","ast-site-content-layout":"","site-content-style":"default","site-sidebar-style":"default","ast-global-header-display":"","ast-banner-title-visibility":"","ast-main-header-display":"","ast-hfb-above-header-display":"","ast-hfb-below-header-display":"","ast-hfb-mobile-header-display":"","site-post-title":"","ast-breadcrumbs-content":"","ast-featured-img":"","footer-sml-layout":"","theme-transparent-header-meta":"default","adv-header-id-meta":"","stick-header-meta":"","header-above-stick-meta":"","header-main-stick-meta":"","header-below-stick-meta":"","astra-migrate-meta-layouts":"default","ast-page-background-enabled":"default","ast-page-background-meta":{"desktop":{"background-color":"var(--ast-global-color-4)","background-image":"","background-repeat":"repeat","background-position":"center center","background-size":"auto","background-attachment":"scroll","background-type":"","background-media":"","overlay-type":"","overlay-color":"","overlay-gradient":""},"tablet":{"background-color":"","background-image":"","background-repeat":"repeat","background-position":"center center","background-size":"auto","background-attachment":"scroll","background-type":"","background-media":"","overlay-type":"","overlay-color":"","overlay-gradient":""},"mobile":{"background-color":"","background-image":"","background-repeat":"repeat","background-position":"center center","background-size":"auto","background-attachment":"scroll","background-type":"","background-media":"","overlay-type":"","overlay-color":"","overlay-gradient":""}},"ast-content-background-meta":{"desktop":{"background-color":"var(--ast-global-color-5)","background-image":"","background-repeat":"repeat","background-position":"center center","background-size":"auto","background-attachment":"scroll","background-type":"","background-media":"","overlay-type":"","overlay-color":"","overlay-gradient":""},"tablet":{"background-color":"var(--ast-global-color-5)","background-image":"","background-repeat":"repeat","background-position":"center center","background-size":"auto","background-attachment":"scroll","background-type":"","background-media":"","overlay-type":"","overlay-color":"","overlay-gradient":""},"mobile":{"background-color":"var(--ast-global-color-5)","background-image":"","background-repeat":"repeat","background-position":"center center","background-size":"auto","background-attachment":"scroll","background-type":"","background-media":"","overlay-type":"","overlay-color":"","overlay-gradient":""}}},"product_cat":[111,49,42,38,39],"product_tag":[21,25,120,121],"class_list":{"0":"post-887","1":"product","2":"type-product","3":"status-publish","4":"has-post-thumbnail","6":"product_cat-gia-tot","7":"product_cat-san-pham-hot","8":"product_cat-thuong-hieu-ado","9":"product_cat-xe-dap-gap","10":"product_cat-xe-dap-size-20","11":"product_tag-ado-a20","12":"product_tag-ado-a20xe","13":"product_tag-xedapdien","14":"product_tag-xedapdientroluc","15":"desktop-align-left","16":"tablet-align-left","17":"mobile-align-left","18":"ast-product-gallery-layout-horizontal-slider","19":"ast-product-single-variable","20":"ast-product-tabs-layout-horizontal","22":"first","23":"instock","24":"shipping-taxable","25":"purchasable","26":"product-type-variable"},"_links":{"self":[{"href":"https:\/\/antamebike.com\/index.php?rest_route=\/wp\/v2\/product\/887","targetHints":{"allow":["GET"]}}],"collection":[{"href":"https:\/\/antamebike.com\/index.php?rest_route=\/wp\/v2\/product"}],"about":[{"href":"https:\/\/antamebike.com\/index.php?rest_route=\/wp\/v2\/types\/product"}],"replies":[{"embeddable":true,"href":"https:\/\/antamebike.com\/index.php?rest_route=%2Fwp%2Fv2%2Fcomments&post=887"}],"wp:featuredmedia":[{"embeddable":true,"href":"https:\/\/antamebike.com\/index.php?rest_route=\/wp\/v2\/media\/1893"}],"wp:attachment":[{"href":"https:\/\/antamebike.com\/index.php?rest_route=%2Fwp%2Fv2%2Fmedia&parent=887"}],"wp:term":[{"taxonomy":"product_cat","embeddable":true,"href":"https:\/\/antamebike.com\/index.php?rest_route=%2Fwp%2Fv2%2Fproduct_cat&post=887"},{"taxonomy":"product_tag","embeddable":true,"href":"https:\/\/antamebike.com\/index.php?rest_route=%2Fwp%2Fv2%2Fproduct_tag&post=887"}],"curies":[{"name":"wp","href":"https:\/\/api.w.org\/{rel}","templated":true}]}}