{"id":902,"date":"2022-10-30T15:46:57","date_gmt":"2022-10-30T15:46:57","guid":{"rendered":"https:\/\/antamebike.com\/?post_type=product&#038;p=902"},"modified":"2025-02-24T12:49:36","modified_gmt":"2025-02-24T12:49:36","slug":"xe-dap-dien-banh-beo-gap-gon-ado-a20f-xe-new-2022","status":"publish","type":"product","link":"https:\/\/antamebike.com\/?product=xe-dap-dien-banh-beo-gap-gon-ado-a20f-xe-new-2022","title":{"rendered":"Xe \u0111\u1ea1p \u0111i\u1ec7n B\u00e1nh B\u00e9o g\u1ea5p g\u1ecdn ADO A20F-XE"},"content":{"rendered":"<h4>XE \u0110\u1ea0P TR\u1ee2 L\u1ef0C \u0110I\u1ec6N G\u1ea4P G\u1eccN B\u00c1NH B\u00c9O\u00a0<strong>ADO A20F-XE<\/strong><\/h4>\n<p><strong>ADO A20F XE<\/strong> l\u00e0 b\u1ea3ng cao c\u1ea5p c\u1ee7a Ado A20F+, v\u1edbi c\u00e1c trang b\u1ecb c\u1ea3i ti\u1ebfn v\u01b0\u1ee3t tr\u1ed5i h\u01a1n A20F nh\u01b0:<\/p>\n<ul>\n<li>Trang b\u1ecb s\u1eb5n G\u00e1c baga (y\u00ean sau) k\u00e8m theo xe &#8211; H\u00e3ng \u0111ang b\u00e1n g\u00ed\u00e1 40$<\/li>\n<li>D\u00e8 ch\u1eafn b\u00f9n s\u1eaft s\u01a1n t\u0129nh \u0111i\u1ec7n s\u1eafc n\u00e9t cao c\u1ea5p<\/li>\n<\/ul>\n<p><img loading=\"lazy\" decoding=\"async\" class=\"alignnone wp-image-903 size-large\" src=\"https:\/\/antamebike.com\/wp-content\/uploads\/2022\/10\/A20F-XE-in-garden-1024x1024.jpeg\" alt=\"\" width=\"1024\" height=\"1024\" srcset=\"https:\/\/antamebike.com\/wp-content\/uploads\/2022\/10\/A20F-XE-in-garden-1024x1024.jpeg 1024w, https:\/\/antamebike.com\/wp-content\/uploads\/2022\/10\/A20F-XE-in-garden-300x300.jpeg 300w, https:\/\/antamebike.com\/wp-content\/uploads\/2022\/10\/A20F-XE-in-garden-150x150.jpeg 150w, https:\/\/antamebike.com\/wp-content\/uploads\/2022\/10\/A20F-XE-in-garden-768x768.jpeg 768w, https:\/\/antamebike.com\/wp-content\/uploads\/2022\/10\/A20F-XE-in-garden-600x600.jpeg 600w, https:\/\/antamebike.com\/wp-content\/uploads\/2022\/10\/A20F-XE-in-garden-100x100.jpeg 100w, https:\/\/antamebike.com\/wp-content\/uploads\/2022\/10\/A20F-XE-in-garden.jpeg 1080w\" sizes=\"auto, (max-width: 1024px) 100vw, 1024px\" \/><\/p>\n<ul>\n<li>\u0110\u1eb9p s\u1eafc n\u00e9t h\u01a1n A20F+ nh\u1edd qui tr\u00ecnh s\u01a1n khung s\u01b0\u1eddn 4 l\u1edbp: 4 l\u1ea7n s\u01a1n + 4 l\u1ea7n l\u00e0m kh\u00f4<\/li>\n<\/ul>\n<p><img loading=\"lazy\" decoding=\"async\" class=\"alignnone wp-image-890 size-large\" src=\"https:\/\/antamebike.com\/wp-content\/uploads\/2022\/10\/A20XE-son-1024x569.jpeg\" alt=\"\" width=\"1024\" height=\"569\" srcset=\"https:\/\/antamebike.com\/wp-content\/uploads\/2022\/10\/A20XE-son-1024x569.jpeg 1024w, https:\/\/antamebike.com\/wp-content\/uploads\/2022\/10\/A20XE-son-300x167.jpeg 300w, https:\/\/antamebike.com\/wp-content\/uploads\/2022\/10\/A20XE-son-768x427.jpeg 768w, https:\/\/antamebike.com\/wp-content\/uploads\/2022\/10\/A20XE-son-600x333.jpeg 600w, https:\/\/antamebike.com\/wp-content\/uploads\/2022\/10\/A20XE-son.jpeg 1440w\" sizes=\"auto, (max-width: 1024px) 100vw, 1024px\" \/><\/p>\n<ul>\n<li>\n<h6>Nh\u00fan phu\u1ed9c c\u1ea3i ti\u1ebfn gi\u1ea3m x\u00f3c \u00eam h\u01a1n<\/h6>\n<\/li>\n<\/ul>\n<p><img loading=\"lazy\" decoding=\"async\" class=\"alignnone wp-image-904 size-full\" src=\"https:\/\/antamebike.com\/wp-content\/uploads\/2022\/10\/disc-1.jpeg\" alt=\"\" width=\"750\" height=\"1015\" srcset=\"https:\/\/antamebike.com\/wp-content\/uploads\/2022\/10\/disc-1.jpeg 750w, https:\/\/antamebike.com\/wp-content\/uploads\/2022\/10\/disc-1-222x300.jpeg 222w, https:\/\/antamebike.com\/wp-content\/uploads\/2022\/10\/disc-1-600x812.jpeg 600w\" sizes=\"auto, (max-width: 750px) 100vw, 750px\" \/><\/p>\n<ul>\n<li>\n<h6>Phanh \u0110\u0129a c\u1ea3i ti\u1ebfn 3.0 n\u00ean \u00eam h\u01a1n A20<\/h6>\n<\/li>\n<\/ul>\n<p><img loading=\"lazy\" decoding=\"async\" class=\"alignnone wp-image-905 size-large\" src=\"https:\/\/antamebike.com\/wp-content\/uploads\/2022\/10\/2-1-1-741x1024.jpeg\" alt=\"\" width=\"741\" height=\"1024\" srcset=\"https:\/\/antamebike.com\/wp-content\/uploads\/2022\/10\/2-1-1-741x1024.jpeg 741w, https:\/\/antamebike.com\/wp-content\/uploads\/2022\/10\/2-1-1-217x300.jpeg 217w, https:\/\/antamebike.com\/wp-content\/uploads\/2022\/10\/2-1-1-600x829.jpeg 600w, https:\/\/antamebike.com\/wp-content\/uploads\/2022\/10\/2-1-1.jpeg 743w\" sizes=\"auto, (max-width: 741px) 100vw, 741px\" \/><\/p>\n<ul>\n<li>\n<h6>C\u00f3 th\u00eam phi\u00ean b\u1ea3n m\u00e0u X\u00e1m r\u1ea5t cao c\u1ea5p.<\/h6>\n<\/li>\n<\/ul>\n<p><img loading=\"lazy\" decoding=\"async\" class=\"alignnone wp-image-907 size-full\" src=\"https:\/\/antamebike.com\/wp-content\/uploads\/2022\/10\/A20F-XE.jpeg\" alt=\"ADO A20F XE xam\" width=\"750\" height=\"1009\" srcset=\"https:\/\/antamebike.com\/wp-content\/uploads\/2022\/10\/A20F-XE.jpeg 750w, https:\/\/antamebike.com\/wp-content\/uploads\/2022\/10\/A20F-XE-223x300.jpeg 223w, https:\/\/antamebike.com\/wp-content\/uploads\/2022\/10\/A20F-XE-600x807.jpeg 600w\" sizes=\"auto, (max-width: 750px) 100vw, 750px\" \/><\/p>\n<p>Ngo\u00e0i c\u00e1c c\u1ea3i ti\u1ebfn v\u00e0 c\u00e1c option trang b\u1ecb th\u00eam th\u00ec\u00a0<strong>ADO A20FXE<\/strong>: v\u1eabn gi\u1eef l\u1ea1i c\u00e1c trang b\u1ecb \u01b0u \u0111i\u1ec3m c\u1ee7a A20F nh\u01b0:<\/p>\n<p>V\u1edbi ph\u00e2n kh\u00fac B\u00e1nh B\u00e9o G\u1ea5p g\u1ecdn size 20 th\u00ec hi\u1ec7n nay ADO A20F-XE c\u00f3 th\u1ec3 kh\u00e1 n\u1ed5i tr\u1ed9i v\u1ec1 t\u1ea7m gi\u00e1 so v\u1edbi \u0111\u1ed1i th\u1ee7, trong khi trang b\u1ecb kh\u00f4ng h\u1ec1 thua k\u00e9m<\/p>\n<p>H\u00e3y xem qua em B\u00e9o nh\u00e0 ADO nh\u00e9<\/p>\n<div class=\"ast-oembed-container \" style=\"height: 100%;\"><iframe loading=\"lazy\" title=\"Xe \u0111\u1ea1p B\u00e1nh B\u00e9o - Ebike ADO A20F Fat Tire\" width=\"500\" height=\"281\" src=\"https:\/\/www.youtube.com\/embed\/UoOMufHI_OE?feature=oembed\" frameborder=\"0\" allow=\"accelerometer; autoplay; clipboard-write; encrypted-media; gyroscope; picture-in-picture; web-share\" referrerpolicy=\"strict-origin-when-cross-origin\" allowfullscreen><\/iframe><\/div>\n<p>Xe \u0111\u1ea1p \u0111i\u1ec7n B\u00e1nh B\u00e9o ADO A20F + trong ph\u00e2n kh\u00fac B\u00e1nh 20 \u00d7 4.0 l\u1ed1p b\u00e9o: c\u0169ng trang b\u1ecb h\u1eb5n \u0111\u1ed9ng c\u01a1 500w v\u00f4 c\u00f9ng m\u1ea1nh m\u1ebd \u0111\u1ea3m b\u1ea3o v\u01b0\u1ee3t m\u1ecdi cung \u0111\u01b0\u1eddng hay \u0111\u1ecba h\u00ecnh \u0111\u00e8o d\u1ed1c.<\/p>\n<div class=\"nectar-highlighted-text\" data-style=\"full_text\" data-exp=\"default\" data-using-custom-color=\"false\" data-animation-delay=\"false\" data-color=\"\" data-color-gradient=\"\">\n<h2 id=\"mcetoc_1gd28fkc74\">\u0110\u1ed9ng c\u01a1 trung t\u00e2m gi\u1ea3m t\u1ed1c kh\u00f4ng ch\u1ed5i than m\u1ea1nh m\u1ebd 500W<\/h2>\n<\/div>\n<div class=\"wpb_text_column wpb_content_element \">\n<div class=\"wpb_wrapper\">\n<p>V\u00f2ng trong ch\u1ecbu nhi\u1ec7t \u0111\u1ed9 cao m\u1edbi \u0111\u01b0\u1ee3c n\u00e2ng c\u1ea5p c\u00f3 kh\u1ea3 n\u0103ng t\u1ea3n nhi\u1ec7t t\u1ed1t h\u01a1n, c\u00f3 th\u1ec3 l\u00e0m gi\u1ea3m t\u1ed1c \u0111\u1ed9 ph\u00e2n h\u1ee7y c\u1ee7a nam ch\u00e2m \u0111\u1ed9ng c\u01a1 v\u00e0 \u0111\u1ea3m b\u1ea3o tu\u1ed5i th\u1ecd l\u00e2u h\u01a1n.<\/p>\n<p>M\u00f4-men xo\u1eafn c\u1ef1c \u0111\u1ea1i c\u1ee7a \u0111\u1ed9ng c\u01a1 l\u00e0 80Nm, c\u00f4ng su\u1ea5t c\u1ef1c kh\u1ecfe c\u00f3 th\u1ec3 \u0111\u01b0a b\u1ea1n \u0111i xa h\u01a1n v\u00e0 chinh ph\u1ee5c nhi\u1ec1u \u0111i\u1ec1u ki\u1ec7n \u0111\u01b0\u1eddng x\u00e1 kh\u00e1c nhau.<\/p>\n<figure id=\"attachment_906\" aria-describedby=\"caption-attachment-906\" style=\"width: 748px\" class=\"wp-caption alignnone\"><img loading=\"lazy\" decoding=\"async\" class=\"wp-image-906 size-large\" src=\"https:\/\/antamebike.com\/wp-content\/uploads\/2022\/10\/motor-748x1024.jpg\" alt=\"ADO A20F XE motor\" width=\"748\" height=\"1024\" srcset=\"https:\/\/antamebike.com\/wp-content\/uploads\/2022\/10\/motor-748x1024.jpg 748w, https:\/\/antamebike.com\/wp-content\/uploads\/2022\/10\/motor-219x300.jpg 219w, https:\/\/antamebike.com\/wp-content\/uploads\/2022\/10\/motor-600x822.jpg 600w, https:\/\/antamebike.com\/wp-content\/uploads\/2022\/10\/motor.jpg 750w\" sizes=\"auto, (max-width: 748px) 100vw, 748px\" \/><figcaption id=\"caption-attachment-906\" class=\"wp-caption-text\">xe \u0111\u1ea1p \u0111i\u1ec7n ADO A20F XE motor<\/figcaption><\/figure>\n<\/div>\n<\/div>\n<p>\u0110\u00e3 v\u1eady l\u1ea1i c\u00f2n c\u00f3 th\u00eam h\u1ec7 th\u1ed1ng gi\u1ea3m shock k\u00e9p l\u00e0 phu\u1ed9c tr\u01b0\u1edbc v\u00e0 phu\u1ed9t y\u00ean c\u00e0ng l\u00e0m cho ADO A20F v\u00f4 c\u00f9ng tho\u1ea3i m\u00e1i d\u00f9 c\u00f3 \u0111i v\u00e0o con \u0111\u01b0\u1eddng g\u1ed3 gh\u1ec1.<\/p>\n<div class=\"nectar-highlighted-text\" data-style=\"full_text\" data-exp=\"default\" data-using-custom-color=\"false\" data-animation-delay=\"false\" data-color=\"\" data-color-gradient=\"\">\n<h2 id=\"mcetoc_1gd28fvit5\">Pin Lithium 10.4AH c\u00f3 th\u1ec3 th\u00e1o r\u1eddi<\/h2>\n<\/div>\n<div class=\"wpb_text_column wpb_content_element \">\n<div class=\"wpb_wrapper\">\n<p>Pin lithium-ion c\u1ee7a xe \u0111\u1ea1p \u0111i\u1ec7n ADO c\u00f3 c\u00e1c ch\u1ee9c n\u0103ng b\u1ea3o v\u1ec7 qu\u00e1 t\u1ea3i, qu\u00e1 d\u00f2ng, ch\u1ed1ng \u0111o\u1ea3n m\u1ea1ch.\u00a0Dung l\u01b0\u1ee3ng pin l\u00e0 36V 10.4Ah, s\u1ea1c \u0111\u1ea7y c\u1ea7n 4-6 gi\u1edd, c\u00f3 th\u1ec3 h\u1ed7 tr\u1ee3 60-70 km \u1edf ch\u1ebf \u0111\u1ed9 h\u1ed7 tr\u1ee3<\/p>\n<p>N\u1eafp pin \u0111\u01b0\u1ee3c l\u00e0m k\u00edn v\u00e0 kh\u00f4ng th\u1ea5m n\u01b0\u1edbc, gi\u00fap c\u00e1ch ly hi\u1ec7u qu\u1ea3 v\u1edbi pin lithium-ion b\u00ean trong, b\u1ea3o v\u1ec7 an to\u00e0n cho b\u1ea1n v\u00e0 k\u00e9o d\u00e0i tu\u1ed5i th\u1ecd pin.<\/p>\n<\/div>\n<\/div>\n<p><img loading=\"lazy\" decoding=\"async\" class=\"alignnone wp-image-908 size-large\" src=\"https:\/\/antamebike.com\/wp-content\/uploads\/2022\/10\/charge-1-745x1024.jpeg\" alt=\"ADO A20F XE charge\" width=\"745\" height=\"1024\" srcset=\"https:\/\/antamebike.com\/wp-content\/uploads\/2022\/10\/charge-1-745x1024.jpeg 745w, https:\/\/antamebike.com\/wp-content\/uploads\/2022\/10\/charge-1-218x300.jpeg 218w, https:\/\/antamebike.com\/wp-content\/uploads\/2022\/10\/charge-1-600x825.jpeg 600w, https:\/\/antamebike.com\/wp-content\/uploads\/2022\/10\/charge-1.jpeg 750w\" sizes=\"auto, (max-width: 745px) 100vw, 745px\" \/><\/p>\n<div class=\"nectar-highlighted-text\" data-style=\"full_text\" data-exp=\"default\" data-using-custom-color=\"false\" data-animation-delay=\"false\" data-color=\"\" data-color-gradient=\"\">\n<h2 id=\"mcetoc_1gd28eh2f2\">Thi\u1ebft k\u1ebf g\u1ea5p g\u1ecdn ti\u1ec7n d\u1ee5ng<\/h2>\n<\/div>\n<div class=\"wpb_text_column wpb_content_element \">\n<div class=\"wpb_wrapper\">\n<p>G\u1ea5p g\u1ecdn nhanh ch\u00f3ng trong 10 gi\u00e2y.\u00a0B\u1ea1n c\u00f3 th\u1ec3 d\u1ec5 d\u00e0ng b\u1ecf v\u00e0o c\u1ed1p xe \u0111\u1ec3 d\u1ec5 d\u00e0ng di chuy\u1ec3n m\u1ecdi l\u00fac, m\u1ecdi n\u01a1i.<\/p>\n<p><img loading=\"lazy\" decoding=\"async\" class=\"alignnone wp-image-900 size-full\" src=\"https:\/\/antamebike.com\/wp-content\/uploads\/2022\/10\/ADO-A20F-Fold-Hang.jpeg\" alt=\"\" width=\"960\" height=\"1961\" srcset=\"https:\/\/antamebike.com\/wp-content\/uploads\/2022\/10\/ADO-A20F-Fold-Hang.jpeg 960w, https:\/\/antamebike.com\/wp-content\/uploads\/2022\/10\/ADO-A20F-Fold-Hang-147x300.jpeg 147w, https:\/\/antamebike.com\/wp-content\/uploads\/2022\/10\/ADO-A20F-Fold-Hang-501x1024.jpeg 501w, https:\/\/antamebike.com\/wp-content\/uploads\/2022\/10\/ADO-A20F-Fold-Hang-768x1569.jpeg 768w, https:\/\/antamebike.com\/wp-content\/uploads\/2022\/10\/ADO-A20F-Fold-Hang-752x1536.jpeg 752w, https:\/\/antamebike.com\/wp-content\/uploads\/2022\/10\/ADO-A20F-Fold-Hang-600x1226.jpeg 600w\" sizes=\"auto, (max-width: 960px) 100vw, 960px\" \/><\/p>\n<p>Ch\u1ea5t li\u1ec7u khung si\u00eau nh\u1eb9, d\u1ec5 d\u00e0ng n\u00e2ng h\u1ea1 v\u00e0 kh\u00f4ng t\u1ed1n s\u1ee9c l\u1ef1c, d\u1ec5 d\u00e0ng di chuy\u1ec3n \u0111\u1ebfn nh\u1eefng n\u01a1i \u0111i l\u1ea1i nh\u01b0 thang m\u00e1y, v\u0103n ph\u00f2ng.<\/p>\n<div class=\"nectar-highlighted-text\" data-style=\"full_text\" data-exp=\"default\" data-using-custom-color=\"false\" data-animation-delay=\"false\" data-color=\"\" data-color-gradient=\"\">\n<h2 id=\"mcetoc_1gd28f5c23\">Ch\u1ee9ng nh\u1eadn DEKRA CE<\/h2>\n<\/div>\n<div class=\"wpb_text_column wpb_content_element \">\n<div class=\"wpb_wrapper\">\n<p>ADO A20F+ th\u00f4ng qua th\u1eed nghi\u1ec7m trong ph\u00f2ng th\u00ed nghi\u1ec7m DEKRA, ch\u1ea5t l\u01b0\u1ee3ng \u0111\u00e1ng tin c\u1eady, \u0111\u01b0\u1ee3c \u0111\u1ea3m b\u1ea3o, th\u00f4ng qua c\u00e1c quy \u0111\u1ecbnh c\u1ee7a EU ch\u1ee9ng nh\u1eadn EN15194, c\u00f3 th\u1ec3 \u0111\u01b0\u1ee3c l\u00e1i xe h\u1ee3p ph\u00e1p tr\u00ean \u0111\u01b0\u1eddng c\u1ee7a Ch\u00e2u \u00c2u.<\/p>\n<p>V\u00e0 pin c\u00f3 ch\u1ee9ng ch\u1ec9 CE t\u1eeb ph\u00f2ng th\u00ed nghi\u1ec7m DEKRA, t\u1ea5t c\u1ea3 c\u00e1c ph\u1ee5 ki\u1ec7n \u0111\u1ec1u \u0111\u00e1p \u1ee9ng c\u00e1c y\u00eau c\u1ea7u ch\u1ee9ng nh\u1eadn c\u1ee7a c\u00e1c t\u1ed5 ch\u1ee9c th\u1eed nghi\u1ec7m chuy\u00ean nghi\u1ec7p.<br \/>\n<img decoding=\"async\" class=\"aligncenter\" src=\"https:\/\/sudospaces.com\/xedapdientroluc\/2022\/09\/5-2.jpg\" width=\"550\" \/><\/p>\n<p>&nbsp;<\/p>\n<div class=\"row_col_wrap_12_inner col span_12 left\">\n<div class=\"vc_col-sm-8 wpb_column column_container vc_column_container col child_column padding-20-percent inherit_tablet inherit_phone \" data-padding-pos=\"right\" data-has-bg-color=\"false\" data-bg-color=\"\" data-bg-opacity=\"1\" data-animation=\"\" data-delay=\"0\">\n<div class=\"vc_column-inner\">\n<div class=\"wpb_wrapper\">\n<div class=\"wpb_text_column wpb_content_element \">\n<div class=\"wpb_wrapper\">\n<div class=\"wpb_text_column wpb_content_element \">\n<div class=\"wpb_wrapper\">\n<div class=\"nectar-highlighted-text\" data-style=\"full_text\" data-exp=\"default\" data-using-custom-color=\"false\" data-animation-delay=\"false\" data-color=\"\" data-color-gradient=\"\">\n<h2 id=\"mcetoc_1gd28g8iv6\">H\u1ec7 th\u1ed1ng ki\u1ec3m so\u00e1t h\u1ed7 tr\u1ee3 b\u00e0n \u0111\u1ea1p G-DRIVE<\/h2>\n<\/div>\n<div class=\"wpb_text_column wpb_content_element \">\n<div class=\"wpb_wrapper\">\n<p>H\u1ec7 th\u1ed1ng \u0111i\u1ec1u khi\u1ec3n chuy\u1ec3n \u0111\u1ed5i t\u1ea7n s\u1ed1 ADO G-Drive c\u00f3 th\u1ec3 nhanh ch\u00f3ng nh\u1eadn t\u00edn hi\u1ec7u, \u0111\u1ed3ng th\u1eddi ph\u00e1t hi\u1ec7n, thu th\u1eadp v\u00e0 ph\u00e2n t\u00edch ph\u01b0\u01a1ng ti\u1ec7n \u0111\u1ec3 ph\u1ea3n \u1ee9ng v\u1edbi c\u00e1c \u0111i\u1ec1u ki\u1ec7n \u0111\u01b0\u1eddng kh\u00e1c nhau.<\/p>\n<p>C\u00e1c ch\u1ebf \u0111\u1ed9 tr\u1ee3 l\u1ef1c kh\u00e1c nhau c\u00f3 th\u1ec3 \u0111\u01b0\u1ee3c chuy\u1ec3n \u0111\u1ed5i theo \u00fd mu\u1ed1n trong khi c\u01b0\u1ee1i v\u00e0 thu th\u1eadp trong th\u1eddi gian th\u1ef1c \u0111\u1ec3 gi\u1ea3m t\u1ed5n th\u1ea5t n\u0103ng l\u01b0\u1ee3ng m\u1ed9t c\u00e1ch hi\u1ec7u qu\u1ea3.<img decoding=\"async\" src=\"https:\/\/sudospaces.com\/xedapdientroluc\/2022\/09\/4-2.jpg\" width=\"550\" \/><\/p>\n<\/div>\n<\/div>\n<\/div>\n<\/div>\n<\/div>\n<\/div>\n<\/div>\n<\/div>\n<\/div>\n<\/div>\n<\/div>\n<\/div>\n<\/div>\n<\/div>\n<p>V\u1ec1 t\u1ed5ng th\u1ec3 r\u00f5 r\u00e0ng <strong>ADO A20F<\/strong> \u0111\u01b0\u1ee3c trang b\u1ecb kh\u00f4ng thua b\u1ea5t b\u1ecb \u0111\u1ed1i th\u1ee7 n\u00e0o \u1edf ph\u00e2n kh\u00fac B\u00e1nh B\u00e9o size 20. Tuy nhi\u00ean t\u1ea7m gi\u00e1 ti\u1ebfp c\u1eadn l\u1ea1i qu\u00e1 t\u1ed1t n\u00ean ADO A20F \u0111\u00e3 \u0111\u01b0\u1ee3c r\u1ea5t nhi\u1ec1u kh\u00e1ch h\u00e0ng l\u1ef1a ch\u1ecdn.<\/p>\n<p><img loading=\"lazy\" decoding=\"async\" class=\"aligncenter\" src=\"https:\/\/sudospaces.com\/xedapdientroluc\/2022\/09\/09-6.jpg\" alt=\"\" width=\"550\" height=\"498\" \/><\/p>\n<p>Hotline t\u01b0 v\u1ea5n: 077 802.3388<\/p>\n<p>by Antamebike.com<\/p>\n","protected":false},"excerpt":{"rendered":"<h5><em><strong>CTKM 8-3: T\u1eb7ng ngay 3 Tri\u1ec7u<\/strong><\/em><\/h5>\n<ul>\n<li>B\u1ea3ng \u0110\u1eb7c bi\u1ec7t c\u1ee7a B\u00e1nh B\u00e9o ADO A20F+<\/li>\n<li>T\u1eb7ng k\u00e8m s\u1eb5n Baga sau v\u00e0 V\u00e8 Ch\u1eafn b\u00f9n s\u1eaft x\u1ecbn c\u1ee7a h\u00e3ng<\/li>\n<li>Th\u1eafng \u0111\u0129a v\u00e0 Phu\u1ed9t nh\u00fan c\u1ea3i ti\u1ebfn<\/li>\n<li>M\u00e0u \u0111\u1eb9p s\u1eafc n\u00e9t nh\u1edd qui tr\u00ecnh S\u01a1n 4 L\u1edbp<\/li>\n<li>Tr\u1ee3 l\u1ef1c \u0111i\u1ec7n l\u00ean \u0111\u1ebfn 70Km<\/li>\n<li>\u0110\u1ed9ng c\u01a1 500w, t\u1ed1c \u0111\u1ed9 tr\u1ee3 l\u1ef1c \u0111i\u1ec7n l\u00ean \u0111\u1ebfn<strong>\u00a040km\/h<\/strong><\/li>\n<li><strong>Gi\u1ea3m s\u00f3c k\u00e9p<\/strong>: Phu\u1ed9t tr\u01b0\u1edbc v\u00e0 gi\u1ea3m s\u00f3c y\u00ean<\/li>\n<li>B\u1ed9 \u0111i\u1ec1u ch\u1ec9nh t\u1ed1c \u0111\u1ed9 Shimano 7 t\u1ed1c \u0111\u1ed9<\/li>\n<\/ul>\n","protected":false},"featured_media":2344,"comment_status":"open","ping_status":"closed","template":"","meta":{"site-sidebar-layout":"default","site-content-layout":"default","ast-site-content-layout":"default","site-content-style":"default","site-sidebar-style":"default","ast-global-header-display":"","ast-banner-title-visibility":"","ast-main-header-display":"","ast-hfb-above-header-display":"","ast-hfb-below-header-display":"","ast-hfb-mobile-header-display":"","site-post-title":"","ast-breadcrumbs-content":"","ast-featured-img":"","footer-sml-layout":"","theme-transparent-header-meta":"default","adv-header-id-meta":"","stick-header-meta":"","header-above-stick-meta":"","header-main-stick-meta":"","header-below-stick-meta":"","astra-migrate-meta-layouts":"set","ast-page-background-enabled":"default","ast-page-background-meta":{"desktop":{"background-color":"var(--ast-global-color-4)","background-image":"","background-repeat":"repeat","background-position":"center center","background-size":"auto","background-attachment":"scroll","background-type":"","background-media":"","overlay-type":"","overlay-color":"","overlay-gradient":""},"tablet":{"background-color":"","background-image":"","background-repeat":"repeat","background-position":"center center","background-size":"auto","background-attachment":"scroll","background-type":"","background-media":"","overlay-type":"","overlay-color":"","overlay-gradient":""},"mobile":{"background-color":"","background-image":"","background-repeat":"repeat","background-position":"center center","background-size":"auto","background-attachment":"scroll","background-type":"","background-media":"","overlay-type":"","overlay-color":"","overlay-gradient":""}},"ast-content-background-meta":{"desktop":{"background-color":"var(--ast-global-color-5)","background-image":"","background-repeat":"repeat","background-position":"center center","background-size":"auto","background-attachment":"scroll","background-type":"","background-media":"","overlay-type":"","overlay-color":"","overlay-gradient":""},"tablet":{"background-color":"var(--ast-global-color-5)","background-image":"","background-repeat":"repeat","background-position":"center center","background-size":"auto","background-attachment":"scroll","background-type":"","background-media":"","overlay-type":"","overlay-color":"","overlay-gradient":""},"mobile":{"background-color":"var(--ast-global-color-5)","background-image":"","background-repeat":"repeat","background-position":"center center","background-size":"auto","background-attachment":"scroll","background-type":"","background-media":"","overlay-type":"","overlay-color":"","overlay-gradient":""}}},"product_cat":[92,42,38,39],"product_tag":[108,54,179,124,120,123,121],"class_list":{"0":"post-902","1":"product","2":"type-product","3":"status-publish","4":"has-post-thumbnail","6":"product_cat-xe-dap-banh-beo","7":"product_cat-thuong-hieu-ado","8":"product_cat-xe-dap-gap","9":"product_cat-xe-dap-size-20","10":"product_tag-a20f-xe","11":"product_tag-ado","12":"product_tag-ado-a20fxe","13":"product_tag-xedapbanhbeo","14":"product_tag-xedapdien","15":"product_tag-xedapdienbanhbeo","16":"product_tag-xedapdientroluc","17":"desktop-align-left","18":"tablet-align-left","19":"mobile-align-left","20":"ast-product-gallery-layout-horizontal-slider","21":"ast-product-tabs-layout-horizontal","23":"first","24":"instock","25":"shipping-taxable","26":"purchasable","27":"product-type-simple"},"_links":{"self":[{"href":"https:\/\/antamebike.com\/index.php?rest_route=\/wp\/v2\/product\/902","targetHints":{"allow":["GET"]}}],"collection":[{"href":"https:\/\/antamebike.com\/index.php?rest_route=\/wp\/v2\/product"}],"about":[{"href":"https:\/\/antamebike.com\/index.php?rest_route=\/wp\/v2\/types\/product"}],"replies":[{"embeddable":true,"href":"https:\/\/antamebike.com\/index.php?rest_route=%2Fwp%2Fv2%2Fcomments&post=902"}],"wp:featuredmedia":[{"embeddable":true,"href":"https:\/\/antamebike.com\/index.php?rest_route=\/wp\/v2\/media\/2344"}],"wp:attachment":[{"href":"https:\/\/antamebike.com\/index.php?rest_route=%2Fwp%2Fv2%2Fmedia&parent=902"}],"wp:term":[{"taxonomy":"product_cat","embeddable":true,"href":"https:\/\/antamebike.com\/index.php?rest_route=%2Fwp%2Fv2%2Fproduct_cat&post=902"},{"taxonomy":"product_tag","embeddable":true,"href":"https:\/\/antamebike.com\/index.php?rest_route=%2Fwp%2Fv2%2Fproduct_tag&post=902"}],"curies":[{"name":"wp","href":"https:\/\/api.w.org\/{rel}","templated":true}]}}