{"id":996,"date":"2022-11-25T16:10:13","date_gmt":"2022-11-25T16:10:13","guid":{"rendered":"https:\/\/antamebike.com\/?post_type=product&#038;p=996"},"modified":"2025-05-09T08:40:12","modified_gmt":"2025-05-09T08:40:12","slug":"xe-dap-dien-banh-beo-gap-gon-engwe-ep-2-pro","status":"publish","type":"product","link":"https:\/\/antamebike.com\/?product=xe-dap-dien-banh-beo-gap-gon-engwe-ep-2-pro","title":{"rendered":"Xe \u0111\u1ea1p \u0111i\u1ec7n B\u00e1nh B\u00e9o G\u1ea5p g\u1ecdn Engwe EP-2 Pro"},"content":{"rendered":"<h2><strong>Xe \u0111\u1ea1p \u0111i\u1ec7n B\u00e1nh B\u00e9o G\u1ea5p g\u1ecdn Engwe EP-2 Pro<\/strong><\/h2>\n<p><img loading=\"lazy\" decoding=\"async\" class=\"alignnone wp-image-1006 size-large\" src=\"https:\/\/antamebike.com\/wp-content\/uploads\/2022\/11\/Engw-ep2-pro-Banh-beo-1024x496.jpeg\" alt=\"\" width=\"1024\" height=\"496\" srcset=\"https:\/\/antamebike.com\/wp-content\/uploads\/2022\/11\/Engw-ep2-pro-Banh-beo-1024x496.jpeg 1024w, https:\/\/antamebike.com\/wp-content\/uploads\/2022\/11\/Engw-ep2-pro-Banh-beo-300x145.jpeg 300w, https:\/\/antamebike.com\/wp-content\/uploads\/2022\/11\/Engw-ep2-pro-Banh-beo-768x372.jpeg 768w, https:\/\/antamebike.com\/wp-content\/uploads\/2022\/11\/Engw-ep2-pro-Banh-beo-1536x744.jpeg 1536w, https:\/\/antamebike.com\/wp-content\/uploads\/2022\/11\/Engw-ep2-pro-Banh-beo-600x291.jpeg 600w, https:\/\/antamebike.com\/wp-content\/uploads\/2022\/11\/Engw-ep2-pro-Banh-beo.jpeg 1920w\" sizes=\"auto, (max-width: 1024px) 100vw, 1024px\" \/><\/p>\n<p>M\u1ed9t chi\u1ebfc xe \u0111\u1ea1p \u0111i\u1ec7n B\u00e1nh B\u00e9o t\u1ea7m trung c\u1ee7a Engwe \u0111ang r\u1ea5t hot t\u1ea1i th\u1ecb tr\u01b0\u1eddng Ch\u00e2u \u00c2u<\/p>\n<p>So v\u1edbi \u0111\u1ed1i th\u1ee7 c\u00f9ng ph\u00e2n kh\u00fac th\u00ec Engwe EP-2 Pro v\u1edbi nh\u1eefng trang b\u1ecb v\u01b0\u1ee3t tr\u1ed9i h\u01a1n<\/p>\n<p>C\u00f9ng v\u1edbi b\u1ea3n n\u00e2ng c\u1ea5p m\u1edbi nh\u1ea5t n\u0103m 2022, Engwe EP-2 Pro c\u00e0ng c\u1ea3i ti\u1ebfn th\u00eam r\u1ea5t \u0111\u00e1ng k\u1ec3<\/p>\n<ol>\n<li>\n<h4><strong>\u0110\u1ed8NG C\u01a0 KH\u00d4NG CH\u1ed4I THAN 750W<\/strong><\/h4>\n<\/li>\n<\/ol>\n<p><img loading=\"lazy\" decoding=\"async\" class=\"alignnone wp-image-1002 size-full\" src=\"https:\/\/antamebike.com\/wp-content\/uploads\/2022\/11\/Engw-ep2-pro-motor.jpeg\" alt=\"Engw-ep2-pro-motor\" width=\"1000\" height=\"1000\" srcset=\"https:\/\/antamebike.com\/wp-content\/uploads\/2022\/11\/Engw-ep2-pro-motor.jpeg 1000w, https:\/\/antamebike.com\/wp-content\/uploads\/2022\/11\/Engw-ep2-pro-motor-300x300.jpeg 300w, https:\/\/antamebike.com\/wp-content\/uploads\/2022\/11\/Engw-ep2-pro-motor-150x150.jpeg 150w, https:\/\/antamebike.com\/wp-content\/uploads\/2022\/11\/Engw-ep2-pro-motor-768x768.jpeg 768w, https:\/\/antamebike.com\/wp-content\/uploads\/2022\/11\/Engw-ep2-pro-motor-600x600.jpeg 600w, https:\/\/antamebike.com\/wp-content\/uploads\/2022\/11\/Engw-ep2-pro-motor-100x100.jpeg 100w\" sizes=\"auto, (max-width: 1000px) 100vw, 1000px\" \/><\/p>\n<p>V\u1edbi vi\u1ec7c n\u00e2ng c\u1ea5p <strong>\u0111\u1ed9ng c\u01a1 l\u00ean 750w<\/strong> v\u00f4 c\u00f9ng m\u1ea1nh m\u1ebd th\u00ec t\u0103ng t\u1ed1c l\u00ean 45km\/h qu\u00e1 d\u1ec5 d\u00e0ng v\u1edbi EP-2 Pro<\/p>\n<h4><strong>2. PIN LITIUM dung l\u01b0\u1ee3ng cao 48V 13Ah<\/strong><\/h4>\n<p><img loading=\"lazy\" decoding=\"async\" class=\"alignnone wp-image-1004 size-large\" src=\"https:\/\/antamebike.com\/wp-content\/uploads\/2022\/11\/EP2-pro-battery-1024x1024.jpeg\" alt=\"Engwe EP-2 pro Pin Litium\" width=\"1024\" height=\"1024\" srcset=\"https:\/\/antamebike.com\/wp-content\/uploads\/2022\/11\/EP2-pro-battery-1024x1024.jpeg 1024w, https:\/\/antamebike.com\/wp-content\/uploads\/2022\/11\/EP2-pro-battery-300x300.jpeg 300w, https:\/\/antamebike.com\/wp-content\/uploads\/2022\/11\/EP2-pro-battery-150x150.jpeg 150w, https:\/\/antamebike.com\/wp-content\/uploads\/2022\/11\/EP2-pro-battery-768x768.jpeg 768w, https:\/\/antamebike.com\/wp-content\/uploads\/2022\/11\/EP2-pro-battery-600x600.jpeg 600w, https:\/\/antamebike.com\/wp-content\/uploads\/2022\/11\/EP2-pro-battery-100x100.jpeg 100w, https:\/\/antamebike.com\/wp-content\/uploads\/2022\/11\/EP2-pro-battery.jpeg 1500w\" sizes=\"auto, (max-width: 1024px) 100vw, 1024px\" \/><\/p>\n<p>V\u1edbi kh\u1ed1i Pin Litium 48V 13Ah \u0111\u00e3 h\u1ed7 tr\u1ee3 r\u1ea5t l\u1edbn cho \u0111\u1ed9ng c\u00f3 750w gi\u00fap t\u0103ng t\u1ed1c d\u1ec5 d\u00e0ng, m\u00e0 c\u00f2n n\u00e2ng qu\u00e3ng \u0111\u01b0\u1eddng tr\u1ee3 l\u1ef1c \u0111i\u1ec7n cho Engwe EP-2 pro l\u00ean \u0111\u1ebfn 80Km.<\/p>\n<p>\u0110\u1ed3ng th\u1eddi l\u00e0 Pin Litium r\u1eddi n\u00ean c\u00f3 th\u1ec3 s\u1ea1c \u0111\u01b0\u01a1c b\u1ea5t k\u1ef3 \u0111\u00e2u, b\u1ea5t k\u00fd l\u00fac n\u00e0o m\u1ed9t c\u00e1ch kh\u00e1 tho\u00e1i m\u00e1i<\/p>\n<h4><strong>3. C\u00c1C TRANG B\u1eca CAO C\u1ea4P KH\u00c1C<\/strong><\/h4>\n<p><img loading=\"lazy\" decoding=\"async\" class=\"alignnone wp-image-1005 size-large\" src=\"https:\/\/antamebike.com\/wp-content\/uploads\/2022\/11\/Engwe-EP-2-pro-Super-Convenient-1024x533.jpg\" alt=\"Engwe EP-2 pro g\u1ea5p g\u1ecdn\" width=\"1024\" height=\"533\" srcset=\"https:\/\/antamebike.com\/wp-content\/uploads\/2022\/11\/Engwe-EP-2-pro-Super-Convenient-1024x533.jpg 1024w, https:\/\/antamebike.com\/wp-content\/uploads\/2022\/11\/Engwe-EP-2-pro-Super-Convenient-300x156.jpg 300w, https:\/\/antamebike.com\/wp-content\/uploads\/2022\/11\/Engwe-EP-2-pro-Super-Convenient-768x400.jpg 768w, https:\/\/antamebike.com\/wp-content\/uploads\/2022\/11\/Engwe-EP-2-pro-Super-Convenient-1536x800.jpg 1536w, https:\/\/antamebike.com\/wp-content\/uploads\/2022\/11\/Engwe-EP-2-pro-Super-Convenient-600x313.jpg 600w, https:\/\/antamebike.com\/wp-content\/uploads\/2022\/11\/Engwe-EP-2-pro-Super-Convenient.jpg 1920w\" sizes=\"auto, (max-width: 1024px) 100vw, 1024px\" \/><\/p>\n<p><img loading=\"lazy\" decoding=\"async\" class=\"alignnone wp-image-1007 size-large\" src=\"https:\/\/antamebike.com\/wp-content\/uploads\/2022\/11\/Engw-ep2-pro-PHUOT-1024x445.jpeg\" alt=\"Engw-ep2-pro-PHUOT\" width=\"1024\" height=\"445\" srcset=\"https:\/\/antamebike.com\/wp-content\/uploads\/2022\/11\/Engw-ep2-pro-PHUOT-1024x445.jpeg 1024w, https:\/\/antamebike.com\/wp-content\/uploads\/2022\/11\/Engw-ep2-pro-PHUOT-300x130.jpeg 300w, https:\/\/antamebike.com\/wp-content\/uploads\/2022\/11\/Engw-ep2-pro-PHUOT-768x334.jpeg 768w, https:\/\/antamebike.com\/wp-content\/uploads\/2022\/11\/Engw-ep2-pro-PHUOT-1536x667.jpeg 1536w, https:\/\/antamebike.com\/wp-content\/uploads\/2022\/11\/Engw-ep2-pro-PHUOT-600x261.jpeg 600w, https:\/\/antamebike.com\/wp-content\/uploads\/2022\/11\/Engw-ep2-pro-PHUOT.jpeg 1646w\" sizes=\"auto, (max-width: 1024px) 100vw, 1024px\" \/><\/p>\n<p>B\u00e1nh B\u00e9o 20 x 4 Inch k\u1ebft h\u1ee3p v\u1edbi h\u1ec7 th\u1ed1ng Phu\u1ed9t nh\u00fang x\u1ecbn th\u00ec tha h\u1ed3 offroad tr\u00ean c\u00e1c cung \u0111\u01b0\u1eddng g\u1ed3 gh\u1ec1 \u0111\u00e8o d\u1ed1c<\/p>\n<p><img loading=\"lazy\" decoding=\"async\" class=\"alignnone wp-image-1008 size-large\" src=\"https:\/\/antamebike.com\/wp-content\/uploads\/2022\/11\/Engwe-C20-pro-Clear-At-A-Glance-1024x479.jpg\" alt=\"Engwe C20 pro \u0111\u1ed3ng h\u1ed3\" width=\"1024\" height=\"479\" srcset=\"https:\/\/antamebike.com\/wp-content\/uploads\/2022\/11\/Engwe-C20-pro-Clear-At-A-Glance-1024x479.jpg 1024w, https:\/\/antamebike.com\/wp-content\/uploads\/2022\/11\/Engwe-C20-pro-Clear-At-A-Glance-300x140.jpg 300w, https:\/\/antamebike.com\/wp-content\/uploads\/2022\/11\/Engwe-C20-pro-Clear-At-A-Glance-768x360.jpg 768w, https:\/\/antamebike.com\/wp-content\/uploads\/2022\/11\/Engwe-C20-pro-Clear-At-A-Glance-1536x719.jpg 1536w, https:\/\/antamebike.com\/wp-content\/uploads\/2022\/11\/Engwe-C20-pro-Clear-At-A-Glance-600x281.jpg 600w, https:\/\/antamebike.com\/wp-content\/uploads\/2022\/11\/Engwe-C20-pro-Clear-At-A-Glance.jpg 1920w\" sizes=\"auto, (max-width: 1024px) 100vw, 1024px\" \/><\/p>\n<p>\u0110\u1ed3ng h\u1ed3 tr\u1ef1c quan nh\u00ecn r\u00f5 \u00e1nh s\u00e1ng ngo\u00e0i tr\u1eddi, v\u1edbi 5 ch\u1ebf \u0111\u1ed9 l\u00e1i chuy\u1ec3n \u0111\u1ed5i linh ho\u1ea1t cho ph\u00f9 h\u1ee3p t\u1eebng cung \u0111\u01b0\u1eddng.<\/p>\n<p><img loading=\"lazy\" decoding=\"async\" class=\"alignnone wp-image-1009 size-full\" src=\"https:\/\/antamebike.com\/wp-content\/uploads\/2022\/11\/gENGWE-EP-2-Folding-Electric-Moped-Bicycle-Black-856222-.jpeg\" alt=\"ENGWE-EP-2 Pro an to\u00e0n\" width=\"1000\" height=\"500\" srcset=\"https:\/\/antamebike.com\/wp-content\/uploads\/2022\/11\/gENGWE-EP-2-Folding-Electric-Moped-Bicycle-Black-856222-.jpeg 1000w, https:\/\/antamebike.com\/wp-content\/uploads\/2022\/11\/gENGWE-EP-2-Folding-Electric-Moped-Bicycle-Black-856222--300x150.jpeg 300w, https:\/\/antamebike.com\/wp-content\/uploads\/2022\/11\/gENGWE-EP-2-Folding-Electric-Moped-Bicycle-Black-856222--768x384.jpeg 768w, https:\/\/antamebike.com\/wp-content\/uploads\/2022\/11\/gENGWE-EP-2-Folding-Electric-Moped-Bicycle-Black-856222--600x300.jpeg 600w\" sizes=\"auto, (max-width: 1000px) 100vw, 1000px\" \/><\/p>\n<p>H\u1ec7 th\u1ed1ng an to\u00e0n kh\u00f4ng th\u1ec3 thi\u1ebfu v\u1edbi Phanh \u0111\u0129a tr\u01b0\u1edbc sau v\u00e0 H\u1ec7 th\u1ed1ng \u0111\u00e8n chi\u1ebfu s\u00e1ng tr\u01b0\u1edbc c\u00f9ng \u0111\u00e8n ph\u1ea3n quang sau d\u00f9ng cho ban \u0111\u00eam.<\/p>\n<p><img loading=\"lazy\" decoding=\"async\" class=\"alignnone wp-image-809 size-full\" src=\"https:\/\/antamebike.com\/wp-content\/uploads\/2022\/10\/8c20pro849-1646019429996.jpeg\" alt=\"xe \u0111\u1ea1p \u0111i\u1ec7n Engwe C20 pro\" width=\"750\" height=\"849\" srcset=\"https:\/\/antamebike.com\/wp-content\/uploads\/2022\/10\/8c20pro849-1646019429996.jpeg 750w, https:\/\/antamebike.com\/wp-content\/uploads\/2022\/10\/8c20pro849-1646019429996-265x300.jpeg 265w, https:\/\/antamebike.com\/wp-content\/uploads\/2022\/10\/8c20pro849-1646019429996-600x679.jpeg 600w\" sizes=\"auto, (max-width: 750px) 100vw, 750px\" \/> <img loading=\"lazy\" decoding=\"async\" class=\"alignnone wp-image-814 size-full\" src=\"https:\/\/antamebike.com\/wp-content\/uploads\/2022\/10\/xengwe-c20-pro-yen.jpeg\" alt=\"\" width=\"800\" height=\"810\" srcset=\"https:\/\/antamebike.com\/wp-content\/uploads\/2022\/10\/xengwe-c20-pro-yen.jpeg 800w, https:\/\/antamebike.com\/wp-content\/uploads\/2022\/10\/xengwe-c20-pro-yen-296x300.jpeg 296w, https:\/\/antamebike.com\/wp-content\/uploads\/2022\/10\/xengwe-c20-pro-yen-768x778.jpeg 768w, https:\/\/antamebike.com\/wp-content\/uploads\/2022\/10\/xengwe-c20-pro-yen-600x608.jpeg 600w, https:\/\/antamebike.com\/wp-content\/uploads\/2022\/10\/xengwe-c20-pro-yen-100x100.jpeg 100w\" sizes=\"auto, (max-width: 800px) 100vw, 800px\" \/><\/p>\n<p>B\u1ed9 L\u00edp Shimano 7 c\u1ea5p c\u00f9ng chi\u1ebfc y\u00ean m\u1ec1m cao c\u1ea5p gi\u00fap ng\u01b0\u1eddi d\u00f9ng th\u00edch \u0111\u1ea1p chuy\u1ec3n \u0111\u1ed5i nh\u1eb9 nh\u00e0ng v\u00e0 ng\u1ed1i tho\u00e1i m\u00e1i cho nh\u1eefng qu\u00e3ng \u0111\u01b0\u1eddng xa.<\/p>\n<p>T\u00f3m l\u1ea1i Engwe EP-2 pro v\u1edbi nhi\u1ec1u trang b\u1ecb v\u01b0\u1ee3t tr\u1ed9i so v\u1edbi c\u00f9ng ph\u00e2n kh\u00fac th\u00ec r\u1ea5t \u0111\u00e1ng gi\u00e1 trong t\u1ea7m ti\u1ec1n.<\/p>\n<h4><strong>TH\u00d4NG S\u1ed0 K\u1ef8 THU\u1eacT<\/strong><\/h4>\n<table>\n<tbody>\n<tr>\n<td><strong>Ch\u1ea5t li\u1ec7u khung xe<\/strong><\/td>\n<td>H\u1ee3p kim nh\u00f4m.<\/td>\n<\/tr>\n<tr>\n<td><strong>C\u1ee1 l\u1ed1p<\/strong><\/td>\n<td>20\u00d74,0inch l\u1ed1p b\u00e9o<\/td>\n<\/tr>\n<tr>\n<td><strong>Pin xe<\/strong><\/td>\n<td>Lithium 48V 12.8Ah<\/td>\n<\/tr>\n<tr>\n<td><strong>\u0110\u1ed9ng c\u01a1<\/strong><\/td>\n<td>750w Brushless<\/td>\n<\/tr>\n<tr>\n<td><strong>T\u1ed1c \u0111\u1ed9<\/strong><\/td>\n<td>25km\/gi\u1edd (m\u1edf t\u1ed1c l\u00ean 45)<\/td>\n<\/tr>\n<tr>\n<td><strong>Qu\u00e3ng \u0111\u01b0\u1eddng \u0111i thu\u1ea7n \u0111i\u1ec7n<\/strong><\/td>\n<td>45-55km<\/td>\n<\/tr>\n<tr>\n<td><strong>Qu\u00e3ng \u0111\u01b0\u1eddng \u0111i tr\u1ee3 l\u1ef1c \u0111i\u1ec7n<\/strong><\/td>\n<td>90-100km<\/td>\n<\/tr>\n<tr>\n<td><strong>B\u1ed9 truy\u1ec1n \u0111\u1ed9ng Shimano<\/strong><\/td>\n<td>7 c\u1ea5p t\u1ed1c \u0111\u1ed9<\/td>\n<\/tr>\n<tr>\n<td><strong>C\u1ea5p \u0111\u1ed9 ch\u1ed1ng n\u01b0\u1edbc<\/strong><\/td>\n<td>IP6<\/td>\n<\/tr>\n<tr>\n<td><strong>Kh\u1ea3 n\u0103ng leo d\u1ed1c<\/strong><\/td>\n<td>30 \u0111\u1ed9<\/td>\n<\/tr>\n<tr>\n<td><strong>H\u1ec7 th\u1ed1ng phanh<\/strong><\/td>\n<td>Phanh d\u1ea7u \u0111\u0129a d\u1ea7u\u00a0<em class=\"Highlight\">tr\u01b0\u1edbc\u00a0<\/em>v\u00e0 sau<\/td>\n<\/tr>\n<tr>\n<td><strong>T\u1ea3i tr\u1ecdng xe<\/strong><\/td>\n<td>150kg<\/td>\n<\/tr>\n<tr>\n<td><strong>Tr\u1ecdng l\u01b0\u1ee3ng t\u1ed5ng th\u1ec3\u00a0<\/strong><\/td>\n<td>28,5kg<\/td>\n<\/tr>\n<tr>\n<td><strong>K\u00edch th\u01b0\u1edbc xe\u00a0 (DxRxC)<\/strong><\/td>\n<td>170*30*62cm<\/td>\n<\/tr>\n<tr>\n<td><strong>K\u00edch th\u01b0\u1edbc g\u1ea5p (DxRxC)<\/strong><\/td>\n<td>97\u00d746\u00d780cm<\/td>\n<\/tr>\n<tr>\n<td height=\"22\"><strong>M\u00e0u s\u1eafc<\/strong><\/td>\n<td>\u0110en\/x\u00e1m\/Cam\/Xanh\/Tr\u1eafng<\/td>\n<\/tr>\n<\/tbody>\n<\/table>\n<p>&nbsp;<\/p>\n","protected":false},"excerpt":{"rendered":"<p><strong>CTKM M\u00f9a H\u00e8: T\u1eb7ng ngay 1.5 Tri\u1ec7u + Combo Qu\u00e0 T\u1eb7ng Full Ph\u1ee5 ki\u1ec7n<\/strong><\/p>\n<ul>\n<li>\u0110\u1ed9ng c\u01a1 kh\u00f4ng ch\u1ed5i than 750w t\u0103ng t\u1ed1c m\u1ea1nh m\u1ebd<\/li>\n<li>V\u1eadn t\u1ed1c tr\u1ee3 l\u01b0c \u0111i\u1ec7n t\u1ed1i \u0111a: 45km\/h<\/li>\n<li>Pin Litium r\u1eddi 48V 13Ah cung c\u1ea5p qu\u00e3ng \u0111\u01b0\u1eddng tr\u1ee3 l\u01b0c \u0111i\u1ec7n \u0111\u1ebfn 80Km.<\/li>\n<li>B\u00e1nh B\u00e9o 20 x 4 inch b\u1ea5t ch\u1ea5p m\u1ecdi \u0111\u1ecba h\u00ecnh \u0111\u00e8o n\u00fai<\/li>\n<li>5 ch\u1ebf \u0111\u1ed9 tr\u1ee3 l\u1ef1c \u0111i\u1ec7n gi\u00fap l\u00e1i xe linh ho\u1ea1t v\u00e0 d\u1ec5 d\u00e0ng<\/li>\n<li>B\u1ed9 L\u00edp Shimano 7 c\u1ea5p chuy\u1ec3n \u0111\u1ed5i linh ho\u1ea1t<\/li>\n<li>2 Th\u1eafng \u0111\u0129a tr\u01b0\u1edbc v\u00e0 sau<\/li>\n<li>Gi\u1ea3m shock k\u00e9p v\u1edbi Phu\u1ed9t tr\u01b0\u1edbc v\u00e0 y\u00ean m\u1ec1m gi\u00fap ng\u1ed3i l\u00e2u m\u00e0 v\u1eabn tho\u00e1i m\u00e1i<\/li>\n<li>Tr\u1ecdng t\u1ea3i 150kg<\/li>\n<\/ul>\n","protected":false},"featured_media":1899,"comment_status":"open","ping_status":"closed","template":"","meta":{"site-sidebar-layout":"default","site-content-layout":"default","ast-site-content-layout":"","site-content-style":"default","site-sidebar-style":"default","ast-global-header-display":"","ast-banner-title-visibility":"","ast-main-header-display":"","ast-hfb-above-header-display":"","ast-hfb-below-header-display":"","ast-hfb-mobile-header-display":"","site-post-title":"","ast-breadcrumbs-content":"","ast-featured-img":"","footer-sml-layout":"","theme-transparent-header-meta":"default","adv-header-id-meta":"","stick-header-meta":"","header-above-stick-meta":"","header-main-stick-meta":"","header-below-stick-meta":"","astra-migrate-meta-layouts":"default","ast-page-background-enabled":"default","ast-page-background-meta":{"desktop":{"background-color":"var(--ast-global-color-4)","background-image":"","background-repeat":"repeat","background-position":"center center","background-size":"auto","background-attachment":"scroll","background-type":"","background-media":"","overlay-type":"","overlay-color":"","overlay-gradient":""},"tablet":{"background-color":"","background-image":"","background-repeat":"repeat","background-position":"center center","background-size":"auto","background-attachment":"scroll","background-type":"","background-media":"","overlay-type":"","overlay-color":"","overlay-gradient":""},"mobile":{"background-color":"","background-image":"","background-repeat":"repeat","background-position":"center center","background-size":"auto","background-attachment":"scroll","background-type":"","background-media":"","overlay-type":"","overlay-color":"","overlay-gradient":""}},"ast-content-background-meta":{"desktop":{"background-color":"var(--ast-global-color-5)","background-image":"","background-repeat":"repeat","background-position":"center center","background-size":"auto","background-attachment":"scroll","background-type":"","background-media":"","overlay-type":"","overlay-color":"","overlay-gradient":""},"tablet":{"background-color":"var(--ast-global-color-5)","background-image":"","background-repeat":"repeat","background-position":"center center","background-size":"auto","background-attachment":"scroll","background-type":"","background-media":"","overlay-type":"","overlay-color":"","overlay-gradient":""},"mobile":{"background-color":"var(--ast-global-color-5)","background-image":"","background-repeat":"repeat","background-position":"center center","background-size":"auto","background-attachment":"scroll","background-type":"","background-media":"","overlay-type":"","overlay-color":"","overlay-gradient":""}}},"product_cat":[92,116],"product_tag":[118,166,144,109,47,126],"class_list":{"0":"post-996","1":"product","2":"type-product","3":"status-publish","4":"has-post-thumbnail","6":"product_cat-xe-dap-banh-beo","7":"product_cat-xe-dap-dien-engwe","8":"product_tag-engwe","9":"product_tag-engwe-ep2-pro","10":"product_tag-ep-2-pro","11":"product_tag-xe-dap-banh-beo","12":"product_tag-xe-dap-dien","13":"product_tag-xe-dap-dien-tro-luc","14":"desktop-align-left","15":"tablet-align-left","16":"mobile-align-left","17":"ast-product-gallery-layout-horizontal-slider","18":"ast-product-single-variable","19":"ast-product-tabs-layout-horizontal","21":"first","22":"instock","23":"sale","24":"shipping-taxable","25":"purchasable","26":"product-type-variable"},"_links":{"self":[{"href":"https:\/\/antamebike.com\/index.php?rest_route=\/wp\/v2\/product\/996","targetHints":{"allow":["GET"]}}],"collection":[{"href":"https:\/\/antamebike.com\/index.php?rest_route=\/wp\/v2\/product"}],"about":[{"href":"https:\/\/antamebike.com\/index.php?rest_route=\/wp\/v2\/types\/product"}],"replies":[{"embeddable":true,"href":"https:\/\/antamebike.com\/index.php?rest_route=%2Fwp%2Fv2%2Fcomments&post=996"}],"wp:featuredmedia":[{"embeddable":true,"href":"https:\/\/antamebike.com\/index.php?rest_route=\/wp\/v2\/media\/1899"}],"wp:attachment":[{"href":"https:\/\/antamebike.com\/index.php?rest_route=%2Fwp%2Fv2%2Fmedia&parent=996"}],"wp:term":[{"taxonomy":"product_cat","embeddable":true,"href":"https:\/\/antamebike.com\/index.php?rest_route=%2Fwp%2Fv2%2Fproduct_cat&post=996"},{"taxonomy":"product_tag","embeddable":true,"href":"https:\/\/antamebike.com\/index.php?rest_route=%2Fwp%2Fv2%2Fproduct_tag&post=996"}],"curies":[{"name":"wp","href":"https:\/\/api.w.org\/{rel}","templated":true}]}}